{"id":79993,"date":"2026-05-14T09:38:17","date_gmt":"2026-05-14T09:38:17","guid":{"rendered":"https:\/\/elektrons.lv\/Prece\/niimbot-thermal-stickers-12-5x7435-65-pcs-white\/"},"modified":"2026-05-14T11:46:03","modified_gmt":"2026-05-14T11:46:03","slug":"niimbot-thermal-stickers-12-5x7435-65-pcs-white","status":"publish","type":"product","link":"https:\/\/elektrons.lv\/lv\/Prece\/niimbot-thermal-stickers-12-5x7435-65-pcs-white\/","title":{"rendered":"Niimbot Thermal Stickers 12.5&#215;74+35, 65 pcs (White)"},"content":{"rendered":"<h3>Niimbot Thermal Stickers 12,5&#215;74+35, 65 pcs.<\/h3>\n<p>The set includes a roll that allows you to print 65 pieces of 12,5 x 109 mm labels. You will use the stickers both at home and in the office for marking cables. In addition, the product is dedicated to Niimbot D-series and H1S-series thermal printers.<\/p>\n<p>\n<img decoding=\"async\" border=\"0\" src=\"https:\/\/assets.innpro.pl\/12235\/14527\/1.jpg\"\/>\n<\/p>\n<div class=\"table-wrapper\">\n<p>\u00a0<\/p>\n<h3><\/h3>\n<table>\n<tbody>\n<tr>\n<th>Ra\u017eot\u0101js<\/th>\n<td>Niimbot<\/td>\n<\/tr>\n<tr>\n<th>Modelis<\/th>\n<td>T12.5*74+35-65<\/td>\n<\/tr>\n<tr>\n<th>Kr\u0101sa<\/th>\n<td>white<\/td>\n<\/tr>\n<tr>\n<th>Sticker size<\/th>\n<td>12.5 x 109 mm<\/td>\n<\/tr>\n<tr>\n<th>Number of printed labels<\/th>\n<td>65<\/td>\n<\/tr>\n<tr>\n<th>Sader\u012bba<\/th>\n<td>Niimbot D and H1S series<\/td>\n<\/tr>\n<\/tbody>\n<\/table>\n<\/div>","protected":false},"excerpt":{"rendered":"<p>Niimbot Thermal Stickers 12,5&#215;74+35, 65 pcs. The set includes a roll that allows you to print 65 pieces of 12,5 x 109 mm labels. You will use the stickers both at home and in the office for marking cables. In addition, the product is dedicated to Niimbot D-series and H1S-series thermal printers. \u00a0 Manufacturer Niimbot [&#8230;]\n","protected":false},"featured_media":99679,"comment_status":"open","ping_status":"closed","template":"","meta":[],"location":[19557,19558],"product_brand":[],"product_cat":[13815],"product_tag":[],"class_list":{"0":"post-79993","1":"product","2":"type-product","3":"status-publish","4":"has-post-thumbnail","6":"location-innpro_stock_location","7":"location-local_stock_location","8":"product_cat-labels","10":"first","11":"outofstock","12":"taxable","13":"shipping-taxable","14":"purchasable","15":"product-type-simple"},"aioseo_notices":[],"locations":[{"id":19557,"name":"Pieg\u0101d\u0101ja noliktav\u0101 (5-7dd.d)","slug":"innpro_stock_location","quantity":"0"},{"id":19558,"name":"R\u012bgas veikals (0-2dd.d)","slug":"local_stock_location","quantity":"0"}],"_links":{"self":[{"href":"https:\/\/elektrons.lv\/lv\/wp-json\/wp\/v2\/product\/79993","targetHints":{"allow":["GET"]}}],"collection":[{"href":"https:\/\/elektrons.lv\/lv\/wp-json\/wp\/v2\/product"}],"about":[{"href":"https:\/\/elektrons.lv\/lv\/wp-json\/wp\/v2\/types\/product"}],"replies":[{"embeddable":true,"href":"https:\/\/elektrons.lv\/lv\/wp-json\/wp\/v2\/comments?post=79993"}],"wp:featuredmedia":[{"embeddable":true,"href":"https:\/\/elektrons.lv\/lv\/wp-json\/wp\/v2\/media\/99679"}],"wp:attachment":[{"href":"https:\/\/elektrons.lv\/lv\/wp-json\/wp\/v2\/media?parent=79993"}],"wp:term":[{"taxonomy":"location","embeddable":true,"href":"https:\/\/elektrons.lv\/lv\/wp-json\/wp\/v2\/location?post=79993"},{"taxonomy":"product_brand","embeddable":true,"href":"https:\/\/elektrons.lv\/lv\/wp-json\/wp\/v2\/product_brand?post=79993"},{"taxonomy":"product_cat","embeddable":true,"href":"https:\/\/elektrons.lv\/lv\/wp-json\/wp\/v2\/product_cat?post=79993"},{"taxonomy":"product_tag","embeddable":true,"href":"https:\/\/elektrons.lv\/lv\/wp-json\/wp\/v2\/product_tag?post=79993"}],"curies":[{"name":"wp","href":"https:\/\/api.w.org\/{rel}","templated":true}]}}