{"id":80008,"date":"2026-05-14T09:38:19","date_gmt":"2026-05-14T09:38:19","guid":{"rendered":"https:\/\/elektrons.lv\/Prece\/shelly-wall-switch-2-button-black\/"},"modified":"2026-05-14T11:45:57","modified_gmt":"2026-05-14T11:45:57","slug":"shelly-wall-switch-2-button-black","status":"publish","type":"product","link":"https:\/\/elektrons.lv\/lv\/Prece\/shelly-wall-switch-2-button-black\/","title":{"rendered":"Shelly wall switch 2 button (black)"},"content":{"rendered":"<h3>Shelly 2-button wall switch (black)<\/h3>\n<\/p>\n<p>Shelly WS 4 is a modern device designed for smart home systems. What&#8217;s more, the switch features a contemporary design that blends in perfectly with a variety of interiors. Its compact size and simple wiring make it easy to install in existing wall switch consoles, eliminating the need to make any changes to the house wiring.<\/p>\n<\/p>\n<p>\n<img decoding=\"async\" border=\"0\" src=\"https:\/\/assets.innpro.pl\/4067\/4523\/2.jpg\"\/>\n<\/p>\n<h3>P\u0101rdom\u0101ts dizains<\/h3>\n<\/p>\n<p>This sleek switch is designed for maximum comfort. Equipped with 2 functional buttons, it allows advanced management of smart relays. With it, you can activate different scenes, control lighting, operate dimmers and control blinds. This is a solution that allows you to significantly simplify your daily life, while providing an elegant appearance and convenience of use.<\/p>\n<\/p>\n<p>\n<img decoding=\"async\" border=\"0\" src=\"https:\/\/assets.innpro.pl\/4067\/4523\/8.jpg\"\/>\n<\/p>\n<h3>Iek\u013cauts<\/h3>\n<ul class=\"list-disc pl-5\">\n<li>wall switch<\/li>\n<li>3 x module mounting bracket<\/li>\n<li>2 x mounting screws<\/li>\n<li>lieto\u0161anas pam\u0101c\u012bba<\/li>\n<\/ul>\n<div class=\"table-wrapper\">\n<p>\u00a0<\/p>\n<h3><\/h3>\n<table>\n<tbody>\n<tr>\n<th>Ra\u017eot\u0101js<\/th>\n<td>\u0160ellija<\/td>\n<\/tr>\n<tr>\n<th>Modelis<\/th>\n<td>Wallswitch2Black<\/td>\n<\/tr>\n<tr>\n<th>Kr\u0101sa<\/th>\n<td>melns<\/td>\n<\/tr>\n<tr>\n<th>Number of buttons<\/th>\n<td>2<\/td>\n<\/tr>\n<\/tbody>\n<\/table>\n<\/div>","protected":false},"excerpt":{"rendered":"<p>Shelly 2-button wall switch (black) Shelly WS 4 is a modern device designed for smart home systems. What&#8217;s more, the switch features a contemporary design that blends in perfectly with a variety of interiors. Its compact size and simple wiring make it easy to install in existing wall switch consoles, eliminating the need to make [&#8230;]\n","protected":false},"featured_media":99662,"comment_status":"open","ping_status":"closed","template":"","meta":[],"location":[19557,19558],"product_brand":[],"product_cat":[12223],"product_tag":[],"class_list":{"0":"post-80008","1":"product","2":"type-product","3":"status-publish","4":"has-post-thumbnail","6":"location-innpro_stock_location","7":"location-local_stock_location","8":"product_cat-switches","10":"first","11":"outofstock","12":"taxable","13":"shipping-taxable","14":"purchasable","15":"product-type-simple"},"aioseo_notices":[],"locations":[{"id":19557,"name":"Pieg\u0101d\u0101ja noliktav\u0101 (5-7dd.d)","slug":"innpro_stock_location","quantity":"0"},{"id":19558,"name":"R\u012bgas veikals (0-2dd.d)","slug":"local_stock_location","quantity":"0"}],"_links":{"self":[{"href":"https:\/\/elektrons.lv\/lv\/wp-json\/wp\/v2\/product\/80008","targetHints":{"allow":["GET"]}}],"collection":[{"href":"https:\/\/elektrons.lv\/lv\/wp-json\/wp\/v2\/product"}],"about":[{"href":"https:\/\/elektrons.lv\/lv\/wp-json\/wp\/v2\/types\/product"}],"replies":[{"embeddable":true,"href":"https:\/\/elektrons.lv\/lv\/wp-json\/wp\/v2\/comments?post=80008"}],"wp:featuredmedia":[{"embeddable":true,"href":"https:\/\/elektrons.lv\/lv\/wp-json\/wp\/v2\/media\/99662"}],"wp:attachment":[{"href":"https:\/\/elektrons.lv\/lv\/wp-json\/wp\/v2\/media?parent=80008"}],"wp:term":[{"taxonomy":"location","embeddable":true,"href":"https:\/\/elektrons.lv\/lv\/wp-json\/wp\/v2\/location?post=80008"},{"taxonomy":"product_brand","embeddable":true,"href":"https:\/\/elektrons.lv\/lv\/wp-json\/wp\/v2\/product_brand?post=80008"},{"taxonomy":"product_cat","embeddable":true,"href":"https:\/\/elektrons.lv\/lv\/wp-json\/wp\/v2\/product_cat?post=80008"},{"taxonomy":"product_tag","embeddable":true,"href":"https:\/\/elektrons.lv\/lv\/wp-json\/wp\/v2\/product_tag?post=80008"}],"curies":[{"name":"wp","href":"https:\/\/api.w.org\/{rel}","templated":true}]}}