{"id":80028,"date":"2026-05-14T09:38:21","date_gmt":"2026-05-14T09:38:21","guid":{"rendered":"https:\/\/elektrons.lv\/Prece\/maszynka-do-golenia-enchen-x8\/"},"modified":"2026-05-14T11:45:35","modified_gmt":"2026-05-14T11:45:35","slug":"maszynka-do-golenia-enchen-x8","status":"publish","type":"product","link":"https:\/\/elektrons.lv\/lv\/Prece\/maszynka-do-golenia-enchen-x8\/","title":{"rendered":"Maszynka do golenia ENCHEN X8"},"content":{"rendered":"<h3>ENCHEN X8 shaving razor<\/h3>\n<p>With Enchen X8, shaving becomes fast, comfortable and safe. The razor stands out for its efficient performance and works for up to 1 h. Moreover, its charging is facilitated by a USB-A to USB-C cable (included). Moreover, you can use it both dry and wet, and the self-sharpening blades guarantee perfect results.<\/p>\n<p><img decoding=\"async\" src=\"https:\/\/b2b.innpro.pl\/data\/include\/cms\/Enchen\/X8\/1.jpg\" alt=\"Enchen\/X8\/1\"><\/p>\n<h3>Precise shaving<\/h3>\n<p>Enjoy a comfortable and safe shave with the Enchen X8. The shaving tip consists of 3 movable cutting heads with a double row of blades, so it adapts to the shape of your face and glides smoothly over it. In addition, the head will instantly disassemble and clean thanks to its magnetic design. <\/p>\n<p><img decoding=\"async\" src=\"https:\/\/b2b.innpro.pl\/data\/include\/cms\/Enchen\/X8\/3.jpg\" alt=\"Enchen\/X8\/3\"><\/p>\n<h3>Carefully considered design<\/h3>\n<p>Enchen X8 is equipped with a durable lithium-ion battery that provides up to 60 minutes of use on a single charge. It takes about 60 minutes to renew the product&#8217;s energy. The task will be made easier with the included USB-A to USB-C cable. In addition, the razor has an advanced motor that operates at a high frequency for efficient performance. <\/p>\n<p><img decoding=\"async\" src=\"https:\/\/b2b.innpro.pl\/data\/include\/cms\/Enchen\/X8\/4.jpg\" alt=\"Enchen\/X8\/4\"><\/p>\n<h3>Iek\u013cauts<\/h3>\n<ul>\n<li>shaving razor<\/li>\n<li>USB-A l\u012bdz USB-C uzl\u0101des kabelis<\/li>\n<li>lieto\u0161anas pam\u0101c\u012bba<\/li>\n<\/ul>\n<div class=\"table-wrapper\">\n<table>\n<tbody>\n<tr>\n<th>Ra\u017eot\u0101js<\/th>\n<td>Enchen<\/td>\n<\/tr>\n<tr>\n<th>Modelis<\/th>\n<td>X8<\/td>\n<\/tr>\n<tr>\n<th>Nomin\u0101l\u0101 jauda <\/th>\n<td>5 W<\/td>\n<\/tr>\n<tr>\n<th>Uzl\u0101des laiks<\/th>\n<td>1 h<\/td>\n<\/tr>\n<tr>\n<th>Darb\u012bbas laiks<\/th>\n<td>1 h<\/td>\n<\/tr>\n<\/tbody>\n<\/table>\n<\/div>","protected":false},"excerpt":{"rendered":"<p>ENCHEN X8 shaving razor With Enchen X8, shaving becomes fast, comfortable and safe. The razor stands out for its efficient performance and works for up to 1 h. Moreover, its charging is facilitated by a USB-A to USB-C cable (included). Moreover, you can use it both dry and wet, and the self-sharpening blades guarantee perfect [&#8230;]\n","protected":false},"featured_media":99595,"comment_status":"open","ping_status":"closed","template":"","meta":[],"location":[19557,19558],"product_brand":[],"product_cat":[13221],"product_tag":[],"class_list":{"0":"post-80028","1":"product","2":"type-product","3":"status-publish","4":"has-post-thumbnail","6":"location-innpro_stock_location","7":"location-local_stock_location","8":"product_cat-shavers","10":"first","11":"outofstock","12":"taxable","13":"shipping-taxable","14":"purchasable","15":"product-type-simple"},"aioseo_notices":[],"locations":[{"id":19557,"name":"Pieg\u0101d\u0101ja noliktav\u0101 (5-7dd.d)","slug":"innpro_stock_location","quantity":"0"},{"id":19558,"name":"R\u012bgas veikals (0-2dd.d)","slug":"local_stock_location","quantity":"0"}],"_links":{"self":[{"href":"https:\/\/elektrons.lv\/lv\/wp-json\/wp\/v2\/product\/80028","targetHints":{"allow":["GET"]}}],"collection":[{"href":"https:\/\/elektrons.lv\/lv\/wp-json\/wp\/v2\/product"}],"about":[{"href":"https:\/\/elektrons.lv\/lv\/wp-json\/wp\/v2\/types\/product"}],"replies":[{"embeddable":true,"href":"https:\/\/elektrons.lv\/lv\/wp-json\/wp\/v2\/comments?post=80028"}],"wp:featuredmedia":[{"embeddable":true,"href":"https:\/\/elektrons.lv\/lv\/wp-json\/wp\/v2\/media\/99595"}],"wp:attachment":[{"href":"https:\/\/elektrons.lv\/lv\/wp-json\/wp\/v2\/media?parent=80028"}],"wp:term":[{"taxonomy":"location","embeddable":true,"href":"https:\/\/elektrons.lv\/lv\/wp-json\/wp\/v2\/location?post=80028"},{"taxonomy":"product_brand","embeddable":true,"href":"https:\/\/elektrons.lv\/lv\/wp-json\/wp\/v2\/product_brand?post=80028"},{"taxonomy":"product_cat","embeddable":true,"href":"https:\/\/elektrons.lv\/lv\/wp-json\/wp\/v2\/product_cat?post=80028"},{"taxonomy":"product_tag","embeddable":true,"href":"https:\/\/elektrons.lv\/lv\/wp-json\/wp\/v2\/product_tag?post=80028"}],"curies":[{"name":"wp","href":"https:\/\/api.w.org\/{rel}","templated":true}]}}