{"id":80088,"date":"2026-05-14T09:38:28","date_gmt":"2026-05-14T09:38:28","guid":{"rendered":"https:\/\/elektrons.lv\/Prece\/zestaw-insta360-x3-motorcycle-edition\/"},"modified":"2026-05-15T16:07:32","modified_gmt":"2026-05-15T14:07:32","slug":"zestaw-insta360-x3-motorcycle-edition","status":"publish","type":"product","link":"https:\/\/elektrons.lv\/lv\/Prece\/zestaw-insta360-x3-motorcycle-edition\/","title":{"rendered":"Zestaw Insta360 X3 Motorcycle Edition"},"content":{"rendered":"<h3>Insta360 X3 Motorcycle Edition Kit<\/h3>\n<p>The Insta360 X3 offers 360-degree video recording in high quality. It will be an ideal choice for enthusiasts of dynamic activities, providing excellent image stabilization, many practical modes and instant footage editing capabilities. You&#8217;ll also find a set of motorcycle mounts and a MicroSD card in the package. This is a fantastic option for motorcycle enthusiasts who want to record their trips!<\/p>\n<p>\n<img decoding=\"async\" alt=\"\" border=\"0\" src=\"https:\/\/assets.innpro.pl\/4496\/5169\/1.jpg\"\/>\n<\/p>\n<h3>Quality first and foremost<\/h3>\n<p>The camera is equipped with a 1\/2&#8243; sensor, so it is capable of recording sharp, smooth shots in high quality. Take advantage of the 5.7K 360\u00b0 setting and save the best moments for more than just memories! A 72MP 360\u00b0 shooting mode is also available. This makes sure you preserve every important moment &#8211; with a realistic level of detail!<\/p>\n<p>\n<img decoding=\"async\" alt=\"\" border=\"0\" src=\"https:\/\/assets.innpro.pl\/4496\/5169\/2.jpg\"\/>\n<\/p>\n<h3>Many possibilities<\/h3>\n<p>Discover the full potential of the X3 camera with a range of available settings! Take advantage of Single Lens Mode to record in 4K 30FPS quality or in wide-angle exposure (2.7K 170\u00b0). You can also create shots in Slow Motion &#8211; 4K 120FPS \/ 3K 180FPS. Experiment with different modes to wring the most quality out of the moments you experience! Also try the phenomenal Timelapse, which provides 8K class in 360\u00b0.<\/p>\n<p>\n<img decoding=\"async\" alt=\"\" border=\"0\" src=\"https:\/\/assets.innpro.pl\/4496\/5169\/10.jpg\"\/>\n<\/p>\n<h3>ME Mode<\/h3>\n<p>Also completely new is the Me mode. It uses advanced algorithms that are able to<a href=\"http:\/\/m.in\" rel=\"noopener noreferrer nofollow\" target=\"_blank\">Among other things<\/a>. completely cut out the selfie stick (not included) from the shots, providing an exquisitely rendered perspective from 3rd person. This setting is capable of capturing video in 1080P 30\/60 FPS quality. You can run it, for example, while skiing downhill &#8211; the end result will impress all your friends!<\/p>\n<p>\n<img decoding=\"async\" alt=\"\" border=\"0\" src=\"https:\/\/assets.innpro.pl\/4496\/5169\/5.jpg\"\/>\n<\/p>\n<h3>True stability<\/h3>\n<p>The stability of the image is taken care of by the implemented technologies. Active HDR 360\u00b0 mode ensures the recording of high-end videos without shaking &#8211; even during dynamic activities. This is also influenced by the use of FlowState Stabilization system. There is also a 360\u00b0 Horizon Lock mode, which guarantees real-time alignment of the image to the horizon.<\/p>\n<p>\n<img decoding=\"async\" alt=\"\" border=\"0\" src=\"https:\/\/assets.innpro.pl\/4496\/5169\/7.jpg\"\/>\n<\/p>\n<h3>P\u0101rdom\u0101ts dizains<\/h3>\n<p>The camera is designed for a wide range of applications. The IPX8 waterproof rating allows use even in adverse conditions and allows diving to a depth of up to 10m (up to 50m with the use of a diving case &#8211; sold separately). The device also features a 2.29-inch display with an intuitive interface and a powerful 1800 mAh battery. So you can enjoy a long operating time and high operating comfort!<\/p>\n<p>\n<img decoding=\"async\" alt=\"\" border=\"0\" src=\"https:\/\/assets.innpro.pl\/4496\/5169\/9.jpg\"\/>\n<\/p>\n<h3>High-quality sound<\/h3>\n<p>Insta360 X3 uses 4 built-in microphones to capture high-quality, detail-saturated sound. Advanced audio algorithms preserve the natural tones of ambient sounds &#8211; capturing the most beautiful moments even more accurately.<\/p>\n<p>\n<img decoding=\"async\" alt=\"\" border=\"0\" src=\"https:\/\/assets.innpro.pl\/4496\/5169\/4.jpg\"\/>\n<\/p>\n<h3>More novelties<\/h3>\n<p>This is not the end of innovative solutions and additions! The camera is distinguished by the use of a number of improvements that guarantee a combination of functionality and convenience. The Pre-recording function allows you to record 15- or 30-second back clips, so you won&#8217;t miss anything important. Loop Recording mode allows you to set file overwriting if you want to take care of free media space more efficiently. Voice Control 2.0 provides convenient voice control, and the improved Wi-Fi transfer features up to 50% faster transmission compared to the X2.<\/p>\n<p>\n<img decoding=\"async\" alt=\"\" border=\"0\" src=\"https:\/\/assets.innpro.pl\/4496\/5169\/8.jpg\"\/>\n<\/p>\n<h3>Editing simpler than ever<\/h3>\n<p>Prepare content for publication from within the Insta360 app. Its AI editing algorithms will adjust all parameters and styles to your requirements in no time. Choose various effects in Shot Lab to find something to your liking. There&#8217;s also a Photo Animator mode, with which you&#8217;ll transform a static 360\u00b0 shot into a smooth cinematic animation.<\/p>\n<p>\n<img decoding=\"async\" alt=\"\" border=\"0\" src=\"https:\/\/assets.innpro.pl\/4496\/5169\/6.jpg\"\/>\n<\/p>\n<h3>Iek\u013cauts<\/h3>\n<ul class=\"list-disc pl-5\">\n<li>Insta360 X3 camera<\/li>\n<li>Charging cable<\/li>\n<li>Protective cover<\/li>\n<li>Lens cloth<\/li>\n<li>MicroSD memory card<\/li>\n<\/ul>\n<p>\u00a0<\/p>\n<h3><strong>Motorcycle Bundle:<\/strong><\/h3>\n<ul class=\"list-disc pl-5\">\n<li>Heavy duty clamp mount \u00d71<\/li>\n<li>Flexible mount with 3M stickers \u00d72<\/li>\n<li>Clamp mount wrench \u00d71<\/li>\n<li>Anti-slip rings \u00d78<\/li>\n<li>Cleaning cloths \u00d72<\/li>\n<li>Instruction manual \u00d71<\/li>\n<li>Allen wrench (Hex) \u00d71<\/li>\n<li>1\/4&#8221; to 2-pin adapter \u00d72<\/li>\n<li>Thumb Screw \u00d73<\/li>\n<li>3-pin to 1\/4&#8221; adapter \u00d71<\/li>\n<\/ul>\n<div class=\"table-wrapper\">\n<p>\u00a0<\/p>\n<h3><\/h3>\n<table>\n<tbody>\n<tr>\n<th>Ra\u017eot\u0101js<\/th>\n<td>Insta360<\/td>\n<\/tr>\n<tr>\n<th>Modelis<\/th>\n<td>X3<\/td>\n<\/tr>\n<tr>\n<th>Aperture<\/th>\n<td>F1.9<\/td>\n<\/tr>\n<tr>\n<th>35mm equivalent focal length<\/th>\n<td>6.7 mm<\/td>\n<\/tr>\n<tr>\n<th>Att\u0113la iz\u0161\u0137irtsp\u0113ja<\/th>\n<td>72MP (11968&#215;5984), 18MP(5952&#215;2976)<\/td>\n<\/tr>\n<tr>\n<th>Video resolution (360)<\/th>\n<td>5.7K: 5760*2880@30\/25\/24; 4K: 3840*1920@60\/30; 3K: 3008&#215;1504@100fps<\/td>\n<\/tr>\n<tr>\n<th>Video Resolution (Single Lens Mode)<\/th>\n<td>4K: 3840&#215;2160@30\/25\/24; 3.6K: 3584&#215;2016@60\/50\/30\/25\/24; 2.7K: 2720&#215;1530@60\/50\/30\/25\/24; 1080P: 1920&#215;1088@60\/50\/30\/25\/24<\/td>\n<\/tr>\n<tr>\n<th>Photo format<\/th>\n<td>INSP (can be exported via app or Studio), DNG RAW (PureShot, must be edited on computer)<\/td>\n<\/tr>\n<tr>\n<th>Video format<\/th>\n<td>Single Lens: MP4; 360: INSV<\/td>\n<\/tr>\n<tr>\n<th>Photo modes<\/th>\n<td>Standard, HDR, Burst, Interval, Starlapse<\/td>\n<\/tr>\n<tr>\n<th>Video modes<\/th>\n<td>Standard, Active HDR, Timelapse, TimeShift, Bullet Time, Loop Recording, Pre-recording<\/td>\n<\/tr>\n<tr>\n<th>Color profiles<\/th>\n<td>Vivid, Standard, LOG<\/td>\n<\/tr>\n<tr>\n<th>Svars<\/th>\n<td>180 g<\/td>\n<\/tr>\n<tr>\n<th>Izm\u0113ri<\/th>\n<td>114 x 46 x 33.1 mm<\/td>\n<\/tr>\n<tr>\n<th>Darb\u012bbas laiks<\/th>\n<td>Up to 81 minutes<\/td>\n<\/tr>\n<tr>\n<th>Maximum video bitrate<\/th>\n<td>120 Mbps<\/td>\n<\/tr>\n<tr>\n<th>Gyroscope<\/th>\n<td>6-axis gyroscope<\/td>\n<\/tr>\n<tr>\n<th>Live broadcasts<\/th>\n<td>360 Live, Reframe Live (streamer sets a fixed perspective)<\/td>\n<\/tr>\n<tr>\n<th>Exposure value<\/th>\n<td>\u00b14EV<\/td>\n<\/tr>\n<tr>\n<th>ISO range<\/th>\n<td>100\uff5e3200<\/td>\n<\/tr>\n<tr>\n<th>Shutter speed<\/th>\n<td>Still photos: 1\/8000 &#8211; 120s, Video: 1\/8000 &#8211; up to frame rate limit<\/td>\n<\/tr>\n<tr>\n<th>White balance<\/th>\n<td>2000K-10000K<\/td>\n<\/tr>\n<tr>\n<th>Audio modes<\/th>\n<td>Wind reduction, Stereo, 360\u00b0 directional focus<\/td>\n<\/tr>\n<tr>\n<th>Audio format<\/th>\n<td>48 kHz, 16bit, AAC<\/td>\n<\/tr>\n<tr>\n<th>Bluetooth<\/th>\n<td>BLE 5.0<\/td>\n<\/tr>\n<tr>\n<th>WiFi<\/th>\n<td>2.4GHz, 5GHz, 802.11a\/b\/g\/n\/ac<\/td>\n<\/tr>\n<tr>\n<th>USB<\/th>\n<td>Type-C * Note: This version only supports wired connection to Android devices (via Micro-USB or Type-C). It does not support wired connection with iOS devices. Full wireless support is available for both iOS and Android.<\/td>\n<\/tr>\n<tr>\n<th>MicroSD card<\/th>\n<td>UHS-I V30 speed class SD cards in exFAT format with a maximum capacity of 1TB are recommended.<\/td>\n<\/tr>\n<tr>\n<th>Akumulatora ietilp\u012bba<\/th>\n<td>1800 mAh<\/td>\n<\/tr>\n<tr>\n<th>Uzl\u0101des ports<\/th>\n<td>USB-C<\/td>\n<\/tr>\n<tr>\n<th>Uzl\u0101des laiks<\/th>\n<td>90 minutes (5V\/3A)<\/td>\n<\/tr>\n<tr>\n<th>Darba temperat\u016bra<\/th>\n<td>-4\u00b0F to 104\u00b0F (-20\u2103 to 40\u2103)<\/td>\n<\/tr>\n<tr><\/tr>\n<\/tbody>\n<\/table>\n<\/div>","protected":false},"excerpt":{"rendered":"<p>Insta360 X3 Motorcycle Edition Kit The Insta360 X3 offers 360-degree video recording in high quality. It will be an ideal choice for enthusiasts of dynamic activities, providing excellent image stabilization, many practical modes and instant footage editing capabilities. You&#8217;ll also find a set of motorcycle mounts and a MicroSD card in the package. This is [&#8230;]\n","protected":false},"featured_media":99456,"comment_status":"open","ping_status":"closed","template":"","meta":[],"location":[19557,19558],"product_brand":[],"product_cat":[13833],"product_tag":[],"class_list":{"0":"post-80088","1":"product","2":"type-product","3":"status-publish","4":"has-post-thumbnail","6":"location-innpro_stock_location","7":"location-local_stock_location","8":"product_cat-insta","10":"first","11":"instock","12":"sale","13":"taxable","14":"shipping-taxable","15":"purchasable","16":"product-type-simple"},"aioseo_notices":[],"locations":[{"id":19557,"name":"Pieg\u0101d\u0101ja noliktav\u0101 (5-7dd.d)","slug":"innpro_stock_location","quantity":"21"},{"id":19558,"name":"R\u012bgas veikals (0-2dd.d)","slug":"local_stock_location","quantity":"0"}],"_links":{"self":[{"href":"https:\/\/elektrons.lv\/lv\/wp-json\/wp\/v2\/product\/80088","targetHints":{"allow":["GET"]}}],"collection":[{"href":"https:\/\/elektrons.lv\/lv\/wp-json\/wp\/v2\/product"}],"about":[{"href":"https:\/\/elektrons.lv\/lv\/wp-json\/wp\/v2\/types\/product"}],"replies":[{"embeddable":true,"href":"https:\/\/elektrons.lv\/lv\/wp-json\/wp\/v2\/comments?post=80088"}],"wp:featuredmedia":[{"embeddable":true,"href":"https:\/\/elektrons.lv\/lv\/wp-json\/wp\/v2\/media\/99456"}],"wp:attachment":[{"href":"https:\/\/elektrons.lv\/lv\/wp-json\/wp\/v2\/media?parent=80088"}],"wp:term":[{"taxonomy":"location","embeddable":true,"href":"https:\/\/elektrons.lv\/lv\/wp-json\/wp\/v2\/location?post=80088"},{"taxonomy":"product_brand","embeddable":true,"href":"https:\/\/elektrons.lv\/lv\/wp-json\/wp\/v2\/product_brand?post=80088"},{"taxonomy":"product_cat","embeddable":true,"href":"https:\/\/elektrons.lv\/lv\/wp-json\/wp\/v2\/product_cat?post=80088"},{"taxonomy":"product_tag","embeddable":true,"href":"https:\/\/elektrons.lv\/lv\/wp-json\/wp\/v2\/product_tag?post=80088"}],"curies":[{"name":"wp","href":"https:\/\/api.w.org\/{rel}","templated":true}]}}