{"id":80163,"date":"2026-05-14T09:38:36","date_gmt":"2026-05-14T09:38:36","guid":{"rendered":"https:\/\/elektrons.lv\/Prece\/ejeas-q8-motorcycle-intercom\/"},"modified":"2026-05-15T16:01:14","modified_gmt":"2026-05-15T14:01:14","slug":"ejeas-q8-motorcycle-intercom","status":"publish","type":"product","link":"https:\/\/elektrons.lv\/lv\/Prece\/ejeas-q8-motorcycle-intercom\/","title":{"rendered":"EJEAS Q8 motorcycle intercom"},"content":{"rendered":"<h3>EJEAS Q8 Motorcycle Intercom<\/h3>\n<p>The EJEAS Q8 motorcycle intercom is ideal for motorcyclists looking for an advanced group communication device. With Mesh technology, IP67 water resistance and a range of music and audio features, the Q8 is the perfect combination of functionality and convenience. It&#8217;s a device that will work well for both long trips and short excursions, providing continuous communication and additional entertainment.<\/p>\n<p>\n<img decoding=\"async\" border=\"0\" src=\"https:\/\/assets.innpro.pl\/5325\/6241\/1.jpg\"\/>\n<\/p>\n<h3>Innovative Mesh Communication<\/h3>\n<p>Mesh technology allows for dynamic connections between users, which means that the network can reconfigure itself if coverage is lost with one of the devices, ensuring continuous group communication. This flexibility makes the Q8 a reliable choice for motorcyclists who value stable connections.<\/p>\n<p>\n<img decoding=\"async\" border=\"0\" src=\"https:\/\/assets.innpro.pl\/5325\/6241\/4.jpg\"\/>\n<\/p>\n<h3>Entertainment and communication<\/h3>\n<p>The EJEAS Q8 motorcycle intercom offers music sharing between users, allowing them to listen to the same playlist while on the road. In addition, the device allows you to use intercom and music or intercom and FM radio simultaneously, enhancing your riding experience.<\/p>\n<p>\n<img decoding=\"async\" border=\"0\" src=\"https:\/\/assets.innpro.pl\/5325\/6241\/5.jpg\"\/>\n<\/p>\n<h3>Advanced sound options<\/h3>\n<p>The intercom is equipped with features that allow users to adjust microphone sensitivity, which is useful in changing sound conditions, as well as a microphone mute option for added comfort. The ability to switch channels allows users to easily change talk groups without having to pair the devices again.<\/p>\n<p>\n<img decoding=\"async\" border=\"0\" src=\"https:\/\/assets.innpro.pl\/5325\/6241\/7.jpg\"\/>\n<\/p>\n<div class=\"table-wrapper\">\n<p>\u00a0<\/p>\n<h3><\/h3>\n<table>\n<tbody>\n<tr>\n<th>Ra\u017eot\u0101js<\/th>\n<td>EJEAS<\/td>\n<\/tr>\n<tr>\n<th>Modelis<\/th>\n<td>Q8<\/td>\n<\/tr>\n<tr>\n<th>Bluetooth<\/th>\n<td>5.1<\/td>\n<\/tr>\n<tr>\n<th>Maximum range<\/th>\n<td>1000 m<\/td>\n<\/tr>\n<tr>\n<th>Uzl\u0101des laiks<\/th>\n<td>3 h<\/td>\n<\/tr>\n<tr>\n<th>Connection time<\/th>\n<td>17 h<\/td>\n<\/tr>\n<tr>\n<th>Standby time<\/th>\n<td>230 h<\/td>\n<\/tr>\n<tr>\n<th>Akumulatora ietilp\u012bba<\/th>\n<td>1200mAh<\/td>\n<\/tr>\n<tr>\n<th>\u016adensiztur\u012bba<\/th>\n<td>IP67<\/td>\n<\/tr>\n<tr>\n<th>Pairing limit<\/th>\n<td>Up to 6 intercoms<\/td>\n<\/tr>\n<\/tbody>\n<\/table>\n<\/div>","protected":false},"excerpt":{"rendered":"<p>EJEAS Q8 Motorcycle Intercom The EJEAS Q8 motorcycle intercom is ideal for motorcyclists looking for an advanced group communication device. With Mesh technology, IP67 water resistance and a range of music and audio features, the Q8 is the perfect combination of functionality and convenience. It&#8217;s a device that will work well for both long trips [&#8230;]\n","protected":false},"featured_media":99275,"comment_status":"open","ping_status":"closed","template":"","meta":[],"location":[19557,19558],"product_brand":[],"product_cat":[14410],"product_tag":[],"class_list":{"0":"post-80163","1":"product","2":"type-product","3":"status-publish","4":"has-post-thumbnail","6":"location-innpro_stock_location","7":"location-local_stock_location","8":"product_cat-intercoms","10":"first","11":"instock","12":"sale","13":"taxable","14":"shipping-taxable","15":"purchasable","16":"product-type-simple"},"aioseo_notices":[],"locations":[{"id":19557,"name":"Pieg\u0101d\u0101ja noliktav\u0101 (5-7dd.d)","slug":"innpro_stock_location","quantity":"1079"},{"id":19558,"name":"R\u012bgas veikals (0-2dd.d)","slug":"local_stock_location","quantity":"0"}],"_links":{"self":[{"href":"https:\/\/elektrons.lv\/lv\/wp-json\/wp\/v2\/product\/80163","targetHints":{"allow":["GET"]}}],"collection":[{"href":"https:\/\/elektrons.lv\/lv\/wp-json\/wp\/v2\/product"}],"about":[{"href":"https:\/\/elektrons.lv\/lv\/wp-json\/wp\/v2\/types\/product"}],"replies":[{"embeddable":true,"href":"https:\/\/elektrons.lv\/lv\/wp-json\/wp\/v2\/comments?post=80163"}],"wp:featuredmedia":[{"embeddable":true,"href":"https:\/\/elektrons.lv\/lv\/wp-json\/wp\/v2\/media\/99275"}],"wp:attachment":[{"href":"https:\/\/elektrons.lv\/lv\/wp-json\/wp\/v2\/media?parent=80163"}],"wp:term":[{"taxonomy":"location","embeddable":true,"href":"https:\/\/elektrons.lv\/lv\/wp-json\/wp\/v2\/location?post=80163"},{"taxonomy":"product_brand","embeddable":true,"href":"https:\/\/elektrons.lv\/lv\/wp-json\/wp\/v2\/product_brand?post=80163"},{"taxonomy":"product_cat","embeddable":true,"href":"https:\/\/elektrons.lv\/lv\/wp-json\/wp\/v2\/product_cat?post=80163"},{"taxonomy":"product_tag","embeddable":true,"href":"https:\/\/elektrons.lv\/lv\/wp-json\/wp\/v2\/product_tag?post=80163"}],"curies":[{"name":"wp","href":"https:\/\/api.w.org\/{rel}","templated":true}]}}