{"id":80165,"date":"2026-05-14T09:38:37","date_gmt":"2026-05-14T09:38:37","guid":{"rendered":"https:\/\/elektrons.lv\/Prece\/ejeas-v6pro-motorcycle-intercom\/"},"modified":"2026-05-15T16:00:31","modified_gmt":"2026-05-15T14:00:31","slug":"ejeas-v6pro-motorcycle-intercom","status":"publish","type":"product","link":"https:\/\/elektrons.lv\/lv\/Prece\/ejeas-v6pro-motorcycle-intercom\/","title":{"rendered":"EJEAS V6PRO+ motorcycle intercom"},"content":{"rendered":"<h3>EJEAS V6PRO+ Motorcycle Intercom<\/h3>\n<p>The EJEAS V6PRO+ motorcycle intercom is the ideal solution for motorcyclists looking for a reliable communication system. Offering advanced features such as group conversations, high sound quality and long operating time, this device significantly increases the level of safety and riding comfort. Additional technical support and software upgrades provide users with access to the latest in motorcycle communications.<\/p>\n<p>\n<img decoding=\"async\" border=\"0\" src=\"https:\/\/assets.innpro.pl\/5327\/6243\/2.jpg\"\/>\n<\/p>\n<h3>Communication and entertainment<\/h3>\n<p>The V6PRO+ allows real-time conversation over a distance of up to 800 meters between two users, ensuring smooth communication while riding. What&#8217;s more, up to six users can be paired with the device. The device also offers up to 25 hours of music listening, making every trip more enjoyable. Compatibility with the EUC remote control allows easy and safe control of intercom functions.<\/p>\n<p>\n<img decoding=\"async\" border=\"0\" src=\"https:\/\/assets.innpro.pl\/5327\/6243\/3.jpg\"\/>\n<\/p>\n<h3>Advanced features<\/h3>\n<p>The V6PRO+ is equipped with a number of features to enhance the user experience. The ability to listen to GPS navigation directly through the intercom is a significant advantage for travelers. The device also supports the SafeRiding app, which offers additional customization and personalization options. CVC noise cancellation guarantees clear conversational sound, even in difficult listening conditions.<\/p>\n<p>\n<img decoding=\"async\" border=\"0\" src=\"https:\/\/assets.innpro.pl\/5327\/6243\/7.jpg\"\/>\n<\/p>\n<h3>Reliability and convenience<\/h3>\n<p>A long operating time of up to 18 hours and 260 hours in standby mode ensure that the intercom is always ready for use. Automatic answering of incoming calls provides added convenience, allowing drivers to stay connected without having to reach for the phone. IP67 water resistance protects the device from rain and moisture, which is crucial for motorcyclists. In addition, you can find software updates on the official EJEAS website, so you know that your equipment, will always serve you perfectly.<\/p>\n<p>\n<img decoding=\"async\" border=\"0\" src=\"https:\/\/assets.innpro.pl\/5327\/6243\/8.jpg\"\/>\n<\/p>\n<div class=\"table-wrapper\">\n<p>\u00a0<\/p>\n<h3><\/h3>\n<table>\n<tbody>\n<tr>\n<th>Ra\u017eot\u0101js<\/th>\n<td>EJEAS<\/td>\n<\/tr>\n<tr>\n<th>Modelis<\/th>\n<td>V6PRO+<\/td>\n<\/tr>\n<tr>\n<th>Bluetooth<\/th>\n<td>5.1<\/td>\n<\/tr>\n<tr>\n<th>Operating distance<\/th>\n<td>800 m<\/td>\n<\/tr>\n<tr>\n<th>Uzl\u0101des laiks<\/th>\n<td>2,5 h<\/td>\n<\/tr>\n<tr>\n<th>Connection time<\/th>\n<td>18 h<\/td>\n<\/tr>\n<tr>\n<th>Standby time<\/th>\n<td>260 h<\/td>\n<\/tr>\n<tr>\n<th>Akumulatora ietilp\u012bba<\/th>\n<td>850mAh<\/td>\n<\/tr>\n<tr>\n<th>\u016adensiztur\u012bba<\/th>\n<td>IP67<\/td>\n<\/tr>\n<tr>\n<th>Pairing limit<\/th>\n<td>Up to 6 intercoms<\/td>\n<\/tr>\n<\/tbody>\n<\/table>\n<\/div>","protected":false},"excerpt":{"rendered":"<p>EJEAS V6PRO+ Motorcycle Intercom The EJEAS V6PRO+ motorcycle intercom is the ideal solution for motorcyclists looking for a reliable communication system. Offering advanced features such as group conversations, high sound quality and long operating time, this device significantly increases the level of safety and riding comfort. Additional technical support and software upgrades provide users with [&#8230;]\n","protected":false},"featured_media":99208,"comment_status":"open","ping_status":"closed","template":"","meta":[],"location":[19557,19558],"product_brand":[],"product_cat":[14410],"product_tag":[],"class_list":{"0":"post-80165","1":"product","2":"type-product","3":"status-publish","4":"has-post-thumbnail","6":"location-innpro_stock_location","7":"location-local_stock_location","8":"product_cat-intercoms","10":"first","11":"outofstock","12":"sale","13":"taxable","14":"shipping-taxable","15":"purchasable","16":"product-type-simple"},"aioseo_notices":[],"locations":[{"id":19557,"name":"Pieg\u0101d\u0101ja noliktav\u0101 (5-7dd.d)","slug":"innpro_stock_location","quantity":"0"},{"id":19558,"name":"R\u012bgas veikals (0-2dd.d)","slug":"local_stock_location","quantity":"0"}],"_links":{"self":[{"href":"https:\/\/elektrons.lv\/lv\/wp-json\/wp\/v2\/product\/80165","targetHints":{"allow":["GET"]}}],"collection":[{"href":"https:\/\/elektrons.lv\/lv\/wp-json\/wp\/v2\/product"}],"about":[{"href":"https:\/\/elektrons.lv\/lv\/wp-json\/wp\/v2\/types\/product"}],"replies":[{"embeddable":true,"href":"https:\/\/elektrons.lv\/lv\/wp-json\/wp\/v2\/comments?post=80165"}],"wp:featuredmedia":[{"embeddable":true,"href":"https:\/\/elektrons.lv\/lv\/wp-json\/wp\/v2\/media\/99208"}],"wp:attachment":[{"href":"https:\/\/elektrons.lv\/lv\/wp-json\/wp\/v2\/media?parent=80165"}],"wp:term":[{"taxonomy":"location","embeddable":true,"href":"https:\/\/elektrons.lv\/lv\/wp-json\/wp\/v2\/location?post=80165"},{"taxonomy":"product_brand","embeddable":true,"href":"https:\/\/elektrons.lv\/lv\/wp-json\/wp\/v2\/product_brand?post=80165"},{"taxonomy":"product_cat","embeddable":true,"href":"https:\/\/elektrons.lv\/lv\/wp-json\/wp\/v2\/product_cat?post=80165"},{"taxonomy":"product_tag","embeddable":true,"href":"https:\/\/elektrons.lv\/lv\/wp-json\/wp\/v2\/product_tag?post=80165"}],"curies":[{"name":"wp","href":"https:\/\/api.w.org\/{rel}","templated":true}]}}