{"id":80413,"date":"2026-05-14T09:39:10","date_gmt":"2026-05-14T09:39:10","guid":{"rendered":"https:\/\/elektrons.lv\/Prece\/blitzwolf-wireless-microphone-bw-sx63-1000mah-black\/"},"modified":"2026-05-15T07:49:22","modified_gmt":"2026-05-15T07:49:22","slug":"blitzwolf-wireless-microphone-bw-sx63-1000mah-black","status":"publish","type":"product","link":"https:\/\/elektrons.lv\/lv\/Prece\/blitzwolf-wireless-microphone-bw-sx63-1000mah-black\/","title":{"rendered":"BlitzWolf Wireless Microphone, BW-SX63, 1000mAh (black)"},"content":{"rendered":"<h3>BlitzWolf Wireless Microphone, BW-SX63, 1000mAh (black)<\/h3>\n<p>Record high-quality sound no matter what the situation. The BlitzWolf BW-SX63 wireless microphone delivers crystal clear sound and stands out for its high sensitivity, and features a long battery life thanks to its high-capacity battery. It also supports intelligent DSP noise reduction, so you don&#8217;t have to worry about interference. The device is perfect for many applications &#8211; you will find it useful for recording vlogs, live broadcasting and more.<\/p>\n<p>\n<img decoding=\"async\" alt=\"\" border=\"0\" src=\"https:\/\/assets.innpro.pl\/6581\/7680\/3 \u2014 kopia.jpg\"\/>\n<\/p>\n<h3>Long working time<\/h3>\n<p>Don&#8217;t worry that your equipment will drain too quickly. The powerful battery means that the microphone transmitter can work for about 6-8 hours, and the receiver &#8211; for about 8 hours. Charging the devices won&#8217;t take long &#8211; just about 2 hours to enjoy their full functionality again!<\/p>\n<p>\n<img decoding=\"async\" alt=\"\" border=\"0\" src=\"https:\/\/assets.innpro.pl\/6581\/7680\/4 \u2014 kopia.jpg\"\/>\n<\/p>\n<h3>Fantastic sound quality<\/h3>\n<p>The BlitzWolf BW-SX63 omnidirectional microphone is distinguished by its high resistance to interference and easily captures high-quality, faithfully reproduced sound. In addition, intelligent noise reduction effectively eliminates unnecessary background noises. Also noteworthy is the 48 kHz sampling rate and 16-bit transmission. All this adds up to clear, natural, delightful sound.<\/p>\n<p>\n<img decoding=\"async\" alt=\"\" border=\"0\" src=\"https:\/\/assets.innpro.pl\/6581\/7680\/2 \u2014 kopia.jpg\"\/>\n<\/p>\n<h3>Reliable transmission<\/h3>\n<p>Connection problems are a thing of the past. The microphone supports reliable 2.4G transmission technology, which guarantees fast data transfer over long distances. It also provides exceptional immunity to interference. So you can enjoy efficient operation in almost any conditions!<\/p>\n<p>\n<img decoding=\"async\" alt=\"\" border=\"0\" src=\"https:\/\/assets.innpro.pl\/6581\/7680\/7 \u2014 kopia.jpg\"\/>\n<\/p>\n<h3>Reverberation effect<\/h3>\n<p>Do you want even more interesting results? No problem! The microphone offers an interesting reverb effect that you can turn on and off according to your needs and preferences. This makes it easy to get a more deep, surround sound that works well in many scenarios.<\/p>\n<p>\n<img decoding=\"async\" alt=\"\" border=\"0\" src=\"https:\/\/assets.innpro.pl\/6581\/7680\/6 \u2014 kopia.jpg\"\/>\n<\/p>\n<h3>Wide compatibility<\/h3>\n<p>The kit includes USB-C cables (USB-C to USB-C, USB-C to Lightning) and audio cables (with a 3.5mm jack connector), so you can easily connect the microphone receiver to a wide variety of devices. The BW-SX63 is compatible with laptops, digital cameras, speakers and smartphones, among others. The possibilities are almost endless!<\/p>\n<p>\n<img decoding=\"async\" alt=\"\" border=\"0\" src=\"https:\/\/assets.innpro.pl\/6581\/7680\/1 \u2014 kopia.jpg\"\/>\n<\/p>\n<h3>Iek\u013cauts<\/h3>\n<ul class=\"list-disc pl-5\">\n<li>3-in-1 microphone with charging case<\/li>\n<li>USB-C to USB-C cable<\/li>\n<li>USB-C to iOS cable<\/li>\n<li>USB-C to USB-C charging cable<\/li>\n<li>3.5mm cable<\/li>\n<li>USB-C wired headphones<\/li>\n<li>Dust cover x2<\/li>\n<li>Lietot\u0101ja rokasgr\u0101mata<\/li>\n<\/ul>\n<div class=\"table-wrapper\">\n<p>\u00a0<\/p>\n<h3><\/h3>\n<table>\n<tbody>\n<tr>\n<th>Ra\u017eot\u0101js<\/th>\n<td>BlitzWolf<\/td>\n<\/tr>\n<tr>\n<th>Modelis<\/th>\n<td>BW-SX63<\/td>\n<\/tr>\n<tr>\n<th>Kr\u0101sa<\/th>\n<td>Melns<\/td>\n<\/tr>\n<tr>\n<th>Microphone type<\/th>\n<td>Omnidirectional<\/td>\n<\/tr>\n<tr>\n<th>Volume control<\/th>\n<td>J\u0101<\/td>\n<\/tr>\n<tr>\n<th>Supported profiles<\/th>\n<td>HSP, HFP, A2DP, AVRCP<\/td>\n<\/tr>\n<tr>\n<th>P\u0101rraides diapazons<\/th>\n<td>10-25 m<\/td>\n<\/tr>\n<tr>\n<th>Signal to noise ratio<\/th>\n<td>> 64 dB<\/td>\n<\/tr>\n<tr>\n<th>Frekven\u010du diapazons<\/th>\n<td>2.4G<\/td>\n<\/tr>\n<tr>\n<th>Bie\u017euma reakcija<\/th>\n<td>50 Hz &#8211; 18 kHz<\/td>\n<\/tr>\n<tr>\n<th>Akumulatora ietilp\u012bba<\/th>\n<td>Microphone: 300 mAh; Charging case: 1000 mAh;<\/td>\n<\/tr>\n<tr>\n<th>Uzl\u0101des laiks<\/th>\n<td>Approx. 2 h<\/td>\n<\/tr>\n<tr>\n<th>Darb\u012bbas laiks<\/th>\n<td>Transmitter: approx. 6-8 h; Receiver: approx. 8 h;<\/td>\n<\/tr>\n<tr>\n<th>Operating time in standby mode<\/th>\n<td>Approx. 18 h;<\/td>\n<\/tr>\n<tr>\n<th>Charging interface<\/th>\n<td>USB-C<\/td>\n<\/tr>\n<\/tbody>\n<\/table>\n<\/div>","protected":false},"excerpt":{"rendered":"<p>BlitzWolf Wireless Microphone, BW-SX63, 1000mAh (black) Record high-quality sound no matter what the situation. The BlitzWolf BW-SX63 wireless microphone delivers crystal clear sound and stands out for its high sensitivity, and features a long battery life thanks to its high-capacity battery. It also supports intelligent DSP noise reduction, so you don&#8217;t have to worry about [&#8230;]\n","protected":false},"featured_media":98368,"comment_status":"open","ping_status":"closed","template":"","meta":[],"location":[19557,19558],"product_brand":[],"product_cat":[12317],"product_tag":[],"class_list":{"0":"post-80413","1":"product","2":"type-product","3":"status-publish","4":"has-post-thumbnail","6":"location-innpro_stock_location","7":"location-local_stock_location","8":"product_cat-lavalier","10":"first","11":"instock","12":"sale","13":"taxable","14":"shipping-taxable","15":"purchasable","16":"product-type-simple"},"aioseo_notices":[],"locations":[{"id":19557,"name":"Pieg\u0101d\u0101ja noliktav\u0101 (5-7dd.d)","slug":"innpro_stock_location","quantity":"120"},{"id":19558,"name":"R\u012bgas veikals (0-2dd.d)","slug":"local_stock_location","quantity":"0"}],"_links":{"self":[{"href":"https:\/\/elektrons.lv\/lv\/wp-json\/wp\/v2\/product\/80413","targetHints":{"allow":["GET"]}}],"collection":[{"href":"https:\/\/elektrons.lv\/lv\/wp-json\/wp\/v2\/product"}],"about":[{"href":"https:\/\/elektrons.lv\/lv\/wp-json\/wp\/v2\/types\/product"}],"replies":[{"embeddable":true,"href":"https:\/\/elektrons.lv\/lv\/wp-json\/wp\/v2\/comments?post=80413"}],"wp:featuredmedia":[{"embeddable":true,"href":"https:\/\/elektrons.lv\/lv\/wp-json\/wp\/v2\/media\/98368"}],"wp:attachment":[{"href":"https:\/\/elektrons.lv\/lv\/wp-json\/wp\/v2\/media?parent=80413"}],"wp:term":[{"taxonomy":"location","embeddable":true,"href":"https:\/\/elektrons.lv\/lv\/wp-json\/wp\/v2\/location?post=80413"},{"taxonomy":"product_brand","embeddable":true,"href":"https:\/\/elektrons.lv\/lv\/wp-json\/wp\/v2\/product_brand?post=80413"},{"taxonomy":"product_cat","embeddable":true,"href":"https:\/\/elektrons.lv\/lv\/wp-json\/wp\/v2\/product_cat?post=80413"},{"taxonomy":"product_tag","embeddable":true,"href":"https:\/\/elektrons.lv\/lv\/wp-json\/wp\/v2\/product_tag?post=80413"}],"curies":[{"name":"wp","href":"https:\/\/api.w.org\/{rel}","templated":true}]}}