{"id":80422,"date":"2026-05-14T09:39:12","date_gmt":"2026-05-14T09:39:12","guid":{"rendered":"https:\/\/elektrons.lv\/Prece\/smart-visual-ear-clean-rod-bebird-r1-black\/"},"modified":"2026-05-15T07:49:23","modified_gmt":"2026-05-15T07:49:23","slug":"smart-visual-ear-clean-rod-bebird-r1-black","status":"publish","type":"product","link":"https:\/\/elektrons.lv\/lv\/Prece\/smart-visual-ear-clean-rod-bebird-r1-black\/","title":{"rendered":"Smart Visual Ear-Clean Rod Bebird R1 black"},"content":{"rendered":"<h3>Bebird R1 ear cleaning otoscope with camera (black).<\/h3>\n<p>Ensure complete safety during in-depth ear cleaning. The Bebird R1 otoscope is equipped with an endoscopic camera, using a CMOS sensor and supporting 8 MP HD resolution, so you can enjoy a view of your ear canal from the dedicated app to avoid damage during care. The Wi-Fi chip is responsible for a stable connection, and the silicone-made tip guarantees safe use. In addition, the LED backlight makes it easy to perform routine cleaning. A variety of accessories are included to enhance the device&#8217;s functionality.<\/p>\n<p>\n<img decoding=\"async\" border=\"0\" src=\"https:\/\/assets.innpro.pl\/7495\/8710\/1.jpg\"\/>\n<\/p>\n<h3>Insight into the inside of the ear<\/h3>\n<p>Enter the era of modern care and take care of your ears with Bebird. The R1 otoscope is equipped with a camera that supports HD resolution of 800 watts, which translates into high-quality images so you can analyze the inside of your ear canal in-depth and accurately remove earwax without risk of damage. A dedicated bebird app, available in the App Store and Google Play stores, allows you to view the camera&#8217;s images in real time. Thanks to the high-end Wi-Fi chip, the connection is always stable and the cleaning process is seamless. In addition, a 6-axis gyroscope guarantees reliable image stabilization, and a speed of 20 fps allows for smooth monitoring of the inside of the ear canal.<\/p>\n<p>\n<img decoding=\"async\" border=\"0\" src=\"https:\/\/assets.innpro.pl\/7495\/8710\/5.jpg\"\/>\n<\/p>\n<h3>LED backlighting<\/h3>\n<p>The Bebird R1 otoscope offers a shadowless LED lamp, which is equipped with 6 LEDs that provide cold light. This allows you to freely explore the inside of your ear and make sure you don&#8217;t miss any part during cleaning. The illumination, combined with a high-end camera, also allows you to look at the smallest details and structure inside the ear.<\/p>\n<p>\n<img decoding=\"async\" border=\"0\" src=\"https:\/\/assets.innpro.pl\/7495\/8710\/7.jpg\"\/>\n<\/p>\n<h3>Safe to use<\/h3>\n<p>The included ear spoon is made of soft and skin-friendly silicone that meets strict food-grade requirements. The rounded Q-shaped design makes it easy to clean the ear, ensuring safe use. In addition, the non-slip structure of the device eliminates the risk of your hand slipping and causing injury to your ears. You&#8217;ll also find practical, interchangeable accessories included, so the Bebird R1 otoscope can be used hygienically by several people.<\/p>\n<p>\n<img decoding=\"async\" border=\"0\" src=\"https:\/\/assets.innpro.pl\/7495\/8710\/3.jpg\"\/>\n<\/p>\n<h3>Powerful rechargeable battery<\/h3>\n<p>Thanks to its 180 mAh battery, the Bebird R1 otoscope can operate for 70 minutes on a single charge. The time it takes to recharge it is just one hour. As a result, you can enjoy comprehensive ear care without having to charge the device frequently.<\/p>\n<p>\n<img decoding=\"async\" border=\"0\" src=\"https:\/\/assets.innpro.pl\/7495\/8710\/4.jpg\"\/>\n<\/p>\n<h3>Iek\u013cauts:<\/h3>\n<ul class=\"list-disc pl-5\">\n<li>Otoscope with camera<\/li>\n<li>Ear spoon<\/li>\n<li>Cotton ear swab<\/li>\n<li>Charging cable<\/li>\n<li>Storage tube<\/li>\n<\/ul>\n<div class=\"table-wrapper\">\n<p>\u00a0<\/p>\n<h3><\/h3>\n<table>\n<tbody>\n<tr>\n<th>Ra\u017eot\u0101js<\/th>\n<td>Bebird<\/td>\n<\/tr>\n<tr>\n<th>Modelis<\/th>\n<td>R1<\/td>\n<\/tr>\n<tr>\n<th>Pixels<\/th>\n<td>8 Megapixels<\/td>\n<\/tr>\n<tr>\n<th>Lens diameter<\/th>\n<td>3.5 mm<\/td>\n<\/tr>\n<tr>\n<th>Optimum focal length<\/th>\n<td>12 ~ 15 mm<\/td>\n<\/tr>\n<tr>\n<th>Gyroscope<\/th>\n<td>6-axis<\/td>\n<\/tr>\n<tr>\n<th>Image transmission speed<\/th>\n<td>20 frames per second<\/td>\n<\/tr>\n<tr>\n<th>Image sensor<\/th>\n<td>CMOS<\/td>\n<\/tr>\n<tr>\n<th>Darb\u012bbas frekvence<\/th>\n<td>2.4GHz<\/td>\n<\/tr>\n<tr>\n<th>Network standard<\/th>\n<td>IEEE 802.11b\/g\/n<\/td>\n<\/tr>\n<tr>\n<th>Akumulatora ietilp\u012bba<\/th>\n<td>180 mAh<\/td>\n<\/tr>\n<tr>\n<th>Operation time<\/th>\n<td>approximately 70 minutes<\/td>\n<\/tr>\n<tr>\n<th>Uzl\u0101des laiks<\/th>\n<td>approximately 60 minutes<\/td>\n<\/tr>\n<tr>\n<th>Darba temperat\u016bra<\/th>\n<td>from -10 to 45\u00b0C<\/td>\n<\/tr>\n<tr>\n<th>Input parameters<\/th>\n<td>DC5V 0.5A<\/td>\n<\/tr>\n<tr>\n<th>Weight of the rod<\/th>\n<td>13 g<\/td>\n<\/tr>\n<tr>\n<th>Kr\u0101sa<\/th>\n<td>Melns<\/td>\n<\/tr>\n<\/tbody>\n<\/table>\n<\/div>","protected":false},"excerpt":{"rendered":"<p>Bebird R1 ear cleaning otoscope with camera (black). Ensure complete safety during in-depth ear cleaning. The Bebird R1 otoscope is equipped with an endoscopic camera, using a CMOS sensor and supporting 8 MP HD resolution, so you can enjoy a view of your ear canal from the dedicated app to avoid damage during care. The [&#8230;]\n","protected":false},"featured_media":98324,"comment_status":"open","ping_status":"closed","template":"","meta":[],"location":[19557,19558],"product_brand":[],"product_cat":[14150],"product_tag":[],"class_list":{"0":"post-80422","1":"product","2":"type-product","3":"status-publish","4":"has-post-thumbnail","6":"location-innpro_stock_location","7":"location-local_stock_location","8":"product_cat-otoscopes","10":"first","11":"instock","12":"sale","13":"taxable","14":"shipping-taxable","15":"purchasable","16":"product-type-simple"},"aioseo_notices":[],"locations":[{"id":19557,"name":"Pieg\u0101d\u0101ja noliktav\u0101 (5-7dd.d)","slug":"innpro_stock_location","quantity":"399"},{"id":19558,"name":"R\u012bgas veikals (0-2dd.d)","slug":"local_stock_location","quantity":"0"}],"_links":{"self":[{"href":"https:\/\/elektrons.lv\/lv\/wp-json\/wp\/v2\/product\/80422","targetHints":{"allow":["GET"]}}],"collection":[{"href":"https:\/\/elektrons.lv\/lv\/wp-json\/wp\/v2\/product"}],"about":[{"href":"https:\/\/elektrons.lv\/lv\/wp-json\/wp\/v2\/types\/product"}],"replies":[{"embeddable":true,"href":"https:\/\/elektrons.lv\/lv\/wp-json\/wp\/v2\/comments?post=80422"}],"wp:featuredmedia":[{"embeddable":true,"href":"https:\/\/elektrons.lv\/lv\/wp-json\/wp\/v2\/media\/98324"}],"wp:attachment":[{"href":"https:\/\/elektrons.lv\/lv\/wp-json\/wp\/v2\/media?parent=80422"}],"wp:term":[{"taxonomy":"location","embeddable":true,"href":"https:\/\/elektrons.lv\/lv\/wp-json\/wp\/v2\/location?post=80422"},{"taxonomy":"product_brand","embeddable":true,"href":"https:\/\/elektrons.lv\/lv\/wp-json\/wp\/v2\/product_brand?post=80422"},{"taxonomy":"product_cat","embeddable":true,"href":"https:\/\/elektrons.lv\/lv\/wp-json\/wp\/v2\/product_cat?post=80422"},{"taxonomy":"product_tag","embeddable":true,"href":"https:\/\/elektrons.lv\/lv\/wp-json\/wp\/v2\/product_tag?post=80422"}],"curies":[{"name":"wp","href":"https:\/\/api.w.org\/{rel}","templated":true}]}}