{"id":80424,"date":"2026-05-14T09:39:12","date_gmt":"2026-05-14T09:39:12","guid":{"rendered":"https:\/\/elektrons.lv\/Prece\/eversweet-max-petkit-smart-animal-drinker-fountain\/"},"modified":"2026-05-15T07:49:23","modified_gmt":"2026-05-15T07:49:23","slug":"eversweet-max-petkit-smart-animal-drinker-fountain","status":"publish","type":"product","link":"https:\/\/elektrons.lv\/lv\/Prece\/eversweet-max-petkit-smart-animal-drinker-fountain\/","title":{"rendered":"Eversweet Max Petkit gudrs dz\u012bvnieku dz\u0113r\u0101js\/str\u016bklaka"},"content":{"rendered":"<h3>Eversweet Max Petkit smart pet drinker\/fountain.<\/h3>\n<p>Take care of your pet&#8217;s proper hydration level. Drinking filtered water can protect your pet from kidney and urinary tract diseases and help develop healthy habits. PetKit Eversweet Max effectively eliminates impurities and does not generate annoying noise. What&#8217;s more, it uses a 3-liter tank and works for about 83 days on a single charge. In addition, a dedicated app will allow you to manage and monitor the fountain&#8217;s operation.<\/p>\n<p>\n<img decoding=\"async\" border=\"0\" src=\"https:\/\/assets.innpro.pl\/9158\/10690\/1.jpg\"\/>\n<\/p>\n<h3>Remote operation<\/h3>\n<p>Monitor your pet&#8217;s habits with the Petkit app. From it you will check how often and for how long your pet drinks water. By default, the device delivers water for about 25 seconds &#8211; but you can adjust its operation according to your pet&#8217;s needs. The Standard mode provides continuous water distribution, while Intermittent delivers water for 3 minutes and stops operation for another 3 minutes. The Petkit app also allows you to check the battery level and the percentage of filter usage. It will also remind you when you need to refill the water in the tank. Note: if you have more than one drinker, the distance between them should be at least 8m.<\/p>\n<p>\n<img decoding=\"async\" border=\"0\" src=\"https:\/\/assets.innpro.pl\/9158\/10690\/3.jpg\"\/>\n<\/p>\n<h3>Effective filtration<\/h3>\n<p>Eversweet Max uses a single-sided filtration system that consists of 3 elements. A foam filter traps debris, while a cotton layer filters out food debris and dander. Activated carbon, on the other hand, eliminates odors and chlorine. As a result, you are assured that your pet is drinking clean and fresh water.<\/p>\n<p>\n<img decoding=\"async\" border=\"0\" src=\"https:\/\/assets.innpro.pl\/9158\/10690\/2.jpg\"\/>\n<\/p>\n<h3>Teflon-coated tray<\/h3>\n<p>The water tray was created from stainless steel and has been coated with a black Teflon coating that prevents biofilm buildup, making it much easier to clean than a standard stainless steel tray. The coating contributes to a longer life of the device, and the tray&#8217;s 5\u00b0 slope makes it possible to effectively remove floating hair.<\/p>\n<p>\n<img decoding=\"async\" border=\"0\" src=\"https:\/\/assets.innpro.pl\/9158\/10690\/4.jpg\"\/>\n<\/p>\n<h3>Refined to the last detail<\/h3>\n<p>The drinker was designed with attention to almost every detail. Quiet operation of 26 dB ensures that the device will not generate annoying noise, and the modular design makes it easy to maintain the fountain. What&#8217;s more, light indicators provide information on the unit&#8217;s operating status, and non-slip pads prevent the drinker from moving and ensure stability.<\/p>\n<p>\n<img decoding=\"async\" border=\"0\" src=\"https:\/\/assets.innpro.pl\/9158\/10690\/7.jpg\"\/>\n<\/p>\n<h3>Up to 83 days of operation<\/h3>\n<p>Don&#8217;t worry about charging the drinker too often. The Petkit Eversweet Max uses a 5000 mAh battery, which translates to about 83 days of use (when water is dispensed for 25 seconds every hour). Note that the operating time of the device will vary depending on the intensity of use. The drinker will work for about 60 days if it dispenses water for 25 seconds and then stops working for 29 minutes, for 30 days when it stops working for 13 minutes, and 15 days when it does not work for 7 minutes.<\/p>\n<p>\n<img decoding=\"async\" border=\"0\" src=\"https:\/\/assets.innpro.pl\/9158\/10690\/5.jpg\"\/>\n<\/p>\n<h3>Iek\u013cauts<\/h3>\n<ul class=\"list-disc pl-5\">\n<li>smart drinker<\/li>\n<li>\n<p style=\"text-align:justify\">outlet tube<\/p>\n<\/li>\n<li>\n<p style=\"text-align:justify\">filter<\/p>\n<\/li>\n<li>\n<p style=\"text-align:justify\">wireless pump<\/p>\n<\/li>\n<li>\n<p style=\"text-align:justify\">cleaning brush 2in1<\/p>\n<\/li>\n<li>\n<p style=\"text-align:justify\">USB power cable<\/p>\n<\/li>\n<li>\n<p style=\"text-align:justify\">lieto\u0161anas pam\u0101c\u012bba<\/p>\n<\/li>\n<\/ul>\n<div class=\"table-wrapper\">\n<p>\u00a0<\/p>\n<h3><\/h3>\n<table>\n<tbody>\n<tr>\n<th>Ra\u017eot\u0101js<\/th>\n<td>Petkit<\/td>\n<\/tr>\n<tr>\n<th>Modelis<\/th>\n<td>Eversweet Max<\/td>\n<\/tr>\n<tr>\n<th>Materi\u0101ls<\/th>\n<td>ABS, 304 stainless steel<\/td>\n<\/tr>\n<tr>\n<th>Izm\u0113ri<\/th>\n<td>265 x 171 x 191 mm<\/td>\n<\/tr>\n<tr>\n<th>Kapacit\u0101te<\/th>\n<td>3l<\/td>\n<\/tr>\n<tr>\n<th>Svars<\/th>\n<td>approx. 1.2 kg<\/td>\n<\/tr>\n<tr>\n<th>Ieejas spriegums<\/th>\n<td>5V\/1A<\/td>\n<\/tr>\n<tr>\n<th>Nomin\u0101l\u0101 jauda<\/th>\n<td>2W<\/td>\n<\/tr>\n<tr>\n<th>Savienojums<\/th>\n<td>Bluetooth<\/td>\n<\/tr>\n<tr>\n<th>Purpose<\/th>\n<td>Cats and small dogs<\/td>\n<\/tr>\n<tr>\n<th>Akumulatora ietilp\u012bba<\/th>\n<td>5000 mAh<\/td>\n<\/tr>\n<tr>\n<th>Working time<\/th>\n<td>83 days<\/td>\n<\/tr>\n<tr>\n<th>Trok\u0161\u0146a l\u012bmenis<\/th>\n<td>26 dB<\/td>\n<\/tr>\n<tr>\n<th>Pieteikums<\/th>\n<td>Petkit<\/td>\n<\/tr>\n<\/tbody>\n<\/table>\n<\/div>","protected":false},"excerpt":{"rendered":"<p>Eversweet Max Petkit smart pet drinker\/fountain. Take care of your pet&#8217;s proper hydration level. Drinking filtered water can protect your pet from kidney and urinary tract diseases and help develop healthy habits. PetKit Eversweet Max effectively eliminates impurities and does not generate annoying noise. What&#8217;s more, it uses a 3-liter tank and works for about [&#8230;]\n","protected":false},"featured_media":98328,"comment_status":"open","ping_status":"closed","template":"","meta":[],"location":[19557,19558],"product_brand":[],"product_cat":[12454],"product_tag":[],"class_list":{"0":"post-80424","1":"product","2":"type-product","3":"status-publish","4":"has-post-thumbnail","6":"location-innpro_stock_location","7":"location-local_stock_location","8":"product_cat-water-dispensers","10":"first","11":"instock","12":"sale","13":"taxable","14":"shipping-taxable","15":"purchasable","16":"product-type-simple"},"aioseo_notices":[],"locations":[{"id":19557,"name":"Pieg\u0101d\u0101ja noliktav\u0101 (5-7dd.d)","slug":"innpro_stock_location","quantity":"87"},{"id":19558,"name":"R\u012bgas veikals (0-2dd.d)","slug":"local_stock_location","quantity":"0"}],"_links":{"self":[{"href":"https:\/\/elektrons.lv\/lv\/wp-json\/wp\/v2\/product\/80424","targetHints":{"allow":["GET"]}}],"collection":[{"href":"https:\/\/elektrons.lv\/lv\/wp-json\/wp\/v2\/product"}],"about":[{"href":"https:\/\/elektrons.lv\/lv\/wp-json\/wp\/v2\/types\/product"}],"replies":[{"embeddable":true,"href":"https:\/\/elektrons.lv\/lv\/wp-json\/wp\/v2\/comments?post=80424"}],"wp:featuredmedia":[{"embeddable":true,"href":"https:\/\/elektrons.lv\/lv\/wp-json\/wp\/v2\/media\/98328"}],"wp:attachment":[{"href":"https:\/\/elektrons.lv\/lv\/wp-json\/wp\/v2\/media?parent=80424"}],"wp:term":[{"taxonomy":"location","embeddable":true,"href":"https:\/\/elektrons.lv\/lv\/wp-json\/wp\/v2\/location?post=80424"},{"taxonomy":"product_brand","embeddable":true,"href":"https:\/\/elektrons.lv\/lv\/wp-json\/wp\/v2\/product_brand?post=80424"},{"taxonomy":"product_cat","embeddable":true,"href":"https:\/\/elektrons.lv\/lv\/wp-json\/wp\/v2\/product_cat?post=80424"},{"taxonomy":"product_tag","embeddable":true,"href":"https:\/\/elektrons.lv\/lv\/wp-json\/wp\/v2\/product_tag?post=80424"}],"curies":[{"name":"wp","href":"https:\/\/api.w.org\/{rel}","templated":true}]}}