{"id":80447,"date":"2026-05-14T09:39:15","date_gmt":"2026-05-14T09:39:15","guid":{"rendered":"https:\/\/elektrons.lv\/Prece\/wireless-lavalier-microphone-puluz-1-tx-1-rx\/"},"modified":"2026-05-14T11:38:01","modified_gmt":"2026-05-14T11:38:01","slug":"wireless-lavalier-microphone-puluz-1-tx-1-rx","status":"publish","type":"product","link":"https:\/\/elektrons.lv\/lv\/Prece\/wireless-lavalier-microphone-puluz-1-tx-1-rx\/","title":{"rendered":"Wireless Lavalier Microphone PULUZ 1 TX + 1 RX"},"content":{"rendered":"<h3>PULUZ 1 TX + 1 RX Wireless Tie Microphone<\/h3>\n<p>Ensure crystal clear sound during your recordings with the PULUZ 1 TX + 1 RX wireless tie microphone. Ideal for live broadcasting, vlogging, video creation and many other applications, this kit offers excellent audio quality and convenience. The kit includes one receiver and one transmitter.<\/p>\n<p>\n<img decoding=\"async\" border=\"0\" src=\"https:\/\/assets.innpro.pl\/6652\/7755\/1.jpg\"\/>\n<\/p>\n<h3>Compact and durable design<\/h3>\n<p>The PULUZ microphone is designed with mobility and durability in mind. Made of high quality ABS material &#8211; it is resistant to mechanical damage. Its compact dimensions of 4.7 x 4.3 x 1.3 cm and lightweight design make it easy to carry and use in any conditions.<\/p>\n<p>\n<img decoding=\"async\" border=\"0\" src=\"https:\/\/assets.innpro.pl\/6652\/7755\/5.jpg\"\/>\n<\/p>\n<h3>Long battery life<\/h3>\n<p>The built-in 300 mAh battery ensures long-lasting use. When fully charged, the microphone can operate for up to 10 hours, with a charging time of only about 1.5-2 hours. In standby mode, the device lasts up to 6 months. So it will be almost always ready to work!<\/p>\n<p>\n<img decoding=\"async\" border=\"0\" src=\"https:\/\/assets.innpro.pl\/6652\/7755\/7.jpg\"\/>\n<\/p>\n<h3>Versatile use<\/h3>\n<p>The microphone supports two modes of operation: Bluetooth and Video, which allows you to easily adapt it to different needs. It is also compatible with a wide range of devices, including smartphones, tablets, computers, sound cards, mixers and effects processors. There is also a monitoring function that allows you to monitor the quality of the recorded sound in real time.<\/p>\n<p>\n<img decoding=\"async\" border=\"0\" src=\"https:\/\/assets.innpro.pl\/6652\/7755\/4.jpg\"\/>\n<\/p>\n<h3>Automatic pairing and monitoring functions<\/h3>\n<p>The automatic pairing system makes the microphone ready for use within seconds. What&#8217;s more, the Bluetooth connection provides stable, reliable transmission with a range of up to 10 meters &#8211; don&#8217;t worry about interference, delays or other signal problems!<\/p>\n<p>\n<img decoding=\"async\" border=\"0\" src=\"https:\/\/assets.innpro.pl\/6652\/7755\/6.jpg\"\/>\n<\/p>\n<h3>Augstas kvalit\u0101tes ska\u0146a<\/h3>\n<p>The omnidirectional microphone captures sounds over a 360\u00b0 range for clear, crisp audio from any direction. In addition, it is equipped with noise cancellation technology to ensure clear sound even in noisy environments. Features such as dodge and reverb allow you to get the perfect sound in a variety of recording conditions.<\/p>\n<p>\n<img decoding=\"async\" border=\"0\" src=\"https:\/\/assets.innpro.pl\/6652\/7755\/3.jpg\"\/>\n<\/p>\n<h3>Ideal for content creators<\/h3>\n<p>The PULUZ 1 TX + 1 RX wireless tie microphone is the perfect solution for vloggers, content creators, journalists and anyone who needs reliable and high-quality audio recording equipment. Its advanced features, ease of use and versatility make it an indispensable tool in any professional&#8217;s arsenal.<\/p>\n<p>\n<img decoding=\"async\" border=\"0\" src=\"https:\/\/assets.innpro.pl\/6652\/7755\/2.jpg\"\/>\n<\/p>\n<h3>Iek\u013cauts<\/h3>\n<ul class=\"list-disc pl-5\">\n<li>Receiver<\/li>\n<li>Transmitter<\/li>\n<li>TRS 3.5mm to TRS 3.5mm audio cable<\/li>\n<li>TRRS 3.5mm to TRS 3.5mm audio cable<\/li>\n<li>USB-C charging cable x2<\/li>\n<li>Headphones for monitoring<\/li>\n<li>Wind shield<\/li>\n<li>Storage bag<\/li>\n<li>Lietot\u0101ja rokasgr\u0101mata<\/li>\n<\/ul>\n<div class=\"table-wrapper\">\n<p>\u00a0<\/p>\n<h3><\/h3>\n<table>\n<tbody>\n<tr>\n<th>Ra\u017eot\u0101js<\/th>\n<td>PULUZ<\/td>\n<\/tr>\n<tr>\n<th>Modelis<\/th>\n<td>PU3153B<\/td>\n<\/tr>\n<tr>\n<th>Oper\u0113t\u0101jsist\u0113ma<\/th>\n<td>GFSK<\/td>\n<\/tr>\n<tr>\n<th>Darb\u012bbas frekvence<\/th>\n<td>2.4G &#8211; 2.4835 GHz<\/td>\n<\/tr>\n<tr>\n<th>Radio sensitivity<\/th>\n<td>-38 dB<\/td>\n<\/tr>\n<tr>\n<th>Diapazons<\/th>\n<td>Up to 10 m<\/td>\n<\/tr>\n<tr>\n<th>Current consumption of the switched off transmitter<\/th>\n<td>2 uA<\/td>\n<\/tr>\n<tr>\n<th>Current consumption of the transmitter during operation (Video mode)<\/th>\n<td>25 mA<\/td>\n<\/tr>\n<tr>\n<th>Current consumption of the transmitter during operation (Bluetooth mode)<\/th>\n<td>30-40 mA<\/td>\n<\/tr>\n<tr>\n<th>Current consumption of the receiver during operation<\/th>\n<td>14 mA<\/td>\n<\/tr>\n<tr>\n<th>Signal-to-noise ratio of the microphone<\/th>\n<td>\u2265 65 dB<\/td>\n<\/tr>\n<tr>\n<th>Bie\u017euma reakcija<\/th>\n<td>20 Hz &#8211; 20 kHz<\/td>\n<\/tr>\n<tr>\n<th>Monitoring<\/th>\n<td>Unidirectional<\/td>\n<\/tr>\n<tr>\n<th>Mikrofons<\/th>\n<td>Electret<\/td>\n<\/tr>\n<tr>\n<th>Akumulatora ietilp\u012bba<\/th>\n<td>300 mAh<\/td>\n<\/tr>\n<tr>\n<th>Talk time<\/th>\n<td>Approx. 10 h<\/td>\n<\/tr>\n<tr>\n<th>Standby time<\/th>\n<td>Approximately 6 months<\/td>\n<\/tr>\n<tr>\n<th>Charging current standard<\/th>\n<td>DC 5 V \/ max. 200 mA \u00b1 10 mA<\/td>\n<\/tr>\n<tr>\n<th>Uzl\u0101des laiks<\/th>\n<td>Approx. 1.5-2 h<\/td>\n<\/tr>\n<tr>\n<th>2.4G solution<\/th>\n<td>JieLi AD6976M4<\/td>\n<\/tr>\n<tr>\n<th>Materi\u0101ls<\/th>\n<td>ABS<\/td>\n<\/tr>\n<tr>\n<th>Izm\u0113ri<\/th>\n<td>4.7 x 4.3 x 1.3 cm<\/td>\n<\/tr>\n<\/tbody>\n<\/table>\n<\/div>","protected":false},"excerpt":{"rendered":"<p>PULUZ 1 TX + 1 RX Wireless Tie Microphone Ensure crystal clear sound during your recordings with the PULUZ 1 TX + 1 RX wireless tie microphone. Ideal for live broadcasting, vlogging, video creation and many other applications, this kit offers excellent audio quality and convenience. The kit includes one receiver and one transmitter. Compact [&#8230;]\n","protected":false},"featured_media":98267,"comment_status":"open","ping_status":"closed","template":"","meta":[],"location":[19557,19558],"product_brand":[],"product_cat":[12317],"product_tag":[],"class_list":{"0":"post-80447","1":"product","2":"type-product","3":"status-publish","4":"has-post-thumbnail","6":"location-innpro_stock_location","7":"location-local_stock_location","8":"product_cat-lavalier","10":"first","11":"outofstock","12":"taxable","13":"shipping-taxable","14":"purchasable","15":"product-type-simple"},"aioseo_notices":[],"locations":[{"id":19557,"name":"Pieg\u0101d\u0101ja noliktav\u0101 (5-7dd.d)","slug":"innpro_stock_location","quantity":"0"},{"id":19558,"name":"R\u012bgas veikals (0-2dd.d)","slug":"local_stock_location","quantity":"0"}],"_links":{"self":[{"href":"https:\/\/elektrons.lv\/lv\/wp-json\/wp\/v2\/product\/80447","targetHints":{"allow":["GET"]}}],"collection":[{"href":"https:\/\/elektrons.lv\/lv\/wp-json\/wp\/v2\/product"}],"about":[{"href":"https:\/\/elektrons.lv\/lv\/wp-json\/wp\/v2\/types\/product"}],"replies":[{"embeddable":true,"href":"https:\/\/elektrons.lv\/lv\/wp-json\/wp\/v2\/comments?post=80447"}],"wp:featuredmedia":[{"embeddable":true,"href":"https:\/\/elektrons.lv\/lv\/wp-json\/wp\/v2\/media\/98267"}],"wp:attachment":[{"href":"https:\/\/elektrons.lv\/lv\/wp-json\/wp\/v2\/media?parent=80447"}],"wp:term":[{"taxonomy":"location","embeddable":true,"href":"https:\/\/elektrons.lv\/lv\/wp-json\/wp\/v2\/location?post=80447"},{"taxonomy":"product_brand","embeddable":true,"href":"https:\/\/elektrons.lv\/lv\/wp-json\/wp\/v2\/product_brand?post=80447"},{"taxonomy":"product_cat","embeddable":true,"href":"https:\/\/elektrons.lv\/lv\/wp-json\/wp\/v2\/product_cat?post=80447"},{"taxonomy":"product_tag","embeddable":true,"href":"https:\/\/elektrons.lv\/lv\/wp-json\/wp\/v2\/product_tag?post=80447"}],"curies":[{"name":"wp","href":"https:\/\/api.w.org\/{rel}","templated":true}]}}