{"id":80462,"date":"2026-05-14T09:39:17","date_gmt":"2026-05-14T09:39:17","guid":{"rendered":"https:\/\/elektrons.lv\/Prece\/vacuum-cleaner-deerma-dx700-pro\/"},"modified":"2026-05-15T07:49:24","modified_gmt":"2026-05-15T07:49:24","slug":"vacuum-cleaner-deerma-dx700-pro","status":"publish","type":"product","link":"https:\/\/elektrons.lv\/lv\/Prece\/vacuum-cleaner-deerma-dx700-pro\/","title":{"rendered":"Putek\u013cu s\u016bc\u0113js Deerma DX700 PRO"},"content":{"rendered":"<h3>Deerma DX700 PRO upright vacuum cleaner.<\/h3>\n<p>Keep every nook and cranny tidy. The Deerma DX700 PRO upright vacuum cleaner is distinguished by its impressive suction power of 16 kPa to eliminate dirt quickly and effectively. The brush with an improved design easily handles even stubborn dirt, and the included interchangeable tips make it easy to clean hard-to-reach areas. The device is also equipped with a triple filtration system. But the possibilities don&#8217;t end there &#8211; the DX700 PRO model will serve you both as an upright and handheld vacuum cleaner.<\/p>\n<p>\n<img decoding=\"async\" border=\"0\" src=\"https:\/\/assets.innpro.pl\/8108\/9460\/3.jpg\"\/>\n<\/p>\n<h3>Deals with dirt in the blink of an eye<\/h3>\n<p>Responsible for the efficient operation of the vacuum cleaner is a high-performance motor operating at 650 watts. Thanks to it, the device can provide a suction force of up to 16 kPa &#8211; it will eliminate dust, crumbs and even hair in no time. So it will be an ideal choice for pet owners and more!<\/p>\n<p>\n<img decoding=\"async\" border=\"0\" src=\"https:\/\/assets.innpro.pl\/8108\/9460\/2.jpg\"\/>\n<\/p>\n<h3>Specially designed brush<\/h3>\n<p>The vacuum cleaner is equipped with an improved brush, which is perfect for both hard floors and carpets. With a speed of 7500 rpm and a carefully thought-out design, it quickly and thoroughly removes dirt from almost any surface. Now it&#8217;s easy to keep your entire home spotlessly clean!<\/p>\n<p>\n<img decoding=\"async\" border=\"0\" src=\"https:\/\/assets.innpro.pl\/8108\/9460\/5.jpg\"\/>\n<\/p>\n<h3>Additional brushes included<\/h3>\n<p>In addition to the standard floor brush, you&#8217;ll find two additional nozzles in the set to help you clean hard-to-reach corners. The crevice nozzle will come in handy for vacuuming narrow places. With its help, you can easily clean, for example, the recesses in sofas or armchairs! On the other hand, the triangular brush allows you to quickly remove dirt from various surfaces &#8211; it will allow you to thoroughly vacuum furniture without the risk of damage.<\/p>\n<p>\n<img decoding=\"async\" border=\"0\" src=\"https:\/\/assets.innpro.pl\/8108\/9460\/9.jpg\"\/>\n<\/p>\n<h3>It will prove itself in many applications<\/h3>\n<p>The DX700 PRO can act as an upright and handheld vacuum cleaner, so you can successfully use it to clean floors, furniture, curtains and more. You&#8217;ll find that you only need one device to thoroughly clean your entire home! What&#8217;s more, the product weighs only about 2.45 kg &#8211; lifting or carrying it will not cause you any problem.<\/p>\n<p>\n<img decoding=\"async\" border=\"0\" src=\"https:\/\/assets.innpro.pl\/8108\/9460\/11.jpg\"\/>\n<\/p>\n<h3>Triple filtration system<\/h3>\n<p>Forget about secondary contamination and unpleasant odor while vacuuming. The DX700 PRO offers a triple filtration system that effectively traps dust and other fine particles. This ensures that the air blown outside is clean and safe for health.<\/p>\n<p>\n<img decoding=\"async\" border=\"0\" src=\"https:\/\/assets.innpro.pl\/8108\/9460\/4.jpg\"\/>\n<\/p>\n<h3>Izsmalcin\u0101ts katr\u0101 deta\u013c\u0101<\/h3>\n<p>The vacuum cleaner was created from durable ABS plastic, making it very durable and easy to clean. You will easily keep it in perfect condition! Its convenient operation is provided by a button located in an easily accessible place. In addition, the floor brush is equipped with high-quality wheels, which allow you to maneuver the device smoothly, while not scratching the floor. Storage of the vacuum cleaner will also not cause you any problems &#8211; just use the wall bracket.<\/p>\n<p>\n<img decoding=\"async\" border=\"0\" src=\"https:\/\/assets.innpro.pl\/8108\/9460\/8.jpg\"\/>\n<\/p>\n<h3>Iek\u013cauts<\/h3>\n<ul class=\"list-disc pl-5\">\n<li>Vacuum cleaner<\/li>\n<li>Connection module<\/li>\n<li>Gr\u012bdas birste<\/li>\n<li>Triangular brush<\/li>\n<li>Krevices birste<\/li>\n<li>Wall bracket<\/li>\n<li>Cable wrap holder<\/li>\n<li>Warranty card<\/li>\n<li>Lietot\u0101ja rokasgr\u0101mata<\/li>\n<\/ul>\n<div class=\"table-wrapper\">\n<p>\u00a0<\/p>\n<h3><\/h3>\n<table>\n<tbody>\n<tr>\n<th>Ra\u017eot\u0101js<\/th>\n<td>Deerma<\/td>\n<\/tr>\n<tr>\n<th>Modelis<\/th>\n<td>DX700 PRO<\/td>\n<\/tr>\n<tr>\n<th>S\u016bk\u0161anas jauda<\/th>\n<td>Up to 16 kPa<\/td>\n<\/tr>\n<tr>\n<th>Jauda<\/th>\n<td>Up to 650 watts<\/td>\n<\/tr>\n<tr>\n<th>Rated voltage \/ frequency<\/th>\n<td>220-240 V 50-60 Hz<\/td>\n<\/tr>\n<tr>\n<th>Apjoma l\u012bmenis<\/th>\n<td>85 dB(A)<\/td>\n<\/tr>\n<tr>\n<th>Dust tank capacity<\/th>\n<td>0,8 l<\/td>\n<\/tr>\n<tr>\n<th>Svars<\/th>\n<td>Approximately 2.45 kg<\/td>\n<\/tr>\n<\/tbody>\n<\/table>\n<\/div>","protected":false},"excerpt":{"rendered":"<p>Deerma DX700 PRO upright vacuum cleaner. Keep every nook and cranny tidy. The Deerma DX700 PRO upright vacuum cleaner is distinguished by its impressive suction power of 16 kPa to eliminate dirt quickly and effectively. The brush with an improved design easily handles even stubborn dirt, and the included interchangeable tips make it easy to [&#8230;]\n","protected":false},"featured_media":98216,"comment_status":"open","ping_status":"closed","template":"","meta":[],"location":[19557,19558],"product_brand":[],"product_cat":[12409],"product_tag":[],"class_list":{"0":"post-80462","1":"product","2":"type-product","3":"status-publish","4":"has-post-thumbnail","6":"location-innpro_stock_location","7":"location-local_stock_location","8":"product_cat-upright-vacuum-cleaners","10":"first","11":"instock","12":"sale","13":"taxable","14":"shipping-taxable","15":"purchasable","16":"product-type-simple"},"aioseo_notices":[],"locations":[{"id":19557,"name":"Pieg\u0101d\u0101ja noliktav\u0101 (5-7dd.d)","slug":"innpro_stock_location","quantity":"1029"},{"id":19558,"name":"R\u012bgas veikals (0-2dd.d)","slug":"local_stock_location","quantity":"0"}],"_links":{"self":[{"href":"https:\/\/elektrons.lv\/lv\/wp-json\/wp\/v2\/product\/80462","targetHints":{"allow":["GET"]}}],"collection":[{"href":"https:\/\/elektrons.lv\/lv\/wp-json\/wp\/v2\/product"}],"about":[{"href":"https:\/\/elektrons.lv\/lv\/wp-json\/wp\/v2\/types\/product"}],"replies":[{"embeddable":true,"href":"https:\/\/elektrons.lv\/lv\/wp-json\/wp\/v2\/comments?post=80462"}],"wp:featuredmedia":[{"embeddable":true,"href":"https:\/\/elektrons.lv\/lv\/wp-json\/wp\/v2\/media\/98216"}],"wp:attachment":[{"href":"https:\/\/elektrons.lv\/lv\/wp-json\/wp\/v2\/media?parent=80462"}],"wp:term":[{"taxonomy":"location","embeddable":true,"href":"https:\/\/elektrons.lv\/lv\/wp-json\/wp\/v2\/location?post=80462"},{"taxonomy":"product_brand","embeddable":true,"href":"https:\/\/elektrons.lv\/lv\/wp-json\/wp\/v2\/product_brand?post=80462"},{"taxonomy":"product_cat","embeddable":true,"href":"https:\/\/elektrons.lv\/lv\/wp-json\/wp\/v2\/product_cat?post=80462"},{"taxonomy":"product_tag","embeddable":true,"href":"https:\/\/elektrons.lv\/lv\/wp-json\/wp\/v2\/product_tag?post=80462"}],"curies":[{"name":"wp","href":"https:\/\/api.w.org\/{rel}","templated":true}]}}