{"id":80465,"date":"2026-05-14T09:39:18","date_gmt":"2026-05-14T09:39:18","guid":{"rendered":"https:\/\/elektrons.lv\/Prece\/snapflex-magnetic-mount-magsafe-nillkin-black\/"},"modified":"2026-05-15T07:49:24","modified_gmt":"2026-05-15T07:49:24","slug":"snapflex-magnetic-mount-magsafe-nillkin-black","status":"publish","type":"product","link":"https:\/\/elektrons.lv\/lv\/Prece\/snapflex-magnetic-mount-magsafe-nillkin-black\/","title":{"rendered":"SnapFlex magnetic mount Magsafe, Nillkin, (black)"},"content":{"rendered":"<h3>SnapFlex magnetic phone holder, Nillkin, (black)<\/h3>\n<p>The SnapFlex magnetic holder from Nillkin will make using your phone even easier and more convenient. Built-in neodymium magnets with an attractive force of as much as 1,300 GS ensure a stable hold on your device in any situation, and the detachable magnetic base will give you even more mounting options. You can freely adjust the viewing angle from 0-270\u00b0, so you can position your phone in the perfect position for you. In addition, the accessory is compatible with MagSafe.<\/p>\n<p>\n<img decoding=\"async\" border=\"0\" src=\"https:\/\/assets.innpro.pl\/6743\/7856\/3.jpg\"\/>\n<\/p>\n<div class=\"table-wrapper\">\n<p>\u00a0<\/p>\n<h3><\/h3>\n<table>\n<tbody>\n<tr>\n<th>Ra\u017eot\u0101js<\/th>\n<td>Nillkin<\/td>\n<\/tr>\n<tr>\n<th>Kr\u0101sa<\/th>\n<td>Melns<\/td>\n<\/tr>\n<tr>\n<th>Compatible with MagSafe<\/th>\n<td>J\u0101<\/td>\n<\/tr>\n<\/tbody>\n<\/table>\n<\/div>","protected":false},"excerpt":{"rendered":"<p>SnapFlex magnetic phone holder, Nillkin, (black) The SnapFlex magnetic holder from Nillkin will make using your phone even easier and more convenient. Built-in neodymium magnets with an attractive force of as much as 1,300 GS ensure a stable hold on your device in any situation, and the detachable magnetic base will give you even more [&#8230;]\n","protected":false},"featured_media":98173,"comment_status":"open","ping_status":"closed","template":"","meta":[],"location":[19557,19558],"product_brand":[],"product_cat":[12290],"product_tag":[],"class_list":{"0":"post-80465","1":"product","2":"type-product","3":"status-publish","4":"has-post-thumbnail","6":"location-innpro_stock_location","7":"location-local_stock_location","8":"product_cat-ring-holders","10":"first","11":"instock","12":"sale","13":"taxable","14":"shipping-taxable","15":"purchasable","16":"product-type-simple"},"aioseo_notices":[],"locations":[{"id":19557,"name":"Pieg\u0101d\u0101ja noliktav\u0101 (5-7dd.d)","slug":"innpro_stock_location","quantity":"123"},{"id":19558,"name":"R\u012bgas veikals (0-2dd.d)","slug":"local_stock_location","quantity":"0"}],"_links":{"self":[{"href":"https:\/\/elektrons.lv\/lv\/wp-json\/wp\/v2\/product\/80465","targetHints":{"allow":["GET"]}}],"collection":[{"href":"https:\/\/elektrons.lv\/lv\/wp-json\/wp\/v2\/product"}],"about":[{"href":"https:\/\/elektrons.lv\/lv\/wp-json\/wp\/v2\/types\/product"}],"replies":[{"embeddable":true,"href":"https:\/\/elektrons.lv\/lv\/wp-json\/wp\/v2\/comments?post=80465"}],"wp:featuredmedia":[{"embeddable":true,"href":"https:\/\/elektrons.lv\/lv\/wp-json\/wp\/v2\/media\/98173"}],"wp:attachment":[{"href":"https:\/\/elektrons.lv\/lv\/wp-json\/wp\/v2\/media?parent=80465"}],"wp:term":[{"taxonomy":"location","embeddable":true,"href":"https:\/\/elektrons.lv\/lv\/wp-json\/wp\/v2\/location?post=80465"},{"taxonomy":"product_brand","embeddable":true,"href":"https:\/\/elektrons.lv\/lv\/wp-json\/wp\/v2\/product_brand?post=80465"},{"taxonomy":"product_cat","embeddable":true,"href":"https:\/\/elektrons.lv\/lv\/wp-json\/wp\/v2\/product_cat?post=80465"},{"taxonomy":"product_tag","embeddable":true,"href":"https:\/\/elektrons.lv\/lv\/wp-json\/wp\/v2\/product_tag?post=80465"}],"curies":[{"name":"wp","href":"https:\/\/api.w.org\/{rel}","templated":true}]}}