{"id":80603,"date":"2026-05-14T09:39:37","date_gmt":"2026-05-14T09:39:37","guid":{"rendered":"https:\/\/elektrons.lv\/Prece\/360-outdoor-camera-wifi-imou-cruiser-z-5mp\/"},"modified":"2026-05-15T16:12:03","modified_gmt":"2026-05-15T14:12:03","slug":"360-outdoor-camera-wifi-imou-cruiser-z-5mp","status":"publish","type":"product","link":"https:\/\/elektrons.lv\/lv\/Prece\/360-outdoor-camera-wifi-imou-cruiser-z-5mp\/","title":{"rendered":"360\u00b0 \u0101ra kamera WiFi IMOU Cruiser Z 5MP"},"content":{"rendered":"<h3>360\u00b0 \u0101ra kamera WiFi IMOU Cruiser Z 5MP<\/h3>\n<p>IMOU Cruiser Z 5MP is a rotating outdoor camera that offers 3K UHD image quality. With two 5MP lenses, the device provides exceptional detail. Smart features, night modes, motion detection, as well as the ability to remotely control pan and tilt make the Cruiser Z ideal for both day and night surveillance. In addition, thanks to its IP66 waterproof rating, the camera is highly durable &#8211; dust, rain and wind will not harm it.<\/p>\n<p>\n<img decoding=\"async\" border=\"0\" src=\"https:\/\/assets.innpro.pl\/7948\/9218\/5.jpg\"\/>\n<\/p>\n<h3>Exceptional image quality and hybrid zoom<\/h3>\n<p>The Cruiser Z camera offers high image quality thanks to its dual 5MP lenses, which produce 3K UHD images. In addition, the 12x hybrid zoom allows you to capture details from up to 56 meters away. This makes the device ideal for monitoring large areas. You can choose between optical and digital zoom.<\/p>\n<p>\n<img decoding=\"async\" border=\"0\" src=\"https:\/\/assets.innpro.pl\/7948\/9218\/4.jpg\"\/>\n<\/p>\n<h3>Alarm siren<\/h3>\n<p>If an unauthorized entry is detected, the IMOU Cruiser Z camera activates a siren with a volume of 110 dB, which effectively deters uninvited guests. So you can enjoy peace of mind knowing that your home is protected from intruders.<\/p>\n<p>\n<img decoding=\"async\" border=\"0\" src=\"https:\/\/assets.innpro.pl\/7948\/9218\/6.jpg\"\/>\n<\/p>\n<h3>Various night modes and remote control<\/h3>\n<p>Cruiser Z offers a variety of night modes that can be customized. You can choose between Smart, Full-color and Infrared modes to ensure an optimal view in all lighting conditions. It is possible to remotely control the camera&#8217;s 355\u00b0 horizontal rotation and 90\u00b0 vertical tilt to precisely control the monitored area. In addition, a built-in speaker and noise-canceling microphone allow you to interact with family and guests from anywhere.<\/p>\n<p>\n<img decoding=\"async\" border=\"0\" src=\"https:\/\/assets.innpro.pl\/7948\/9218\/2.jpg\"\/>\n<\/p>\n<h3>IMOU SENSE\u00ae technology and advanced AI detection<\/h3>\n<p>The IMOU Cruiser Z uses IMOU SENSE\u00ae technology, which improves detection accuracy by 50% thanks to advanced AI algorithms. Each lens operates independently, which does not affect image quality, while speeding up data processing &#8211; results are delivered in just 0.02 seconds. The device effectively recognizes people and vehicles, which minimizes the risk of false alarms caused by insects or tree movements.<\/p>\n<p>\n<img decoding=\"async\" border=\"0\" src=\"https:\/\/assets.innpro.pl\/7948\/9218\/1.jpg\"\/>\n<\/p>\n<h3>Wi-Fi 6 connectivity and personalized settings<\/h3>\n<p>The IMOU Cruiser Z camera supports the latest Wi-Fi 6 standard, which provides high data transfer speeds and improved wall penetration. This allows you to place the camera farther away from the router without losing connection quality. In addition, it is possible to customize the device&#8217;s operation &#8211; you can set favorite points, detection zones, alarm sounds and protection schedule.<\/p>\n<p>\n<img decoding=\"async\" border=\"0\" src=\"https:\/\/assets.innpro.pl\/7948\/9218\/3.jpg\"\/>\n<\/p>\n<h3>Iek\u013cauts:<\/h3>\n<ul class=\"list-disc pl-5\">\n<li>360\u00b0 \u0101ra kamera WiFi IMOU Cruiser Z 5MP<\/li>\n<li>Baro\u0161anas avots<\/li>\n<li>Mont\u0101\u017eas kron\u0161teins<\/li>\n<li>Waterproof connector<\/li>\n<li>Screws<\/li>\n<li>Mounting diagram<\/li>\n<li>Lietot\u0101ja rokasgr\u0101mata<\/li>\n<\/ul>\n<div class=\"table-wrapper\">\n<p>\u00a0<\/p>\n<h3><\/h3>\n<table>\n<tbody>\n<tr>\n<th>Ra\u017eot\u0101js<\/th>\n<td>IMOU<\/td>\n<\/tr>\n<tr>\n<th>Modelis<\/th>\n<td>Cruiser Z<\/td>\n<\/tr>\n<tr>\n<th>Manufacturer code<\/th>\n<td>IPC-S7DP-5M0WEZ<\/td>\n<\/tr>\n<tr>\n<th>Matrix<\/th>\n<td>1\/3&#8243;5 Megapixel progressive CMOS sensor<\/td>\n<\/tr>\n<tr>\n<th>Resolution<\/th>\n<td>5 MP<\/td>\n<\/tr>\n<tr>\n<th>Night visibility range<\/th>\n<td>> 56 m<\/td>\n<\/tr>\n<tr>\n<th>Lens<\/th>\n<td>2.8 mm @ F1.6 + 12 mm @ F1.6<\/td>\n<\/tr>\n<tr>\n<th>Field of view<\/th>\n<td>2.8 mm: 95.3\u00b0(H), 52.1\u00b0(V), 113.7\u00b0(D) \/ 12 mm: 24.4\u00b0(H), 14\u00b0(V), 28.1\u00b0(D)<\/td>\n<\/tr>\n<tr>\n<th>Panoramic rotation<\/th>\n<td>355\u00b0 and vertical angle 90\u00b0<\/td>\n<\/tr>\n<tr>\n<th>Ethernet port<\/th>\n<td>1 x 100Mbps<\/td>\n<\/tr>\n<tr>\n<th>Wi-Fi<\/th>\n<td>IEEE802.11b\/g\/n\/ax, two antennas<\/td>\n<\/tr>\n<tr>\n<th>App<\/th>\n<td>Imou App (iOS, Android)<\/td>\n<\/tr>\n<tr>\n<th>ONVIF support<\/th>\n<td>J\u0101<\/td>\n<\/tr>\n<tr>\n<th>Video compression<\/th>\n<td>H.265\/H.264<\/td>\n<\/tr>\n<tr>\n<th>Frames per second<\/th>\n<td>Up to 15 fps<\/td>\n<\/tr>\n<tr>\n<th>Digital zoom<\/th>\n<td>12x<\/td>\n<\/tr>\n<tr>\n<th>Built-in microphone and speaker<\/th>\n<td>j\u0101<\/td>\n<\/tr>\n<tr>\n<th>Siren<\/th>\n<td>110 dB<\/td>\n<\/tr>\n<tr>\n<th>Built-in illumination light<\/th>\n<td>j\u0101<\/td>\n<\/tr>\n<tr>\n<th>Micro SD card slot<\/th>\n<td>yes, up to 512 GB<\/td>\n<\/tr>\n<tr>\n<th>Reset button<\/th>\n<td>j\u0101<\/td>\n<\/tr>\n<tr>\n<th>Motion detection<\/th>\n<td>j\u0101<\/td>\n<\/tr>\n<tr>\n<th>Vehicle detection<\/th>\n<td>j\u0101<\/td>\n<\/tr>\n<tr>\n<th>People detection<\/th>\n<td>j\u0101<\/td>\n<\/tr>\n<tr>\n<th>Configurable area<\/th>\n<td>j\u0101<\/td>\n<\/tr>\n<tr>\n<th>Customizable voice tone<\/th>\n<td>j\u0101<\/td>\n<\/tr>\n<tr>\n<th>Baro\u0161anas avots<\/th>\n<td>DC 12V1A<\/td>\n<\/tr>\n<tr>\n<th>Ener\u0123ijas pat\u0113ri\u0146\u0161<\/th>\n<td><12 W<\/td>\n<\/tr>\n<tr>\n<th>Materi\u0101ls<\/th>\n<td>plastmasa<\/td>\n<\/tr>\n<tr>\n<th>Darba temperat\u016bra<\/th>\n<td>-30\u00b0C to 50\u00b0C<\/td>\n<\/tr>\n<tr>\n<th>Darb\u012bbas mitrums<\/th>\n<td>less than 95% RH<\/td>\n<\/tr>\n<tr>\n<th>Sertifik\u0101cijas<\/th>\n<td>CE, IP66<\/td>\n<\/tr>\n<tr>\n<th>Izm\u0113ri<\/th>\n<td>129 \u00d7 110 \u00d7 110 mm<\/td>\n<\/tr>\n<tr>\n<th>Svars<\/th>\n<td>438 g<\/td>\n<\/tr>\n<\/tbody>\n<\/table>\n<\/div>","protected":false},"excerpt":{"rendered":"<p>360\u00b0 Outdoor Camera WiFi IMOU Cruiser Z 5MP IMOU Cruiser Z 5MP is a rotating outdoor camera that offers 3K UHD image quality. With two 5MP lenses, the device provides exceptional detail. Smart features, night modes, motion detection, as well as the ability to remotely control pan and tilt make the Cruiser Z ideal for [&#8230;]\n","protected":false},"featured_media":97786,"comment_status":"open","ping_status":"closed","template":"","meta":[],"location":[19557,19558],"product_brand":[],"product_cat":[13298],"product_tag":[],"class_list":{"0":"post-80603","1":"product","2":"type-product","3":"status-publish","4":"has-post-thumbnail","6":"location-innpro_stock_location","7":"location-local_stock_location","8":"product_cat-ip-cameras","10":"first","11":"instock","12":"sale","13":"taxable","14":"shipping-taxable","15":"purchasable","16":"product-type-simple"},"aioseo_notices":[],"locations":[{"id":19557,"name":"Pieg\u0101d\u0101ja noliktav\u0101 (5-7dd.d)","slug":"innpro_stock_location","quantity":"43"},{"id":19558,"name":"R\u012bgas veikals (0-2dd.d)","slug":"local_stock_location","quantity":"0"}],"_links":{"self":[{"href":"https:\/\/elektrons.lv\/lv\/wp-json\/wp\/v2\/product\/80603","targetHints":{"allow":["GET"]}}],"collection":[{"href":"https:\/\/elektrons.lv\/lv\/wp-json\/wp\/v2\/product"}],"about":[{"href":"https:\/\/elektrons.lv\/lv\/wp-json\/wp\/v2\/types\/product"}],"replies":[{"embeddable":true,"href":"https:\/\/elektrons.lv\/lv\/wp-json\/wp\/v2\/comments?post=80603"}],"wp:featuredmedia":[{"embeddable":true,"href":"https:\/\/elektrons.lv\/lv\/wp-json\/wp\/v2\/media\/97786"}],"wp:attachment":[{"href":"https:\/\/elektrons.lv\/lv\/wp-json\/wp\/v2\/media?parent=80603"}],"wp:term":[{"taxonomy":"location","embeddable":true,"href":"https:\/\/elektrons.lv\/lv\/wp-json\/wp\/v2\/location?post=80603"},{"taxonomy":"product_brand","embeddable":true,"href":"https:\/\/elektrons.lv\/lv\/wp-json\/wp\/v2\/product_brand?post=80603"},{"taxonomy":"product_cat","embeddable":true,"href":"https:\/\/elektrons.lv\/lv\/wp-json\/wp\/v2\/product_cat?post=80603"},{"taxonomy":"product_tag","embeddable":true,"href":"https:\/\/elektrons.lv\/lv\/wp-json\/wp\/v2\/product_tag?post=80603"}],"curies":[{"name":"wp","href":"https:\/\/api.w.org\/{rel}","templated":true}]}}