{"id":80621,"date":"2026-05-14T09:39:40","date_gmt":"2026-05-14T09:39:40","guid":{"rendered":"https:\/\/elektrons.lv\/Prece\/mini-bag-puluz-for-dji-osmo-pocket-3-black\/"},"modified":"2026-05-14T11:34:35","modified_gmt":"2026-05-14T11:34:35","slug":"mini-bag-puluz-for-dji-osmo-pocket-3-black","status":"publish","type":"product","link":"https:\/\/elektrons.lv\/lv\/Prece\/mini-bag-puluz-for-dji-osmo-pocket-3-black\/","title":{"rendered":"Mini Bag PULUZ for DJI Osmo Pocket 3 (Black)"},"content":{"rendered":"<h3>PULUZ Case for DJI Osmo Pocket 3 PULUZ (black).<\/h3>\n<p>Conveniently store and transport your DJI Osmo Pocket 3 camera along with essential accessories. The PULUZ case is made of high-quality, durable EVA material that offers not only shock and pressure protection, but also a stylish look. Thanks to its compact size and lightweight design, the accessory doesn&#8217;t take up much space and is perfect for both everyday use and travel.<\/p>\n<p>\n<img decoding=\"async\" border=\"0\" src=\"https:\/\/assets.innpro.pl\/8075\/9420\/1.jpg\"\/>\n<\/p>\n<h3>Durable design<\/h3>\n<p>The PULUZ case is made of durable EVA material, which is highly resistant to pressure and shock. This will effectively protect your DJI Osmo Pocket 3 camera from mechanical damage. The material used is also resistant to wear and tear, so the accessory will serve you for a long time.<\/p>\n<p>\n<img decoding=\"async\" border=\"0\" src=\"https:\/\/assets.innpro.pl\/8075\/9420\/2.jpg\"\/>\n<\/p>\n<h3>Compact and lightweight<\/h3>\n<p>The case measures just 21.5 x 9.5 x 6.5 cm, so you can conveniently store it in your backpack, purse or even pocket. You can also clip the product to your belt or bag with a carabiner. This way you will always have your camera with you without having to worry about its safety.<\/p>\n<p>\n<img decoding=\"async\" border=\"0\" src=\"https:\/\/assets.innpro.pl\/8075\/9420\/3.jpg\"\/>\n<\/p>\n<h3>Practical zipper<\/h3>\n<p>The robust zipper of the PULUZ case provides easy and quick access to the contents. This allows you to pull out your DJI Osmo Pocket 3 camera at any time.<\/p>\n<p>\n<img decoding=\"async\" border=\"0\" src=\"https:\/\/assets.innpro.pl\/8075\/9420\/5.jpg\"\/>\n<\/p>\n<h3>Optimal protection for your camera<\/h3>\n<p>Thanks to its shock-absorbing and wear-resistant properties, the PULUZ case effectively protects your DJI Osmo Pocket 3 camera from mechanical damage. Specially designed internal compartments allow you to store various accessories, such as the camera housing, 1\/4-inch threaded mount, cable, battery, hand strap and memory card.<\/p>\n<p>\n<img decoding=\"async\" border=\"0\" src=\"https:\/\/assets.innpro.pl\/8075\/9420\/7.jpg\"\/>\n<\/p>\n<div class=\"table-wrapper\">\n<p>\u00a0<\/p>\n<h3><\/h3>\n<table>\n<tbody>\n<tr>\n<th>Ra\u017eot\u0101js<\/th>\n<td>PULUZ<\/td>\n<\/tr>\n<tr>\n<th>Modelis<\/th>\n<td>PU945B<\/td>\n<\/tr>\n<tr>\n<th>Sader\u012bba<\/th>\n<td>DJI Osmo kabata 3<\/td>\n<\/tr>\n<tr>\n<th>Izm\u0113ri<\/th>\n<td>21.5 x 9.5 x 6.5 cm<\/td>\n<\/tr>\n<tr>\n<th>Kr\u0101sa<\/th>\n<td>melns<\/td>\n<\/tr>\n<\/tbody>\n<\/table>\n<\/div>","protected":false},"excerpt":{"rendered":"<p>PULUZ Case for DJI Osmo Pocket 3 PULUZ (black). Conveniently store and transport your DJI Osmo Pocket 3 camera along with essential accessories. The PULUZ case is made of high-quality, durable EVA material that offers not only shock and pressure protection, but also a stylish look. Thanks to its compact size and lightweight design, the [&#8230;]\n","protected":false},"featured_media":97668,"comment_status":"open","ping_status":"closed","template":"","meta":[],"location":[19557,19558],"product_brand":[],"product_cat":[12618],"product_tag":[],"class_list":{"0":"post-80621","1":"product","2":"type-product","3":"status-publish","4":"has-post-thumbnail","6":"location-innpro_stock_location","7":"location-local_stock_location","8":"product_cat-cases-and-covers","10":"first","11":"outofstock","12":"taxable","13":"shipping-taxable","14":"purchasable","15":"product-type-simple"},"aioseo_notices":[],"locations":[{"id":19557,"name":"Pieg\u0101d\u0101ja noliktav\u0101 (5-7dd.d)","slug":"innpro_stock_location","quantity":"0"},{"id":19558,"name":"R\u012bgas veikals (0-2dd.d)","slug":"local_stock_location","quantity":"0"}],"_links":{"self":[{"href":"https:\/\/elektrons.lv\/lv\/wp-json\/wp\/v2\/product\/80621","targetHints":{"allow":["GET"]}}],"collection":[{"href":"https:\/\/elektrons.lv\/lv\/wp-json\/wp\/v2\/product"}],"about":[{"href":"https:\/\/elektrons.lv\/lv\/wp-json\/wp\/v2\/types\/product"}],"replies":[{"embeddable":true,"href":"https:\/\/elektrons.lv\/lv\/wp-json\/wp\/v2\/comments?post=80621"}],"wp:featuredmedia":[{"embeddable":true,"href":"https:\/\/elektrons.lv\/lv\/wp-json\/wp\/v2\/media\/97668"}],"wp:attachment":[{"href":"https:\/\/elektrons.lv\/lv\/wp-json\/wp\/v2\/media?parent=80621"}],"wp:term":[{"taxonomy":"location","embeddable":true,"href":"https:\/\/elektrons.lv\/lv\/wp-json\/wp\/v2\/location?post=80621"},{"taxonomy":"product_brand","embeddable":true,"href":"https:\/\/elektrons.lv\/lv\/wp-json\/wp\/v2\/product_brand?post=80621"},{"taxonomy":"product_cat","embeddable":true,"href":"https:\/\/elektrons.lv\/lv\/wp-json\/wp\/v2\/product_cat?post=80621"},{"taxonomy":"product_tag","embeddable":true,"href":"https:\/\/elektrons.lv\/lv\/wp-json\/wp\/v2\/product_tag?post=80621"}],"curies":[{"name":"wp","href":"https:\/\/api.w.org\/{rel}","templated":true}]}}