{"id":80654,"date":"2026-05-14T09:39:43","date_gmt":"2026-05-14T09:39:43","guid":{"rendered":"https:\/\/elektrons.lv\/Prece\/360-outdoor-wi-fi-camera-imou-cruiser-se-3mp\/"},"modified":"2026-05-15T07:49:30","modified_gmt":"2026-05-15T07:49:30","slug":"360-outdoor-wi-fi-camera-imou-cruiser-se-3mp","status":"publish","type":"product","link":"https:\/\/elektrons.lv\/lv\/Prece\/360-outdoor-wi-fi-camera-imou-cruiser-se-3mp\/","title":{"rendered":"360\u00b0 \u0101ra Wi-Fi kamera IMOU Cruiser SE+ 3MP"},"content":{"rendered":"<h3>IMOU Cruiser SE+ 3MP rotating WiFi outdoor camera<\/h3>\n<p>IMOU Cruiser SE+ 3MP is an advanced surveillance camera that provides full protection for your home all year round. With intelligent tracking, two-way communication and a rotating design, it is ideal for demanding users.<\/p>\n<p>\n<img decoding=\"async\" border=\"0\" src=\"https:\/\/assets.innpro.pl\/8228\/9628\/1.jpg\"\/>\n<\/p>\n<h3>Excellent image quality<\/h3>\n<p>Capture every detail. With 3MP resolution, the camera provides clear, detail-saturated images regardless of conditions. In addition, the device rotates both horizontally and vertically, giving you the confidence that every nook and cranny is properly protected. Additional features of the Cruiser SE+ include up to 8x digital zoom and the ability to record video in color even at night.<\/p>\n<p>\n<img decoding=\"async\" border=\"0\" src=\"https:\/\/assets.innpro.pl\/8228\/9628\/9.jpg\"\/>\n<\/p>\n<h3>Auto detection and tracking<\/h3>\n<p>The camera also offers automatic detection and tracking, so it can easily record a possible intruder. The device also has a built-in siren (110 dB), which will help effectively scare off uninvited guests.<\/p>\n<p>\n<img decoding=\"async\" border=\"0\" src=\"https:\/\/assets.innpro.pl\/8228\/9628\/8.jpg\"\/>\n<\/p>\n<h3>Weather resistance<\/h3>\n<p>Thanks to its IP66 rating, the camera can serve you well even throughout the year. The device is resistant to harsh weather conditions &#8211; it is not intimidated by rain, frost, heat or strong sun. Do not be afraid of its rapid damage!<\/p>\n<p>\n<img decoding=\"async\" border=\"0\" src=\"https:\/\/assets.innpro.pl\/8228\/9628\/4.jpg\"\/>\n<\/p>\n<h3>Free communication<\/h3>\n<p>The camera is equipped with a speaker and microphone, so it allows you to communicate freely with the people in the house. With its help, you can, for example, call a child playing in the garden for dinner, greet unannounced guests or ask a courier to put a package at the door.<\/p>\n<p>\n<img decoding=\"async\" border=\"0\" src=\"https:\/\/assets.innpro.pl\/8228\/9628\/7.jpg\"\/>\n<\/p>\n<h3>Easy installation and configuration<\/h3>\n<p>The Cruiser SE+ supports a Wi-Fi connection, so it provides a strong signal and reliable transmission. It&#8217;s also very easy to install &#8211; forget about tangled cables and complicated setup! The camera also allows you to conveniently store recordings on a microSD card (up to 256GB) or via an Onvif-compatible NVR. New users also get free 30-day access to the cloud.<\/p>\n<p>\n<img decoding=\"async\" border=\"0\" src=\"https:\/\/assets.innpro.pl\/8228\/9628\/6.jpg\"\/>\n<\/p>\n<h3>Take advantage of the Imou Life app<\/h3>\n<p>With the Imou Life app, you can not only receive notifications and adjust camera settings, but also, for example, check the live preview and view and save recordings. Now full control is in your hands!<\/p>\n<p>\n<img decoding=\"async\" border=\"0\" src=\"https:\/\/assets.innpro.pl\/8228\/9628\/2.jpg\"\/>\n<\/p>\n<h3>Iek\u013cauts:<\/h3>\n<ul class=\"list-disc pl-5\">\n<li>Camera<\/li>\n<li>\u0100tr\u0101s palai\u0161anas rokasgr\u0101mata<\/li>\n<li>Baro\u0161anas avots<\/li>\n<li>Mounting template<\/li>\n<li>Mont\u0101\u017eas kron\u0161teins<\/li>\n<li>Waterproof connector<\/li>\n<li>Set of screws<\/li>\n<\/ul>\n<div class=\"table-wrapper\">\n<p>\u00a0<\/p>\n<h3><\/h3>\n<table>\n<tbody>\n<tr>\n<th>Ra\u017eot\u0101js<\/th>\n<td>IMOU<\/td>\n<\/tr>\n<tr>\n<th>Modelis<\/th>\n<td>IPC-K7CP-3H1WE<\/td>\n<\/tr>\n<tr>\n<th>Matrix<\/th>\n<td>1\/2.9&#8243; CMOS Progressive<\/td>\n<\/tr>\n<tr>\n<th>Resolution<\/th>\n<td>3MP<\/td>\n<\/tr>\n<tr>\n<th>Night vision<\/th>\n<td>Up to 30m<\/td>\n<\/tr>\n<tr>\n<th>Fixed lens<\/th>\n<td>3.6mm \/ 6mm<\/td>\n<\/tr>\n<tr>\n<th>Field of view<\/th>\n<td>6 mm: 51\u00b0 horizontally, 29\u00b0 vertically, 59\u00b0 diagonally; 3.6 mm: 86\u00b0 horizontally, 45\u00b0 vertically, 105\u00b0 diagonally;<\/td>\n<\/tr>\n<tr>\n<th>Rotation<\/th>\n<td>0-355\u00b0 Pan, 0-90\u00b0 Tilt<\/td>\n<\/tr>\n<tr>\n<th>Video codecs<\/th>\n<td>H.264<\/td>\n<\/tr>\n<tr>\n<th>Frame rate<\/th>\n<td>Up to 20FPS<\/td>\n<\/tr>\n<tr>\n<th>Digital zoom<\/th>\n<td>Up to 8x<\/td>\n<\/tr>\n<tr>\n<th>Mikrofons<\/th>\n<td>J\u0101<\/td>\n<\/tr>\n<tr>\n<th>Run\u0101t\u0101js<\/th>\n<td>Tak<\/td>\n<\/tr>\n<tr>\n<th>Siren<\/th>\n<td>110 dB<\/td>\n<\/tr>\n<tr>\n<th>Notifications<\/th>\n<td>Motion detection, configurable detection area, people detection<\/td>\n<\/tr>\n<tr>\n<th>Wi-Fi<\/th>\n<td>IEEE 802.11 b\/g\/n, dual antenna<\/td>\n<\/tr>\n<tr>\n<th>Ethernet port<\/th>\n<td>1x 100 Mbps<\/td>\n<\/tr>\n<tr>\n<th>Supported memory cards<\/th>\n<td>MicroSD cards up to 256 GB<\/td>\n<\/tr>\n<tr>\n<th>Baro\u0161anas avots<\/th>\n<td>DC 12 V 1 A<\/td>\n<\/tr>\n<tr>\n<th>Ener\u0123ijas pat\u0113ri\u0146\u0161<\/th>\n<td>< 6,2 W<\/td>\n<\/tr>\n<tr>\n<th>Darba temperat\u016bra<\/th>\n<td>From -20\u00b0C to 50\u00b0C<\/td>\n<\/tr>\n<tr>\n<th>Working environment humidity<\/th>\n<td>< 95% RH<\/td>\n<\/tr>\n<tr>\n<th>Aizsardz\u012bbas klase<\/th>\n<td>IP66<\/td>\n<\/tr>\n<tr>\n<th>Materi\u0101ls<\/th>\n<td>Plastmasa<\/td>\n<\/tr>\n<tr>\n<th>Izm\u0113ri<\/th>\n<td>120.7 x 136.2 x 183.3 mm<\/td>\n<\/tr>\n<tr>\n<th>Svars<\/th>\n<td>395 g<\/td>\n<\/tr>\n<tr>\n<th>Pieteikums<\/th>\n<td>Imou Life<\/td>\n<\/tr>\n<tr>\n<th>Sader\u012bgas sist\u0113mas<\/th>\n<td>iOS, Android<\/td>\n<\/tr>\n<\/tbody>\n<\/table>\n<\/div>","protected":false},"excerpt":{"rendered":"<p>IMOU Cruiser SE+ 3MP rotating WiFi outdoor camera IMOU Cruiser SE+ 3MP is an advanced surveillance camera that provides full protection for your home all year round. With intelligent tracking, two-way communication and a rotating design, it is ideal for demanding users. Excellent image quality Capture every detail. With 3MP resolution, the camera provides clear, [&#8230;]\n","protected":false},"featured_media":97608,"comment_status":"open","ping_status":"closed","template":"","meta":[],"location":[19557,19558],"product_brand":[],"product_cat":[13298],"product_tag":[],"class_list":{"0":"post-80654","1":"product","2":"type-product","3":"status-publish","4":"has-post-thumbnail","6":"location-innpro_stock_location","7":"location-local_stock_location","8":"product_cat-ip-cameras","10":"first","11":"instock","12":"sale","13":"taxable","14":"shipping-taxable","15":"purchasable","16":"product-type-simple"},"aioseo_notices":[],"locations":[{"id":19557,"name":"Pieg\u0101d\u0101ja noliktav\u0101 (5-7dd.d)","slug":"innpro_stock_location","quantity":"864"},{"id":19558,"name":"R\u012bgas veikals (0-2dd.d)","slug":"local_stock_location","quantity":"0"}],"_links":{"self":[{"href":"https:\/\/elektrons.lv\/lv\/wp-json\/wp\/v2\/product\/80654","targetHints":{"allow":["GET"]}}],"collection":[{"href":"https:\/\/elektrons.lv\/lv\/wp-json\/wp\/v2\/product"}],"about":[{"href":"https:\/\/elektrons.lv\/lv\/wp-json\/wp\/v2\/types\/product"}],"replies":[{"embeddable":true,"href":"https:\/\/elektrons.lv\/lv\/wp-json\/wp\/v2\/comments?post=80654"}],"wp:featuredmedia":[{"embeddable":true,"href":"https:\/\/elektrons.lv\/lv\/wp-json\/wp\/v2\/media\/97608"}],"wp:attachment":[{"href":"https:\/\/elektrons.lv\/lv\/wp-json\/wp\/v2\/media?parent=80654"}],"wp:term":[{"taxonomy":"location","embeddable":true,"href":"https:\/\/elektrons.lv\/lv\/wp-json\/wp\/v2\/location?post=80654"},{"taxonomy":"product_brand","embeddable":true,"href":"https:\/\/elektrons.lv\/lv\/wp-json\/wp\/v2\/product_brand?post=80654"},{"taxonomy":"product_cat","embeddable":true,"href":"https:\/\/elektrons.lv\/lv\/wp-json\/wp\/v2\/product_cat?post=80654"},{"taxonomy":"product_tag","embeddable":true,"href":"https:\/\/elektrons.lv\/lv\/wp-json\/wp\/v2\/product_tag?post=80654"}],"curies":[{"name":"wp","href":"https:\/\/api.w.org\/{rel}","templated":true}]}}