{"id":80671,"date":"2026-05-14T09:39:45","date_gmt":"2026-05-14T09:39:45","guid":{"rendered":"https:\/\/elektrons.lv\/Prece\/shelly-wall-display-wifi-blu-white-blu-ht-ivory-set\/"},"modified":"2026-05-14T11:34:01","modified_gmt":"2026-05-14T11:34:01","slug":"shelly-wall-display-wifi-blu-white-blu-ht-ivory-set","status":"publish","type":"product","link":"https:\/\/elektrons.lv\/lv\/Prece\/shelly-wall-display-wifi-blu-white-blu-ht-ivory-set\/","title":{"rendered":"Shelly Wall Display WiFi\/BLU (White) + BLU H&#038;T (Ivory) Set"},"content":{"rendered":"<h3>Shelly Wall Display control panel set (white) + BLU H&#038;T Ivory<\/h3>\n<p>The Shelly smart kit, consisting of the Shelly Wall Display control panel and the Shelly BLU H&#038;T humidity and temperature sensor, offers full control over conditions in the home. Adjusting the temperature, controlling indoor humidity, controlling lighting or monitoring energy consumption all become easier than ever before.<\/p>\n<p>\n<img decoding=\"async\" border=\"0\" src=\"https:\/\/assets.innpro.pl\/8391\/9802\/7.jpg\"\/>\n<\/p>\n<h3>Monitor temperature and humidity<\/h3>\n<p>With Shelly Wall Display, you can achieve full control over the temperature and humidity in your home &#8211; all thanks to advanced sensors. Regardless of the season, you can adjust the indoor climate to your own preferences. In winter you will ensure a warm and cozy interior, while in summer you will avoid uncomfortable heat by maintaining an optimal temperature. What&#8217;s more, by monitoring the humidity, you can prevent mold growth.<\/p>\n<p>\n<img decoding=\"async\" border=\"0\" src=\"https:\/\/assets.innpro.pl\/8391\/9802\/5.jpg\"\/>\n<\/p>\n<h3>Convenient lighting control<\/h3>\n<p>Controlling the lighting has never been so easy. The smart control panel allows you to turn the lights off and on in different rooms. Whether you&#8217;re in the bedroom, living room or kitchen, you can control each light source from one place. Now it&#8217;s all at your fingertips!<\/p>\n<p>\n<img decoding=\"async\" border=\"0\" src=\"https:\/\/assets.innpro.pl\/8391\/9802\/3.jpg\"\/>\n<\/p>\n<h3>Reduce your electricity bills<\/h3>\n<p>Tracking your energy consumption is a key step in reducing your electricity costs and taking care of the environment. With Shelly Smart Control, you can track how much energy is being used by all the appliances in a room in real time. So you can easily identify potential sources of excessive energy consumption and take informed action to reduce it.<\/p>\n<p>\n<img decoding=\"async\" border=\"0\" src=\"https:\/\/assets.innpro.pl\/8391\/9802\/6.jpg\"\/>\n<\/p>\n<h3>Easy navigation<\/h3>\n<p>The control panel features a 4-inch color display that provides a central control point for your smart home. Thanks to the customizable main screen, you have full freedom to tailor the panel to your individual needs. You decide what data and functions are most important to you.<\/p>\n<p>\n<img decoding=\"async\" border=\"0\" src=\"https:\/\/assets.innpro.pl\/8391\/9802\/1.jpg\"\/>\n<\/p>\n<h3>Compact sensor for environmental conditions<\/h3>\n<p>Completing the system is the Shelly BLU H&#038;T, a smart humidity and temperature sensor that provides precise monitoring of indoor temperature and humidity. The sensor can send alerts and notifications when environmental conditions exceed set limits, helping to prevent problems such as frozen pipes and mold growth. You can also use it to optimize the operation of other devices in the home, such as humidifiers and fans. What&#8217;s more, the Shelly BLU H&#038;T can automatically start ventilation systems or dehumidifiers as soon as the humidity level exceeds a critical threshold, providing effective protection against unwanted mold and mildew.<\/p>\n<p>\n<img decoding=\"async\" border=\"0\" src=\"https:\/\/assets.innpro.pl\/8391\/9802\/4.jpg\"\/>\n<\/p>\n<h3>Iek\u013cauts:<\/h3>\n<ul class=\"list-disc pl-5\">\n<li>Shelly BLU H&#038;T humidity and temperature sensor<\/li>\n<li>Shelly Wall Display control panel<\/li>\n<\/ul>\n<div class=\"table-wrapper\">\n<p>\u00a0<\/p>\n<h3>Panel sterowania Shelly Wall Display<\/h3>\n<table>\n<tbody>\n<tr>\n<th>Ra\u017eot\u0101js<\/th>\n<td>\u0160ellija<\/td>\n<\/tr>\n<tr>\n<th>V\u0101rds<\/th>\n<td>Shelly Wall Display<\/td>\n<\/tr>\n<tr>\n<th>Modelis<\/th>\n<td>SAWD1<\/td>\n<\/tr>\n<tr>\n<th>Kr\u0101sa<\/th>\n<td>Balts<\/td>\n<\/tr>\n<tr>\n<th>Baro\u0161anas avots<\/th>\n<td>230 V, 50\/60Hz<\/td>\n<\/tr>\n<tr>\n<th>Maximum voltage<\/th>\n<td>230 V<\/td>\n<\/tr>\n<tr>\n<th>Maksim\u0101l\u0101 str\u0101va<\/th>\n<td>5 A<\/td>\n<\/tr>\n<tr>\n<th>Ener\u0123ijas pat\u0113ri\u0146\u0161<\/th>\n<td>&lt; 1 W<\/td>\n<\/tr>\n<tr>\n<th>Apk\u0101rt\u0113j\u0101s vides temperat\u016bras sensors<\/th>\n<td>J\u0101<\/td>\n<\/tr>\n<tr>\n<th>Mitruma sensors<\/th>\n<td>Tak<\/td>\n<\/tr>\n<tr>\n<th>Gaismas sensors<\/th>\n<td>Tak<\/td>\n<\/tr>\n<tr>\n<th>Wireless communication protocol<\/th>\n<td>802,11 b\/g\/n<\/td>\n<\/tr>\n<tr>\n<th>WiFi range<\/th>\n<td>Up to 30 m indoors and 50 m outdoors<\/td>\n<\/tr>\n<tr>\n<th>Bluetooth version<\/th>\n<td>4.2<\/td>\n<\/tr>\n<tr>\n<th>Bluetooth range<\/th>\n<td>Up to 10 m indoors and 30 m outdoors<\/td>\n<\/tr>\n<tr>\n<th>CPU<\/th>\n<td>MTK6580<\/td>\n<\/tr>\n<tr>\n<th>RAM<\/th>\n<td>1 GB<\/td>\n<\/tr>\n<tr>\n<th>Zibatmi\u0146a<\/th>\n<td>8 GB<\/td>\n<\/tr>\n<tr>\n<th>Izm\u0113ri<\/th>\n<td>85 x 85 x 30 mm<\/td>\n<\/tr>\n<tr>\n<th>Svars<\/th>\n<td>180 g<\/td>\n<\/tr>\n<tr>\n<th>Mont\u0101\u017ea<\/th>\n<td>Sienas kaste<\/td>\n<\/tr>\n<tr>\n<th>M\u0101jok\u013ca materi\u0101ls<\/th>\n<td>Plastmasa, alum\u012bnijs, stikls<\/td>\n<\/tr>\n<tr>\n<th>Ambient working temperature<\/th>\n<td>No -20\u00b0C l\u012bdz 40\u00b0C<\/td>\n<\/tr>\n<tr>\n<th>Mitrums<\/th>\n<td>30% l\u012bdz 70% RH<\/td>\n<\/tr>\n<tr>\n<th>Maximum altitude<\/th>\n<td>2000 m<\/td>\n<\/tr>\n<\/tbody>\n<\/table>\n<p>\u00a0<\/p>\n<h3>Czujnik wilgotno\u015bci i temperatury Shelly BLU H&amp;T<\/h3>\n<table>\n<tbody>\n<tr>\n<th>Ra\u017eojo\u0161s<\/th>\n<td>\u0160ellija<\/td>\n<\/tr>\n<tr>\n<th>Modelis <\/th>\n<td>BluH&#038;Tivory<\/td>\n<\/tr>\n<tr>\n<th>Kolor <\/th>\n<td>Flesh-colored<\/td>\n<\/tr>\n<tr>\n<th>Zasilanie <\/th>\n<td>1x CR2032 3 V battery (included)<\/td>\n<\/tr>\n<tr>\n<th>Darb\u012bbas laiks<\/th>\n<td>Up to 3 years<\/td>\n<\/tr>\n<tr>\n<th>Mitruma sensors<\/th>\n<td>Tak<\/td>\n<\/tr>\n<tr>\n<th>Temperature sensor<\/th>\n<td>Tak<\/td>\n<\/tr>\n<tr>\n<th>Wersja Bluetooth <\/th>\n<td>4.2<\/td>\n<\/tr>\n<tr>\n<th>RF band<\/th>\n<td>2400-2483.5 MHz<\/td>\n<\/tr>\n<tr>\n<th>Max RF power<\/th>\n<td>&lt; 4 dBm<\/td>\n<\/tr>\n<tr>\n<th>Diapazons<\/th>\n<td>Up to 30 m outdoors \/ up to 10 m indoors<\/td>\n<\/tr>\n<tr>\n<th>Encryption<\/th>\n<td>AES (CCM mode)<\/td>\n<\/tr>\n<tr>\n<th>Darba temperat\u016bra<\/th>\n<td>From -20\u00b0C to 60\u00b0C<\/td>\n<\/tr>\n<tr>\n<th>Darb\u012bbas mitrums<\/th>\n<td>From 0% to 100% RH<\/td>\n<\/tr>\n<tr>\n<th>Materi\u0101ls<\/th>\n<td>Plastmasa<\/td>\n<\/tr>\n<tr>\n<th>Wymiary <\/th>\n<td>37 x 37 x 10 mm<\/td>\n<\/tr>\n<tr>\n<th>Waga <\/th>\n<td>13 g<\/td>\n<\/tr>\n<tr>\n<th>Mounting location<\/th>\n<td>Flat surface<\/td>\n<\/tr>\n<\/tbody>\n<\/table>\n<\/div>","protected":false},"excerpt":{"rendered":"<p>Shelly Wall Display control panel set (white) + BLU H&#038;T Ivory The Shelly smart kit, consisting of the Shelly Wall Display control panel and the Shelly BLU H&#038;T humidity and temperature sensor, offers full control over conditions in the home. Adjusting the temperature, controlling indoor humidity, controlling lighting or monitoring energy consumption all become easier [&#8230;]\n","protected":false},"featured_media":97566,"comment_status":"open","ping_status":"closed","template":"","meta":[],"location":[19557,19558],"product_brand":[],"product_cat":[12992],"product_tag":[],"class_list":{"0":"post-80671","1":"product","2":"type-product","3":"status-publish","4":"has-post-thumbnail","6":"location-innpro_stock_location","7":"location-local_stock_location","8":"product_cat-control-panels","10":"first","11":"outofstock","12":"taxable","13":"shipping-taxable","14":"purchasable","15":"product-type-simple"},"aioseo_notices":[],"locations":[{"id":19557,"name":"Pieg\u0101d\u0101ja noliktav\u0101 (5-7dd.d)","slug":"innpro_stock_location","quantity":"0"},{"id":19558,"name":"R\u012bgas veikals (0-2dd.d)","slug":"local_stock_location","quantity":"0"}],"_links":{"self":[{"href":"https:\/\/elektrons.lv\/lv\/wp-json\/wp\/v2\/product\/80671","targetHints":{"allow":["GET"]}}],"collection":[{"href":"https:\/\/elektrons.lv\/lv\/wp-json\/wp\/v2\/product"}],"about":[{"href":"https:\/\/elektrons.lv\/lv\/wp-json\/wp\/v2\/types\/product"}],"replies":[{"embeddable":true,"href":"https:\/\/elektrons.lv\/lv\/wp-json\/wp\/v2\/comments?post=80671"}],"wp:featuredmedia":[{"embeddable":true,"href":"https:\/\/elektrons.lv\/lv\/wp-json\/wp\/v2\/media\/97566"}],"wp:attachment":[{"href":"https:\/\/elektrons.lv\/lv\/wp-json\/wp\/v2\/media?parent=80671"}],"wp:term":[{"taxonomy":"location","embeddable":true,"href":"https:\/\/elektrons.lv\/lv\/wp-json\/wp\/v2\/location?post=80671"},{"taxonomy":"product_brand","embeddable":true,"href":"https:\/\/elektrons.lv\/lv\/wp-json\/wp\/v2\/product_brand?post=80671"},{"taxonomy":"product_cat","embeddable":true,"href":"https:\/\/elektrons.lv\/lv\/wp-json\/wp\/v2\/product_cat?post=80671"},{"taxonomy":"product_tag","embeddable":true,"href":"https:\/\/elektrons.lv\/lv\/wp-json\/wp\/v2\/product_tag?post=80671"}],"curies":[{"name":"wp","href":"https:\/\/api.w.org\/{rel}","templated":true}]}}