{"id":80884,"date":"2026-05-14T09:40:13","date_gmt":"2026-05-14T09:40:13","guid":{"rendered":"https:\/\/elektrons.lv\/Prece\/adapter-do-sup-waydoo\/"},"modified":"2026-05-15T07:49:42","modified_gmt":"2026-05-15T07:49:42","slug":"adapter-do-sup-waydoo","status":"publish","type":"product","link":"https:\/\/elektrons.lv\/lv\/Prece\/adapter-do-sup-waydoo\/","title":{"rendered":"Adapteris dar\u012bt SUP Waydoo"},"content":{"rendered":"<h3>Waydoo SUP Adapter<\/h3>\n<p>This practical Waydoo adapter allows you to quickly and safely attach your Subnado scooter to your SUP board, opening up new possibilities for water travel. Enjoy a fantastic adventure on the water and experience unforgettable thrills regardless of whether the wind is blowing! The accessory is also very easy to install and sturdy &#8211; it will serve you well for a long time.<\/p>\n<p>\n<img decoding=\"async\" border=\"0\" src=\"https:\/\/assets.innpro.pl\/8886\/10401\/3.jpg\"\/>\n<\/p>\n<div class=\"table-wrapper\">\n<p>\u00a0<\/p>\n<h3><\/h3>\n<table>\n<tbody>\n<tr>\n<th>Ra\u017eot\u0101js<\/th>\n<td>Waydoo<\/td>\n<\/tr>\n<tr>\n<th>Modelis<\/th>\n<td>4010000037<\/td>\n<\/tr>\n<tr>\n<th>Sader\u012bba<\/th>\n<td>Subnado submersible scooter<\/td>\n<\/tr>\n<\/tbody>\n<\/table>\n<\/div>","protected":false},"excerpt":{"rendered":"<p>Waydoo SUP Adapter This practical Waydoo adapter allows you to quickly and safely attach your Subnado scooter to your SUP board, opening up new possibilities for water travel. Enjoy a fantastic adventure on the water and experience unforgettable thrills regardless of whether the wind is blowing! The accessory is also very easy to install and [&#8230;]\n","protected":false},"featured_media":96923,"comment_status":"open","ping_status":"closed","template":"","meta":[],"location":[19557,19558],"product_brand":[],"product_cat":[14238],"product_tag":[],"class_list":{"0":"post-80884","1":"product","2":"type-product","3":"status-publish","4":"has-post-thumbnail","6":"location-innpro_stock_location","7":"location-local_stock_location","8":"product_cat-underwater-scooters","10":"first","11":"instock","12":"sale","13":"taxable","14":"shipping-taxable","15":"purchasable","16":"product-type-simple"},"aioseo_notices":[],"locations":[{"id":19557,"name":"Pieg\u0101d\u0101ja noliktav\u0101 (5-7dd.d)","slug":"innpro_stock_location","quantity":"125"},{"id":19558,"name":"R\u012bgas veikals (0-2dd.d)","slug":"local_stock_location","quantity":"0"}],"_links":{"self":[{"href":"https:\/\/elektrons.lv\/lv\/wp-json\/wp\/v2\/product\/80884","targetHints":{"allow":["GET"]}}],"collection":[{"href":"https:\/\/elektrons.lv\/lv\/wp-json\/wp\/v2\/product"}],"about":[{"href":"https:\/\/elektrons.lv\/lv\/wp-json\/wp\/v2\/types\/product"}],"replies":[{"embeddable":true,"href":"https:\/\/elektrons.lv\/lv\/wp-json\/wp\/v2\/comments?post=80884"}],"wp:featuredmedia":[{"embeddable":true,"href":"https:\/\/elektrons.lv\/lv\/wp-json\/wp\/v2\/media\/96923"}],"wp:attachment":[{"href":"https:\/\/elektrons.lv\/lv\/wp-json\/wp\/v2\/media?parent=80884"}],"wp:term":[{"taxonomy":"location","embeddable":true,"href":"https:\/\/elektrons.lv\/lv\/wp-json\/wp\/v2\/location?post=80884"},{"taxonomy":"product_brand","embeddable":true,"href":"https:\/\/elektrons.lv\/lv\/wp-json\/wp\/v2\/product_brand?post=80884"},{"taxonomy":"product_cat","embeddable":true,"href":"https:\/\/elektrons.lv\/lv\/wp-json\/wp\/v2\/product_cat?post=80884"},{"taxonomy":"product_tag","embeddable":true,"href":"https:\/\/elektrons.lv\/lv\/wp-json\/wp\/v2\/product_tag?post=80884"}],"curies":[{"name":"wp","href":"https:\/\/api.w.org\/{rel}","templated":true}]}}