{"id":81024,"date":"2026-05-14T09:40:31","date_gmt":"2026-05-14T09:40:31","guid":{"rendered":"https:\/\/elektrons.lv\/Prece\/colmi-r06-smartring-20-3mm-11-black\/"},"modified":"2026-05-15T07:49:47","modified_gmt":"2026-05-15T07:49:47","slug":"colmi-r06-smartring-20-3mm-11-black","status":"publish","type":"product","link":"https:\/\/elektrons.lv\/lv\/Prece\/colmi-r06-smartring-20-3mm-11-black\/","title":{"rendered":"Colmi R06 Smartring 20.3MM 11 (Black)"},"content":{"rendered":"<h3>Colmi R06 Smartring 20.3MM 11 (Black)<\/h3>\n<p>Colmi R06 SmartRing ir m\u016bsdien\u012bgs risin\u0101jums cilv\u0113kiem, kuriem funkcionalit\u0101te ir v\u0113rt\u0113jama kompakt\u0101 form\u0101 Pateicoties Bluetooth 5.0 tehnolo\u0123ijai, gredzens savienojas ar viedt\u0101lruni, nodro\u0161inot stabilu savienojumu l\u012bdz 10 m. Neatkar\u012bgi no t\u0101, vai esat kust\u012bb\u0101 vai atp\u016b\u0161aties, Colmi R06 pied\u0101v\u0101 pla\u0161u funkciju kl\u0101stu, kas pal\u012bdz\u0113s izsekot j\u016bsu aktivit\u0101t\u0113m un vesel\u012bbai.<\/p>\n<p>\n<img decoding=\"async\" alt=\"\" border=\"0\" src=\"https:\/\/assets.innpro.pl\/9433\/11003\/3.jpg\"\/>\n<\/p>\n<h3>Elegant design and durability<\/h3>\n<p>The Colmi R06 is made of lightweight aluminum alloy and weighs only 2.7 g, making it virtually imperceptible when worn on your finger. Its elegant design blends perfectly with both everyday and sporty styles. In addition, the ring is 5ATM water-resistant, dust-resistant, and corrosion-resistant, so you can use it regardless of the weather.<\/p>\n<p>\n<img decoding=\"async\" alt=\"\" border=\"0\" src=\"https:\/\/assets.innpro.pl\/9433\/11003\/6.jpg\"\/>\n<\/p>\n<h3>Full control of your health<\/h3>\n<p>With the QRing app, you get access to advanced health monitoring features. The ring monitors your heart rate around the clock, giving you a better understanding of your body&#x27;s condition both during exercise and rest. The sleep monitoring function analyzes your sleep phases and duration, allowing you to identify bad habits and improve your sleep quality. In addition, the Colmi R06 measures blood oxygen saturation and stress levels, providing a complete picture of the user&#x27;s health.<\/p>\n<p>\n<img decoding=\"async\" alt=\"\" border=\"0\" src=\"https:\/\/assets.innpro.pl\/9433\/11003\/8.jpg\"\/>\n<\/p>\n<h3>Versatility and functionality<\/h3>\n<p>The Colmi R06 offers 21 sports modes, allowing it to adapt to different activities. In addition, it measures distance traveled, calories burned, and number of steps. The QRing app also provides access to daily, weekly, and monthly activity charts, allowing you to track your progress and better manage your health.<\/p>\n<p>\n<img decoding=\"async\" alt=\"\" border=\"0\" src=\"https:\/\/assets.innpro.pl\/9433\/11003\/5.jpg\"\/>\n<\/p>\n<h3>Up to 3-5 days of operation<\/h3>\n<p>The Colmi R06 SmartRing is equipped with an 18 mAh lithium-polymer battery that provides 3-5 days of operation on a single charge. The included magnetic cable allows you to conveniently recharge the device \u2013 after about 1 hour, it will be ready for further use. You can also check the battery level on an ongoing basis using the QRing app, which eliminates the risk of unexpected discharge.<\/p>\n<p>\n<img decoding=\"async\" alt=\"\" border=\"0\" src=\"https:\/\/assets.innpro.pl\/9433\/11003\/1.jpg\"\/>\n<\/p>\n<h3>Komplekt\u0101 iek\u013cauts<\/h3>\n<ul class=\"list-disc pl-5\">\n<li>smartring<\/li>\n<li>magnetic cable<\/li>\n<li>lietot\u0101ja rokasgr\u0101mata<\/li>\n<\/ul>\n<div class=\"table-wrapper\">\n<p>\u00a0<\/p>\n<h3><\/h3>\n<table>\n<tbody>\n<tr>\n<th>Ra\u017eot\u0101js<\/th>\n<td>Colmi<\/td>\n<\/tr>\n<tr>\n<th>Modelis<\/th>\n<td>R06<\/td>\n<\/tr>\n<tr>\n<th>Kr\u0101sa<\/th>\n<td>melns<\/td>\n<\/tr>\n<tr>\n<th>Izm\u0113rs<\/th>\n<td>11<\/td>\n<\/tr>\n<tr>\n<th>Chipset<\/th>\n<\/tr>\n<tr>\n<th>Main chipset<\/th>\n<td>BlueX Micro RF03<\/td>\n<\/tr>\n<tr>\n<th>Memory<\/th>\n<td>ROM 512 KB<\/td>\n<\/tr>\n<tr>\n<th>HR sensor<\/th>\n<td>Vcare VC30F<\/td>\n<\/tr>\n<tr>\n<th>Accelerometer (G-sensor)<\/th>\n<td>STK8321<\/td>\n<\/tr>\n<tr>\n<td>Savienojums<\/td>\n<\/tr>\n<tr>\n<th>Bluetooth<\/th>\n<td>5.0<\/td>\n<\/tr>\n<tr>\n<th>Bluetooth range<\/th>\n<td>10 m<\/td>\n<\/tr>\n<tr>\n<th>Akumulators<\/th>\n<\/tr>\n<tr>\n<th>Akumulatora tips<\/th>\n<td>lithium polymer<\/td>\n<\/tr>\n<tr>\n<th>Kapacit\u0101te<\/th>\n<td>18 mAh<\/td>\n<\/tr>\n<tr>\n<th>Charging method<\/th>\n<td>magnetic<\/td>\n<\/tr>\n<tr>\n<th>Uzl\u0101des ciklu skaits<\/th>\n<td>over 300<\/td>\n<\/tr>\n<tr>\n<th>Uzl\u0101des laiks<\/th>\n<td>Approximately 1 hour<\/td>\n<\/tr>\n<tr>\n<th>Darb\u012bbas laiks<\/th>\n<td>3-5 days<\/td>\n<\/tr>\n<tr>\n<th>Construction<\/th>\n<\/tr>\n<tr>\n<th>Internal diameter<\/th>\n<td>20.3 mm<\/td>\n<\/tr>\n<tr>\n<th>Materi\u0101ls<\/th>\n<td>Alum\u012bnija sakaus\u0113jums<\/td>\n<\/tr>\n<tr>\n<th>Svars<\/th>\n<td>2.7 g<\/td>\n<\/tr>\n<tr>\n<th>System<\/th>\n<\/tr>\n<tr>\n<th>Sader\u012bba<\/th>\n<td>Android 4.4 or later, iOS 8.0 or later, Harmony OS<\/td>\n<\/tr>\n<tr>\n<th>Pieteikums<\/th>\n<td>QRing<\/td>\n<\/tr>\n<tr>\n<th>Cits<\/th>\n<\/tr>\n<tr>\n<th>\u016adensiztur\u012bba<\/th>\n<td>5ATM<\/td>\n<\/tr>\n<tr>\n<th>Updates<\/th>\n<td>OTA<\/td>\n<\/tr>\n<tr>\n<th>Valodas<\/th>\n<\/tr>\n<tr>\n<th>Supported languages<\/th>\n<td>app: Danish, Ukrainian, Russian, Croatian, Hungarian, Hindi, Indonesian, Turkish, Hebrew, Greek, German, Italian, Latvian, Czech, Slovak, Slovenian, Japanese, French, Polish, Thai, Estonian, Swedish, Lithuanian, Simplified Chinese, Traditional Chinese, Romanian, English, Dutch, Portuguese, Spanish, Vietnamese, Arabic, Korean, Malay<\/td>\n<\/tr>\n<tr>\n<th>Features<\/th>\n<\/tr>\n<tr>\n<th>Available in the app<\/th>\n<td>step counter, calorie counter, distance measurement, heart rate measurement, sleep monitoring, 21 sports modes, exercise log, blood oxygen saturation measurement, stress level, remote photo capture<\/td>\n<\/tr>\n<\/tbody>\n<\/table>\n<\/div>","protected":false},"excerpt":{"rendered":"<p>Colmi R06 Smartring 20.3MM 11 (Black) The Colmi R06 SmartRing is a modern solution for people who value functionality in a compact form. Thanks to Bluetooth 5.0 technology, the ring connects to your smartphone, providing a stable connection up to 10 m. Whether you&#x27;re on the move or relaxing, the Colmi R06 offers a wide [&#8230;]\n","protected":false},"featured_media":96420,"comment_status":"open","ping_status":"closed","template":"","meta":[],"location":[19557,19558],"product_brand":[],"product_cat":[14333],"product_tag":[],"class_list":{"0":"post-81024","1":"product","2":"type-product","3":"status-publish","4":"has-post-thumbnail","6":"location-innpro_stock_location","7":"location-local_stock_location","8":"product_cat-smartrings","10":"first","11":"instock","12":"sale","13":"taxable","14":"shipping-taxable","15":"purchasable","16":"product-type-simple"},"aioseo_notices":[],"locations":[{"id":19557,"name":"Pieg\u0101d\u0101ja noliktav\u0101 (5-7dd.d)","slug":"innpro_stock_location","quantity":"3"},{"id":19558,"name":"R\u012bgas veikals (0-2dd.d)","slug":"local_stock_location","quantity":"0"}],"_links":{"self":[{"href":"https:\/\/elektrons.lv\/lv\/wp-json\/wp\/v2\/product\/81024","targetHints":{"allow":["GET"]}}],"collection":[{"href":"https:\/\/elektrons.lv\/lv\/wp-json\/wp\/v2\/product"}],"about":[{"href":"https:\/\/elektrons.lv\/lv\/wp-json\/wp\/v2\/types\/product"}],"replies":[{"embeddable":true,"href":"https:\/\/elektrons.lv\/lv\/wp-json\/wp\/v2\/comments?post=81024"}],"wp:featuredmedia":[{"embeddable":true,"href":"https:\/\/elektrons.lv\/lv\/wp-json\/wp\/v2\/media\/96420"}],"wp:attachment":[{"href":"https:\/\/elektrons.lv\/lv\/wp-json\/wp\/v2\/media?parent=81024"}],"wp:term":[{"taxonomy":"location","embeddable":true,"href":"https:\/\/elektrons.lv\/lv\/wp-json\/wp\/v2\/location?post=81024"},{"taxonomy":"product_brand","embeddable":true,"href":"https:\/\/elektrons.lv\/lv\/wp-json\/wp\/v2\/product_brand?post=81024"},{"taxonomy":"product_cat","embeddable":true,"href":"https:\/\/elektrons.lv\/lv\/wp-json\/wp\/v2\/product_cat?post=81024"},{"taxonomy":"product_tag","embeddable":true,"href":"https:\/\/elektrons.lv\/lv\/wp-json\/wp\/v2\/product_tag?post=81024"}],"curies":[{"name":"wp","href":"https:\/\/api.w.org\/{rel}","templated":true}]}}