{"id":81079,"date":"2026-05-14T09:40:37","date_gmt":"2026-05-14T09:40:37","guid":{"rendered":"https:\/\/elektrons.lv\/Prece\/smart-ceiling-lamp-32cm-wifi-bluetooth-16m-rgbcw-gosund-lb11-1920lm-tuya-remote-control\/"},"modified":"2026-05-14T11:23:37","modified_gmt":"2026-05-14T11:23:37","slug":"smart-ceiling-lamp-32cm-wifi-bluetooth-16m-rgbcw-gosund-lb11-1920lm-tuya-remote-control","status":"publish","type":"product","link":"https:\/\/elektrons.lv\/lv\/Prece\/smart-ceiling-lamp-32cm-wifi-bluetooth-16m-rgbcw-gosund-lb11-1920lm-tuya-remote-control\/","title":{"rendered":"Smart ceiling lamp 32cm WiFi\/Bluetooth 16M RGBCW Gosund LB11 1920lm Tuya + Remote Control."},"content":{"rendered":"<h3>Smart ceiling lamp 32cm WiFi\/Bluetooth 16M RGBCW Gosund LB11 1920lm Tuya + Remote Control.<\/h3>\n<p>The Gosund LB11 smart ceiling lamp is the perfect solution for those looking for modern lighting with a wide range of features. With a choice of 16 million colors, voice control, remote operation and a minimalist design, this lamp is the perfect addition to any interior, offering comfort and energy savings on a daily basis. Bluetooth connectivity to an app or the ability to control remotely via remote control make managing lighting easier than ever before.<\/p>\n<p>\n<img decoding=\"async\" border=\"0\" src=\"https:\/\/assets.innpro.pl\/9694\/11315\/4.jpg\"\/>\n<\/p>\n<h3>Intuitive control and voice control<\/h3>\n<p>The Gosund LB11 lamp offers the ability to control your lighting with the Smart Life app, available for Android and iOS devices. You can easily change colors, adjust brightness (24W, 1920 lm), turn the light on and off, adjust lighting temperature (from 2700K to 6500K) and set schedules using your smartphone.  The lamp also supports voice control, allowing convenient management with simple voice commands.<\/p>\n<p>\n<img decoding=\"async\" border=\"0\" src=\"https:\/\/assets.innpro.pl\/9694\/11315\/2.jpg\"\/>\n<\/p>\n<h3>Remote control and group management<\/h3>\n<p>With built-in Bluetooth and WiFi, you can connect several Gosund LB11 lamps and manage them as a group. This allows you to adjust the lighting in different rooms at the same time, creating a consistent mood throughout your home. In addition, the lamp comes with a remote control (no batteries included) that allows you to control it from up to 10 meters away for convenience and flexibility of use.<\/p>\n<p>\n<img decoding=\"async\" border=\"0\" src=\"https:\/\/assets.innpro.pl\/9694\/11315\/5.jpg\"\/>\n<\/p>\n<h3>Minimalist design and resistance to conditions<\/h3>\n<p>Elegant, minimalist design makes the lamp fit perfectly into modern interiors, while offering high functionality. The device is characterized by resistance to water, cold and fire, making it a safe choice for any home. Compact dimensions and simplicity of installation allow it to quickly fit into various rooms.<\/p>\n<p>\n<img decoding=\"async\" border=\"0\" src=\"https:\/\/assets.innpro.pl\/9694\/11315\/1.jpg\"\/>\n<\/p>\n<h3>Energy saving and user comfort<\/h3>\n<p>The Gosund LB11 lamp not only provides striking lighting, but also helps save energy. With the ability to set schedules, the lamp will automatically adjust its operation to your lifestyle, turning off when not needed.<\/p>\n<p>\n<img decoding=\"async\" border=\"0\" src=\"https:\/\/assets.innpro.pl\/9694\/11315\/6.jpg\"\/>\n<\/p>\n<h3>Iek\u013cauts<\/h3>\n<ul class=\"list-disc pl-5\">\n<li>Anchor 2x<\/li>\n<li>Anchor screw 2x<\/li>\n<li>Screws for junction box 2x<\/li>\n<li>Wire nut 3x<\/li>\n<li>T\u0101lvad\u012bbas pults<\/li>\n<li>Lietot\u0101ja rokasgr\u0101mata<\/li>\n<\/ul>\n<div class=\"table-wrapper\">\n<p>\u00a0<\/p>\n<h3><\/h3>\n<table>\n<tbody>\n<tr>\n<th>Ra\u017eot\u0101js<\/th>\n<td>Gosund<\/td>\n<\/tr>\n<tr>\n<th>Modelis<\/th>\n<td>LB11<\/td>\n<\/tr>\n<tr>\n<th>Kr\u0101sas<\/th>\n<td>RBG + WW + CW (16 million colors)<\/td>\n<\/tr>\n<tr>\n<th>Compatible voice assistants<\/th>\n<td>Alexa, Hey Google, Siri<\/td>\n<\/tr>\n<tr>\n<th>T\u0101lvad\u012bbas pults<\/th>\n<td>Via Bluetooth, app or remote control<\/td>\n<\/tr>\n<tr>\n<th>Security features<\/th>\n<td>Waterproof, fireproof, cold resistant<\/td>\n<\/tr>\n<tr>\n<th>Izm\u0113ri<\/th>\n<td>40mm x 320mm<\/td>\n<\/tr>\n<tr>\n<th>Light temperature<\/th>\n<td>2700K-6500K<\/td>\n<\/tr>\n<tr>\n<th>Batteries for the remote control<\/th>\n<td>AAA 1.5V<\/td>\n<\/tr>\n<tr>\n<th>Remote control range<\/th>\n<td>10 meters<\/td>\n<\/tr>\n<tr>\n<th>\u012apa\u0161s pieteikums<\/th>\n<td>Gosund, SmartLife (Tuya)<\/td>\n<\/tr>\n<tr>\n<th>Compatible operating systems<\/th>\n<td>Android, iOS<\/td>\n<\/tr>\n<tr>\n<th>WiFi<\/th>\n<td>2.4GHz<\/td>\n<\/tr>\n<tr>\n<th>Gaismas pl\u016bsma<\/th>\n<td>1920lm<\/td>\n<\/tr>\n<\/tbody>\n<\/table>\n<\/div>","protected":false},"excerpt":{"rendered":"<p>Smart ceiling lamp 32cm WiFi\/Bluetooth 16M RGBCW Gosund LB11 1920lm Tuya + Remote Control. The Gosund LB11 smart ceiling lamp is the perfect solution for those looking for modern lighting with a wide range of features. With a choice of 16 million colors, voice control, remote operation and a minimalist design, this lamp is the [&#8230;]\n","protected":false},"featured_media":96248,"comment_status":"open","ping_status":"closed","template":"","meta":[],"location":[19557,19558],"product_brand":[],"product_cat":[12597],"product_tag":[],"class_list":{"0":"post-81079","1":"product","2":"type-product","3":"status-publish","4":"has-post-thumbnail","6":"location-innpro_stock_location","7":"location-local_stock_location","8":"product_cat-ceiling-lamps","10":"first","11":"outofstock","12":"taxable","13":"shipping-taxable","14":"purchasable","15":"product-type-simple"},"aioseo_notices":[],"locations":[{"id":19557,"name":"Pieg\u0101d\u0101ja noliktav\u0101 (5-7dd.d)","slug":"innpro_stock_location","quantity":"0"},{"id":19558,"name":"R\u012bgas veikals (0-2dd.d)","slug":"local_stock_location","quantity":"0"}],"_links":{"self":[{"href":"https:\/\/elektrons.lv\/lv\/wp-json\/wp\/v2\/product\/81079","targetHints":{"allow":["GET"]}}],"collection":[{"href":"https:\/\/elektrons.lv\/lv\/wp-json\/wp\/v2\/product"}],"about":[{"href":"https:\/\/elektrons.lv\/lv\/wp-json\/wp\/v2\/types\/product"}],"replies":[{"embeddable":true,"href":"https:\/\/elektrons.lv\/lv\/wp-json\/wp\/v2\/comments?post=81079"}],"wp:featuredmedia":[{"embeddable":true,"href":"https:\/\/elektrons.lv\/lv\/wp-json\/wp\/v2\/media\/96248"}],"wp:attachment":[{"href":"https:\/\/elektrons.lv\/lv\/wp-json\/wp\/v2\/media?parent=81079"}],"wp:term":[{"taxonomy":"location","embeddable":true,"href":"https:\/\/elektrons.lv\/lv\/wp-json\/wp\/v2\/location?post=81079"},{"taxonomy":"product_brand","embeddable":true,"href":"https:\/\/elektrons.lv\/lv\/wp-json\/wp\/v2\/product_brand?post=81079"},{"taxonomy":"product_cat","embeddable":true,"href":"https:\/\/elektrons.lv\/lv\/wp-json\/wp\/v2\/product_cat?post=81079"},{"taxonomy":"product_tag","embeddable":true,"href":"https:\/\/elektrons.lv\/lv\/wp-json\/wp\/v2\/product_tag?post=81079"}],"curies":[{"name":"wp","href":"https:\/\/api.w.org\/{rel}","templated":true}]}}