{"id":81337,"date":"2026-05-14T09:41:07","date_gmt":"2026-05-14T09:41:07","guid":{"rendered":"https:\/\/elektrons.lv\/Prece\/ecoflow-delta-3-portable-power-station\/"},"modified":"2026-05-15T16:28:02","modified_gmt":"2026-05-15T14:28:02","slug":"ecoflow-delta-3-portable-power-station","status":"publish","type":"product","link":"https:\/\/elektrons.lv\/lv\/Prece\/ecoflow-delta-3-portable-power-station\/","title":{"rendered":"EcoFlow DELTA 3 portat\u012bv\u0101 sp\u0113kstacija"},"content":{"rendered":"<h3>EcoFlow DELTA 3 portat\u012bv\u0101 sp\u0113kstacija<\/h3>\n<p>Ensure reliable access to power in almost any situation! The EcoFlow DELTA 3 Portable Power Station stands out with a capacity of up to 1 kWh (expandable to 5 kWh) and offers up to 1800 W of power (up to 2400 W in X-Boost mode). It can be charged in several ways and is highly durable, as well as exceptionally quiet, with a noise level of less than 30 dB (at 600 W). It also works well as a UPS (Uninterruptible Power Supply, providing temporary power in the event of a power outage) \u2013 it switches to emergency power in just 10 ms. What&#x27;s more, the dedicated EcoFlow app allows for convenient management of the station.<\/p>\n<p>\n<img decoding=\"async\" alt=\"EcoFlow DELTA 3 portable power station standing on the floor in a bright, modern interior with a potted plant and fishing equipment.\" border=\"0\" src=\"https:\/\/assets.innpro.pl\/11079\/13067\/a (1).jpg\"\/>\n<\/p>\n<h3>You can charge it in several ways<\/h3>\n<p>With a variety of charging options, you can easily get the station ready for use regardless of the circumstances. For example, you can charge it using an AC (Alternating Current) socket \u2013 X-Stream technology means it only takes about 56 minutes! Want to recharge DELTA 3 while camping or in the garden? Use photovoltaic panels with a power of up to 500 W! It is also possible to charge the station using a car alternator (in about 1.3 hours) or a power generator. You can also combine charging using a socket and solar energy to get the DELTA 3 ready for use in about 56 minutes.<\/p>\n<p>\n<img decoding=\"async\" alt=\"EcoFlow DELTA 3 portable power station standing on the floor in the living room connected to a TV in the background.\" border=\"0\" src=\"https:\/\/assets.innpro.pl\/11079\/13067\/a (10).jpg\"\/>\n<\/p>\n<h3>It will power up to 99% of commonly used devices<\/h3>\n<p>Going camping, traveling in a motorhome, or maybe an unexpected power outage? The DELTA 3 will work in these and many other situations! The station offers an output power of up to 1800 W, and in X-Boost mode it can handle loads of up to 2400 W. This allows it to easily power most popular devices such as smartphones, computers, routers, refrigerators, and even microwaves and kettles.<\/p>\n<p>\n<img decoding=\"async\" alt=\"EcoFlow DELTA 3 power station in the garden, with a man trimming the hedge in the background.\" border=\"0\" src=\"https:\/\/assets.innpro.pl\/11079\/13067\/a (11).jpg\"\/>\n<\/p>\n<h3>Connect up to 11 devices at once<\/h3>\n<p>The station is equipped with a variety of ports \u2013 you have four AC sockets, two USB-A ports (Universal Serial Bus, a standard interface for data transfer and power supply to electronic devices) up to 18 W each, two USB-C ports (up to 100 W each), one car output (12.6 V, 126 W), and two DC5521 ports (12.6 V, up to 3 A). So you can connect up to 11 devices at once! Say goodbye to limitations and enjoy the reliable operation of the equipment you need.<\/p>\n<p>\n<img decoding=\"async\" alt=\"A man working with a drill at a wooden table outside, next to the EcoFlow DELTA 3 portable power station.\" border=\"0\" src=\"https:\/\/assets.innpro.pl\/11079\/13067\/x (10).jpg\"\/>\n<\/p>\n<h3>It won&#x27;t disturb your peace<\/h3>\n<p>Despite its powerful capabilities, the station is surprisingly quiet. At a load of 600 W, its noise level does not exceed 30 dB \u2013 the same as a whisper or a ticking clock! This means you can use it even at night without any problems \u2013 it won&#x27;t disturb your peace.<\/p>\n<p>\n<img decoding=\"async\" alt=\"A woman making coffee in the kitchen, with the EcoFlow DELTA 3 power station standing next to the coffee maker on the counter.\" border=\"0\" src=\"https:\/\/assets.innpro.pl\/11079\/13067\/a (7).jpg\"\/>\n<\/p>\n<h3>Be prepared for power outages with the UPS function<\/h3>\n<p>With EcoFlow DELTA 3, you won&#x27;t have to worry about unexpected power outages. The station offers a UPS function and can switch to emergency power in just 10 ms! This allows it to ensure uninterrupted operation of devices such as computers, NAS servers, and 3D printers. You no longer have to worry about data loss or damage to your equipment!<\/p>\n<p>\n<img decoding=\"async\" alt=\"The EcoFlow DELTA 3 portable power station in the kitchen standing next to the counter.\" border=\"0\" src=\"https:\/\/assets.innpro.pl\/11079\/13067\/a (3).jpg\"\/>\n<\/p>\n<h3>Additional features with the app<\/h3>\n<p>Connect the station to the EcoFlow app and get even more features. For example, you can conveniently monitor the most important parameters of the device. There is also a storm warning feature and special TOU (Time of Use, an electricity billing system in which the price per kWh varies depending on the time of day and network load) modes that optimize energy consumption \u2013 saving you money on your bills! In addition, the app will send you notifications about any power outages and UPS operation.<\/p>\n<p>\n<img decoding=\"async\" alt=\"The EcoFlow portable power station powering the solar panels in front of a white house in the garden.\" border=\"0\" src=\"https:\/\/assets.innpro.pl\/11079\/13067\/a (8).jpg\"\/>\n<\/p>\n<h3>An investment for many years<\/h3>\n<p>DELTA 3 is equipped with an efficient and durable LiFePO4 battery (40135), which has a service life of up to 4,000 cycles (up to 80% capacity). This translates into approximately 10 years of use! You also don&#x27;t have to worry about the station breaking down quickly. The IP65 rating guarantees its resistance to water and dust, and thermal runaway protection prevents hazards such as fire. DELTA 3 also uses an intelligent BMS (Battery Management System, which manages the battery and ensures its reliable operation).<\/p>\n<p>\n<img decoding=\"async\" alt=\"Kitchen overlooking the garden, where the EcoFlow DELTA 3 portable power station is connected to solar panels.\" border=\"0\" src=\"https:\/\/assets.innpro.pl\/11079\/13067\/x (11).jpg\"\/>\n<\/p>\n<h3>Large capacity with the possibility of expansion<\/h3>\n<p>The capacity of the DELTA 3 station is as much as 1 kWh \u2013 enough to power selected devices for a very long time! You can also expand it to 5 kWh \u2013 just use an additional battery for DELTA 3 (1 kW), DELTA 2 Max (2 kW), or DELTA Pro 3 (4 kW). You no longer have to worry about your equipment running out of power!<\/p>\n<p>\n<img decoding=\"async\" alt=\"EcoFlow DELTA 3 portable power station placed in the trunk of a car with the tailgate open.\" border=\"0\" src=\"https:\/\/assets.innpro.pl\/11079\/13067\/a (9).jpg\"\/>\n<\/p>\n<h3>Easy transport<\/h3>\n<p>The station weighs about 12.5 kg and measures 398 x 200 x 284 mm. Transporting it is no problem \u2013 you can easily move it from place to place or take it with you on a trip! Thanks to its compact design, the DELTA 3 fits easily even in narrow, confined spaces, such as a car.<\/p>\n<p>\n<img decoding=\"async\" alt=\"The interior of a camper van with a person sleeping on the upper bed and an EcoFlow DELTA 3 power station connected to an electrical device.\" border=\"0\" src=\"https:\/\/assets.innpro.pl\/11079\/13067\/x (9).jpg\"\/>\n<\/p>\n<h3>Iek\u013cauts:<\/h3>\n<ul class=\"list-disc pl-5\">\n<li>EcoFlow DELTA 3 portable power station<\/li>\n<li>Mai\u0146str\u0101vas uzl\u0101des kabelis<\/li>\n<li>Lietot\u0101ja rokasgr\u0101mata un garantijas karte<\/li>\n<\/ul>\n<div class=\"table-wrapper\">\n<p>\u00a0<\/p>\n<h3>\u0122ener\u0101lis<\/h3>\n<table>\n<tbody>\n<tr>\n<th>Ra\u017eot\u0101js<\/th>\n<td>EcoFlow<\/td>\n<\/tr>\n<tr>\n<th>Modelis<\/th>\n<td>DELTA 3<\/td>\n<\/tr>\n<tr>\n<th>Kr\u0101sa<\/th>\n<td>Silver and gray<\/td>\n<\/tr>\n<tr>\n<th>Kapacit\u0101te<\/th>\n<td>1024 Wh<\/td>\n<\/tr>\n<tr>\n<th>Svars<\/th>\n<td>\u2264 12.5 kg<\/td>\n<\/tr>\n<tr>\n<th>Izm\u0113ri<\/th>\n<td>398 x 200 x 284 mm<\/td>\n<\/tr>\n<tr>\n<th>App<\/th>\n<td>Yes (TOU, storm warning)<\/td>\n<\/tr>\n<tr>\n<th>Expandable capacity<\/th>\n<td>Yes, up to 5 kWh (compatible with additional batteries for EcoFlow DELTA 3, DELTA 2 Max, DELTA Pro 3)<\/td>\n<\/tr>\n<\/tbody>\n<\/table>\n<p>\u00a0<\/p>\n<h3>Izejas<\/h3>\n<table>\n<tbody>\n<tr>\n<th>Total number of output ports<\/th>\n<td>11<\/td>\n<\/tr>\n<tr>\n<th>AC<\/th>\n<td>4x 1800 W (max. instantaneous power 3600 W)<\/td>\n<\/tr>\n<tr>\n<th>Max. power with X-Boost<\/th>\n<td>2400 W<\/td>\n<\/tr>\n<tr>\n<th>USB-A (for fast charging)<\/th>\n<td>2x 18 W max.<\/td>\n<\/tr>\n<tr>\n<th>USB-C<\/th>\n<td>2x 100 W max.<\/td>\n<\/tr>\n<tr>\n<th>Automa\u0161\u012bnas izlaide<\/th>\n<td>12.6 V 10 A, 126 W max.<\/td>\n<\/tr>\n<tr>\n<th>DC 5521 output<\/th>\n<td>2x 12.6 V, 3 A max.<\/td>\n<\/tr>\n<\/tbody>\n<\/table>\n<p>\u00a0<\/p>\n<h3>Ievades<\/h3>\n<table>\n<tbody>\n<tr>\n<th>Mai\u0146str\u0101vas uzl\u0101de<\/th>\n<td>1500 W (approx. 56 min)<\/td>\n<\/tr>\n<tr>\n<th>Charging with photovoltaic panels<\/th>\n<td>DC input 11-60 V, 1x 500 W max. (approx. 130 min)<\/td>\n<\/tr>\n<tr>\n<th>Charging with Smart Generator<\/th>\n<td>1500 W (approx. 56 min)<\/td>\n<\/tr>\n<tr>\n<th>Charging in a car<\/th>\n<td>800 W (approx. 1.3 h)<\/td>\n<\/tr>\n<tr>\n<th>AC charging + photovoltaic panels<\/th>\n<td>1500 W (approx. 56 min)<\/td>\n<\/tr>\n<\/tbody>\n<\/table>\n<p>\u00a0<\/p>\n<h3>Akumulators<\/h3>\n<table>\n<tbody>\n<tr>\n<th>Tips<\/th>\n<td>LFP<\/td>\n<\/tr>\n<tr>\n<th>Kalpo\u0161anas m\u016b\u017es<\/th>\n<td>Approx. 4000 charging cycles (up to 80% capacity)<\/td>\n<\/tr>\n<\/tbody>\n<\/table>\n<p>\u00a0<\/p>\n<h3>Cits<\/h3>\n<table>\n<tbody>\n<tr>\n<th>Battery ingress protection rating<\/th>\n<td>IP65<\/td>\n<\/tr>\n<tr>\n<th>UPS<\/th>\n<td>&lt; 10 ms<\/td>\n<\/tr>\n<tr>\n<th>Trok\u0161\u0146a l\u012bmenis<\/th>\n<td>&lt; 30 dB (at 600 W load) \/ &lt; 40 dB (at 1200 W load)<\/td>\n<\/tr>\n<\/tbody>\n<\/table>\n<\/div>","protected":false},"excerpt":{"rendered":"<p>EcoFlow DELTA 3 Portable Power Station Ensure reliable access to power in almost any situation! The EcoFlow DELTA 3 Portable Power Station stands out with a capacity of up to 1 kWh (expandable to 5 kWh) and offers up to 1800 W of power (up to 2400 W in X-Boost mode). It can be charged [&#8230;]\n","protected":false},"featured_media":95326,"comment_status":"open","ping_status":"closed","template":"","meta":[],"location":[19557,19558],"product_brand":[],"product_cat":[12538],"product_tag":[],"class_list":{"0":"post-81337","1":"product","2":"type-product","3":"status-publish","4":"has-post-thumbnail","6":"location-innpro_stock_location","7":"location-local_stock_location","8":"product_cat-power-stations","10":"first","11":"outofstock","12":"taxable","13":"shipping-taxable","14":"purchasable","15":"product-type-simple"},"aioseo_notices":[],"locations":[{"id":19557,"name":"Pieg\u0101d\u0101ja noliktav\u0101 (5-7dd.d)","slug":"innpro_stock_location","quantity":"0"},{"id":19558,"name":"R\u012bgas veikals (0-2dd.d)","slug":"local_stock_location","quantity":"0"}],"_links":{"self":[{"href":"https:\/\/elektrons.lv\/lv\/wp-json\/wp\/v2\/product\/81337","targetHints":{"allow":["GET"]}}],"collection":[{"href":"https:\/\/elektrons.lv\/lv\/wp-json\/wp\/v2\/product"}],"about":[{"href":"https:\/\/elektrons.lv\/lv\/wp-json\/wp\/v2\/types\/product"}],"replies":[{"embeddable":true,"href":"https:\/\/elektrons.lv\/lv\/wp-json\/wp\/v2\/comments?post=81337"}],"wp:featuredmedia":[{"embeddable":true,"href":"https:\/\/elektrons.lv\/lv\/wp-json\/wp\/v2\/media\/95326"}],"wp:attachment":[{"href":"https:\/\/elektrons.lv\/lv\/wp-json\/wp\/v2\/media?parent=81337"}],"wp:term":[{"taxonomy":"location","embeddable":true,"href":"https:\/\/elektrons.lv\/lv\/wp-json\/wp\/v2\/location?post=81337"},{"taxonomy":"product_brand","embeddable":true,"href":"https:\/\/elektrons.lv\/lv\/wp-json\/wp\/v2\/product_brand?post=81337"},{"taxonomy":"product_cat","embeddable":true,"href":"https:\/\/elektrons.lv\/lv\/wp-json\/wp\/v2\/product_cat?post=81337"},{"taxonomy":"product_tag","embeddable":true,"href":"https:\/\/elektrons.lv\/lv\/wp-json\/wp\/v2\/product_tag?post=81337"}],"curies":[{"name":"wp","href":"https:\/\/api.w.org\/{rel}","templated":true}]}}