{"id":81353,"date":"2026-05-14T09:41:09","date_gmt":"2026-05-14T09:41:09","guid":{"rendered":"https:\/\/elektrons.lv\/Prece\/ecoflow-delta-3-1500-portable-power-station\/"},"modified":"2026-05-15T16:25:28","modified_gmt":"2026-05-15T14:25:28","slug":"ecoflow-delta-3-1500-portable-power-station","status":"publish","type":"product","link":"https:\/\/elektrons.lv\/lv\/Prece\/ecoflow-delta-3-1500-portable-power-station\/","title":{"rendered":"EcoFlow DELTA 3 1500 Portable Power Station"},"content":{"rendered":"<h3>EcoFlow DELTA 3 1500 Portable Power Station<\/h3>\n<p>Be prepared for even longer power outages and enjoy reliable operation of your devices. The EcoFlow DELTA 3 1500 portable power station offers a capacity of up to 1.5 kWh (expandable to 5.5 kWh) and power up to 1800 W (or 2400 W with X-Boost). It is also surprisingly convenient to transport \u2013 it weighs about 16.5 kg and measures 400 x 212 x 282 mm. It also allows you to connect up to 13 devices at the same time and charges very quickly \u2013 it takes about 60 minutes to charge it to 80%. It can also switch to emergency power within 15 ms, ensuring the continuity of operation of essential equipment, and its operation is facilitated by a dedicated app.<\/p>\n<p>\n<img decoding=\"async\" alt=\"\" border=\"0\" src=\"https:\/\/assets.innpro.pl\/11098\/13088\/1.jpg\"\/>\n<\/p>\n<h3>1.5 kWh capacity with expansion option<\/h3>\n<p>The station stands out with its impressive 1.5 kWh capacity, ensuring long operating times for essential devices. For example, it can power a TV for about 12 hours and charge a laptop about 24 times. Still not enough? Take advantage of the option to expand the station&#x27;s capacity to up to 5.5 kWh! The DELTA 3 1500 is compatible not only with its own battery, but also with batteries for the DELTA 2, DELTA 2 Max, and DELTA Pro 3.<\/p>\n<p>\n<img decoding=\"async\" alt=\"\" border=\"0\" src=\"https:\/\/assets.innpro.pl\/11098\/13088\/9.jpg\"\/>\n<\/p>\n<h3>Wide power options<\/h3>\n<p>The DELTA 3 1500 provides up to 1800 W of output power and, in X-Boost mode, can easily handle loads of up to 2400 W. This allows it to power most commonly used devices, such as a refrigerator, smartphone, TV, speaker, or even a microwave or coffee maker. What&#x27;s more, you have 13 different ports at your disposal \u2013 4 AC sockets (up to 1800 W), 2 USB-A fast charging ports (up to 18 W), two USB-A ports (up to 12 W), two USB-C ports (up to 100 W), a car outlet (12.6 V, up to 126 W), and two DC5521 ports (12.6 V, up to 3 A). So you can connect up to 13 devices at the same time!<\/p>\n<p>\n<img decoding=\"async\" alt=\"\" border=\"0\" src=\"https:\/\/assets.innpro.pl\/11098\/13088\/5.jpg\"\/>\n<\/p>\n<h3>\u0100tra uzl\u0101de<\/h3>\n<p>Don&#x27;t wait too long for your station to be ready to work again. Thanks to X-Stream technology, charging the DELTA 3 1500 from 0% to 80% can take only about 60 minutes, and from 0% to 100% \u2013 about 90 minutes. This means that in no time at all, you can get it ready to power your essential devices at home, in the office, or while camping!<\/p>\n<p>\n<img decoding=\"async\" alt=\"\" border=\"0\" src=\"https:\/\/assets.innpro.pl\/11098\/13088\/12.jpg\"\/>\n<\/p>\n<h3>You can charge it in several ways<\/h3>\n<p>The station can be charged in various ways, allowing you to easily prepare it for use in almost any circumstances. Using the AC socket, you can charge it in about 1.5 hours, and using photovoltaic panels with a power of up to 500 W \u2013 in about 3.5 hours. You can also use a power generator. There is also an option to charge the DELTA 3 1500 from a car alternator \u2013 this will take about 2.1 hours. It is also possible to connect photovoltaic panels and an AC outlet \u2013 this will restore the station to full power in about 1.5 hours.<\/p>\n<p>\n<img decoding=\"async\" alt=\"\" border=\"0\" src=\"https:\/\/assets.innpro.pl\/11098\/13088\/8.jpg\"\/>\n<\/p>\n<h3>Reliable emergency power supply<\/h3>\n<p>Power outages are often unpredictable, but you can prepare for them. The DELTA 3 1500 supports a UPS function, allowing it to switch to emergency power in just 15 ms. This allows you to keep essential devices such as refrigerators and CPAP machines running without interruption.<\/p>\n<p>\n<img decoding=\"async\" alt=\"\" border=\"0\" src=\"https:\/\/assets.innpro.pl\/11098\/13088\/3.jpg\"\/>\n<\/p>\n<h3>High-end battery<\/h3>\n<p>The EcoFlow DELTA 3 1500 is equipped with a high-end LFP battery that boasts a lifespan of 3,000 charge cycles (up to 70% capacity). This means it can serve you well for up to 10 years! What&#x27;s more, its IP54 rating protects it from splashes and dust, and its intelligent BMS management system ensures reliable operation. Also noteworthy is its thermal runaway protection, which reduces the risk of hazards such as fires.<\/p>\n<p>\n<img decoding=\"async\" alt=\"\" border=\"0\" src=\"https:\/\/assets.innpro.pl\/11098\/13088\/7.jpg\"\/>\n<\/p>\n<h3>Portable design<\/h3>\n<p>The DELTA 3 1500 combines powerful capabilities with a portable design. The device weighs approximately 16.5 kg and measures 400 x 212 x 282 mm. This makes it easy to transport! You can easily take it to the garden, use it in your home workshop, or fit it in the trunk of your car.<\/p>\n<p>\n<img decoding=\"async\" alt=\"\" border=\"0\" src=\"https:\/\/assets.innpro.pl\/11098\/13088\/4.jpg\"\/>\n<\/p>\n<h3>Convenient operation with the app<\/h3>\n<p>Download the EcoFlow app and enjoy convenient, remote control of the station. Now, with just a few clicks on your smartphone, you can check current parameters, update the software, or change settings! You can also adjust your energy consumption to use electricity more efficiently and save on your bills.<\/p>\n<p>\n<img decoding=\"async\" alt=\"\" border=\"0\" src=\"https:\/\/assets.innpro.pl\/11098\/13088\/6.jpg\"\/>\n<\/p>\n<h3>Iek\u013cauts<\/h3>\n<ul class=\"list-disc pl-5\">\n<li>EcoFlow DELTA 3 1500 portable power station<\/li>\n<li>Mai\u0146str\u0101vas uzl\u0101des kabelis<\/li>\n<li>Lietot\u0101ja rokasgr\u0101mata un garantijas karte<\/li>\n<\/ul>\n<div class=\"table-wrapper\">\n<p>\u00a0<\/p>\n<h3>\u0122ener\u0101lis<\/h3>\n<table>\n<tbody>\n<tr>\n<th>Ra\u017eot\u0101js<\/th>\n<td>EcoFlow<\/td>\n<\/tr>\n<tr>\n<th>Modelis<\/th>\n<td>DELTA 3 1500<\/td>\n<\/tr>\n<tr>\n<th>Kr\u0101sa<\/th>\n<td>Sudrabs<\/td>\n<\/tr>\n<tr>\n<th>Kapacit\u0101te<\/th>\n<td>1536 Wh<\/td>\n<\/tr>\n<tr>\n<th>Svars<\/th>\n<td>\u2264 16.5 kg<\/td>\n<\/tr>\n<tr>\n<th>Izm\u0113ri<\/th>\n<td>400 x 212 x 282 mm<\/td>\n<\/tr>\n<tr>\n<th>App<\/th>\n<td>J\u0101<\/td>\n<\/tr>\n<tr>\n<th>Expandable capacity<\/th>\n<td>Yes, up to 5.5 kWh (compatible with additional batteries for EcoFlow DELTA 3, DELTA 2 Max, DELTA 2, DELTA Pro 3)<\/td>\n<\/tr>\n<\/tbody>\n<\/table>\n<p>\u00a0<\/p>\n<h3>Izejas<\/h3>\n<table>\n<tbody>\n<tr>\n<th>Total number of output ports<\/th>\n<td>13<\/td>\n<\/tr>\n<tr>\n<th>AC<\/th>\n<td>4x 1800 W (max. instantaneous power 3600 W)<\/td>\n<\/tr>\n<tr>\n<th>Max. power with X-Boost<\/th>\n<td>2400 W<\/td>\n<\/tr>\n<tr>\n<th>USB-A (for fast charging)<\/th>\n<td>2x 18 W max.<\/td>\n<\/tr>\n<tr>\n<th>USB-A<\/th>\n<td>2x 12 W max.<\/td>\n<\/tr>\n<tr>\n<th>USB-C<\/th>\n<td>2x 100 W max.<\/td>\n<\/tr>\n<tr>\n<th>Automa\u0161\u012bnas izlaide<\/th>\n<td>12.6 V 10 A, 126 W max.<\/td>\n<\/tr>\n<tr>\n<th>DC 5521 output<\/th>\n<td>2x 12.6 V, 3 A max.<\/td>\n<\/tr>\n<\/tbody>\n<\/table>\n<p>\u00a0<\/p>\n<h3>Ievades<\/h3>\n<table>\n<tbody>\n<tr>\n<th>Mai\u0146str\u0101vas uzl\u0101de<\/th>\n<td>1500 W (approx. 1.5 h)<\/td>\n<\/tr>\n<tr>\n<th>Charging via photovoltaic panels<\/th>\n<td>DC input 11-60 V, 1x 500 W max. (approx. 3.5 h)<\/td>\n<\/tr>\n<tr>\n<th>Charging via Smart Generator<\/th>\n<td>1500 W (approx. 1.5 h)<\/td>\n<\/tr>\n<tr>\n<th>Car charging<\/th>\n<td>800 W (approx. 2.1 hours)<\/td>\n<\/tr>\n<tr>\n<th>AC charging + photovoltaic panels<\/th>\n<td>1500 W (approx. 1.5 minutes)<\/td>\n<\/tr>\n<\/tbody>\n<\/table>\n<p>\u00a0<\/p>\n<h3>Akumulators<\/h3>\n<table>\n<tbody>\n<tr>\n<th>Tips<\/th>\n<td>LFP<\/td>\n<\/tr>\n<tr>\n<th>Kalpo\u0161anas m\u016b\u017es<\/th>\n<td>Approx. 3000 charging cycles (up to 70% capacity)<\/td>\n<\/tr>\n<\/tbody>\n<\/table>\n<p>\u00a0<\/p>\n<h3>Cits<\/h3>\n<table>\n<tbody>\n<tr>\n<th>Battery protection class<\/th>\n<td>IP54<\/td>\n<\/tr>\n<tr>\n<th>UPS<\/th>\n<td>&lt; 15 ms<\/td>\n<\/tr>\n<tr>\n<th>Trok\u0161\u0146a l\u012bmenis<\/th>\n<td>&lt; 35 dB (at 600 W load) \/ &lt; 45 dB (at 1200 W load)<\/td>\n<\/tr>\n<\/tbody>\n<\/table>\n<\/div>","protected":false},"excerpt":{"rendered":"<p>EcoFlow DELTA 3 1500 Portable Power Station Be prepared for even longer power outages and enjoy reliable operation of your devices. The EcoFlow DELTA 3 1500 portable power station offers a capacity of up to 1.5 kWh (expandable to 5.5 kWh) and power up to 1800 W (or 2400 W with X-Boost). It is also [&#8230;]\n","protected":false},"featured_media":95252,"comment_status":"open","ping_status":"closed","template":"","meta":[],"location":[19557,19558],"product_brand":[],"product_cat":[12538],"product_tag":[],"class_list":{"0":"post-81353","1":"product","2":"type-product","3":"status-publish","4":"has-post-thumbnail","6":"location-innpro_stock_location","7":"location-local_stock_location","8":"product_cat-power-stations","10":"first","11":"outofstock","12":"taxable","13":"shipping-taxable","14":"purchasable","15":"product-type-simple"},"aioseo_notices":[],"locations":[{"id":19557,"name":"Pieg\u0101d\u0101ja noliktav\u0101 (5-7dd.d)","slug":"innpro_stock_location","quantity":"0"},{"id":19558,"name":"R\u012bgas veikals (0-2dd.d)","slug":"local_stock_location","quantity":"0"}],"_links":{"self":[{"href":"https:\/\/elektrons.lv\/lv\/wp-json\/wp\/v2\/product\/81353","targetHints":{"allow":["GET"]}}],"collection":[{"href":"https:\/\/elektrons.lv\/lv\/wp-json\/wp\/v2\/product"}],"about":[{"href":"https:\/\/elektrons.lv\/lv\/wp-json\/wp\/v2\/types\/product"}],"replies":[{"embeddable":true,"href":"https:\/\/elektrons.lv\/lv\/wp-json\/wp\/v2\/comments?post=81353"}],"wp:featuredmedia":[{"embeddable":true,"href":"https:\/\/elektrons.lv\/lv\/wp-json\/wp\/v2\/media\/95252"}],"wp:attachment":[{"href":"https:\/\/elektrons.lv\/lv\/wp-json\/wp\/v2\/media?parent=81353"}],"wp:term":[{"taxonomy":"location","embeddable":true,"href":"https:\/\/elektrons.lv\/lv\/wp-json\/wp\/v2\/location?post=81353"},{"taxonomy":"product_brand","embeddable":true,"href":"https:\/\/elektrons.lv\/lv\/wp-json\/wp\/v2\/product_brand?post=81353"},{"taxonomy":"product_cat","embeddable":true,"href":"https:\/\/elektrons.lv\/lv\/wp-json\/wp\/v2\/product_cat?post=81353"},{"taxonomy":"product_tag","embeddable":true,"href":"https:\/\/elektrons.lv\/lv\/wp-json\/wp\/v2\/product_tag?post=81353"}],"curies":[{"name":"wp","href":"https:\/\/api.w.org\/{rel}","templated":true}]}}