{"id":81367,"date":"2026-05-14T09:41:11","date_gmt":"2026-05-14T09:41:11","guid":{"rendered":"https:\/\/elektrons.lv\/Prece\/blitzwolf-parking-heater-heater-bw-ah-v1-bt-5kw-12v\/"},"modified":"2026-05-15T16:14:00","modified_gmt":"2026-05-15T14:14:00","slug":"blitzwolf-parking-heater-heater-bw-ah-v1-bt-5kw-12v","status":"publish","type":"product","link":"https:\/\/elektrons.lv\/lv\/Prece\/blitzwolf-parking-heater-heater-bw-ah-v1-bt-5kw-12v\/","title":{"rendered":"Blitzwolf st\u0101v\u0113\u0161anas sild\u012bt\u0101js\/sild\u012bt\u0101js BW-AH-V1-BT, 5kw, 12V"},"content":{"rendered":"<h3>Blitzwolf BW-AH-V1-BT parking heater\/heater, 5kw, 12V<\/h3>\n<p>Winter doesn&#8217;t have to mean cold &#8211; the Blitzwolf BW-AH-V1-BT parking heater, with up to 8 kW of power, is an indispensable diesel-powered solution for any driver. With exceptional combustion efficiency and flexible configuration options, it not only provides instant heating of the vehicle&#8217;s interior, but also full comfort during long trips or stops. Compact, durable and energy-efficient &#8211; this is a device that will work in any situation. This model uses a universal type of interface that connects to the vehicle&#8217;s battery or electrical system. What&#8217;s more, this version of the device is equipped with Bluetooth and you will operate it via an app on your phone.<\/p>\n<p>\n<img decoding=\"async\" alt=\"Red portable parking heater emitting warm air towards the person in the carRight on the handle and blue filler cap on top of the parking heater housing\" border=\"0\" src=\"https:\/\/assets.innpro.pl\/11566\/13697\/1.jpg\"\/>\n<\/p>\n<h3>Power that surprises<\/h3>\n<p>The Blitzwolf heater boasts a maximum heating power of 5-8 kW, making it one of the most efficient solutions available on the market. Its combustion efficiency of \u226590% allows it to make maximum use of fuel, minimizing fuel consumption (from 0.16 to 0.62 l\/h) while ensuring that the optimum cabin temperature is quickly reached. This is ideal for both smaller cars and larger vehicles such as campers, SUVs and trucks.<\/p>\n<p>\n<img decoding=\"async\" alt=\"Red parking heater set in the snow next to two people sitting at the RV\" border=\"0\" src=\"https:\/\/assets.innpro.pl\/11566\/13697\/2.jpg\"\/>\n<\/p>\n<h3>Quiet operation and convenient control<\/h3>\n<p>Performance here does not go hand in hand with noise &#8211; the heater operates at a noise level of less than 75 dB, so you can enjoy the warmth in peace and quiet. The device is equipped with a modern LCD display, which allows you to easily adjust the temperature from 8\u00b0C to 36\u00b0C, as well as to set an automatic operating schedule. The remote control allows you to conveniently control the device from up to 50 meters away.<\/p>\n<p>\n<img decoding=\"async\" alt=\"Red parking heater against a snowy road and parked camper at night\" border=\"0\" src=\"https:\/\/assets.innpro.pl\/11566\/13697\/3.jpg\"\/>\n<\/p>\n<h3>Durable design for any occasion<\/h3>\n<p>The housing made of high-quality ABS and metal guarantees the durability of the device even in the harshest weather conditions. The heater is also equipped with an advanced overheating protection system, which increases the safety of its use. The rugged design makes the device ready for any winter adventure &#8211; from daily commutes to long trips to camping in the wild.<\/p>\n<p>\n<img decoding=\"async\" alt=\"Red parking heater on a snowy road with a moving RV in the background\" border=\"0\" src=\"https:\/\/assets.innpro.pl\/11566\/13697\/5.jpg\"\/>\n<\/p>\n<h3>Easy installation<\/h3>\n<p>Installation of the Blitzwolf heater is simple. The unit comes with a complete set of accessories, including exhaust and outlet pipes, a muffler, an air filter and a remote control. Everything you need to enjoy warmth and comfort immediately after purchase.<\/p>\n<p>\n<img decoding=\"async\" alt=\"Close-up of the handle and blue filler cap on top of the parking heater housing\" border=\"0\" src=\"https:\/\/assets.innpro.pl\/11566\/13697\/6.jpg\"\/>\n<\/p>\n<h3>Iek\u013cauts<\/h3>\n<ul class=\"list-disc pl-5\">\n<li>Blitzwolf BW-AH-V1-BT heater<\/li>\n<li>T\u0101lvad\u012bbas pults<\/li>\n<li>Inlet and exhaust pipe<\/li>\n<li>Exhaust pipe<\/li>\n<li>Exhaust muffler<\/li>\n<li>Air filter<\/li>\n<li>Mounting accessories kit<\/li>\n<li>\u012apa\u0161nieka rokasgr\u0101mata<\/li>\n<li>Bracket and mounting ties<\/li>\n<\/ul>\n<div class=\"table-wrapper\">\n<p>\u00a0<\/p>\n<h3><\/h3>\n<table>\n<tbody>\n<tr>\n<th>Ra\u017eot\u0101js<\/th>\n<td>Blitzwolf<\/td>\n<\/tr>\n<tr>\n<th>Manufacturer code<\/th>\n<td>BW-AH-V1-BT<\/td>\n<\/tr>\n<tr>\n<th>Control via app<\/th>\n<td>J\u0101<\/td>\n<\/tr>\n<tr>\n<th>LCD screen<\/th>\n<td>J\u0101<\/td>\n<\/tr>\n<tr>\n<th>Control with controller<\/th>\n<td>J\u0101<\/td>\n<\/tr>\n<tr>\n<th>Controller with display<\/th>\n<td>N\u0113<\/td>\n<\/tr>\n<tr>\n<th>Bluetooth<\/th>\n<td>J\u0101<\/td>\n<\/tr>\n<tr>\n<th>Mai\u0146str\u0101vas adapteris<\/th>\n<td>N\u0113<\/td>\n<\/tr>\n<tr>\n<th>Interface type<\/th>\n<td>Ordinary (plugs into the vehicle&#8217;s battery or 12-volt outlet)<\/td>\n<\/tr>\n<tr>\n<th>Heating power<\/th>\n<td>Up to 8 kW<\/td>\n<\/tr>\n<tr>\n<th>Fuel type<\/th>\n<td>Diesel fuel<\/td>\n<\/tr>\n<tr>\n<th>Combustion efficiency<\/th>\n<td>\u226590%<\/td>\n<\/tr>\n<tr>\n<th>Temperat\u016bras kontroles diapazons<\/th>\n<td>8\u00b0C-36\u00b0C<\/td>\n<\/tr>\n<tr>\n<th>Noise<\/th>\n<td>\u226475 dB<\/td>\n<\/tr>\n<tr>\n<th>Baro\u0161anas avots<\/th>\n<td>DC 12 V<\/td>\n<\/tr>\n<tr>\n<th>Nomin\u0101l\u0101 str\u0101va<\/th>\n<td>3A (Starting current 10a-12a)<\/td>\n<\/tr>\n<tr>\n<th>Fuel consumption<\/th>\n<td>0.16L-0.62Lh<\/td>\n<\/tr>\n<tr>\n<th>Combustion efficiency<\/th>\n<td>\u226590%<\/td>\n<\/tr>\n<tr>\n<th>Operating noise<\/th>\n<td>\u226475db<\/td>\n<\/tr>\n<tr>\n<th>Flue gas temperature<\/th>\n<td>380\u2103<\/td>\n<\/tr>\n<tr>\n<th>Temperat\u016bras kontroles diapazons<\/th>\n<td>8~36\u2103<\/td>\n<\/tr>\n<tr>\n<th>M\u0101jok\u013ca materi\u0101ls<\/th>\n<td>ABS + metal<\/td>\n<\/tr>\n<tr>\n<th>Kalpo\u0161anas m\u016b\u017es<\/th>\n<td>up to 3000 hours<\/td>\n<\/tr>\n<tr>\n<th>Aizsardz\u012bba pret p\u0101rkar\u0161anu<\/th>\n<td>\u2265270\u00b0C<\/td>\n<\/tr>\n<tr>\n<th>Air to oil ratio<\/th>\n<td>2300~5500obr.\/min,1.8hz~5.8hz<\/td>\n<\/tr>\n<\/tbody>\n<\/table>\n<\/div>","protected":false},"excerpt":{"rendered":"<p>Blitzwolf BW-AH-V1-BT parking heater\/heater, 5kw, 12V Winter doesn&#8217;t have to mean cold &#8211; the Blitzwolf BW-AH-V1-BT parking heater, with up to 8 kW of power, is an indispensable diesel-powered solution for any driver. With exceptional combustion efficiency and flexible configuration options, it not only provides instant heating of the vehicle&#8217;s interior, but also full comfort [&#8230;]\n","protected":false},"featured_media":95195,"comment_status":"open","ping_status":"closed","template":"","meta":[],"location":[19557,19558],"product_brand":[],"product_cat":[15569],"product_tag":[],"class_list":{"0":"post-81367","1":"product","2":"type-product","3":"status-publish","4":"has-post-thumbnail","6":"location-innpro_stock_location","7":"location-local_stock_location","8":"product_cat-parking-heating","10":"first","11":"outofstock","12":"taxable","13":"shipping-taxable","14":"purchasable","15":"product-type-simple"},"aioseo_notices":[],"locations":[{"id":19557,"name":"Pieg\u0101d\u0101ja noliktav\u0101 (5-7dd.d)","slug":"innpro_stock_location","quantity":"0"},{"id":19558,"name":"R\u012bgas veikals (0-2dd.d)","slug":"local_stock_location","quantity":"0"}],"_links":{"self":[{"href":"https:\/\/elektrons.lv\/lv\/wp-json\/wp\/v2\/product\/81367","targetHints":{"allow":["GET"]}}],"collection":[{"href":"https:\/\/elektrons.lv\/lv\/wp-json\/wp\/v2\/product"}],"about":[{"href":"https:\/\/elektrons.lv\/lv\/wp-json\/wp\/v2\/types\/product"}],"replies":[{"embeddable":true,"href":"https:\/\/elektrons.lv\/lv\/wp-json\/wp\/v2\/comments?post=81367"}],"wp:featuredmedia":[{"embeddable":true,"href":"https:\/\/elektrons.lv\/lv\/wp-json\/wp\/v2\/media\/95195"}],"wp:attachment":[{"href":"https:\/\/elektrons.lv\/lv\/wp-json\/wp\/v2\/media?parent=81367"}],"wp:term":[{"taxonomy":"location","embeddable":true,"href":"https:\/\/elektrons.lv\/lv\/wp-json\/wp\/v2\/location?post=81367"},{"taxonomy":"product_brand","embeddable":true,"href":"https:\/\/elektrons.lv\/lv\/wp-json\/wp\/v2\/product_brand?post=81367"},{"taxonomy":"product_cat","embeddable":true,"href":"https:\/\/elektrons.lv\/lv\/wp-json\/wp\/v2\/product_cat?post=81367"},{"taxonomy":"product_tag","embeddable":true,"href":"https:\/\/elektrons.lv\/lv\/wp-json\/wp\/v2\/product_tag?post=81367"}],"curies":[{"name":"wp","href":"https:\/\/api.w.org\/{rel}","templated":true}]}}