{"id":81374,"date":"2026-05-14T09:41:12","date_gmt":"2026-05-14T09:41:12","guid":{"rendered":"https:\/\/elektrons.lv\/Prece\/animal-fountain-drinker-1-5l-rojeco\/"},"modified":"2026-05-14T11:14:10","modified_gmt":"2026-05-14T11:14:10","slug":"animal-fountain-drinker-1-5l-rojeco","status":"publish","type":"product","link":"https:\/\/elektrons.lv\/lv\/Prece\/animal-fountain-drinker-1-5l-rojeco\/","title":{"rendered":"Dz\u012bvnieku str\u016bklaka \/ dz\u0113r\u0101js 1.5L Rojeco"},"content":{"rendered":"<h3>Rojeco 1.5L pet fountain \/ drinker.<\/h3>\n<p>By taking care of your pet&#8217;s hydration, you are investing in their health and well-being. Rojeco&#8217;s 1.5L fountain is a thoughtful solution that provides clean, fresh water in a friendly and customized way for your pet. Equipped with modern features, it combines ergonomics with top quality, making drinking water more enjoyable and natural.<\/p>\n<p>\n<img decoding=\"async\" border=\"0\" src=\"https:\/\/assets.innpro.pl\/11584\/13717\/1.jpg\"\/>\n<\/p>\n<h3>Two water flow modes for greater comfort<\/h3>\n<p>The fountain offers two modes to adapt to your pet&#8217;s preferences. The stream mode mimics natural water droplets to encourage more frequent drinking, while the fountain mode creates a gentle flow of water to increase oxygenation. Both solutions promote healthy hydration, and the variety of modes allows you to tailor the fountain to each pet&#8217;s individual needs.<\/p>\n<p>\n<img decoding=\"async\" border=\"0\" src=\"https:\/\/assets.innpro.pl\/11584\/13717\/7.jpg\"\/>\n<\/p>\n<h3>Dual filtration for clean and safe water<\/h3>\n<p>Rojeco&#8217;s filtration system combines an activated carbon filter with a sponge filter to effectively remove both larger contaminants, such as hair and food debris, and harmful substances, including heavy metals. This ensures that your pet always has access to clean and healthy water, which has a positive effect on its overall condition.<\/p>\n<p>\n<img decoding=\"async\" border=\"0\" src=\"https:\/\/assets.innpro.pl\/11584\/13717\/6.jpg\"\/>\n<\/p>\n<h3>Quiet operation and safe use<\/h3>\n<p>The ultra-quiet motor used in the fountain (less than 40 dB) makes the device almost inaudible, so it won&#8217;t disturb your household members or your pet. In addition, the low power consumption of 5V guarantees safety &#8211; accidental contact with the power source does not pose any danger.<\/p>\n<p>\n<img decoding=\"async\" border=\"0\" src=\"https:\/\/assets.innpro.pl\/11584\/13717\/5.jpg\"\/>\n<\/p>\n<h3>Compact construction and thoughtful design<\/h3>\n<p>With a capacity of 1.5 liters, the Rojeco fountain is ideal for small and medium-sized pets, such as cats and small dogs. The transparent tank makes it easy to monitor the water level, and the compact design allows the unit to be easily placed anywhere. An additional 120 ml emergency reservoir provides a supply of water in case of a power outage, so you can be sure that your pet will always have access to a drink.<\/p>\n<p>\n<img decoding=\"async\" border=\"0\" src=\"https:\/\/assets.innpro.pl\/11584\/13717\/2.jpg\"\/>\n<\/p>\n<h3>Easy power supply and convenience of use<\/h3>\n<p>The fountain works both on mains power and when connected to a powerbank via a USB port. This convenient solution allows you to use it in various conditions &#8211; at home, on the balcony or even during a short trip. Thanks to its easy disassembly and ability to be quickly cleaned, the Rojeco fountain is also a practical solution for any pet owner.<\/p>\n<p>\n<img decoding=\"async\" border=\"0\" src=\"https:\/\/assets.innpro.pl\/11584\/13717\/3.jpg\"\/>\n<\/p>\n<h3>Iek\u013cauts<\/h3>\n<ul class=\"list-disc pl-5\">\n<li>Rojeco fountain<\/li>\n<li>Filter with activated carbon and sponge<\/li>\n<li>USB cable<\/li>\n<li>Lietot\u0101ja rokasgr\u0101mata<\/li>\n<\/ul>\n<div class=\"table-wrapper\">\n<p>\u00a0<\/p>\n<h3><\/h3>\n<table>\n<tbody>\n<tr>\n<th>Ra\u017eot\u0101js<\/th>\n<td>Rojeco<\/td>\n<\/tr>\n<tr>\n<th>Manufacturer code<\/th>\n<td>RYSJ-12<\/td>\n<\/tr>\n<tr>\n<th>Tvertnes ietilp\u012bba<\/th>\n<td>1,5 liters<\/td>\n<\/tr>\n<tr>\n<th>Izm\u0113ri<\/th>\n<td>145 x 166 mm<\/td>\n<\/tr>\n<tr>\n<th>Filtr\u0113\u0161ana<\/th>\n<td>Double (active carbon + sponge)<\/td>\n<\/tr>\n<tr>\n<th>Baro\u0161anas avots<\/th>\n<td>USB (5V, 1A)<\/td>\n<\/tr>\n<tr>\n<th>Klusa darb\u012bba<\/th>\n<td><40 dB<\/td>\n<\/tr>\n<tr>\n<th>Materi\u0101ls<\/th>\n<td>ABS (pet safe plastic)<\/td>\n<\/tr>\n<\/tbody>\n<\/table>\n<\/div>","protected":false},"excerpt":{"rendered":"<p>Rojeco 1.5L pet fountain \/ drinker. By taking care of your pet&#8217;s hydration, you are investing in their health and well-being. Rojeco&#8217;s 1.5L fountain is a thoughtful solution that provides clean, fresh water in a friendly and customized way for your pet. Equipped with modern features, it combines ergonomics with top quality, making drinking water [&#8230;]\n","protected":false},"featured_media":95179,"comment_status":"open","ping_status":"closed","template":"","meta":[],"location":[19557,19558],"product_brand":[],"product_cat":[12454],"product_tag":[],"class_list":{"0":"post-81374","1":"product","2":"type-product","3":"status-publish","4":"has-post-thumbnail","6":"location-innpro_stock_location","7":"location-local_stock_location","8":"product_cat-water-dispensers","10":"first","11":"outofstock","12":"taxable","13":"shipping-taxable","14":"purchasable","15":"product-type-simple"},"aioseo_notices":[],"locations":[{"id":19557,"name":"Pieg\u0101d\u0101ja noliktav\u0101 (5-7dd.d)","slug":"innpro_stock_location","quantity":"0"},{"id":19558,"name":"R\u012bgas veikals (0-2dd.d)","slug":"local_stock_location","quantity":"0"}],"_links":{"self":[{"href":"https:\/\/elektrons.lv\/lv\/wp-json\/wp\/v2\/product\/81374","targetHints":{"allow":["GET"]}}],"collection":[{"href":"https:\/\/elektrons.lv\/lv\/wp-json\/wp\/v2\/product"}],"about":[{"href":"https:\/\/elektrons.lv\/lv\/wp-json\/wp\/v2\/types\/product"}],"replies":[{"embeddable":true,"href":"https:\/\/elektrons.lv\/lv\/wp-json\/wp\/v2\/comments?post=81374"}],"wp:featuredmedia":[{"embeddable":true,"href":"https:\/\/elektrons.lv\/lv\/wp-json\/wp\/v2\/media\/95179"}],"wp:attachment":[{"href":"https:\/\/elektrons.lv\/lv\/wp-json\/wp\/v2\/media?parent=81374"}],"wp:term":[{"taxonomy":"location","embeddable":true,"href":"https:\/\/elektrons.lv\/lv\/wp-json\/wp\/v2\/location?post=81374"},{"taxonomy":"product_brand","embeddable":true,"href":"https:\/\/elektrons.lv\/lv\/wp-json\/wp\/v2\/product_brand?post=81374"},{"taxonomy":"product_cat","embeddable":true,"href":"https:\/\/elektrons.lv\/lv\/wp-json\/wp\/v2\/product_cat?post=81374"},{"taxonomy":"product_tag","embeddable":true,"href":"https:\/\/elektrons.lv\/lv\/wp-json\/wp\/v2\/product_tag?post=81374"}],"curies":[{"name":"wp","href":"https:\/\/api.w.org\/{rel}","templated":true}]}}