{"id":81397,"date":"2026-05-14T09:41:15","date_gmt":"2026-05-14T09:41:15","guid":{"rendered":"https:\/\/elektrons.lv\/Prece\/glocalme-duoturbo-cloud-sim-portable-wi-fi-4g-lte-router\/"},"modified":"2026-05-15T15:01:52","modified_gmt":"2026-05-15T13:01:52","slug":"glocalme-duoturbo-cloud-sim-portable-wi-fi-4g-lte-router","status":"publish","type":"product","link":"https:\/\/elektrons.lv\/lv\/Prece\/glocalme-duoturbo-cloud-sim-portable-wi-fi-4g-lte-router\/","title":{"rendered":"GlocalMe Duoturbo Cloud SIM Portat\u012bvais Wi-Fi 4G\/LTE mar\u0161rut\u0113t\u0101js"},"content":{"rendered":"<h3>GlocalMe Duoturbo portable 4G\/LTE Wi-Fi router<\/h3>\n<p>GlocalMe Duoturbo is a device that redefines the way you use the Internet on the go. Its compact size (126 \u00d7 66 \u00d7 12.6 mm) and lightweight design (148 g) make it easy to transport. And the built-in CloudSIM technology offers 4G\/LTE connectivity, without the need for traditional SIM cards, in more than 150 countries. In addition, the router is equipped with a 2.4-inch LCD display, which allows easy management of settings and monitoring of network status. The product is also distinguished by an operating time of up to 12 hours on a single charge.<\/p>\n<p>\n<img decoding=\"async\" alt=\"\" border=\"0\" src=\"https:\/\/assets.innpro.pl\/11222\/13232\/1a (1).jpg\"\/>\n<\/p>\n<h3>Access the Internet wherever you want<\/h3>\n<p>The Duoturbo router supports a wide range of FDD-LTE and TDD-LTE bands, allowing you to use 4G\/LTE networks almost anywhere in the world. And the built-in CloudSIM technology automatically connects you to the best available network in your location, without the need to purchase a local SIM card. Supporting WCDMA and GSM standards, it provides flexibility and transfer stability in a variety of conditions. In addition, its maximum download speed is 150 Mbps and upload speed is 50 Mbps, guaranteeing a fast connection, even under heavy load.<\/p>\n<p>\n<img decoding=\"async\" alt=\"\" border=\"0\" src=\"https:\/\/assets.innpro.pl\/11222\/13232\/1a (2).jpg\"\/>\n<\/p>\n<h3>High-speed Wi-Fi for multiple devices<\/h3>\n<p>The GlocalMe Duoturbo supports 2.4 GHz Wi-Fi (802.11 b\/g\/n) and allows up to 10 devices to connect simultaneously, making it ideal for both teamwork and family outings. What&#8217;s more, the router can support a single Nano SIM card, giving you the flexibility to use different network operators.<\/p>\n<p>\n<img decoding=\"async\" alt=\"\" border=\"0\" src=\"https:\/\/assets.innpro.pl\/11222\/13232\/1a (6).jpg\"\/>\n<\/p>\n<h3>Powerful battery, efficient charging<\/h3>\n<p>GlocalMe Duoturbo is equipped with a 3,500 mAh battery that provides more than 12 hours of continuous use. In addition, thanks to the USB-C port, the device can be charged with 5 V \/ 2 A in a short time &#8211; you don&#8217;t have to wait too long until it&#8217;s ready for use again!<\/p>\n<p>\n<img decoding=\"async\" alt=\"\" border=\"0\" src=\"https:\/\/assets.innpro.pl\/11222\/13232\/1a (4).jpg\"\/>\n<\/p>\n<h3>Modern display<\/h3>\n<p>The router has a 2.4-inch touchscreen with QVGA (240 \u00d7 320) resolution, which makes it easy to monitor connection status, battery level and other settings. Durable 2D glass protects the screen from scratches, and the sleek design makes the device not only functional, but also stylish.<\/p>\n<p>\n<img decoding=\"async\" alt=\"\" border=\"0\" src=\"https:\/\/assets.innpro.pl\/11222\/13232\/1a (3).jpg\"\/>\n<\/p>\n<h3>Compact and lightweight<\/h3>\n<p>With dimensions of 126 \u00d7 66 \u00d7 12.6 mm and a weight of just 148 g, the GlocalMe Duoturbo is extremely portable and easy to carry. So it will fit in your pocket or bag, providing convenient access to the Internet at any time.<\/p>\n<p>\n<img decoding=\"async\" alt=\"\" border=\"0\" src=\"https:\/\/assets.innpro.pl\/11222\/13232\/1a (5).jpg\"\/>\n<\/p>\n<h3>Perfect for travel, perfect for you<\/h3>\n<p>GlocalMe Duoturbo is an innovative device that combines mobility with reliability. With the implementation of modern technologies, support for multiple standards and long operating time, it is the perfect solution for travelers, professionals and for anyone who needs stable internet anywhere in the world.<\/p>\n<p>\n<img decoding=\"async\" alt=\"\" border=\"0\" src=\"https:\/\/assets.innpro.pl\/11222\/13232\/1a (7).jpg\"\/>\n<\/p>\n<div class=\"table-wrapper\">\n<p>\u00a0<\/p>\n<h3><\/h3>\n<table>\n<tbody>\n<tr>\n<th>Ra\u017eot\u0101js<\/th>\n<td>GlocalMe<\/td>\n<\/tr>\n<tr>\n<th>Modelis<\/th>\n<td>Duoturbo black<\/td>\n<\/tr>\n<tr>\n<th>Izm\u0113ri<\/th>\n<td>126 \u00d7 66 \u00d7 12.6 mm<\/td>\n<\/tr>\n<tr>\n<th>Korpusa materi\u0101ls<\/th>\n<td>Plastmasa<\/td>\n<\/tr>\n<tr>\n<th>Kr\u0101sa<\/th>\n<td>Balts<\/td>\n<\/tr>\n<tr>\n<th>Svars<\/th>\n<td>148 g<\/td>\n<\/tr>\n<tr>\n<th>Display size<\/th>\n<td>2.4 inches<\/td>\n<\/tr>\n<tr>\n<th>Resolution<\/th>\n<td>QVGA (240\u00d7320)<\/td>\n<\/tr>\n<tr>\n<th>Sk\u0101rienj\u016bt\u012bgais ekr\u0101ns<\/th>\n<td>Yes (G+F)<\/td>\n<\/tr>\n<tr>\n<th>Stikls<\/th>\n<td>2D<\/td>\n<\/tr>\n<tr>\n<th>CPU<\/th>\n<td>QUALCOMM QM215<\/td>\n<\/tr>\n<tr>\n<th>FDD-LTE<\/th>\n<td>B1\/2\/3\/4\/5\/7\/8\/9\/12\/13\/17\/18\/19\/20\/25\/26\/28\/66<\/td>\n<\/tr>\n<tr>\n<th>TDD-LTE<\/th>\n<td>B34\/38\/39\/40\/41(194M)<\/td>\n<\/tr>\n<tr>\n<th>WCDMA<\/th>\n<td>B1\/2\/4\/5\/6\/8\/9\/19<\/td>\n<\/tr>\n<tr>\n<th>TD-SCDMA<\/th>\n<td>N\u0113<\/td>\n<\/tr>\n<tr>\n<th>GSM<\/th>\n<td>850\/900\/1800\/1900<\/td>\n<\/tr>\n<tr>\n<th>CA<\/th>\n<td>N\u0113<\/td>\n<\/tr>\n<tr>\n<th>Max. download speed<\/th>\n<td>150 Mbps<\/td>\n<\/tr>\n<tr>\n<th>Max upload speed<\/th>\n<td>50 Mbps<\/td>\n<\/tr>\n<tr>\n<th>FDD-LTE (subnet)<\/th>\n<td>B1\/2\/3\/4\/5\/7\/8\/9\/12\/13\/17\/18\/19\/20\/25\/26\/28\/66<\/td>\n<\/tr>\n<tr>\n<th>TDD-LTE (subnet)<\/th>\n<td>B34\/38\/39\/40\/41(194M)<\/td>\n<\/tr>\n<tr>\n<th>WCDMA (subnet)<\/th>\n<td>B1\/2\/4\/5\/6\/8\/9\/19<\/td>\n<\/tr>\n<tr>\n<th>TD-SCDMA (subnet)<\/th>\n<td>N\u0113<\/td>\n<\/tr>\n<tr>\n<th>CDMA\/EVDO (subnet)<\/th>\n<td>N\u0113<\/td>\n<\/tr>\n<tr>\n<th>GSM (subnetwork)<\/th>\n<td>850\/900\/1800\/1900<\/td>\n<\/tr>\n<tr>\n<th>CA (subnet)<\/th>\n<td>N\u0113<\/td>\n<\/tr>\n<tr>\n<th>Max. download speed (subnet)<\/th>\n<td>150 Mbps<\/td>\n<\/tr>\n<tr>\n<th>Max. upload speed (subnet)<\/th>\n<td>50 Mbps<\/td>\n<\/tr>\n<tr>\n<th>WLAN<\/th>\n<td>2.4 GHz (802.11 b\/g\/n)<\/td>\n<\/tr>\n<tr>\n<th>Maximum number of connected devices<\/th>\n<td>10<\/td>\n<\/tr>\n<tr>\n<th>Bluetooth<\/th>\n<td>N\u0113<\/td>\n<\/tr>\n<tr>\n<th>GPS<\/th>\n<td>J\u0101<\/td>\n<\/tr>\n<tr>\n<th>Akumulatora ietilp\u012bba<\/th>\n<td>3500 mAh<\/td>\n<\/tr>\n<tr>\n<th>Battery voltage<\/th>\n<td>3,8 V<\/td>\n<\/tr>\n<tr>\n<th>Charging current<\/th>\n<td>5 V \/ 2 A<\/td>\n<\/tr>\n<tr>\n<th>Darb\u012bbas laiks<\/th>\n<td>Approx. 12 h<\/td>\n<\/tr>\n<tr>\n<th>Interfeiss<\/th>\n<td>USB-C<\/td>\n<\/tr>\n<tr>\n<th>Headphone jack<\/th>\n<td>N\u0113<\/td>\n<\/tr>\n<tr>\n<th>Memory card<\/th>\n<td>N\u0113<\/td>\n<\/tr>\n<tr>\n<th>SIM card<\/th>\n<td>1x Nano SIM<\/td>\n<\/tr>\n<tr>\n<th>Power button<\/th>\n<td>Side button<\/td>\n<\/tr>\n<tr>\n<th>Reset button<\/th>\n<td>N\u0113<\/td>\n<\/tr>\n<\/tbody>\n<\/table>\n<\/div>","protected":false},"excerpt":{"rendered":"<p>GlocalMe Duoturbo portable 4G\/LTE Wi-Fi router GlocalMe Duoturbo is a device that redefines the way you use the Internet on the go. Its compact size (126 \u00d7 66 \u00d7 12.6 mm) and lightweight design (148 g) make it easy to transport. And the built-in CloudSIM technology offers 4G\/LTE connectivity, without the need for traditional SIM [&#8230;]\n","protected":false},"featured_media":95055,"comment_status":"open","ping_status":"closed","template":"","meta":[],"location":[19557,19558],"product_brand":[],"product_cat":[15617],"product_tag":[],"class_list":{"0":"post-81397","1":"product","2":"type-product","3":"status-publish","4":"has-post-thumbnail","6":"location-innpro_stock_location","7":"location-local_stock_location","8":"product_cat-network-devices","10":"first","11":"outofstock","12":"taxable","13":"shipping-taxable","14":"purchasable","15":"product-type-simple"},"aioseo_notices":[],"locations":[{"id":19557,"name":"Pieg\u0101d\u0101ja noliktav\u0101 (5-7dd.d)","slug":"innpro_stock_location","quantity":"0"},{"id":19558,"name":"R\u012bgas veikals (0-2dd.d)","slug":"local_stock_location","quantity":"0"}],"_links":{"self":[{"href":"https:\/\/elektrons.lv\/lv\/wp-json\/wp\/v2\/product\/81397","targetHints":{"allow":["GET"]}}],"collection":[{"href":"https:\/\/elektrons.lv\/lv\/wp-json\/wp\/v2\/product"}],"about":[{"href":"https:\/\/elektrons.lv\/lv\/wp-json\/wp\/v2\/types\/product"}],"replies":[{"embeddable":true,"href":"https:\/\/elektrons.lv\/lv\/wp-json\/wp\/v2\/comments?post=81397"}],"wp:featuredmedia":[{"embeddable":true,"href":"https:\/\/elektrons.lv\/lv\/wp-json\/wp\/v2\/media\/95055"}],"wp:attachment":[{"href":"https:\/\/elektrons.lv\/lv\/wp-json\/wp\/v2\/media?parent=81397"}],"wp:term":[{"taxonomy":"location","embeddable":true,"href":"https:\/\/elektrons.lv\/lv\/wp-json\/wp\/v2\/location?post=81397"},{"taxonomy":"product_brand","embeddable":true,"href":"https:\/\/elektrons.lv\/lv\/wp-json\/wp\/v2\/product_brand?post=81397"},{"taxonomy":"product_cat","embeddable":true,"href":"https:\/\/elektrons.lv\/lv\/wp-json\/wp\/v2\/product_cat?post=81397"},{"taxonomy":"product_tag","embeddable":true,"href":"https:\/\/elektrons.lv\/lv\/wp-json\/wp\/v2\/product_tag?post=81397"}],"curies":[{"name":"wp","href":"https:\/\/api.w.org\/{rel}","templated":true}]}}