{"id":81421,"date":"2026-05-14T09:41:18","date_gmt":"2026-05-14T09:41:18","guid":{"rendered":"https:\/\/elektrons.lv\/Prece\/magnetic-litter-strainer-for-petkit-pura-max-pura-max-2-purobot-max-pro-set\/"},"modified":"2026-05-15T16:15:59","modified_gmt":"2026-05-15T14:15:59","slug":"magnetic-litter-strainer-for-petkit-pura-max-pura-max-2-purobot-max-pro-set","status":"publish","type":"product","link":"https:\/\/elektrons.lv\/lv\/Prece\/magnetic-litter-strainer-for-petkit-pura-max-pura-max-2-purobot-max-pro-set\/","title":{"rendered":"Magnetic Litter Strainer for Petkit Pura Max \/ Pura Max 2 \/ Purobot Max PRO (set)"},"content":{"rendered":"<h3>Petkit Pura Max \/ Pura Max 2 \/ Purobot Max PRO magnetic litter strainer (set)<\/h3>\n<p>Take care of your pet&#8217;s litter box cleanliness in a quick and hassle-free way with the magnetic litter strainer from Petkit. In the set you will find two practical accessories (strainer and shovel) that will make everyday cleaning easier and comfortable. Thanks to the innovative magnetic design, installation is child&#8217;s play &#8211; it only takes a moment for the tool to be ready for use.<\/p>\n<p>\n<img decoding=\"async\" alt=\"\" border=\"0\" src=\"https:\/\/assets.innpro.pl\/12145\/14394\/3.jpg\"\/>\n<\/p>\n<h3>Cleanliness at your fingertips<\/h3>\n<p>Forget about tedious manual emptying of the litter box. The magnetic strainer together with the Petkit spatula allows you to remove all the litter from the container with a single click. This solution not only saves time, but also makes cleaning convenient and hygienic. The strainer fits mixed litter and tofu litter.<\/p>\n<p>\n<img decoding=\"async\" alt=\"\" border=\"0\" src=\"https:\/\/assets.innpro.pl\/12145\/14394\/2.jpg\"\/>\n<\/p>\n<h3>Easy care and durability<\/h3>\n<p>Made of durable and safe materials, the accessory can be easily washed, which allows you to maintain the highest standards of cleanliness. The product is not only functional, but also easy to maintain, making it an indispensable accessory for any cat&#8217;s toilet.<\/p>\n<p>\n<img decoding=\"async\" alt=\"\" border=\"0\" src=\"https:\/\/assets.innpro.pl\/12145\/14394\/1.jpg\"\/>\n<\/p>\n<h3>The set includes<\/h3>\n<ul class=\"list-disc pl-5\">\n<li>magnetic litter strainer<\/li>\n<li>magnetic litter scoop<\/li>\n<\/ul>\n<div class=\"table-wrapper\">\n<p>\u00a0<\/p>\n<h3><\/h3>\n<table>\n<tbody>\n<tr>\n<th>Ra\u017eot\u0101js<\/th>\n<td>Petkit<\/td>\n<\/tr>\n<tr>\n<th>Modelis<\/th>\n<td>P99022<\/td>\n<\/tr>\n<tr>\n<th>Compatible litter boxes<\/th>\n<td>Puramax, Puramax 2, Purobot Max Pro<\/td>\n<\/tr>\n<tr>\n<th>Material of manufacture<\/th>\n<td>ABS, PET<\/td>\n<\/tr>\n<\/tbody>\n<\/table>\n<\/div>","protected":false},"excerpt":{"rendered":"<p>Petkit Pura Max \/ Pura Max 2 \/ Purobot Max PRO magnetic litter strainer (set) Take care of your pet&#8217;s litter box cleanliness in a quick and hassle-free way with the magnetic litter strainer from Petkit. In the set you will find two practical accessories (strainer and shovel) that will make everyday cleaning easier and [&#8230;]\n","protected":false},"featured_media":94997,"comment_status":"open","ping_status":"closed","template":"","meta":[],"location":[19557,19558],"product_brand":[],"product_cat":[12730],"product_tag":[],"class_list":{"0":"post-81421","1":"product","2":"type-product","3":"status-publish","4":"has-post-thumbnail","6":"location-innpro_stock_location","7":"location-local_stock_location","8":"product_cat-litter-box-accessories","10":"first","11":"instock","12":"sale","13":"taxable","14":"shipping-taxable","15":"purchasable","16":"product-type-simple"},"aioseo_notices":[],"locations":[{"id":19557,"name":"Pieg\u0101d\u0101ja noliktav\u0101 (5-7dd.d)","slug":"innpro_stock_location","quantity":"2"},{"id":19558,"name":"R\u012bgas veikals (0-2dd.d)","slug":"local_stock_location","quantity":"0"}],"_links":{"self":[{"href":"https:\/\/elektrons.lv\/lv\/wp-json\/wp\/v2\/product\/81421","targetHints":{"allow":["GET"]}}],"collection":[{"href":"https:\/\/elektrons.lv\/lv\/wp-json\/wp\/v2\/product"}],"about":[{"href":"https:\/\/elektrons.lv\/lv\/wp-json\/wp\/v2\/types\/product"}],"replies":[{"embeddable":true,"href":"https:\/\/elektrons.lv\/lv\/wp-json\/wp\/v2\/comments?post=81421"}],"wp:featuredmedia":[{"embeddable":true,"href":"https:\/\/elektrons.lv\/lv\/wp-json\/wp\/v2\/media\/94997"}],"wp:attachment":[{"href":"https:\/\/elektrons.lv\/lv\/wp-json\/wp\/v2\/media?parent=81421"}],"wp:term":[{"taxonomy":"location","embeddable":true,"href":"https:\/\/elektrons.lv\/lv\/wp-json\/wp\/v2\/location?post=81421"},{"taxonomy":"product_brand","embeddable":true,"href":"https:\/\/elektrons.lv\/lv\/wp-json\/wp\/v2\/product_brand?post=81421"},{"taxonomy":"product_cat","embeddable":true,"href":"https:\/\/elektrons.lv\/lv\/wp-json\/wp\/v2\/product_cat?post=81421"},{"taxonomy":"product_tag","embeddable":true,"href":"https:\/\/elektrons.lv\/lv\/wp-json\/wp\/v2\/product_tag?post=81421"}],"curies":[{"name":"wp","href":"https:\/\/api.w.org\/{rel}","templated":true}]}}