{"id":81642,"date":"2026-05-14T09:41:44","date_gmt":"2026-05-14T09:41:44","guid":{"rendered":"https:\/\/elektrons.lv\/Prece\/baseus-enjoyment-max-car-charger-with-usb-cusb-c-cables-60w-black\/"},"modified":"2026-05-15T15:01:38","modified_gmt":"2026-05-15T13:01:38","slug":"baseus-enjoyment-max-car-charger-with-usb-cusb-c-cables-60w-black","status":"publish","type":"product","link":"https:\/\/elektrons.lv\/lv\/Prece\/baseus-enjoyment-max-car-charger-with-usb-cusb-c-cables-60w-black\/","title":{"rendered":"Baseus Enjoyment Max auto l\u0101d\u0113t\u0101js ar USB-C+USB-C kabe\u013ciem 60W Melns"},"content":{"rendered":"<h3>Baseus car charger + 2 USB-C cables 60 W (black)<\/h3>\n<p>The Baseus car charger with two built-in USB-C cables with a total power of 60 watts provides fast charging for two devices at the same time and is ideal for both driver and passenger. The integrated safety system, swivel design and 12-24 volt compatibility ensure reliability in any vehicle.<\/p>\n<p>\n<img decoding=\"async\" alt=\"\" border=\"0\" src=\"https:\/\/assets.innpro.pl\/15734\/19799\/3.jpg\"\/>\n<\/p>\n<h3>Swivel design<\/h3>\n<p>The 180\u00b0 mechanism used allows you to conveniently position the charger at any angle without tangled wires. Dual 80 cm long cables automatically retract for easy organization of space in the car.<\/p>\n<p>\n<img decoding=\"async\" alt=\"\" border=\"0\" src=\"https:\/\/assets.innpro.pl\/15734\/19799\/6.jpg\"\/>\n<\/p>\n<h3>\u0100tra uzl\u0101de<\/h3>\n<p>Both cables support fast charging with up to 30 watts each, allowing you to instantly renew the energy of two devices simultaneously. The Baseus charger supports PD, QC, SCP and AFC protocols, making it compatible with many devices.<\/p>\n<p>\n<img decoding=\"async\" alt=\"\" border=\"0\" src=\"https:\/\/assets.innpro.pl\/15734\/19799\/4.jpg\"\/>\n<\/p>\n<h3>Safety in all conditions<\/h3>\n<p>The temperature control system ensures that the device does not get hot during charging. The charger also provides protection against overvoltage, overload, short circuit and over-discharge.<\/p>\n<p>\n<img decoding=\"async\" alt=\"\" border=\"0\" src=\"https:\/\/assets.innpro.pl\/15734\/19799\/2.jpg\"\/>\n<\/p>\n<h3>Stability even on a bumpy road<\/h3>\n<p>Spring-loaded handles on the sides of the charger guarantee a secure fit in the cigarette lighter socket. Whether you&#8217;re navigating bumps, speed bumps, or braking suddenly &#8211; the charger remains stable and won&#8217;t interrupt charging.<\/p>\n<p>\n<img decoding=\"async\" alt=\"\" border=\"0\" src=\"https:\/\/assets.innpro.pl\/15734\/19799\/1.jpg\"\/>\n<\/p>\n<h3>Ready for any trip<\/h3>\n<p>The Baseus device works with a voltage range of 12-24 volts, so it fits cars, SUVs and trucks. At night, subtle LED backlighting makes it easy to find the charger and use it without having to turn on additional lights.<\/p>\n<p>\n<img decoding=\"async\" alt=\"\" border=\"0\" src=\"https:\/\/assets.innpro.pl\/15734\/19799\/5.jpg\"\/>\n<\/p>\n<div class=\"table-wrapper\">\n<p>\u00a0<\/p>\n<h3><\/h3>\n<table>\n<tbody>\n<tr>\n<th>Ra\u017eot\u0101js<\/th>\n<td>Baseus<\/td>\n<\/tr>\n<tr>\n<th>Manufacturer code<\/th>\n<td>C00035507121-01<\/td>\n<\/tr>\n<tr>\n<th>Kr\u0101sa<\/th>\n<td>Melns<\/td>\n<\/tr>\n<tr>\n<th>Materi\u0101ls<\/th>\n<td>PC<\/td>\n<\/tr>\n<tr>\n<th>Ievade<\/th>\n<td>DC 12-24 V<\/td>\n<\/tr>\n<tr>\n<th>Svars<\/th>\n<td>approx. 120 g<\/td>\n<\/tr>\n<tr>\n<th>USB-C1 \/ USB-C2:<\/th>\n<td>5V\u23933A; 9V\u23933A; 12V\u23932.5A; 15V\u23932.0A; 20V\u23931.5A; 30W max.<\/td>\n<\/tr>\n<tr>\n<th>USB-C1 + USB-C2<\/th>\n<td>60 W<\/td>\n<\/tr>\n<\/tbody>\n<\/table>\n<\/div>","protected":false},"excerpt":{"rendered":"<p>Baseus car charger + 2 USB-C cables 60 W (black) The Baseus car charger with two built-in USB-C cables with a total power of 60 watts provides fast charging for two devices at the same time and is ideal for both driver and passenger. The integrated safety system, swivel design and 12-24 volt compatibility ensure [&#8230;]\n","protected":false},"featured_media":94372,"comment_status":"open","ping_status":"closed","template":"","meta":[],"location":[19557,19558],"product_brand":[],"product_cat":[12041],"product_tag":[],"class_list":{"0":"post-81642","1":"product","2":"type-product","3":"status-publish","4":"has-post-thumbnail","6":"location-innpro_stock_location","7":"location-local_stock_location","8":"product_cat-car-chargers","10":"first","11":"instock","12":"sale","13":"taxable","14":"shipping-taxable","15":"purchasable","16":"product-type-simple"},"aioseo_notices":[],"locations":[{"id":19557,"name":"Pieg\u0101d\u0101ja noliktav\u0101 (5-7dd.d)","slug":"innpro_stock_location","quantity":"11"},{"id":19558,"name":"R\u012bgas veikals (0-2dd.d)","slug":"local_stock_location","quantity":"0"}],"_links":{"self":[{"href":"https:\/\/elektrons.lv\/lv\/wp-json\/wp\/v2\/product\/81642","targetHints":{"allow":["GET"]}}],"collection":[{"href":"https:\/\/elektrons.lv\/lv\/wp-json\/wp\/v2\/product"}],"about":[{"href":"https:\/\/elektrons.lv\/lv\/wp-json\/wp\/v2\/types\/product"}],"replies":[{"embeddable":true,"href":"https:\/\/elektrons.lv\/lv\/wp-json\/wp\/v2\/comments?post=81642"}],"wp:featuredmedia":[{"embeddable":true,"href":"https:\/\/elektrons.lv\/lv\/wp-json\/wp\/v2\/media\/94372"}],"wp:attachment":[{"href":"https:\/\/elektrons.lv\/lv\/wp-json\/wp\/v2\/media?parent=81642"}],"wp:term":[{"taxonomy":"location","embeddable":true,"href":"https:\/\/elektrons.lv\/lv\/wp-json\/wp\/v2\/location?post=81642"},{"taxonomy":"product_brand","embeddable":true,"href":"https:\/\/elektrons.lv\/lv\/wp-json\/wp\/v2\/product_brand?post=81642"},{"taxonomy":"product_cat","embeddable":true,"href":"https:\/\/elektrons.lv\/lv\/wp-json\/wp\/v2\/product_cat?post=81642"},{"taxonomy":"product_tag","embeddable":true,"href":"https:\/\/elektrons.lv\/lv\/wp-json\/wp\/v2\/product_tag?post=81642"}],"curies":[{"name":"wp","href":"https:\/\/api.w.org\/{rel}","templated":true}]}}