{"id":81702,"date":"2026-05-14T09:41:52","date_gmt":"2026-05-14T09:41:52","guid":{"rendered":"https:\/\/elektrons.lv\/Prece\/geneinno-t1-pro-200m-4k-uhd-underwater-drone\/"},"modified":"2026-05-15T15:05:11","modified_gmt":"2026-05-15T13:05:11","slug":"geneinno-t1-pro-200m-4k-uhd-underwater-drone","status":"publish","type":"product","link":"https:\/\/elektrons.lv\/lv\/Prece\/geneinno-t1-pro-200m-4k-uhd-underwater-drone\/","title":{"rendered":"Geneinno T1-Pro 200m 4K UHD underwater drone"},"content":{"rendered":"<h3>Geneinno T1-Pro 200m 4K UHD underwater drone<\/h3>\n<p>The Geneinno T1-Pro is a versatile underwater drone designed for professional and research tasks. With the ability to dive to depths of up to 175 meters and a rugged design, the device is ideal for hull inspection, wreck exploration, aquaculture monitoring or seabed exploration. The unique azimuthal control system ensures stability and precise maneuvering even in strong currents of up to 4 knots. Note: the grapple shown in some photos is not included.<\/p>\n<p>\n<img decoding=\"async\" alt=\"\" border=\"0\" src=\"https:\/\/assets.innpro.pl\/13258\/16284\/11.jpg\"\/>\n<\/p>\n<h3>High-quality 4K video and precise images<\/h3>\n<p>The drone is equipped with a 4K camera based on a 1\/2.3&#8243; SONY CMOS sensor, which captures video in 4000 x 3000 pixels at 30 frames per second and photos in 12 MP quality. A wide-angle lens with a 160\u00b0 field of view and EIS Anti-Shake technology ensure stable, clear shots, even in challenging underwater conditions. The T1-Pro supports JPEG, RAW and DNG formats for advanced post-mission photo editing.<\/p>\n<p>\n<img decoding=\"async\" alt=\"\" border=\"0\" src=\"https:\/\/assets.innpro.pl\/13258\/16284\/1.jpg\"\/>\n<\/p>\n<h3>Advanced sensors and application versatility<\/h3>\n<p>The Geneinno T1-Pro is equipped with IMU sensors with a 6-axis gyroscope, accelerometer and 3-axis compass for precise control in 6 degrees of freedom. The depth sensor operates with \u00b10.05m accuracy, and the temperature sensor with \u00b10.5\u00b0C precision.<\/p>\n<p>\n<img decoding=\"async\" alt=\"\" border=\"0\" src=\"https:\/\/assets.innpro.pl\/13258\/16284\/3.jpg\"\/>\n<\/p>\n<h3>Long operating time and long-lasting battery<\/h3>\n<p>With a capacious 9000 mAh battery, the Geneinno T1-Pro offers up to 4 hours of continuous operation. The battery takes just 3 hours to fully charge.<\/p>\n<p>\n<img decoding=\"async\" alt=\"\" border=\"0\" src=\"https:\/\/assets.innpro.pl\/13258\/16284\/4.jpg\"\/>\n<\/p>\n<h3>Smart lighting and durable cable<\/h3>\n<p>The drone is equipped with two LED headlights with 1500 lumens each. The beam angle is 60\u00b0 and the color temperature is 4500K, which ensures natural color reproduction underwater. The 4.5mm diameter cable, which can withstand up to 100kg, allows safe exploration of up to 200 meters.<\/p>\n<p>\n<img decoding=\"async\" alt=\"\" border=\"0\" src=\"https:\/\/assets.innpro.pl\/13258\/16284\/5.jpg\"\/>\n<\/p>\n<h3>Intuitive operation and live transmission<\/h3>\n<p>The Geneinno T1-Pro can be controlled with a dedicated 2.4 GHz controller, which allows real-time viewing on a smartphone or tablet in full HD 1080p quality. With the Geneinno App, users can track the drone&#8217;s exact route and receive notifications on its status. Built-in 5GHz and 2.4GHz Wi-Fi provides a stable connection at distances of up to 50 meters, and the wireless relay allows for operation for more than 10 hours.<\/p>\n<p>\n<img decoding=\"async\" alt=\"\" border=\"0\" src=\"https:\/\/assets.innpro.pl\/13258\/16284\/9.jpg\"\/>\n<\/p>\n<h3>Iek\u013cauts<\/h3>\n<ul class=\"list-disc pl-5\">\n<li>Geneinno T1-PRO drone<\/li>\n<li>Reel with cable and winder<\/li>\n<li>Wireless transmitter<\/li>\n<li>Dive filters<\/li>\n<li>Lietot\u0101ja rokasgr\u0101mata<\/li>\n<li>Controller<\/li>\n<li>Charger<\/li>\n<li>Ballast modules<\/li>\n<li>Hard case<\/li>\n<li>Lietot\u0101ja rokasgr\u0101mata<\/li>\n<\/ul>\n<div class=\"table-wrapper\">\n<p>\u00a0<\/p>\n<h3>\u0122ener\u0101lis<\/h3>\n<table>\n<tbody>\n<tr>\n<th>Ra\u017eot\u0101js<\/th>\n<td>Geneinno<\/td>\n<\/tr>\n<tr>\n<th>Modelis<\/th>\n<td>T1-Pro-200M<\/td>\n<\/tr>\n<\/tbody>\n<\/table>\n<p>\u00a0<\/p>\n<h3>Unit<\/h3>\n<table>\n<tbody>\n<tr>\n<th>Svars<\/th>\n<td>5kg<\/td>\n<\/tr>\n<tr>\n<th>Izm\u0113ri<\/th>\n<td>380 * 348 * 168 mm<\/td>\n<\/tr>\n<tr>\n<th>Maximum depth<\/th>\n<td>175m<\/td>\n<\/tr>\n<tr>\n<th>Darb\u012bbas temperat\u016bras diapazons<\/th>\n<td>-10\u2103 ~ 50\u2103<\/td>\n<\/tr>\n<tr>\n<th>Maximum cruising speed<\/th>\n<td>2 m\/s<\/td>\n<\/tr>\n<tr>\n<th>Maximum ascent\/descent speed<\/th>\n<td>1.5 m\/s<\/td>\n<\/tr>\n<tr>\n<th>Flow resistance<\/th>\n<td>4kn 2m\/s<\/td>\n<\/tr>\n<tr>\n<th>Akumulatora ietilp\u012bba<\/th>\n<td>9000mAh\/97.2Wh<\/td>\n<\/tr>\n<tr>\n<th>Maximum dive time<\/th>\n<td>4 stundas<\/td>\n<\/tr>\n<tr>\n<th>Uzl\u0101des laiks<\/th>\n<td>3 hours<\/td>\n<\/tr>\n<tr>\n<th>Maximum angle of inclination<\/th>\n<td>+60\u00b0<\/td>\n<\/tr>\n<tr>\n<th>Expansion interface<\/th>\n<td>J\u0101<\/td>\n<\/tr>\n<tr>\n<th>Degrees of freedom<\/th>\n<td>Forward\/backward, ascent\/descent, left\/right turn, roll, tilt &#8211; 5 DOF<\/td>\n<\/tr>\n<\/tbody>\n<\/table>\n<p>\u00a0<\/p>\n<h3>Camera<\/h3>\n<table>\n<tbody>\n<tr>\n<th>CMOS<\/th>\n<td>6.17 mm x 4.55 mm SONY CMOS<\/td>\n<\/tr>\n<tr>\n<th>IRIS<\/th>\n<td>F2.5<\/td>\n<\/tr>\n<tr>\n<th>FOV (FIELD OF VIEW)<\/th>\n<td>160\u00b0<\/td>\n<\/tr>\n<tr>\n<th>Shutter opening time<\/th>\n<td>1\/30S<\/td>\n<\/tr>\n<tr>\n<th>Image size<\/th>\n<td>4000*3000 12M<\/td>\n<\/tr>\n<tr>\n<th>Photo format<\/th>\n<td>JPEG\/RAW\/DNG<\/td>\n<\/tr>\n<tr>\n<th>Video resolution<\/th>\n<td>4K: 4000*3000 30fps<\/td>\n<\/tr>\n<tr>\n<th>FHD<\/th>\n<td>1920*1080 60fps<\/td>\n<\/tr>\n<tr>\n<th>Live broadcast resolution<\/th>\n<td>480\/720\/1080P<\/td>\n<\/tr>\n<tr>\n<th>Maximum video transmission speed<\/th>\n<td>2 Mbps (live) 12 Mbps (video)<\/td>\n<\/tr>\n<tr>\n<th>Video format<\/th>\n<td>MP4 (MPEG-4 H264\/H265)<\/td>\n<\/tr>\n<tr>\n<th>Memory<\/th>\n<td>128G<\/td>\n<\/tr>\n<tr>\n<th>Recording time<\/th>\n<td>4~8 hours<\/td>\n<\/tr>\n<tr>\n<th>Anti-shake lens protection<\/th>\n<td>EIS Anti-Shake<\/td>\n<\/tr>\n<\/tbody>\n<\/table>\n<p>\u00a0<\/p>\n<h3>Light<\/h3>\n<table>\n<tbody>\n<tr>\n<th>L\u016bmeni<\/th>\n<td>2*1500 LM<\/td>\n<\/tr>\n<tr>\n<th>Light beam angle<\/th>\n<td>60\u00b0<\/td>\n<\/tr>\n<tr>\n<th>Temperat\u016bra<\/th>\n<td>4500K<\/td>\n<\/tr>\n<\/tbody>\n<\/table>\n<p>\u00a0<\/p>\n<h3>Cable<\/h3>\n<table>\n<tbody>\n<tr>\n<th>Cable diameter<\/th>\n<td>4.5 mm<\/td>\n<\/tr>\n<tr>\n<th>Working strength of the cable<\/th>\n<td>220 lbs<\/td>\n<\/tr>\n<tr>\n<th>Kabe\u013ca garums<\/th>\n<td>Standard 200 m<\/td>\n<\/tr>\n<\/tbody>\n<\/table>\n<p>\u00a0<\/p>\n<h3>Pieteikums<\/h3>\n<table>\n<tbody>\n<tr>\n<th>Live transmission<\/th>\n<td>J\u0101<\/td>\n<\/tr>\n<tr>\n<th>Operating systems<\/th>\n<td>IOS 9.0 +\/ Android 5.0<\/td>\n<\/tr>\n<\/tbody>\n<\/table>\n<p>\u00a0<\/p>\n<h3>Sensors<\/h3>\n<table>\n<tbody>\n<tr>\n<th>IMU<\/th>\n<td>6-axis gyroscope and accelerometer + 3-axis compass<\/td>\n<\/tr>\n<tr>\n<th>Depth sensor Precision<\/th>\n<td>+\/- 0.05m<\/td>\n<\/tr>\n<tr>\n<th>Temperature sensor precision<\/th>\n<td>+\/- 0.5\u2103<\/td>\n<\/tr>\n<tr>\n<th>Tilt\/tilt sensor precision<\/th>\n<td>+\/- 1\u00b0<\/td>\n<\/tr>\n<tr>\n<th>Precision of yaw sensor<\/th>\n<td>+\/- 1.5\u00b0<\/td>\n<\/tr>\n<\/tbody>\n<\/table>\n<p>\u00a0<\/p>\n<h3>Wireless relay<\/h3>\n<table>\n<tbody>\n<tr>\n<th>Svars<\/th>\n<td>0.45kg<\/td>\n<\/tr>\n<tr>\n<th>Izm\u0113ri<\/th>\n<td>109 x 99 x 53 mm<\/td>\n<\/tr>\n<tr>\n<th>Akumulatora ietilp\u012bba<\/th>\n<td>3200mAh\/34.56Wh<\/td>\n<\/tr>\n<tr>\n<th>Maximum operating time<\/th>\n<td>>10 h<\/td>\n<\/tr>\n<tr>\n<th>\u016adensiztur\u012bba<\/th>\n<td>IP57<\/td>\n<\/tr>\n<tr>\n<th>WIFI frequency<\/th>\n<td>5GHz+2.4GHz<\/td>\n<\/tr>\n<tr>\n<th>Maximum WIFI distance<\/th>\n<td>50m<\/td>\n<\/tr>\n<tr>\n<th>Uzl\u0101des laiks<\/th>\n<td>3 h<\/td>\n<\/tr>\n<\/tbody>\n<\/table>\n<\/div>","protected":false},"excerpt":{"rendered":"<p>Geneinno T1-Pro 200m 4K UHD underwater drone The Geneinno T1-Pro is a versatile underwater drone designed for professional and research tasks. With the ability to dive to depths of up to 175 meters and a rugged design, the device is ideal for hull inspection, wreck exploration, aquaculture monitoring or seabed exploration. The unique azimuthal control [&#8230;]\n","protected":false},"featured_media":94113,"comment_status":"open","ping_status":"closed","template":"","meta":[],"location":[19557,19558],"product_brand":[],"product_cat":[16118],"product_tag":[],"class_list":{"0":"post-81702","1":"product","2":"type-product","3":"status-publish","4":"has-post-thumbnail","6":"location-innpro_stock_location","7":"location-local_stock_location","8":"product_cat-underwater-drones","10":"first","11":"instock","12":"taxable","13":"shipping-taxable","14":"purchasable","15":"product-type-simple"},"aioseo_notices":[],"locations":[{"id":19557,"name":"Pieg\u0101d\u0101ja noliktav\u0101 (5-7dd.d)","slug":"innpro_stock_location","quantity":"2"},{"id":19558,"name":"R\u012bgas veikals (0-2dd.d)","slug":"local_stock_location","quantity":"0"}],"_links":{"self":[{"href":"https:\/\/elektrons.lv\/lv\/wp-json\/wp\/v2\/product\/81702","targetHints":{"allow":["GET"]}}],"collection":[{"href":"https:\/\/elektrons.lv\/lv\/wp-json\/wp\/v2\/product"}],"about":[{"href":"https:\/\/elektrons.lv\/lv\/wp-json\/wp\/v2\/types\/product"}],"replies":[{"embeddable":true,"href":"https:\/\/elektrons.lv\/lv\/wp-json\/wp\/v2\/comments?post=81702"}],"wp:featuredmedia":[{"embeddable":true,"href":"https:\/\/elektrons.lv\/lv\/wp-json\/wp\/v2\/media\/94113"}],"wp:attachment":[{"href":"https:\/\/elektrons.lv\/lv\/wp-json\/wp\/v2\/media?parent=81702"}],"wp:term":[{"taxonomy":"location","embeddable":true,"href":"https:\/\/elektrons.lv\/lv\/wp-json\/wp\/v2\/location?post=81702"},{"taxonomy":"product_brand","embeddable":true,"href":"https:\/\/elektrons.lv\/lv\/wp-json\/wp\/v2\/product_brand?post=81702"},{"taxonomy":"product_cat","embeddable":true,"href":"https:\/\/elektrons.lv\/lv\/wp-json\/wp\/v2\/product_cat?post=81702"},{"taxonomy":"product_tag","embeddable":true,"href":"https:\/\/elektrons.lv\/lv\/wp-json\/wp\/v2\/product_tag?post=81702"}],"curies":[{"name":"wp","href":"https:\/\/api.w.org\/{rel}","templated":true}]}}