{"id":81849,"date":"2026-05-14T09:42:10","date_gmt":"2026-05-14T09:42:10","guid":{"rendered":"https:\/\/elektrons.lv\/Prece\/carlinkit-firedrive-link-wireless-adapter\/"},"modified":"2026-05-15T15:03:15","modified_gmt":"2026-05-15T13:03:15","slug":"carlinkit-firedrive-link-wireless-adapter","status":"publish","type":"product","link":"https:\/\/elektrons.lv\/lv\/Prece\/carlinkit-firedrive-link-wireless-adapter\/","title":{"rendered":"Carlinkit FireDrive Link Wireless Adapter"},"content":{"rendered":"<h3>Carlinkit FireDrive Link Wireless Adapter<\/h3>\n<p>Forget about limitations and enjoy your favorite streaming apps on your car&#8217;s screen. The Carlinkit FireDrive Link is a wireless adapter that allows you to connect your Fire TV Stick to your car&#8217;s multimedia system. It supports popular platforms such as Netflix, YouTube, Disney+ and Prime Video, allowing you to watch movies and series in full HD 60 fps. Thanks to its compact size and easy installation, it doesn&#8217;t take up unnecessary space and doesn&#8217;t require complicated setup &#8211; just connect the device to a USB port and power source.<\/p>\n<p>\n<img decoding=\"async\" alt=\"\" border=\"0\" src=\"https:\/\/assets.innpro.pl\/13334\/16412\/1.jpg\"\/>\n<\/p>\n<h3>Full compatibility and easy installation<\/h3>\n<p>The adapter works with cars equipped with wired Apple CarPlay &#8211; it supports up to 98% of models of the most popular brands, including Audi, Mercedes-Benz, Porsche, Honda, Ford or Lexus. With the included USB-A to USB-C adapter, it can be used in a variety of vehicles, and power from the USB port and cigarette lighter ensures stable operation. Operation of the Fire TV Stick is intuitive and allows voice control with Alexa.<\/p>\n<p>\n<img decoding=\"async\" alt=\"\" border=\"0\" src=\"https:\/\/assets.innpro.pl\/13334\/16412\/2.jpg\"\/>\n<\/p>\n<h3>Best picture quality and OTA updates<\/h3>\n<p>The Carlinkit FireDrive Link delivers smooth 1080p@60Hz picture quality, offering a certified HDMI interface and a powerful, low-power processor. The OTA system makes it easy to update software without connecting the device to a computer &#8211; all you need is access to WiFi or a hotspot.<\/p>\n<p>\n<img decoding=\"async\" alt=\"\" border=\"0\" src=\"https:\/\/assets.innpro.pl\/13334\/16412\/5.jpg\"\/>\n<\/p>\n<h3>Iek\u013cauts:<\/h3>\n<ul class=\"list-disc pl-5\">\n<li>Carlinkit FireDrive Link Wireless Adapter<\/li>\n<li>USB-C adapter<\/li>\n<li>Y power cable<\/li>\n<li>Power adapter x2<\/li>\n<li>Lietot\u0101ja rokasgr\u0101mata<\/li>\n<\/ul>\n<div class=\"table-wrapper\">\n<p>\u00a0<\/p>\n<h3><\/h3>\n<table>\n<tbody>\n<tr>\n<th>Ra\u017eot\u0101js<\/th>\n<td>Carlinkit<\/td>\n<\/tr>\n<tr>\n<th>Modelis<\/th>\n<td>FireDrive Link<\/td>\n<\/tr>\n<tr>\n<th>Features<\/th>\n<td>Convert wired CarPlay to HDMI for Fire TV Stick<\/td>\n<\/tr>\n<tr>\n<th>Sader\u012bba<\/th>\n<td>Cars with wired Apple CarPlay<\/td>\n<\/tr>\n<tr>\n<th>Izm\u0113ri<\/th>\n<td>122.5 x 34 x 23.1 mm<\/td>\n<\/tr>\n<tr>\n<th>Svars<\/th>\n<td>46,6 g<\/td>\n<\/tr>\n<tr>\n<th>Ostas<\/th>\n<td>HDMI, Micro USB, USB-C, LED indicator<\/td>\n<\/tr>\n<\/tbody>\n<\/table>\n<\/div>","protected":false},"excerpt":{"rendered":"<p>Carlinkit FireDrive Link Wireless Adapter Forget about limitations and enjoy your favorite streaming apps on your car&#8217;s screen. The Carlinkit FireDrive Link is a wireless adapter that allows you to connect your Fire TV Stick to your car&#8217;s multimedia system. It supports popular platforms such as Netflix, YouTube, Disney+ and Prime Video, allowing you to [&#8230;]\n","protected":false},"featured_media":93563,"comment_status":"open","ping_status":"closed","template":"","meta":[],"location":[19557,19558],"product_brand":[],"product_cat":[13847],"product_tag":[],"class_list":{"0":"post-81849","1":"product","2":"type-product","3":"status-publish","4":"has-post-thumbnail","6":"location-innpro_stock_location","7":"location-local_stock_location","8":"product_cat-android-auto-wireless-adapters","10":"first","11":"instock","12":"sale","13":"taxable","14":"shipping-taxable","15":"purchasable","16":"product-type-simple"},"aioseo_notices":[],"locations":[{"id":19557,"name":"Pieg\u0101d\u0101ja noliktav\u0101 (5-7dd.d)","slug":"innpro_stock_location","quantity":"53"},{"id":19558,"name":"R\u012bgas veikals (0-2dd.d)","slug":"local_stock_location","quantity":"0"}],"_links":{"self":[{"href":"https:\/\/elektrons.lv\/lv\/wp-json\/wp\/v2\/product\/81849","targetHints":{"allow":["GET"]}}],"collection":[{"href":"https:\/\/elektrons.lv\/lv\/wp-json\/wp\/v2\/product"}],"about":[{"href":"https:\/\/elektrons.lv\/lv\/wp-json\/wp\/v2\/types\/product"}],"replies":[{"embeddable":true,"href":"https:\/\/elektrons.lv\/lv\/wp-json\/wp\/v2\/comments?post=81849"}],"wp:featuredmedia":[{"embeddable":true,"href":"https:\/\/elektrons.lv\/lv\/wp-json\/wp\/v2\/media\/93563"}],"wp:attachment":[{"href":"https:\/\/elektrons.lv\/lv\/wp-json\/wp\/v2\/media?parent=81849"}],"wp:term":[{"taxonomy":"location","embeddable":true,"href":"https:\/\/elektrons.lv\/lv\/wp-json\/wp\/v2\/location?post=81849"},{"taxonomy":"product_brand","embeddable":true,"href":"https:\/\/elektrons.lv\/lv\/wp-json\/wp\/v2\/product_brand?post=81849"},{"taxonomy":"product_cat","embeddable":true,"href":"https:\/\/elektrons.lv\/lv\/wp-json\/wp\/v2\/product_cat?post=81849"},{"taxonomy":"product_tag","embeddable":true,"href":"https:\/\/elektrons.lv\/lv\/wp-json\/wp\/v2\/product_tag?post=81849"}],"curies":[{"name":"wp","href":"https:\/\/api.w.org\/{rel}","templated":true}]}}