{"id":81850,"date":"2026-05-14T09:42:10","date_gmt":"2026-05-14T09:42:10","guid":{"rendered":"https:\/\/elektrons.lv\/Prece\/lexar-sl600-1tb-portable-ssd-drive\/"},"modified":"2026-05-15T15:08:27","modified_gmt":"2026-05-15T13:08:27","slug":"lexar-sl600-1tb-portable-ssd-drive","status":"publish","type":"product","link":"https:\/\/elektrons.lv\/lv\/Prece\/lexar-sl600-1tb-portable-ssd-drive\/","title":{"rendered":"Lexar SL600 1TB Portable SSD Drive"},"content":{"rendered":"<h3>Lexar SL600 1TB Portable SSD<\/h3>\n<p>The Lexar SL600 is a portable SSD that combines high performance with solid performance. With read and write speeds of up to 2,000 MB\/s, it allows for fast file transfers, which is especially useful for photographers, filmmakers and content creators. USB Type-C and USB Type-A cables are included, ensuring wide compatibility with various devices. In addition, the drive is equipped with a practical carabiner holder for easy transport.<\/p>\n<p>\n<img decoding=\"async\" alt=\"\" border=\"0\" src=\"https:\/\/assets.innpro.pl\/13405\/16496\/4.jpg\"\/>\n<\/p>\n<h3>Rugged construction, ready for any challenge<\/h3>\n<p>The SL600&#8217;s case is made of durable aluminum with a sandblasted surface, giving it a stylish look and added protection. Thanks to its shock resistance, the device will perform well both on the road and in the office. The innovative design also ensures efficient heat dissipation, so the drive maintains high performance even when working with large files for long periods of time.<\/p>\n<p>\n<img decoding=\"async\" alt=\"\" border=\"0\" src=\"https:\/\/assets.innpro.pl\/13405\/16496\/1.jpg\"\/>\n<\/p>\n<h3>Your data always safe<\/h3>\n<p>Data security is another advantage of this model. The drive uses Lexar DataShield\u2122 software with 256-bit AES encryption to protect sensitive files from unauthorized access. So you can rest assured that your materials will remain well protected.<\/p>\n<p>\n<img decoding=\"async\" alt=\"\" border=\"0\" src=\"https:\/\/assets.innpro.pl\/13405\/16496\/2.jpg\"\/>\n<\/p>\n<h3>Includes<\/h3>\n<ul class=\"list-disc pl-5\">\n<li>portable SSD<\/li>\n<li>USB-C to USB-C cable<\/li>\n<li>USB-A l\u012bdz USB-C kabelis<\/li>\n<\/ul>\n<div class=\"table-wrapper\">\n<p>\u00a0<\/p>\n<h3><\/h3>\n<table>\n<tbody>\n<tr>\n<th>Ra\u017eot\u0101js<\/th>\n<td>Lexar<\/td>\n<\/tr>\n<tr>\n<th>Modelis<\/th>\n<td>SL600<\/td>\n<\/tr>\n<tr>\n<th>Kapacit\u0101te<\/th>\n<td>1 TB<\/td>\n<\/tr>\n<tr>\n<th>Interfeiss<\/th>\n<td>USB 3.2 gen2 x2<\/td>\n<\/tr>\n<tr>\n<th>Read speed<\/th>\n<td>Up to 2000 Mbps<\/td>\n<\/tr>\n<tr>\n<th>Write speed<\/th>\n<td>up to 2000 Mbps<\/td>\n<\/tr>\n<tr>\n<th>Darba temperat\u016bra<\/th>\n<td>0\u00b0C &#8211; 70\u00b0C<\/td>\n<\/tr>\n<tr>\n<th>Uzglab\u0101\u0161anas temperat\u016bra<\/th>\n<td>-40\u00b0C &#8211; 85\u00b0C<\/td>\n<\/tr>\n<tr>\n<th>Izm\u0113ri<\/th>\n<td>112.6 x 59 x 10.6 mm<\/td>\n<\/tr>\n<\/tbody>\n<\/table>\n<\/div>","protected":false},"excerpt":{"rendered":"<p>Lexar SL600 1TB Portable SSD The Lexar SL600 is a portable SSD that combines high performance with solid performance. With read and write speeds of up to 2,000 MB\/s, it allows for fast file transfers, which is especially useful for photographers, filmmakers and content creators. USB Type-C and USB Type-A cables are included, ensuring wide [&#8230;]\n","protected":false},"featured_media":93576,"comment_status":"open","ping_status":"closed","template":"","meta":[],"location":[19557,19558],"product_brand":[],"product_cat":[16073],"product_tag":[],"class_list":{"0":"post-81850","1":"product","2":"type-product","3":"status-publish","4":"has-post-thumbnail","6":"location-innpro_stock_location","7":"location-local_stock_location","8":"product_cat-ssds","10":"first","11":"instock","12":"sale","13":"taxable","14":"shipping-taxable","15":"purchasable","16":"product-type-simple"},"aioseo_notices":[],"locations":[{"id":19557,"name":"Pieg\u0101d\u0101ja noliktav\u0101 (5-7dd.d)","slug":"innpro_stock_location","quantity":"304"},{"id":19558,"name":"R\u012bgas veikals (0-2dd.d)","slug":"local_stock_location","quantity":"0"}],"_links":{"self":[{"href":"https:\/\/elektrons.lv\/lv\/wp-json\/wp\/v2\/product\/81850","targetHints":{"allow":["GET"]}}],"collection":[{"href":"https:\/\/elektrons.lv\/lv\/wp-json\/wp\/v2\/product"}],"about":[{"href":"https:\/\/elektrons.lv\/lv\/wp-json\/wp\/v2\/types\/product"}],"replies":[{"embeddable":true,"href":"https:\/\/elektrons.lv\/lv\/wp-json\/wp\/v2\/comments?post=81850"}],"wp:featuredmedia":[{"embeddable":true,"href":"https:\/\/elektrons.lv\/lv\/wp-json\/wp\/v2\/media\/93576"}],"wp:attachment":[{"href":"https:\/\/elektrons.lv\/lv\/wp-json\/wp\/v2\/media?parent=81850"}],"wp:term":[{"taxonomy":"location","embeddable":true,"href":"https:\/\/elektrons.lv\/lv\/wp-json\/wp\/v2\/location?post=81850"},{"taxonomy":"product_brand","embeddable":true,"href":"https:\/\/elektrons.lv\/lv\/wp-json\/wp\/v2\/product_brand?post=81850"},{"taxonomy":"product_cat","embeddable":true,"href":"https:\/\/elektrons.lv\/lv\/wp-json\/wp\/v2\/product_cat?post=81850"},{"taxonomy":"product_tag","embeddable":true,"href":"https:\/\/elektrons.lv\/lv\/wp-json\/wp\/v2\/product_tag?post=81850"}],"curies":[{"name":"wp","href":"https:\/\/api.w.org\/{rel}","templated":true}]}}