{"id":81882,"date":"2026-05-14T09:42:14","date_gmt":"2026-05-14T09:42:14","guid":{"rendered":"https:\/\/elektrons.lv\/Prece\/bobovr-e3-strain-relief-strap-for-meta-quest-3-3s\/"},"modified":"2026-05-15T15:58:11","modified_gmt":"2026-05-15T13:58:11","slug":"bobovr-e3-strain-relief-strap-for-meta-quest-3-3s","status":"publish","type":"product","link":"https:\/\/elektrons.lv\/lv\/Prece\/bobovr-e3-strain-relief-strap-for-meta-quest-3-3s\/","title":{"rendered":"BOBOVR E3 celma samazin\u0101\u0161anas siksna Meta Quest 3\/3s"},"content":{"rendered":"<h3>BOBOVR E3 celma samazin\u0101\u0161anas siksna Meta Quest 3\/3s<\/h3>\n<p>The BOBOVR E3 Strap provides comfort and stability even during dynamic movements. With a minimalist design and optimized weight distribution, the strap maintains a stable fit, allowing you to fully enjoy the VR sports experience with the Meta Quest 3 and 3S.<\/p>\n<p>\n<img decoding=\"async\" alt=\"Zdj\u0119cie przedstawia kobiet\u0119 i m\u0119\u017cczyzn\u0119 korzystaj\u0105cych z gogli VR.\" border=\"0\" src=\"https:\/\/assets.innpro.pl\/13542\/16649\/6.jpg\"\/>\n<\/p>\n<h3>Thoughtful design for comfort and durability<\/h3>\n<p>The rear cushion has been contoured to conform to the shape of the occipital bone, ensuring stability and comfort even during vigorous movements. Dedicated cable management clips prevent tangled cables when using PC VR, and reinforced polycarbonate hinges increase durability compared to standard straps.<\/p>\n<p>\n<img decoding=\"async\" alt=\"Na zdj\u0119ciu widoczny jest element paska odci\u0105\u017caj\u0105cego dla gogli VR.\" border=\"0\" src=\"https:\/\/assets.innpro.pl\/13542\/16649\/3.jpg\"\/>\n<\/p>\n<h3>Counterweight system<\/h3>\n<p>Two modular 35g weights (each) are included, allowing you to customize the weight of the headset for your comfort. You can install or remove them depending on your preference for ideal weight distribution while playing.<\/p>\n<p>\n<img decoding=\"async\" alt=\"Kobieta skierowana plecami do zdj\u0119cia ma na\u0142o\u017cone gogle VR z paskiem odci\u0105\u017caj\u0105cym.\" border=\"0\" src=\"https:\/\/assets.innpro.pl\/13542\/16649\/5.jpg\"\/>\n<\/p>\n<h3>Ide\u0101li piem\u0113rots<\/h3>\n<p>The strap features a multi-layered, breathable padding with a soft coating that naturally conforms to the shape of your head. The slim design of the back of the strap also ensures comfort when using the VR headset while lying down.<\/p>\n<p>\n<img decoding=\"async\" alt=\"M\u0119\u017cczyzna le\u017cy na kanapie z na\u0142o\u017conymi goglami VR.\" border=\"0\" src=\"https:\/\/assets.innpro.pl\/13542\/16649\/1.jpg\"\/>\n<\/p>\n<h3>Iek\u013cauts<\/h3>\n<ul class=\"list-disc pl-5\">\n<li>Pressure relieving strap<\/li>\n<li>Honeycomb bottom pad<\/li>\n<li>Lietot\u0101ja rokasgr\u0101mata<\/li>\n<\/ul>\n<div class=\"table-wrapper\">\n<p>\u00a0<\/p>\n<h3><\/h3>\n<table>\n<tbody>\n<tr>\n<th>Ra\u017eot\u0101js<\/th>\n<td>BoboVR<\/td>\n<\/tr>\n<tr>\n<th>Sader\u012bba<\/th>\n<td>Meta Quest 3\/3S<\/td>\n<\/tr>\n<tr><\/tr>\n<\/tbody>\n<\/table>\n<\/div>","protected":false},"excerpt":{"rendered":"<p>BOBOVR E3 strain relief strap for Meta Quest 3\/3s The BOBOVR E3 Strap provides comfort and stability even during dynamic movements. With a minimalist design and optimized weight distribution, the strap maintains a stable fit, allowing you to fully enjoy the VR sports experience with the Meta Quest 3 and 3S. Thoughtful design for comfort [&#8230;]\n","protected":false},"featured_media":93400,"comment_status":"open","ping_status":"closed","template":"","meta":[],"location":[19557,19558],"product_brand":[],"product_cat":[13885],"product_tag":[],"class_list":{"0":"post-81882","1":"product","2":"type-product","3":"status-publish","4":"has-post-thumbnail","6":"location-innpro_stock_location","7":"location-local_stock_location","8":"product_cat-vr-accessories","10":"first","11":"instock","12":"sale","13":"taxable","14":"shipping-taxable","15":"purchasable","16":"product-type-simple"},"aioseo_notices":[],"locations":[{"id":19557,"name":"Pieg\u0101d\u0101ja noliktav\u0101 (5-7dd.d)","slug":"innpro_stock_location","quantity":"193"},{"id":19558,"name":"R\u012bgas veikals (0-2dd.d)","slug":"local_stock_location","quantity":"0"}],"_links":{"self":[{"href":"https:\/\/elektrons.lv\/lv\/wp-json\/wp\/v2\/product\/81882","targetHints":{"allow":["GET"]}}],"collection":[{"href":"https:\/\/elektrons.lv\/lv\/wp-json\/wp\/v2\/product"}],"about":[{"href":"https:\/\/elektrons.lv\/lv\/wp-json\/wp\/v2\/types\/product"}],"replies":[{"embeddable":true,"href":"https:\/\/elektrons.lv\/lv\/wp-json\/wp\/v2\/comments?post=81882"}],"wp:featuredmedia":[{"embeddable":true,"href":"https:\/\/elektrons.lv\/lv\/wp-json\/wp\/v2\/media\/93400"}],"wp:attachment":[{"href":"https:\/\/elektrons.lv\/lv\/wp-json\/wp\/v2\/media?parent=81882"}],"wp:term":[{"taxonomy":"location","embeddable":true,"href":"https:\/\/elektrons.lv\/lv\/wp-json\/wp\/v2\/location?post=81882"},{"taxonomy":"product_brand","embeddable":true,"href":"https:\/\/elektrons.lv\/lv\/wp-json\/wp\/v2\/product_brand?post=81882"},{"taxonomy":"product_cat","embeddable":true,"href":"https:\/\/elektrons.lv\/lv\/wp-json\/wp\/v2\/product_cat?post=81882"},{"taxonomy":"product_tag","embeddable":true,"href":"https:\/\/elektrons.lv\/lv\/wp-json\/wp\/v2\/product_tag?post=81882"}],"curies":[{"name":"wp","href":"https:\/\/api.w.org\/{rel}","templated":true}]}}