{"id":81910,"date":"2026-05-14T09:42:17","date_gmt":"2026-05-14T09:42:17","guid":{"rendered":"https:\/\/elektrons.lv\/Prece\/ice-pack-cooling-cartridge-for-rojeco-food-dispenser\/"},"modified":"2026-05-15T15:16:39","modified_gmt":"2026-05-15T13:16:39","slug":"ice-pack-cooling-cartridge-for-rojeco-food-dispenser","status":"publish","type":"product","link":"https:\/\/elektrons.lv\/lv\/Prece\/ice-pack-cooling-cartridge-for-rojeco-food-dispenser\/","title":{"rendered":"Ice Pack cooling cartridge for Rojeco food dispenser"},"content":{"rendered":"<h3>Ice Pack cooling cartridge for Rojeco food dispenser<\/h3>\n<p>The package contains a cooling cartridge for the Rojeco RWSQ-07 food dispenser. To keep your food fresh as long as possible, put the cartridge in the freezer for at least 6 h before placing it in the dispenser.<\/p>\n<p>\n<img decoding=\"async\" alt=\"\" border=\"0\" src=\"https:\/\/assets.innpro.pl\/13638\/16775\/6.jpg\"\/>\n<\/p>\n<div class=\"table-wrapper\">\n<p>\u00a0<\/p>\n<h3><\/h3>\n<table>\n<tbody>\n<tr>\n<th>Ra\u017eot\u0101js<\/th>\n<td>Rojeco<\/td>\n<\/tr>\n<tr>\n<th>Modelis<\/th>\n<td>RWSQPJF13-BJH<\/td>\n<\/tr>\n<tr>\n<th>Sader\u012bba<\/th>\n<td>Rojeco RWSQ-07<\/td>\n<\/tr>\n<\/tbody>\n<\/table>\n<\/div>","protected":false},"excerpt":{"rendered":"<p>Ice Pack cooling cartridge for Rojeco food dispenser The package contains a cooling cartridge for the Rojeco RWSQ-07 food dispenser. To keep your food fresh as long as possible, put the cartridge in the freezer for at least 6 h before placing it in the dispenser. \u00a0 Manufacturer Rojeco Model RWSQPJF13-BJH Compatibility Rojeco RWSQ-07<\/p>","protected":false},"featured_media":93333,"comment_status":"open","ping_status":"closed","template":"","meta":[],"location":[19557,19558],"product_brand":[],"product_cat":[12345],"product_tag":[],"class_list":{"0":"post-81910","1":"product","2":"type-product","3":"status-publish","4":"has-post-thumbnail","6":"location-innpro_stock_location","7":"location-local_stock_location","8":"product_cat-other-accessories","10":"first","11":"instock","12":"sale","13":"taxable","14":"shipping-taxable","15":"purchasable","16":"product-type-simple"},"aioseo_notices":[],"locations":[{"id":19557,"name":"Pieg\u0101d\u0101ja noliktav\u0101 (5-7dd.d)","slug":"innpro_stock_location","quantity":"12"},{"id":19558,"name":"R\u012bgas veikals (0-2dd.d)","slug":"local_stock_location","quantity":"0"}],"_links":{"self":[{"href":"https:\/\/elektrons.lv\/lv\/wp-json\/wp\/v2\/product\/81910","targetHints":{"allow":["GET"]}}],"collection":[{"href":"https:\/\/elektrons.lv\/lv\/wp-json\/wp\/v2\/product"}],"about":[{"href":"https:\/\/elektrons.lv\/lv\/wp-json\/wp\/v2\/types\/product"}],"replies":[{"embeddable":true,"href":"https:\/\/elektrons.lv\/lv\/wp-json\/wp\/v2\/comments?post=81910"}],"wp:featuredmedia":[{"embeddable":true,"href":"https:\/\/elektrons.lv\/lv\/wp-json\/wp\/v2\/media\/93333"}],"wp:attachment":[{"href":"https:\/\/elektrons.lv\/lv\/wp-json\/wp\/v2\/media?parent=81910"}],"wp:term":[{"taxonomy":"location","embeddable":true,"href":"https:\/\/elektrons.lv\/lv\/wp-json\/wp\/v2\/location?post=81910"},{"taxonomy":"product_brand","embeddable":true,"href":"https:\/\/elektrons.lv\/lv\/wp-json\/wp\/v2\/product_brand?post=81910"},{"taxonomy":"product_cat","embeddable":true,"href":"https:\/\/elektrons.lv\/lv\/wp-json\/wp\/v2\/product_cat?post=81910"},{"taxonomy":"product_tag","embeddable":true,"href":"https:\/\/elektrons.lv\/lv\/wp-json\/wp\/v2\/product_tag?post=81910"}],"curies":[{"name":"wp","href":"https:\/\/api.w.org\/{rel}","templated":true}]}}