{"id":82137,"date":"2026-05-14T09:42:45","date_gmt":"2026-05-14T09:42:45","guid":{"rendered":"https:\/\/elektrons.lv\/Prece\/adjustable-mount-for-sporotome-cameras-puluz-with-clamp\/"},"modified":"2026-05-15T15:10:19","modified_gmt":"2026-05-15T13:10:19","slug":"adjustable-mount-for-sporotome-cameras-puluz-with-clamp","status":"publish","type":"product","link":"https:\/\/elektrons.lv\/lv\/Prece\/adjustable-mount-for-sporotome-cameras-puluz-with-clamp\/","title":{"rendered":"Adjustable mount for sporotome cameras Puluz with clamp"},"content":{"rendered":"<h3>Puluz adjustable sports camera mount with clamp<\/h3>\n<p>The Puluz PU740B is a sturdy and versatile mount that will work well in many situations &#8211; from dynamic shots on the move to stable frames in unusual locations. Made of sturdy materials, it provides durability and resistance to heavy use, both outdoors and indoors.<\/p>\n<p>\n<img decoding=\"async\" alt=\"\" border=\"0\" src=\"https:\/\/assets.innpro.pl\/15753\/19818\/4.jpg\"\/>\n<\/p>\n<h3>Tailored to you<\/h3>\n<p>An 8-position adjustable flexible arm allows you to freely adjust the camera&#8217;s angle, making it easy to get interesting perspectives. The sturdy clamp fits surfaces from 0.6 to 5 cm in diameter, so you can mount it on a pipe, countertop, tripod or even a branch, for example.<\/p>\n<p>\n<img decoding=\"async\" alt=\"\" border=\"0\" src=\"https:\/\/assets.innpro.pl\/15753\/19818\/3.jpg\"\/>\n<\/p>\n<h3>Several mounting options<\/h3>\n<p>The PU740B offers various mounting options &#8211; you can attach a sports camera directly, use an adapter with a 1\/4-inch screw to attach a compact camera, or use a phone mount.<\/p>\n<p>\n<img decoding=\"async\" alt=\"\" border=\"0\" src=\"https:\/\/assets.innpro.pl\/15753\/19818\/2.jpg\"\/>\n<\/p>\n<h3>Iek\u013cauts<\/h3>\n<ul class=\"list-disc pl-5\">\n<li>clamp<\/li>\n<li>adjustable handle arm<\/li>\n<li>phone holder<\/li>\n<li>mount<\/li>\n<li>adapter \u00bc&#8221;<\/li>\n<li>long screw<\/li>\n<\/ul>\n<div class=\"table-wrapper\">\n<p>\u00a0<\/p>\n<h3><\/h3>\n<table>\n<tbody>\n<tr>\n<th>Ra\u017eot\u0101js<\/th>\n<td>Puluz<\/td>\n<\/tr>\n<tr>\n<th>Modelis<\/th>\n<td>PU740B<\/td>\n<\/tr>\n<tr>\n<th>Kr\u0101sa<\/th>\n<td>melns<\/td>\n<\/tr>\n<tr>\n<th>Sader\u012bba<\/th>\n<td>DJI: Osmo Action 5 Pro, Osmo Action 3, Action 2, Osmo Action; Gopro: HERO (2024), HERO13, HERO12, HERO11 Mini, HERO11 Black, HERO10, HERO9, HERO8, MAX, HERO7, NEW HERO, HERO6, HERO5, HERO5 Session, Hero Session, HERO4 Session, HERO4 Session, HERO4, HERO3+, HERO3, HERO2, HERO; Insta360: X5, X4, Ace, Ace Pro, X3, ONE RS 1-Inch 360 Edition, Insta360 ONE RS 4K Edition, Insta360 ONE RS 360 Edition, Insta360 ONE RS 1-INCH EDITION, ONE X2<\/td>\n<\/tr>\n<\/tbody>\n<\/table>\n<\/div>","protected":false},"excerpt":{"rendered":"<p>Puluz adjustable sports camera mount with clamp The Puluz PU740B is a sturdy and versatile mount that will work well in many situations &#8211; from dynamic shots on the move to stable frames in unusual locations. Made of sturdy materials, it provides durability and resistance to heavy use, both outdoors and indoors. Tailored to you [&#8230;]\n","protected":false},"featured_media":92494,"comment_status":"open","ping_status":"closed","template":"","meta":[],"location":[19557,19558],"product_brand":[],"product_cat":[12079],"product_tag":[],"class_list":{"0":"post-82137","1":"product","2":"type-product","3":"status-publish","4":"has-post-thumbnail","6":"location-innpro_stock_location","7":"location-local_stock_location","8":"product_cat-booms-and-selfie-sticks","10":"first","11":"outofstock","12":"taxable","13":"shipping-taxable","14":"purchasable","15":"product-type-simple"},"aioseo_notices":[],"locations":[{"id":19557,"name":"Pieg\u0101d\u0101ja noliktav\u0101 (5-7dd.d)","slug":"innpro_stock_location","quantity":"0"},{"id":19558,"name":"R\u012bgas veikals (0-2dd.d)","slug":"local_stock_location","quantity":"0"}],"_links":{"self":[{"href":"https:\/\/elektrons.lv\/lv\/wp-json\/wp\/v2\/product\/82137","targetHints":{"allow":["GET"]}}],"collection":[{"href":"https:\/\/elektrons.lv\/lv\/wp-json\/wp\/v2\/product"}],"about":[{"href":"https:\/\/elektrons.lv\/lv\/wp-json\/wp\/v2\/types\/product"}],"replies":[{"embeddable":true,"href":"https:\/\/elektrons.lv\/lv\/wp-json\/wp\/v2\/comments?post=82137"}],"wp:featuredmedia":[{"embeddable":true,"href":"https:\/\/elektrons.lv\/lv\/wp-json\/wp\/v2\/media\/92494"}],"wp:attachment":[{"href":"https:\/\/elektrons.lv\/lv\/wp-json\/wp\/v2\/media?parent=82137"}],"wp:term":[{"taxonomy":"location","embeddable":true,"href":"https:\/\/elektrons.lv\/lv\/wp-json\/wp\/v2\/location?post=82137"},{"taxonomy":"product_brand","embeddable":true,"href":"https:\/\/elektrons.lv\/lv\/wp-json\/wp\/v2\/product_brand?post=82137"},{"taxonomy":"product_cat","embeddable":true,"href":"https:\/\/elektrons.lv\/lv\/wp-json\/wp\/v2\/product_cat?post=82137"},{"taxonomy":"product_tag","embeddable":true,"href":"https:\/\/elektrons.lv\/lv\/wp-json\/wp\/v2\/product_tag?post=82137"}],"curies":[{"name":"wp","href":"https:\/\/api.w.org\/{rel}","templated":true}]}}