{"id":82157,"date":"2026-05-14T09:42:47","date_gmt":"2026-05-14T09:42:47","guid":{"rendered":"https:\/\/elektrons.lv\/Prece\/ecoflow-stream-microinverter-ac-pro-kit\/"},"modified":"2026-05-15T16:04:13","modified_gmt":"2026-05-15T14:04:13","slug":"ecoflow-stream-microinverter-ac-pro-kit","status":"publish","type":"product","link":"https:\/\/elektrons.lv\/lv\/Prece\/ecoflow-stream-microinverter-ac-pro-kit\/","title":{"rendered":"EcoFlow STREAM Microinverter + AC Pro Kit"},"content":{"rendered":"<h3>EcoFlow STREAM Microinverter + AC Pro balcony photovoltaics.<\/h3>\n<p>Turn your balcony into an efficient source of clean energy with the EcoFlow STREAM kit. It&#8217;s a reliable and extremely easy-to-install photovoltaic solution with plug &#038; play installation that will fit perfectly on any balcony. The 2 \u00d7 600 Watt microinverter uses MPPT technology and is IP67-rated. This guarantees high performance and resistance to adverse weather conditions. The AC Pro power station, with an impressive 1.92 kWh capacity, allows you to store energy and power your home with 800 watts of power (1,200 watts of output power), even under heavy load. Compatibility with third-party systems and the ability to expand with a second station create a smart power network that can significantly reduce electricity bills. That&#8217;s energy independence in a smart, home-like way.<\/p>\n<p>\n<img decoding=\"async\" alt=\"\" border=\"0\" src=\"https:\/\/assets.innpro.pl\/15797\/19885\/3.jpg\"\/>\n<\/p>\n<h3>Simple installation, full control over energy<\/h3>\n<p>Thanks to easy plug &#038; play installation, getting the EcoFlow STREAM kit up and running is in no way complicated. All you have to do is connect the microinverter to the PV panels and then the AC cable to the STREAM AC Pro power station &#8211; no need for an electrician. The kit is perfect for apartments, balconies and places where traditional PV installation would be impossible or too expensive.<\/p>\n<p>\n<img decoding=\"async\" alt=\"\" border=\"0\" src=\"https:\/\/assets.innpro.pl\/15797\/19885\/4.jpg\"\/>\n<\/p>\n<h3>Microinverter ready for any conditions<\/h3>\n<p>The EcoFlow microinverter is designed with durability and weather resistance in mind. Its rugged IP67-rated waterproof housing makes the unit perform year-round &#8211; whether it&#8217;s raining, snowing or the air is humid. The PV input power is as high as 1,200 watts (600 watts \u00d7 2), and MPPT technology ensures high solar conversion efficiency every day. Both the energy storage and microinverter support Wi-Fi and Bluetooth connectivity, making it significantly easier to operate the devices. See how much you can benefit from EcoFlow!<\/p>\n<p>\n<img decoding=\"async\" alt=\"\" border=\"0\" src=\"https:\/\/assets.innpro.pl\/15797\/19885\/5.jpg\"\/>\n<\/p>\n<h3>Store and use energy when you need it<\/h3>\n<p>The AC Pro energy storage impresses with its powerful capacity of 1.92 kWh, allowing you to store energy and use it whenever you need it. With an output of 1,200 watts with bypass function, it directly powers household appliances, including up to two appliances with high power consumption at the same time. You can also expand the system with an additional station and reach a full power output of 2300 watts in battery mode.<\/p>\n<p>\n<img decoding=\"async\" alt=\"\" border=\"0\" src=\"https:\/\/assets.innpro.pl\/15797\/19885\/2.jpg\"\/>\n<\/p>\n<h3>A flexible and scalable system for any home<\/h3>\n<p>The station features storage with a built-in inverter, allowing you to place the unit anywhere in your home. And compatibility with other brands of microinverters allows for seamless integration into an existing installation. By connecting two STREAM AC Pro units, you gain access to the Balcony Power Plant Network &#8211; a smart solar power network. The network uses artificial intelligence functions to ensure almost complete energy independence. Energy management has never been so easy!<\/p>\n<p>\n<img decoding=\"async\" alt=\"\" border=\"0\" src=\"https:\/\/assets.innpro.pl\/15797\/19885\/3.jpg\"\/>\n<\/p>\n<h3>Additional accessories included<\/h3>\n<p>The kit comes with essential accessories that will help you in your daily use and energy saving. Among them, you&#8217;ll find a PV terminal holder, a power station extension cable, a parallel cable, a 1.5-meter and 15-meter AC power cable, two connection plugs, as well as a 1.5-meter, 5-meter and 15-meter DIY cable. Save money, make your life more comfortable and be ready for the future &#8211; fast, simple and efficient!<\/p>\n<p>\n<img decoding=\"async\" alt=\"\" border=\"0\" src=\"https:\/\/assets.innpro.pl\/15797\/19885\/11.jpg\"\/>\n<\/p>\n<h3>Iek\u013cauts<\/h3>\n<ul class=\"list-disc pl-5\">\n<li>microinverter<\/li>\n<li>AC Pro power station<\/li>\n<li>PV terminal holder<\/li>\n<li>extension cable for solar panel<\/li>\n<li>counter cable<\/li>\n<li>AC power cable x3<\/li>\n<li>connection plug x2<\/li>\n<li>DIY cable x3<\/li>\n<li>lietot\u0101ja rokasgr\u0101mata<\/li>\n<\/ul>\n<div class=\"table-wrapper\">\n<p>\u00a0<\/p>\n<h3>Microinverter<\/h3>\n<table>\n<tbody>\n<tr>\n<th>MPPT<\/th>\n<td>2<\/td>\n<\/tr>\n<tr>\n<th>PV input power<\/th>\n<td>600W \u00d72<\/td>\n<\/tr>\n<tr>\n<th>Ieejas spriegums<\/th>\n<td>16~60Vd.c.<\/td>\n<\/tr>\n<tr>\n<th>AC output &#8211; grid connection<\/th>\n<td>800W<\/td>\n<\/tr>\n<tr>\n<th>AC output current<\/th>\n<td>3.48A<\/td>\n<\/tr>\n<tr>\n<th>Darba temperat\u016bra<\/th>\n<td>-40\u00b0\u2103~65\u2103<\/td>\n<\/tr>\n<tr>\n<th>Savienojam\u012bba<\/th>\n<td>Wi-Fi\/Bluetooth<\/td>\n<\/tr>\n<tr>\n<th>Aizsardz\u012bbas pak\u0101pe<\/th>\n<td>IP67<\/td>\n<\/tr>\n<tr>\n<th>Svars<\/th>\n<td>3.2 kg<\/td>\n<\/tr>\n<tr>\n<th>Izm\u0113ri<\/th>\n<td>252 x180 x 35 mm<\/td>\n<\/tr>\n<tr>\n<th>Trok\u0161\u0146a l\u012bmenis<\/th>\n<td><20 dB<\/td>\n<\/tr>\n<\/tbody>\n<\/table>\n<p>\u00a0<\/p>\n<h3>Power station<\/h3>\n<table>\n<tbody>\n<tr>\n<th>Kapacit\u0101te<\/th>\n<td>1.92 kWh<\/td>\n<\/tr>\n<tr>\n<th>M\u016b\u017ea<\/th>\n<td>6000 cycles up to 70% capacity<\/td>\n<\/tr>\n<tr>\n<th>AC charging input<\/th>\n<td>1050 W<\/td>\n<\/tr>\n<tr>\n<th>AC izeja<\/th>\n<td>1200 W<\/td>\n<\/tr>\n<tr>\n<th>MPPT<\/th>\n<td>Nav<\/td>\n<\/tr>\n<tr>\n<th>PV input power<\/th>\n<td>Nav<\/td>\n<\/tr>\n<tr>\n<th>AC output &#8211; grid connected<\/th>\n<td>800 W<\/td>\n<\/tr>\n<tr>\n<th>AC charging input power<\/th>\n<td>10A<\/td>\n<\/tr>\n<tr>\n<th>Maximum power of connected device<\/th>\n<td>2300 W (10A)<\/td>\n<\/tr>\n<tr>\n<th>Darba temperat\u016bra<\/th>\n<td>-20~55\u00b0C<\/td>\n<\/tr>\n<tr>\n<th>Battery self-heating<\/th>\n<td>Low temperature charging activation (\u22645C)<\/td>\n<\/tr>\n<tr>\n<th>Savienojums<\/th>\n<td>Wi-Fi\/Bluetooth<\/td>\n<\/tr>\n<tr>\n<th>Aizsardz\u012bbas pak\u0101pe<\/th>\n<td>IP65<\/td>\n<\/tr>\n<tr>\n<th>Svars<\/th>\n<td>21.5 kg<\/td>\n<\/tr>\n<tr>\n<th>Izm\u0113ri<\/th>\n<td>255 x 254 x 458 mm<\/td>\n<\/tr>\n<tr>\n<th>Trok\u0161\u0146a l\u012bmenis<\/th>\n<td><30 dB<\/td>\n<\/tr>\n<\/tbody>\n<\/table>\n<\/div>","protected":false},"excerpt":{"rendered":"<p>EcoFlow STREAM Microinverter + AC Pro balcony photovoltaics. Turn your balcony into an efficient source of clean energy with the EcoFlow STREAM kit. It&#8217;s a reliable and extremely easy-to-install photovoltaic solution with plug &#038; play installation that will fit perfectly on any balcony. The 2 \u00d7 600 Watt microinverter uses MPPT technology and is IP67-rated. [&#8230;]\n","protected":false},"featured_media":92472,"comment_status":"open","ping_status":"closed","template":"","meta":[],"location":[19557,19558],"product_brand":[],"product_cat":[16505],"product_tag":[],"class_list":{"0":"post-82157","1":"product","2":"type-product","3":"status-publish","4":"has-post-thumbnail","6":"location-innpro_stock_location","7":"location-local_stock_location","8":"product_cat-balcony-systems","10":"first","11":"outofstock","12":"taxable","13":"shipping-taxable","14":"purchasable","15":"product-type-simple"},"aioseo_notices":[],"locations":[{"id":19557,"name":"Pieg\u0101d\u0101ja noliktav\u0101 (5-7dd.d)","slug":"innpro_stock_location","quantity":"0"},{"id":19558,"name":"R\u012bgas veikals (0-2dd.d)","slug":"local_stock_location","quantity":"0"}],"_links":{"self":[{"href":"https:\/\/elektrons.lv\/lv\/wp-json\/wp\/v2\/product\/82157","targetHints":{"allow":["GET"]}}],"collection":[{"href":"https:\/\/elektrons.lv\/lv\/wp-json\/wp\/v2\/product"}],"about":[{"href":"https:\/\/elektrons.lv\/lv\/wp-json\/wp\/v2\/types\/product"}],"replies":[{"embeddable":true,"href":"https:\/\/elektrons.lv\/lv\/wp-json\/wp\/v2\/comments?post=82157"}],"wp:featuredmedia":[{"embeddable":true,"href":"https:\/\/elektrons.lv\/lv\/wp-json\/wp\/v2\/media\/92472"}],"wp:attachment":[{"href":"https:\/\/elektrons.lv\/lv\/wp-json\/wp\/v2\/media?parent=82157"}],"wp:term":[{"taxonomy":"location","embeddable":true,"href":"https:\/\/elektrons.lv\/lv\/wp-json\/wp\/v2\/location?post=82157"},{"taxonomy":"product_brand","embeddable":true,"href":"https:\/\/elektrons.lv\/lv\/wp-json\/wp\/v2\/product_brand?post=82157"},{"taxonomy":"product_cat","embeddable":true,"href":"https:\/\/elektrons.lv\/lv\/wp-json\/wp\/v2\/product_cat?post=82157"},{"taxonomy":"product_tag","embeddable":true,"href":"https:\/\/elektrons.lv\/lv\/wp-json\/wp\/v2\/product_tag?post=82157"}],"curies":[{"name":"wp","href":"https:\/\/api.w.org\/{rel}","templated":true}]}}