{"id":82163,"date":"2026-05-14T09:42:48","date_gmt":"2026-05-14T09:42:48","guid":{"rendered":"https:\/\/elektrons.lv\/Prece\/creality-k1-se-3d-printer\/"},"modified":"2026-05-15T16:04:07","modified_gmt":"2026-05-15T14:04:07","slug":"creality-k1-se-3d-printer","status":"publish","type":"product","link":"https:\/\/elektrons.lv\/lv\/Prece\/creality-k1-se-3d-printer\/","title":{"rendered":"Creality K1-SE 3D Printer"},"content":{"rendered":"<h3>Creality K1-SE 3D Printer<\/h3>\n<p>The Creality K1-SE is an exceptionally powerful 3D printer that reaches speeds of up to 600 mm\/sec and acceleration of 20,000 mm\/sec\u00b2, the K1-SE allows you to print much faster than most competing models. Its robust design makes it suitable for both home workshops and studios. Thanks to factory calibration and quick setup, the device is ready to use in just a few after unpacking.<\/p>\n<p>\n<img decoding=\"async\" alt=\"\" border=\"0\" src=\"https:\/\/assets.innpro.pl\/15854\/19984\/4.jpg\"\/>\n<\/p>\n<h3>Dual extruder &#8211; fewer jams, better material flow<\/h3>\n<p>The dual extruder drive system used in the K1-SE ensures stable feeding of the filament, resulting in fewer jams and better control over material flow. The ceramic heating element heats up very quickly, reducing prepress time. In addition, the titanium tube and high-strength steel nozzle ensure long life.<\/p>\n<p>\n<img decoding=\"async\" alt=\"\" border=\"0\" src=\"https:\/\/assets.innpro.pl\/15854\/19984\/5.jpg\"\/>\n<\/p>\n<h3>Stability and printing accuracy<\/h3>\n<p>The designers of the K1-SE relied on the combination of a lightweight print head and a metal frame. The rigidity of the structure and the G-sensor used eliminate micro-vibrations generated during high-speed operation, resulting in higher detail accuracy. The entire mechanics work smoothly and stably, allowing the printer to work efficiently even with more complex models.<\/p>\n<p>\n<img decoding=\"async\" alt=\"\" border=\"0\" src=\"https:\/\/assets.innpro.pl\/15854\/19984\/6.jpg\"\/>\n<\/p>\n<h3>Printing without calibration<\/h3>\n<p>The Creality K1-SE has been assembled and calibrated already at the production stage. This means that after taking it out of the package, all you have to do is plug it in, load the filament and start printing. In addition, the device is equipped with an automatic table calibration function that adjusts the height of the working platform on its own.<\/p>\n<p>\n<img decoding=\"async\" alt=\"\" border=\"0\" src=\"https:\/\/assets.innpro.pl\/15854\/19984\/8.jpg\"\/>\n<\/p>\n<h3>Customize the K1-SE to suit your needs<\/h3>\n<p>The K1 SE offers a barebone 3D printing solution that can be easily modified by adding printed side panels, a side spool holder, etc. The reserved USB ports are perfect for connecting a webcam or other accessories.<\/p>\n<p>\n<img decoding=\"async\" alt=\"\" border=\"0\" src=\"https:\/\/assets.innpro.pl\/15854\/19984\/3.jpg\"\/>\n<\/p>\n<h3>Smart features and user-friendly interface<\/h3>\n<p>Creality OS, which runs on Klipper, enables many advanced functions such as linear progress and input shaping. In addition, Creality Print 5.0 software offers a variety of features to increase productivity and print quality. Creality Cloud, on the other hand, is a platform for accessing countless models in various categories, printing in the cloud and connecting with other 3D printing enthusiasts.<\/p>\n<p>\n<img decoding=\"async\" alt=\"\" border=\"0\" src=\"https:\/\/assets.innpro.pl\/15854\/19984\/10.jpg\"\/>\n<\/p>\n<h3>Iek\u013cauts<\/h3>\n<ul class=\"list-disc pl-5\">\n<li>3D printer<\/li>\n<li>touchscreen<\/li>\n<li>filament<\/li>\n<li>wrench and screwdriver<\/li>\n<li>spatula<\/li>\n<li>filament holder<\/li>\n<li>pliers<\/li>\n<li>flash drive<\/li>\n<li>str\u0101vas kabelis<\/li>\n<li>M6 socket wrench<\/li>\n<li>lietot\u0101ja rokasgr\u0101mata<\/li>\n<li>cleaning nozzle 1.2 mm<\/li>\n<\/ul>\n<div class=\"table-wrapper\">\n<p>\u00a0<\/p>\n<h3><\/h3>\n<table>\n<tbody>\n<tr>\n<th>Ra\u017eot\u0101js<\/th>\n<td>Creality<\/td>\n<\/tr>\n<tr>\n<th>Modelis<\/th>\n<td>K1-SE<\/td>\n<\/tr>\n<tr>\n<th>Printing technology<\/th>\n<td>FDM<\/td>\n<\/tr>\n<tr>\n<th>Print size<\/th>\n<td>220 x 220 x 250 mm<\/td>\n<\/tr>\n<tr>\n<th>Printer dimensions<\/th>\n<td>355 x 355 x 482 mm<\/td>\n<\/tr>\n<tr>\n<th>Svars<\/th>\n<td>10.24 kg<\/td>\n<\/tr>\n<tr>\n<th>Printing speed<\/th>\n<td>\u2264600 mm\/sec<\/td>\n<\/tr>\n<tr>\n<th>Acceleration<\/th>\n<td>\u226420000 mm\/s\u00b2<\/td>\n<\/tr>\n<tr>\n<th>Printing accuracy<\/th>\n<td>100\u00b10.1 mm<\/td>\n<\/tr>\n<tr>\n<th>Layer height<\/th>\n<td>0.1-0.35mm<\/td>\n<\/tr>\n<tr>\n<th>Extruder<\/th>\n<td>with direct drive with double transmission<\/td>\n<\/tr>\n<tr>\n<th>Filament diameter<\/th>\n<td>1.75mm<\/td>\n<\/tr>\n<tr>\n<th>Nozzle diameter<\/th>\n<td>0.4 mm<\/td>\n<\/tr>\n<tr>\n<th>Nozzle temperature<\/th>\n<td>\u2264300\u2103<\/td>\n<\/tr>\n<tr>\n<th>Temperature of heated platform<\/th>\n<td>\u2264100\u2103<\/td>\n<\/tr>\n<tr>\n<th>Printing platform<\/th>\n<td>Epoxy resin structural plate<\/td>\n<\/tr>\n<tr>\n<th>Leveling mode<\/th>\n<td>Autom\u0101tisk\u0101<\/td>\n<\/tr>\n<tr>\n<th>File transfer<\/th>\n<td>flash drive, Wi-Fi<\/td>\n<\/tr>\n<tr>\n<th>Ekr\u0101ns<\/th>\n<td>touch screen, color<\/td>\n<\/tr>\n<tr>\n<th>Camera<\/th>\n<td>optional<\/td>\n<\/tr>\n<tr>\n<th>Power loss recovery<\/th>\n<td>j\u0101<\/td>\n<\/tr>\n<tr>\n<th>Filament exhaustion sensor<\/th>\n<td>j\u0101<\/td>\n<\/tr>\n<tr>\n<th>Air cleaner<\/th>\n<td>no<\/td>\n<\/tr>\n<tr>\n<th>Input shaping<\/th>\n<td>j\u0101<\/td>\n<\/tr>\n<tr>\n<th>Lighting set<\/th>\n<td>j\u0101<\/td>\n<\/tr>\n<tr>\n<th>Miega re\u017e\u012bms<\/th>\n<td>j\u0101<\/td>\n<\/tr>\n<tr>\n<th>Nomin\u0101lais spriegums<\/th>\n<td>100-120V~, 200-240V~, 50\/60Hz<\/td>\n<\/tr>\n<tr>\n<th>Nomin\u0101l\u0101 jauda<\/th>\n<td>350 W<\/td>\n<\/tr>\n<tr>\n<th>Printing materials<\/th>\n<td>Hyper PLA\/PLA\/PETG\/TPU<\/td>\n<\/tr>\n<tr>\n<th>Supported file format<\/th>\n<td>G-Code<\/td>\n<\/tr>\n<tr>\n<th>Programmat\u016bra<\/th>\n<td>Creality Print 5.0, Cura, PrusaSlicer<\/td>\n<\/tr>\n<tr>\n<th>Supported file format for printing<\/th>\n<td>STL, OBJ, 3MF<\/td>\n<\/tr>\n<tr>\n<th>Interface languages<\/th>\n<td>English, Spanish, German, French, Russian, Portuguese, Italian, Turkish, Japanese, Korean, Chinese<\/td>\n<\/tr>\n<\/tbody>\n<\/table>\n<\/div>","protected":false},"excerpt":{"rendered":"<p>Creality K1-SE 3D Printer The Creality K1-SE is an exceptionally powerful 3D printer that reaches speeds of up to 600 mm\/sec and acceleration of 20,000 mm\/sec\u00b2, the K1-SE allows you to print much faster than most competing models. Its robust design makes it suitable for both home workshops and studios. Thanks to factory calibration and [&#8230;]\n","protected":false},"featured_media":92439,"comment_status":"open","ping_status":"closed","template":"","meta":[],"location":[19557,19558],"product_brand":[],"product_cat":[14391],"product_tag":[],"class_list":{"0":"post-82163","1":"product","2":"type-product","3":"status-publish","4":"has-post-thumbnail","6":"location-innpro_stock_location","7":"location-local_stock_location","8":"product_cat-3d-printers","10":"first","11":"instock","12":"taxable","13":"shipping-taxable","14":"purchasable","15":"product-type-simple"},"aioseo_notices":[],"locations":[{"id":19557,"name":"Pieg\u0101d\u0101ja noliktav\u0101 (5-7dd.d)","slug":"innpro_stock_location","quantity":"94"},{"id":19558,"name":"R\u012bgas veikals (0-2dd.d)","slug":"local_stock_location","quantity":"0"}],"_links":{"self":[{"href":"https:\/\/elektrons.lv\/lv\/wp-json\/wp\/v2\/product\/82163","targetHints":{"allow":["GET"]}}],"collection":[{"href":"https:\/\/elektrons.lv\/lv\/wp-json\/wp\/v2\/product"}],"about":[{"href":"https:\/\/elektrons.lv\/lv\/wp-json\/wp\/v2\/types\/product"}],"replies":[{"embeddable":true,"href":"https:\/\/elektrons.lv\/lv\/wp-json\/wp\/v2\/comments?post=82163"}],"wp:featuredmedia":[{"embeddable":true,"href":"https:\/\/elektrons.lv\/lv\/wp-json\/wp\/v2\/media\/92439"}],"wp:attachment":[{"href":"https:\/\/elektrons.lv\/lv\/wp-json\/wp\/v2\/media?parent=82163"}],"wp:term":[{"taxonomy":"location","embeddable":true,"href":"https:\/\/elektrons.lv\/lv\/wp-json\/wp\/v2\/location?post=82163"},{"taxonomy":"product_brand","embeddable":true,"href":"https:\/\/elektrons.lv\/lv\/wp-json\/wp\/v2\/product_brand?post=82163"},{"taxonomy":"product_cat","embeddable":true,"href":"https:\/\/elektrons.lv\/lv\/wp-json\/wp\/v2\/product_cat?post=82163"},{"taxonomy":"product_tag","embeddable":true,"href":"https:\/\/elektrons.lv\/lv\/wp-json\/wp\/v2\/product_tag?post=82163"}],"curies":[{"name":"wp","href":"https:\/\/api.w.org\/{rel}","templated":true}]}}