{"id":82198,"date":"2026-05-14T09:42:52","date_gmt":"2026-05-14T09:42:52","guid":{"rendered":"https:\/\/elektrons.lv\/Prece\/ecoflow-glacier-classic-35l-portable-refrigerator\/"},"modified":"2026-05-15T15:00:34","modified_gmt":"2026-05-15T13:00:34","slug":"ecoflow-glacier-classic-35l-portable-refrigerator","status":"publish","type":"product","link":"https:\/\/elektrons.lv\/lv\/Prece\/ecoflow-glacier-classic-35l-portable-refrigerator\/","title":{"rendered":"EcoFlow Glacier Classic 35l portable refrigerator"},"content":{"rendered":"<h3>EcoFlow Glacier Classic 35l portable refrigerator<\/h3>\n<p>The EcoFlow GLACIER Classic Portable Refrigerator is ideal for camping, campervans, tent outings, spontaneous barbecues and even shopping on a hot day. Thanks to its compact design, it will easily fit in the trunk, for example, and its 35-liter capacity is enough to store up to 58 cans of beverage. The device also allows you to choose between cooling and freezing modes &#8211; it will ensure freshness for products such as yogurt, vegetables, fruits or meat. In addition, the refrigerator can be powered in several ways &#8211; including from an AC outlet, in the car or using an additional battery (sold separately).<\/p>\n<p>\n<img decoding=\"async\" alt=\"\" border=\"0\" src=\"https:\/\/assets.innpro.pl\/16057\/20244\/8.jpg\"\/>\n<\/p>\n<h3>Cools or freezes &#8211; the choice is yours<\/h3>\n<p>The 35-liter refrigerator offers a single zone that can operate in cooling or freezing mode. This means you can easily adapt it to your needs and safely store meat, beverages or even ice cream in it. Precise sensors stably maintain the right temperature with an accuracy of \u00b11\u00b0C, so the food placed inside stays fresh for a longer period of time.<\/p>\n<p>\n<img decoding=\"async\" alt=\"\" border=\"0\" src=\"https:\/\/assets.innpro.pl\/16057\/20244\/11.jpg\"\/>\n<\/p>\n<h3>Just right for any trip<\/h3>\n<p>The GLACIER Classic 35 l model was designed with travelers and more in mind. Its compact design (70.6 x 40 x 40.5 cm) allows you to save space in your trunk or camper, while still accommodating everything you need &#8211; from drinks to snacks to other food items like cheese or yogurt. The refrigerator is about 40% smaller than standard units of similar capacity, yet it can easily fit as many as 58 330 ml cans of beverage.<\/p>\n<p>\n<img decoding=\"async\" alt=\"\" border=\"0\" src=\"https:\/\/assets.innpro.pl\/16057\/20244\/1.jpg\"\/>\n<\/p>\n<h3>It will prove itself in many applications<\/h3>\n<p>GLACIER Classic refrigerator will prove itself wherever reliability and convenience are important. You will successfully use it during camping, campervan trips, family vacations or long car trips, as well as at the allotment or barbecue. You can also take it on a shopping trip on a hot day to make sure that ice cream, vegetables or frozen food gets home safely. Thanks to its compact design, the device will fit into most trunks.<\/p>\n<p>\n<img decoding=\"async\" alt=\"\" border=\"0\" src=\"https:\/\/assets.innpro.pl\/16057\/20244\/5.jpg\"\/>\n<\/p>\n<h3>Several power options<\/h3>\n<p>With several available power options, the GLACIER Classic refrigerator will work in almost any conditions. You can simply plug it into an AC outlet, a car charger or your vehicle&#8217;s alternator (the product is compatible with EcoFlow Alternator Charger 500 W and 800 W). The device also works with photovoltaic panels (11-30 V, less than 110 W) &#8211; but in this situation you must use an additional battery (sold separately). You also have a USB-C port, which allows you not only to power the refrigerator, but also to charge selected devices, such as a smartphone or laptop, for example.<\/p>\n<p>\n<img decoding=\"async\" alt=\"\" border=\"0\" src=\"https:\/\/assets.innpro.pl\/16057\/20244\/7.jpg\"\/>\n<\/p>\n<h3>Wireless operation with an additional battery pack<\/h3>\n<p>A rechargeable battery available for sale separately allows the refrigerator to operate wirelessly. With a capacity of 298 Wh, it can power the device for up to 43 hours! Such a solution will be great in case of a power failure or during trips to places where access to standard energy sources is difficult.<\/p>\n<p>\n<img decoding=\"async\" alt=\"\" border=\"0\" src=\"https:\/\/assets.innpro.pl\/16057\/20244\/2.jpg\"\/>\n<\/p>\n<h3>Excellent insulation, impressive performance<\/h3>\n<p>Forget about melting ice and flooded packages. Thanks to a 53-millimeter layer of insulating foam and a tight seal, the GLACIER Classic stably maintains the right temperature. In addition, an efficient compressor ensures low energy consumption and allows the refrigerator to operate efficiently for a long time.<\/p>\n<p>\n<img decoding=\"async\" alt=\"\" border=\"0\" src=\"https:\/\/assets.innpro.pl\/16057\/20244\/9.jpg\"\/>\n<\/p>\n<h3>More possibilities with the EcoFlow app<\/h3>\n<p>With the EcoFlow app, you can conveniently control the temperature, monitor the battery status, check the last 7 days&#8217; data and use the available modes. Max mode provides cooling with maximum efficiency &#8211; it will work well for ice cream or frozen meat. Eco mode, on the other hand, reduces energy consumption, so it will be perfect for longer trips. The app will also send you notifications of any abnormal temperature fluctuations.<\/p>\n<p>\n<img decoding=\"async\" alt=\"\" border=\"0\" src=\"https:\/\/assets.innpro.pl\/16057\/20244\/3.jpg\"\/>\n<\/p>\n<h3>Convenient portability<\/h3>\n<p>There are hidden handles on both sides of the refrigerator with a width of 26.7 cm, which allow it to be carried comfortably and safely by two people &#8211; even when the interior is filled with food and drinks. They can withstand a load of up to 100 kg, so you don&#8217;t have to worry about damaging them.<\/p>\n<p>\n<img decoding=\"async\" alt=\"\" border=\"0\" src=\"https:\/\/assets.innpro.pl\/16057\/20244\/4.jpg\"\/>\n<\/p>\n<h3>Additional accessories for every adventure<\/h3>\n<p>Also available for sale separately are additional accessories that increase the functionality of the refrigerator during expeditions. A detachable board allows you to conveniently store tools, spices or handy trinkets, and a folding table will successfully serve as a cutting board, for example. In turn, a practical bag will allow you to organize cutlery and other small items. This is a great option for anyone who wants to have everything necessary in the field at hand!<\/p>\n<p>\n<img decoding=\"async\" alt=\"\" border=\"0\" src=\"https:\/\/assets.innpro.pl\/16057\/20244\/10.jpg\"\/>\n<\/p>\n<h3>Iek\u013cauts<\/h3>\n<ul class=\"list-disc pl-5\">\n<li>Portable refrigerator EcoFlow GLACIER 35 l<\/li>\n<li>Mai\u0146str\u0101vas adapteris<\/li>\n<li>Grozs<\/li>\n<li>Cable with car charger<\/li>\n<li>Quick start guide, safety instructions and warranty card<\/li>\n<\/ul>\n<div class=\"table-wrapper\">\n<p>\u00a0<\/p>\n<h3>\u0122ener\u0101lis<\/h3>\n<table>\n<tbody>\n<tr>\n<th>Ra\u017eot\u0101js<\/th>\n<td>EcoFlow<\/td>\n<\/tr>\n<tr>\n<th>V\u0101rds<\/th>\n<td>GLACIER Classic 35L<\/td>\n<\/tr>\n<tr>\n<th>Modelis<\/th>\n<td>EFGLACIER35L-EU-NBOX<\/td>\n<\/tr>\n<tr>\n<th>\u0100r\u0113jie izm\u0113ri<\/th>\n<td>70.6\u00d740\u00d740.5 cm<\/td>\n<\/tr>\n<tr>\n<th>Internal dimensions<\/th>\n<td>48.7\u00d728.4\u00d729.85 cm<\/td>\n<\/tr>\n<tr>\n<th>Svars<\/th>\n<td>19.6 kg<\/td>\n<\/tr>\n<tr>\n<th>Izmantojam\u0101 jauda<\/th>\n<td>35 L<\/td>\n<\/tr>\n<tr>\n<th>Cooling zone<\/th>\n<td>Single, selectable cooling\/freezing<\/td>\n<\/tr>\n<\/tbody>\n<\/table>\n<p>\u00a0<\/p>\n<h3>Baro\u0161anas avots<\/h3>\n<table>\n<tbody>\n<tr>\n<th>AC power supply<\/th>\n<td>AC adapter: 95 W max, 14.5 V, 100-240 V, 50\/60 Hz<\/td>\n<\/tr>\n<tr>\n<th>DC power supply (solar charging)<\/th>\n<td>11-30 V, 8 A \/ 110 W max.<\/td>\n<\/tr>\n<tr>\n<th>DC power supply (car socket)<\/th>\n<td>12 V\/24 V, 8 A \/ 100 W max.<\/td>\n<\/tr>\n<\/tbody>\n<\/table>\n<p>\u00a0<\/p>\n<h3>Working capacity<\/h3>\n<table>\n<tbody>\n<tr>\n<th>Battery operating time (sold separately)<\/th>\n<td>Approx. 43 h (at an ambient temperature of 25\u00b0C, in Eco mode)<\/td>\n<\/tr>\n<tr>\n<th>Nomin\u0101l\u0101 jauda<\/th>\n<td>55 W<\/td>\n<\/tr>\n<tr>\n<th>Trok\u0161\u0146a l\u012bmenis<\/th>\n<td>< 38.5 dB<\/td>\n<\/tr>\n<tr>\n<th>Aizsardz\u012bbas klase<\/th>\n<td>IPX4<\/td>\n<\/tr>\n<tr>\n<th>Cooling temperature range<\/th>\n<td>From -20\u00b0C to 20\u00b0C<\/td>\n<\/tr>\n<tr>\n<th>Operating ambient temperature range<\/th>\n<td>From -10\u00b0C to 50\u00b0C<\/td>\n<\/tr>\n<tr>\n<th>Storage temperature range<\/th>\n<td>From -20\u00b0C to 60\u00b0C<\/td>\n<\/tr>\n<tr>\n<th>Temperat\u016bras precizit\u0101te<\/th>\n<td>Eco mode: \u00b12-3\u00b0C; Max mode: \u00b11\u00b0C;<\/td>\n<\/tr>\n<tr>\n<th>Power consumption &#8211; cooling (4\u00b0C)<\/th>\n<td>165 Wh \/ 24 h; 0.57 Ah\/h;<\/td>\n<\/tr>\n<tr>\n<th>Energy consumption &#8211; freezing (-18\u00b0C)<\/th>\n<td>520 Wh \/ 24 h; 1.8 Ah\/h; (at an ambient temperature of 25\u00b0C, in Eco mode)<\/td>\n<\/tr>\n<tr>\n<th>Energy efficiency class<\/th>\n<td>Home level: 1; Europe: Class B<\/td>\n<\/tr>\n<\/tbody>\n<\/table>\n<p>\u00a0<\/p>\n<h3>Cits<\/h3>\n<table>\n<tbody>\n<tr>\n<th>App<\/th>\n<td>EcoFlow<\/td>\n<\/tr>\n<tr>\n<th>Aukstuma\u0123ents<\/th>\n<td>R600a<\/td>\n<\/tr>\n<\/tbody>\n<\/table>\n<\/div>","protected":false},"excerpt":{"rendered":"<p>EcoFlow Glacier Classic 35l portable refrigerator The EcoFlow GLACIER Classic Portable Refrigerator is ideal for camping, campervans, tent outings, spontaneous barbecues and even shopping on a hot day. Thanks to its compact design, it will easily fit in the trunk, for example, and its 35-liter capacity is enough to store up to 58 cans of [&#8230;]\n","protected":false},"featured_media":92309,"comment_status":"open","ping_status":"closed","template":"","meta":[],"location":[19557,19558],"product_brand":[],"product_cat":[16809],"product_tag":[],"class_list":{"0":"post-82198","1":"product","2":"type-product","3":"status-publish","4":"has-post-thumbnail","6":"location-innpro_stock_location","7":"location-local_stock_location","8":"product_cat-camping","10":"first","11":"instock","12":"taxable","13":"shipping-taxable","14":"purchasable","15":"product-type-simple"},"aioseo_notices":[],"locations":[{"id":19557,"name":"Pieg\u0101d\u0101ja noliktav\u0101 (5-7dd.d)","slug":"innpro_stock_location","quantity":"21"},{"id":19558,"name":"R\u012bgas veikals (0-2dd.d)","slug":"local_stock_location","quantity":"0"}],"_links":{"self":[{"href":"https:\/\/elektrons.lv\/lv\/wp-json\/wp\/v2\/product\/82198","targetHints":{"allow":["GET"]}}],"collection":[{"href":"https:\/\/elektrons.lv\/lv\/wp-json\/wp\/v2\/product"}],"about":[{"href":"https:\/\/elektrons.lv\/lv\/wp-json\/wp\/v2\/types\/product"}],"replies":[{"embeddable":true,"href":"https:\/\/elektrons.lv\/lv\/wp-json\/wp\/v2\/comments?post=82198"}],"wp:featuredmedia":[{"embeddable":true,"href":"https:\/\/elektrons.lv\/lv\/wp-json\/wp\/v2\/media\/92309"}],"wp:attachment":[{"href":"https:\/\/elektrons.lv\/lv\/wp-json\/wp\/v2\/media?parent=82198"}],"wp:term":[{"taxonomy":"location","embeddable":true,"href":"https:\/\/elektrons.lv\/lv\/wp-json\/wp\/v2\/location?post=82198"},{"taxonomy":"product_brand","embeddable":true,"href":"https:\/\/elektrons.lv\/lv\/wp-json\/wp\/v2\/product_brand?post=82198"},{"taxonomy":"product_cat","embeddable":true,"href":"https:\/\/elektrons.lv\/lv\/wp-json\/wp\/v2\/product_cat?post=82198"},{"taxonomy":"product_tag","embeddable":true,"href":"https:\/\/elektrons.lv\/lv\/wp-json\/wp\/v2\/product_tag?post=82198"}],"curies":[{"name":"wp","href":"https:\/\/api.w.org\/{rel}","templated":true}]}}