{"id":82252,"date":"2026-05-14T09:43:00","date_gmt":"2026-05-14T09:43:00","guid":{"rendered":"https:\/\/elektrons.lv\/Prece\/softbundle-ecoflow-stream-ultra-stream-ac-pro\/"},"modified":"2026-05-15T17:02:56","modified_gmt":"2026-05-15T15:02:56","slug":"softbundle-ecoflow-stream-ultra-stream-ac-pro","status":"publish","type":"product","link":"https:\/\/elektrons.lv\/lv\/Prece\/softbundle-ecoflow-stream-ultra-stream-ac-pro\/","title":{"rendered":"Softbundle EcoFlow STREAM Ultra + STREAM AC Pro"},"content":{"rendered":"<h3>Softbundle EcoFlow STREAM Ultra + STREAM AC Pro <\/h3>\n<p>The EcoFlow Kit is a complete plug-and-play energy solution that allows you to store and use energy from photovoltaic panels &#8211; both day and night. It includes a 2-in-1 EcoFlow STREAM Ultra smart energy storage with microinverter and an additional EcoFlow STREAM AC Pro energy storage. The devices form a cohesive balcony system that supports the home&#8217;s electrical system, reduces electricity bills and provides emergency power &#8211; without complicated installation or unnecessary cables.<\/p>\n<p>\n<img decoding=\"async\" alt=\"\" border=\"0\" src=\"https:\/\/assets.innpro.pl\/16457\/21222\/6.jpg\"\/>\n<\/p>\n<h3>EcoFlow STREAM Ultra &#8211; energy storage and inverter in one<\/h3>\n<p>EcoFlow STREAM Ultra is an advanced energy storage with microinverter that allows you to maximize the potential of connected photovoltaic panels (not included). With a capacity of 2 kWh and support for as many as four independent MPPT inputs (up to 500 watts each), the device excels at managing photovoltaic energy even with an input power of up to 2,000 watts. The device is capable of transferring energy to a home installation with a power output of up to 800 W (AC Grid Terminal) and powering devices from the AC output (up to 1200 W). With parallel operation (up to 2,300 W), the system can be scaled up to more extensive solutions. The IP65-rated enclosure, quiet fanless operation and weather resistance (-20\u00b0C to 55\u00b0C) ensure reliability both indoors and outdoors.<\/p>\n<p>\n<img decoding=\"async\" alt=\"\" border=\"0\" src=\"https:\/\/assets.innpro.pl\/16457\/21222\/2.jpg\"\/>\n<\/p>\n<h3>EcoFlow STREAM AC Pro &#8211; extra capacity and flexibility<\/h3>\n<p>The EcoFlow STREAM AC Pro energy storage unit is a plug-and-play device with a capacity of 1.92 kWh, which can operate both independently and as part of a larger energy system. It can charge directly from an outlet and then power household appliances with up to 1,200 watts of power, or return energy to the grid with a maximum output of 800 watts. When discharged, it automatically switches to bypass mode, providing power from the grid with up to 2,300 watts. The EcoFlow STREAM AC Pro is equipped with a self-heating function that allows charging even at low temperatures, and its rugged, compact housing (IP65) allows safe use both indoors and outdoors.<\/p>\n<p>\n<img decoding=\"async\" alt=\"\" border=\"0\" src=\"https:\/\/assets.innpro.pl\/16457\/21222\/8.jpg\"\/>\n<\/p>\n<h3>Smart energy management &#8211; remotely and on the fly<\/h3>\n<p>Both devices &#8211; EcoFlow STREAM Ultra and EcoFlow STREAM AC Pro &#8211; offer Bluetooth and Wi-Fi connectivity and the ability to operate via the EcoFlow app. From it, you can monitor energy flow in real time, check battery charge levels, set charge and discharge schedules, and activate different modes as needed. The app also allows you to remotely turn your devices on and off, and integrate with artificial intelligence (AI)-based smart scenarios &#8211; some of which are available as part of the premium version.<\/p>\n<p>\n<img decoding=\"async\" alt=\"\" border=\"0\" src=\"https:\/\/assets.innpro.pl\/16457\/21222\/5.jpg\"\/>\n<\/p>\n<h3>Longevity you can rely on<\/h3>\n<p>Both the EcoFlow STREAM Ultra and EcoFlow STREAM AC Pro are equipped with batteries that provide more than 6,000 charge cycles with high efficiency. This means the entire set is ready for years of heavy use.<\/p>\n<p>\n<img decoding=\"async\" alt=\"\" border=\"0\" src=\"https:\/\/assets.innpro.pl\/16457\/21222\/7.jpg\"\/>\n<\/p>\n<h3>Iek\u013cauts:<\/h3>\n<ul class=\"list-disc pl-5\">\n<li>Smart energy storage with microinverter 2-in-1 EcoFlow STREAM Ultra<\/li>\n<li>EcoFlow STREAM AC Pro 800W energy storage.<\/li>\n<\/ul>\n<div class=\"table-wrapper\">\n<p>\u00a0<\/p>\n<h3>Smart energy storage with microinverter 2-in-1 EcoFlow STREAM Ultra<\/h3>\n<table>\n<tbody>\n<tr>\n<th>\u0122ener\u0101lis<\/th>\n<\/tr>\n<tr>\n<th>Ra\u017eot\u0101js<\/th>\n<td>EcoFlow<\/td>\n<\/tr>\n<tr>\n<th>Modelis<\/th>\n<td>STREAM Ultra<\/td>\n<\/tr>\n<tr>\n<th>Izm\u0113ri<\/th>\n<td>255 \u00d7 284 \u00d7 458 mm<\/td>\n<\/tr>\n<tr>\n<th>Svars<\/th>\n<td>23.1 kg<\/td>\n<\/tr>\n<tr>\n<th>Typology<\/th>\n<td>Insulated<\/td>\n<\/tr>\n<tr>\n<th>Protection class (IP)<\/th>\n<td>IP65<\/td>\n<\/tr>\n<tr>\n<th>Contamination category<\/th>\n<td>PD3<\/td>\n<\/tr>\n<tr>\n<th>Overvoltage category (OVC)<\/th>\n<td>DC: II, AC: III<\/td>\n<\/tr>\n<tr>\n<th>Pieteikums<\/th>\n<td>Outdoor \/ indoor<\/td>\n<\/tr>\n<tr>\n<th>Cooling method<\/th>\n<td>Natural convection (no fans)<\/td>\n<\/tr>\n<tr>\n<th>Akumulators<\/th>\n<\/tr>\n<tr>\n<th>Rated capacity<\/th>\n<td>2 kWh<\/td>\n<\/tr>\n<tr>\n<th>Nomin\u0101lais spriegums<\/th>\n<td>19,2 V<\/td>\n<\/tr>\n<tr>\n<th>Number of cycles<\/th>\n<td>6000+<\/td>\n<\/tr>\n<tr>\n<th>\u0160\u016bnas tips<\/th>\n<td>LFP (lithium-iron-phosphate)<\/td>\n<\/tr>\n<tr>\n<th>PV input (DC)<\/th>\n<\/tr>\n<tr>\n<th>Number of MPPT<\/th>\n<td>4<\/td>\n<\/tr>\n<tr>\n<th>MPPT voltage range<\/th>\n<td>15 V-60 V<\/td>\n<\/tr>\n<tr>\n<th>Max input power<\/th>\n<td>2000 W (500 W per MPPT)<\/td>\n<\/tr>\n<tr>\n<th>Max input voltage<\/th>\n<td>60 V<\/td>\n<\/tr>\n<tr>\n<th>Max. input current<\/th>\n<td>14 A<\/td>\n<\/tr>\n<tr>\n<th>Max. input short-circuit current<\/th>\n<td>20 A<\/td>\n<\/tr>\n<tr>\n<th>Grid output (AC Grid Terminal)<\/th>\n<\/tr>\n<tr>\n<th>Voltage and frequency<\/th>\n<td>230 V~, 50 Hz<\/td>\n<\/tr>\n<tr>\n<th>Nomin\u0101l\u0101 jauda<\/th>\n<td>800 W<\/td>\n<\/tr>\n<tr>\n<th>Nomin\u0101l\u0101 str\u0101va<\/th>\n<td>3,48 A<\/td>\n<\/tr>\n<tr>\n<th>Max. input current<\/th>\n<td>10 A<\/td>\n<\/tr>\n<tr>\n<th>Max input power<\/th>\n<td>2300 W<\/td>\n<\/tr>\n<tr>\n<th>Power factor<\/th>\n<td>1 (0.8 to -0.8)<\/td>\n<\/tr>\n<tr>\n<th>AC izeja<\/th>\n<\/tr>\n<tr>\n<th>Voltage and frequency<\/th>\n<td>230 V~, 50 Hz<\/td>\n<\/tr>\n<tr>\n<th>Max. output power<\/th>\n<td>1200 W<\/td>\n<\/tr>\n<tr>\n<th>Rated output current<\/th>\n<td>5,22 A<\/td>\n<\/tr>\n<tr>\n<th>Max. output current (bypass mode)<\/th>\n<td>10 A<\/td>\n<\/tr>\n<tr>\n<th>Max input power<\/th>\n<td>800 W<\/td>\n<\/tr>\n<tr>\n<th>Max. input current<\/th>\n<td>3,48 A<\/td>\n<\/tr>\n<tr>\n<th>Power factor<\/th>\n<td>1 (0.8 to -0.8)<\/td>\n<\/tr>\n<tr>\n<th>Parallel output (AC Parallel Terminal)<\/th>\n<\/tr>\n<tr>\n<th>Voltage and frequency<\/th>\n<td>230 V~, 50 Hz<\/td>\n<\/tr>\n<tr>\n<th>Max. output power<\/th>\n<td>2300 W<\/td>\n<\/tr>\n<tr>\n<th>Max. output current<\/th>\n<td>10 A<\/td>\n<\/tr>\n<tr>\n<th>Max. input current<\/th>\n<td>10 A<\/td>\n<\/tr>\n<tr>\n<th>Max input power<\/th>\n<td>2300 W<\/td>\n<\/tr>\n<tr>\n<th>Power factor<\/th>\n<td>1 (0.8 to -0.8)<\/td>\n<\/tr>\n<tr>\n<th>Operating environment<\/th>\n<\/tr>\n<tr>\n<th>Operating altitude<\/th>\n<td>\u2264 4000 m above sea level.<\/td>\n<\/tr>\n<tr>\n<th>Darba temperat\u016bra<\/th>\n<td>-20\u00b0C to 55\u00b0C<\/td>\n<\/tr>\n<tr>\n<th>Uzglab\u0101\u0161anas temperat\u016bra<\/th>\n<td>-20\u00b0C to 55\u00b0C<\/td>\n<\/tr>\n<tr>\n<th>Relat\u012bvais mitrums<\/th>\n<td>5%-95%<\/td>\n<\/tr>\n<tr>\n<th>Features and connectivity<\/th>\n<\/tr>\n<tr>\n<th>Savienojam\u012bba<\/th>\n<td>WLAN, Bluetooth<\/td>\n<\/tr>\n<tr>\n<th>Management<\/th>\n<td>EcoFlow app<\/td>\n<\/tr>\n<\/tbody>\n<\/table>\n<p>\u00a0<\/p>\n<h3>EcoFlow STREAM AC Pro 800W Energy Storage<\/h3>\n<table>\n<tbody>\n<tr>\n<th>Ra\u017eot\u0101js<\/th>\n<td>EcoFlow<\/td>\n<\/tr>\n<tr>\n<th>Modelis<\/th>\n<td>Stream AC Pro<\/td>\n<\/tr>\n<tr>\n<th>Akumulatora ietilp\u012bba<\/th>\n<td>1.92 kWh<\/td>\n<\/tr>\n<tr>\n<th>Dz\u012bves cikls<\/th>\n<td>6000 cycles to 70% capacity<\/td>\n<\/tr>\n<tr>\n<th>Mai\u0146str\u0101vas ieeja<\/th>\n<td>1050 W<\/td>\n<\/tr>\n<tr>\n<th>AC output power<\/th>\n<td>1200 W<\/td>\n<\/tr>\n<tr>\n<th>MPPT<\/th>\n<td>&#8211;<\/td>\n<\/tr>\n<tr>\n<th>AC output to the grid (on-grid mode)<\/th>\n<td>800 W<\/td>\n<\/tr>\n<tr>\n<th>AC charging current<\/th>\n<td>10 A<\/td>\n<\/tr>\n<tr>\n<th>Maximum power of supported devices (Bypass output)<\/th>\n<td>2300 W (10 A)<\/td>\n<\/tr>\n<tr>\n<th>Darb\u012bbas temperat\u016bras diapazons<\/th>\n<td>-20\u00b0C to 55\u00b0C<\/td>\n<\/tr>\n<tr>\n<th>Self-heating of batteries<\/th>\n<td>Low temperature charging activation (\u22645\u00b0C)<\/td>\n<\/tr>\n<tr>\n<th>Savienojam\u012bba<\/th>\n<td>Wi-Fi \/ Bluetooth<\/td>\n<\/tr>\n<tr>\n<th>Degree of protection (IP)<\/th>\n<td>IP65<\/td>\n<\/tr>\n<tr>\n<th>Neto svars<\/th>\n<td>21.5 kg<\/td>\n<\/tr>\n<tr>\n<th>Izm\u0113ri<\/th>\n<td>255 mm \u00d7 254 mm \u00d7 458 mm<\/td>\n<\/tr>\n<tr>\n<th>Trok\u0161\u0146a l\u012bmenis<\/th>\n<td><30 dB<\/td>\n<\/tr>\n<tr>\n<th>Warranty<\/th>\n<td>10 gadi<\/td>\n<\/tr>\n<\/tbody>\n<\/table>\n<\/div>","protected":false},"excerpt":{"rendered":"<p>Softbundle EcoFlow STREAM Ultra + STREAM AC Pro The EcoFlow Kit is a complete plug-and-play energy solution that allows you to store and use energy from photovoltaic panels &#8211; both day and night. It includes a 2-in-1 EcoFlow STREAM Ultra smart energy storage with microinverter and an additional EcoFlow STREAM AC Pro energy storage. The [&#8230;]\n","protected":false},"featured_media":92109,"comment_status":"open","ping_status":"closed","template":"","meta":[],"location":[19557,19558],"product_brand":[],"product_cat":[16505],"product_tag":[],"class_list":{"0":"post-82252","1":"product","2":"type-product","3":"status-publish","4":"has-post-thumbnail","6":"location-innpro_stock_location","7":"location-local_stock_location","8":"product_cat-balcony-systems","10":"first","11":"outofstock","12":"taxable","13":"shipping-taxable","14":"purchasable","15":"product-type-simple"},"aioseo_notices":[],"locations":[{"id":19557,"name":"Pieg\u0101d\u0101ja noliktav\u0101 (5-7dd.d)","slug":"innpro_stock_location","quantity":"0"},{"id":19558,"name":"R\u012bgas veikals (0-2dd.d)","slug":"local_stock_location","quantity":"0"}],"_links":{"self":[{"href":"https:\/\/elektrons.lv\/lv\/wp-json\/wp\/v2\/product\/82252","targetHints":{"allow":["GET"]}}],"collection":[{"href":"https:\/\/elektrons.lv\/lv\/wp-json\/wp\/v2\/product"}],"about":[{"href":"https:\/\/elektrons.lv\/lv\/wp-json\/wp\/v2\/types\/product"}],"replies":[{"embeddable":true,"href":"https:\/\/elektrons.lv\/lv\/wp-json\/wp\/v2\/comments?post=82252"}],"wp:featuredmedia":[{"embeddable":true,"href":"https:\/\/elektrons.lv\/lv\/wp-json\/wp\/v2\/media\/92109"}],"wp:attachment":[{"href":"https:\/\/elektrons.lv\/lv\/wp-json\/wp\/v2\/media?parent=82252"}],"wp:term":[{"taxonomy":"location","embeddable":true,"href":"https:\/\/elektrons.lv\/lv\/wp-json\/wp\/v2\/location?post=82252"},{"taxonomy":"product_brand","embeddable":true,"href":"https:\/\/elektrons.lv\/lv\/wp-json\/wp\/v2\/product_brand?post=82252"},{"taxonomy":"product_cat","embeddable":true,"href":"https:\/\/elektrons.lv\/lv\/wp-json\/wp\/v2\/product_cat?post=82252"},{"taxonomy":"product_tag","embeddable":true,"href":"https:\/\/elektrons.lv\/lv\/wp-json\/wp\/v2\/product_tag?post=82252"}],"curies":[{"name":"wp","href":"https:\/\/api.w.org\/{rel}","templated":true}]}}