{"id":82263,"date":"2026-05-14T09:43:01","date_gmt":"2026-05-14T09:43:01","guid":{"rendered":"https:\/\/elektrons.lv\/Prece\/dedra-clamping-bands-for-pv-flexible-panels\/"},"modified":"2026-05-15T15:04:42","modified_gmt":"2026-05-15T13:04:42","slug":"dedra-clamping-bands-for-pv-flexible-panels","status":"publish","type":"product","link":"https:\/\/elektrons.lv\/lv\/Prece\/dedra-clamping-bands-for-pv-flexible-panels\/","title":{"rendered":"DEDRA clamping bands for PV flexible panels"},"content":{"rendered":"<h3>DEDRA cable clamps for PV flexible panels<\/h3>\n<p>DEDRA clamping bands for photovoltaic panels make it easier to organize and fix cables in PV installations. They enable cables, hoses or tubes to be guided aesthetically and safely, preventing them from coming loose. They are made of stainless steel coated with polyester resin, making them resistant to corrosion, UV radiation, chemicals and harsh weather conditions. At the same time they are very durable &#8211; they are not afraid of stretching, heavy loads or high temperatures. The set includes 20 ties.<\/p>\n<p>\n<img decoding=\"async\" alt=\"Coiled and unfolded black cable tie with metal element on gray background\" border=\"0\" src=\"https:\/\/assets.innpro.pl\/18377\/24448\/1.jpg\"\/>\n<\/p>\n<div class=\"table-wrapper\">\n<p>\u00a0<\/p>\n<h3><\/h3>\n<table>\n<tbody>\n<tr>\n<th>Ra\u017eot\u0101js<\/th>\n<td>DEDRA<\/td>\n<\/tr>\n<tr>\n<th>Modelis<\/th>\n<td>11NC4291<\/td>\n<\/tr>\n<tr>\n<th>Kr\u0101sa<\/th>\n<td>Melns<\/td>\n<\/tr>\n<tr>\n<th>Garums<\/th>\n<td>290 mm<\/td>\n<\/tr>\n<tr>\n<th>Platums<\/th>\n<td>4.6 mm<\/td>\n<\/tr>\n<tr>\n<th>Materi\u0101ls<\/th>\n<td>SS404 steel<\/td>\n<\/tr>\n<tr>\n<th>Purpose<\/th>\n<td>For attaching bundles of cables, wires, hoses or tubes<\/td>\n<\/tr>\n<tr>\n<th>Number of pieces in the set<\/th>\n<td>20<\/td>\n<\/tr>\n<\/tbody>\n<\/table>\n<\/div>","protected":false},"excerpt":{"rendered":"<p>DEDRA cable clamps for PV flexible panels DEDRA clamping bands for photovoltaic panels make it easier to organize and fix cables in PV installations. They enable cables, hoses or tubes to be guided aesthetically and safely, preventing them from coming loose. They are made of stainless steel coated with polyester resin, making them resistant to [&#8230;]\n","protected":false},"featured_media":92094,"comment_status":"open","ping_status":"closed","template":"","meta":[],"location":[19557,19558],"product_brand":[],"product_cat":[16505],"product_tag":[],"class_list":{"0":"post-82263","1":"product","2":"type-product","3":"status-publish","4":"has-post-thumbnail","6":"location-innpro_stock_location","7":"location-local_stock_location","8":"product_cat-balcony-systems","10":"first","11":"instock","12":"sale","13":"taxable","14":"shipping-taxable","15":"purchasable","16":"product-type-simple"},"aioseo_notices":[],"locations":[{"id":19557,"name":"Pieg\u0101d\u0101ja noliktav\u0101 (5-7dd.d)","slug":"innpro_stock_location","quantity":"54"},{"id":19558,"name":"R\u012bgas veikals (0-2dd.d)","slug":"local_stock_location","quantity":"0"}],"_links":{"self":[{"href":"https:\/\/elektrons.lv\/lv\/wp-json\/wp\/v2\/product\/82263","targetHints":{"allow":["GET"]}}],"collection":[{"href":"https:\/\/elektrons.lv\/lv\/wp-json\/wp\/v2\/product"}],"about":[{"href":"https:\/\/elektrons.lv\/lv\/wp-json\/wp\/v2\/types\/product"}],"replies":[{"embeddable":true,"href":"https:\/\/elektrons.lv\/lv\/wp-json\/wp\/v2\/comments?post=82263"}],"wp:featuredmedia":[{"embeddable":true,"href":"https:\/\/elektrons.lv\/lv\/wp-json\/wp\/v2\/media\/92094"}],"wp:attachment":[{"href":"https:\/\/elektrons.lv\/lv\/wp-json\/wp\/v2\/media?parent=82263"}],"wp:term":[{"taxonomy":"location","embeddable":true,"href":"https:\/\/elektrons.lv\/lv\/wp-json\/wp\/v2\/location?post=82263"},{"taxonomy":"product_brand","embeddable":true,"href":"https:\/\/elektrons.lv\/lv\/wp-json\/wp\/v2\/product_brand?post=82263"},{"taxonomy":"product_cat","embeddable":true,"href":"https:\/\/elektrons.lv\/lv\/wp-json\/wp\/v2\/product_cat?post=82263"},{"taxonomy":"product_tag","embeddable":true,"href":"https:\/\/elektrons.lv\/lv\/wp-json\/wp\/v2\/product_tag?post=82263"}],"curies":[{"name":"wp","href":"https:\/\/api.w.org\/{rel}","templated":true}]}}