{"id":82296,"date":"2026-05-14T09:43:06","date_gmt":"2026-05-14T09:43:06","guid":{"rendered":"https:\/\/elektrons.lv\/Prece\/neweer-tl97c-rgb-led-color-photo-light\/"},"modified":"2026-05-15T15:16:43","modified_gmt":"2026-05-15T13:16:43","slug":"neweer-tl97c-rgb-led-color-photo-light","status":"publish","type":"product","link":"https:\/\/elektrons.lv\/lv\/Prece\/neweer-tl97c-rgb-led-color-photo-light\/","title":{"rendered":"Neweer TL97C RGB LED color photo light"},"content":{"rendered":"<h3>Neewer TL97C RGB LED color photography light<\/h3>\n<p>Looking for a compact light source that fits in your pocket while offering full control over color, brightness and effects? The Neewer TL97C is a handy 4.5-watt RGB lamp that combines RGBWW technology with an impressive CRI of 97. With 93 LEDs (36 cold, 33 warm and 24 RGB), it generates up to 360 lux of light from a distance of 0.5 meters. Despite its small size (10.8 \u00d7 4 \u00d7 4.4 cm) and light weight (134 g), it offers functionality worthy of professional applications, including vlogs, product shots, live broadcasts or creative outdoor shots.<\/p>\n<p>\n<img decoding=\"async\" alt=\"\" border=\"0\" src=\"https:\/\/assets.innpro.pl\/16665\/21698\/2.jpg\"\/>\n<\/p>\n<h3>Full freedom of color settings<\/h3>\n<p>The Neewer TL97C offers three modes &#8211; CCT (2500K-8500K color temperature range), HSI and FX, so you can fine-tune the light for any scene. In HSI mode, it is possible to adjust hue (0-360\u00b0), brightness (0-100%) and saturation (0-100%). In addition, the green\/magenta balance (GM) correction function allows you to perfectly match the light to different types of cameras and lighting conditions.<\/p>\n<p>\n<img decoding=\"async\" alt=\"\" border=\"0\" src=\"https:\/\/assets.innpro.pl\/16665\/21698\/5.jpg\"\/>\n<\/p>\n<h3>17 built-in special effects<\/h3>\n<p>Lightning, fireworks, and police light? The Neewer TL97C offers 17 dynamic lighting effects to create unique shots without the need for additional software. It&#8217;s ideal for creators of music videos, short films, or stylized photo shoots.<\/p>\n<p>\n<img decoding=\"async\" alt=\"\" border=\"0\" src=\"https:\/\/assets.innpro.pl\/16665\/21698\/4.jpg\"\/>\n<\/p>\n<h3>T\u0101lvad\u012bbas pults, izmantojot lietotni<\/h3>\n<p>With the Neewer TL97C flash, you can operate without touching the device &#8211; all you need is the Neewer Control Center app for Android or iOS. The control works within a radius of up to 50 meters without the need to connect to Wi-Fi. From your phone you can set brightness, color, color temperature, special effects, and save custom presets. OTA updates are also supported, giving the lamp new features without having to connect to a computer.<\/p>\n<p>\n<img decoding=\"async\" alt=\"\" border=\"0\" src=\"https:\/\/assets.innpro.pl\/16665\/21698\/7.jpg\"\/>\n<\/p>\n<h3>Mobility and durability<\/h3>\n<p>The built-in 2500 mAh lithium battery provides up to 150 minutes of full-brightness operation. Charging via USB-C (5V\/2A) takes just 2 hours, and the lamp can also be used while charging.<\/p>\n<p>\n<img decoding=\"async\" alt=\"\" border=\"0\" src=\"https:\/\/assets.innpro.pl\/16665\/21698\/3.jpg\"\/>\n<\/p>\n<h3>Thoughtful mounting<\/h3>\n<p>Thanks to two 1\/4&#8243; threads and built-in magnets on the sides, the lamp can be stably attached to a tripod, metal surface or even combine several devices into one larger lighting kit. The ability to position the lamp at any angle (from above, from the side, from below) gives you full flexibility when planning your lighting.<\/p>\n<p>\n<img decoding=\"async\" alt=\"\" border=\"0\" src=\"https:\/\/assets.innpro.pl\/16665\/21698\/1.jpg\"\/>\n<\/p>\n<h3>Iek\u013cauts:<\/h3>\n<ul class=\"list-disc pl-5\">\n<li>Color photo lamp<\/li>\n<li>USB-C cable<\/li>\n<li>Lietot\u0101ja rokasgr\u0101mata<\/li>\n<\/ul>\n<div class=\"table-wrapper\">\n<p>\u00a0<\/p>\n<h3><\/h3>\n<table>\n<tbody>\n<tr>\n<th>Ra\u017eot\u0101js<\/th>\n<td>Neewer<\/td>\n<\/tr>\n<tr>\n<th>Modelis<\/th>\n<td>TL97C<\/td>\n<\/tr>\n<tr>\n<th>Gaismas dio\u017eu skaits<\/th>\n<td>36 cold, 33 warm, 24 RGB<\/td>\n<\/tr>\n<tr>\n<th>Maksim\u0101l\u0101 jauda<\/th>\n<td>4,5 W<\/td>\n<\/tr>\n<tr>\n<th>Maximum light intensity<\/th>\n<td>360 lux from a distance of 0.5 m<\/td>\n<\/tr>\n<tr>\n<th>Kr\u0101su temperat\u016bra<\/th>\n<td>2500K-8500K<\/td>\n<\/tr>\n<tr>\n<th>Operation modes<\/th>\n<td>HSI \/ CCT \/ FX<\/td>\n<\/tr>\n<tr>\n<th>CRI\/TLCI<\/th>\n<td>97<\/td>\n<\/tr>\n<tr>\n<th>Brightness adjustment<\/th>\n<td>0-100%<\/td>\n<\/tr>\n<tr>\n<th>Saturation adjustment<\/th>\n<td>0-100%<\/td>\n<\/tr>\n<tr>\n<th>Color range<\/th>\n<td>0-360\u00b0<\/td>\n<\/tr>\n<tr>\n<th>Special effects<\/th>\n<td>17<\/td>\n<\/tr>\n<tr>\n<th>Control via app<\/th>\n<td>J\u0101<\/td>\n<\/tr>\n<tr>\n<th>Ievade<\/th>\n<td>5V 2A<\/td>\n<\/tr>\n<tr>\n<th>Akumulatora ietilp\u012bba<\/th>\n<td>3.7V, 2500 mAh<\/td>\n<\/tr>\n<tr>\n<th>Working time<\/th>\n<td>150 minutes (at 100% brightness)<\/td>\n<\/tr>\n<tr>\n<th>Uzl\u0101des laiks<\/th>\n<td>120 minutes<\/td>\n<\/tr>\n<tr>\n<th>Izm\u0113ri<\/th>\n<td>10.8 \u00d7 4 \u00d7 4.4 cm<\/td>\n<\/tr>\n<tr>\n<th>Svars<\/th>\n<td>134 g<\/td>\n<\/tr>\n<\/tbody>\n<\/table>\n<\/div>","protected":false},"excerpt":{"rendered":"<p>Neewer TL97C RGB LED color photography light Looking for a compact light source that fits in your pocket while offering full control over color, brightness and effects? The Neewer TL97C is a handy 4.5-watt RGB lamp that combines RGBWW technology with an impressive CRI of 97. With 93 LEDs (36 cold, 33 warm and 24 [&#8230;]\n","protected":false},"featured_media":91996,"comment_status":"open","ping_status":"closed","template":"","meta":[],"location":[19557,19558],"product_brand":[],"product_cat":[12326],"product_tag":[],"class_list":{"0":"post-82296","1":"product","2":"type-product","3":"status-publish","4":"has-post-thumbnail","6":"location-innpro_stock_location","7":"location-local_stock_location","8":"product_cat-ring-lights","10":"first","11":"instock","12":"sale","13":"taxable","14":"shipping-taxable","15":"purchasable","16":"product-type-simple"},"aioseo_notices":[],"locations":[{"id":19557,"name":"Pieg\u0101d\u0101ja noliktav\u0101 (5-7dd.d)","slug":"innpro_stock_location","quantity":"9"},{"id":19558,"name":"R\u012bgas veikals (0-2dd.d)","slug":"local_stock_location","quantity":"0"}],"_links":{"self":[{"href":"https:\/\/elektrons.lv\/lv\/wp-json\/wp\/v2\/product\/82296","targetHints":{"allow":["GET"]}}],"collection":[{"href":"https:\/\/elektrons.lv\/lv\/wp-json\/wp\/v2\/product"}],"about":[{"href":"https:\/\/elektrons.lv\/lv\/wp-json\/wp\/v2\/types\/product"}],"replies":[{"embeddable":true,"href":"https:\/\/elektrons.lv\/lv\/wp-json\/wp\/v2\/comments?post=82296"}],"wp:featuredmedia":[{"embeddable":true,"href":"https:\/\/elektrons.lv\/lv\/wp-json\/wp\/v2\/media\/91996"}],"wp:attachment":[{"href":"https:\/\/elektrons.lv\/lv\/wp-json\/wp\/v2\/media?parent=82296"}],"wp:term":[{"taxonomy":"location","embeddable":true,"href":"https:\/\/elektrons.lv\/lv\/wp-json\/wp\/v2\/location?post=82296"},{"taxonomy":"product_brand","embeddable":true,"href":"https:\/\/elektrons.lv\/lv\/wp-json\/wp\/v2\/product_brand?post=82296"},{"taxonomy":"product_cat","embeddable":true,"href":"https:\/\/elektrons.lv\/lv\/wp-json\/wp\/v2\/product_cat?post=82296"},{"taxonomy":"product_tag","embeddable":true,"href":"https:\/\/elektrons.lv\/lv\/wp-json\/wp\/v2\/product_tag?post=82296"}],"curies":[{"name":"wp","href":"https:\/\/api.w.org\/{rel}","templated":true}]}}