{"id":82372,"date":"2026-05-14T09:43:16","date_gmt":"2026-05-14T09:43:16","guid":{"rendered":"https:\/\/elektrons.lv\/Prece\/fnirsi-swm-10-portable-2-in-1-spot-welding-machine\/"},"modified":"2026-05-15T15:10:27","modified_gmt":"2026-05-15T13:10:27","slug":"fnirsi-swm-10-portable-2-in-1-spot-welding-machine","status":"publish","type":"product","link":"https:\/\/elektrons.lv\/lv\/Prece\/fnirsi-swm-10-portable-2-in-1-spot-welding-machine\/","title":{"rendered":"FNIRSI SWM-10 portat\u012bvo 2-in-1 spot metin\u0101\u0161anas iek\u0101rta"},"content":{"rendered":"<h3>FNIRSI SWM-10 portable 2-in-1 spot welder<\/h3>\n<p>FNIRSI SWM-10 is a compact spot welder with powerbank function, equipped with dual pulse technology, output current up to 1200A and a lithium battery with a total capacity of 5000 mAh. With an easy-to-read 1.8&#8243; TFT display, precise parameter adjustment and wide compatibility with various materials, the device is ideal for working with phones, cylindrical cells or powerbanks. In addition, it supports USB device charging and offers a full set of safety features.<\/p>\n<p>\n<img decoding=\"async\" alt=\"\" border=\"0\" src=\"https:\/\/assets.innpro.pl\/17427\/23057\/5.jpg\"\/>\n<\/p>\n<h3>Stability of operation<\/h3>\n<p>Dual-pulse technology ensures more precise and durable seals. The first pulse removes oxides from the surface of the material, while the second pulse provides operating energy, which minimizes sparking and improves joint quality. With the ability to generate up to 1200A of current, the FNIRSI welder can handle materials up to 0.25 mm thick. This allows it to work effectively with nickel, steel, aluminum and iron sheets in a variety of applications.<\/p>\n<p>\n<img decoding=\"async\" alt=\"Render 3D roz\u0142o\u017conego urz\u0105dzenia elektronicznego z obudow\u0105, p\u0142ytk\u0105 drukowan\u0105 i kolorowymi warstwami baterii.\" border=\"0\" src=\"https:\/\/assets.innpro.pl\/17427\/23057\/1.jpg\"\/>\n<\/p>\n<h3>5000 mAh capacity<\/h3>\n<p>The welding machine is equipped with a Class A battery, which consists of 2 cells. This design provides a stable power supply with high current, which allows for long and efficient operation without frequent charging. The battery can also power other devices as a powerbank thanks to its 5V\/2.1A USB output.<\/p>\n<p>\n<img decoding=\"async\" alt=\"Urz\u0105dzenie FNIRSI SWM-10 z ekranem kolorowym, przyciskami i pod\u0142\u0105czonymi kablami pomiarowymi na szarym tle.\" border=\"0\" src=\"https:\/\/assets.innpro.pl\/17427\/23057\/3.jpg\"\/>\n<\/p>\n<h3>1.8-inch TFT screen<\/h3>\n<p>The color LCD screen provides quick access to key information such as voltage, temperature, pulse time and number of seals performed. This simplifies operation and increases control over the process.<\/p>\n<p>\n<img decoding=\"async\" alt=\"Urz\u0105dzenie FNIRSI SWM-10 \u0142adowane przewodami USB-C z wy\u015bwietlonymi parametrami \u0142adowania i dwoma smartfonami.\" border=\"0\" src=\"https:\/\/assets.innpro.pl\/17427\/23057\/2.jpg\"\/>\n<\/p>\n<h3>Diverse applications<\/h3>\n<p>The FNIRSI SWM-10 portable 2-in-1 welding machine allows you to weld cells in phones, powerbanks, cylindrical batteries or whole packs. Thanks to its adjustable parameters, it easily adapts to different tasks.<\/p>\n<p>\n<img decoding=\"async\" alt=\"Grafika podzielona na cztery sekcje pokazuj\u0105ce smartfony z wymiennymi bateriami, r\u0119ce w r\u0119kawiczkach trzymaj\u0105ce po\u0142\u0105czone cylindryczne ogniwa, technika lutuj\u0105cego p\u0142ytk\u0119 w smartfonie oraz zbli\u017cenie na modu\u0142 z cylindrycznymi ogniwami bateryjnymi.\" border=\"0\" src=\"https:\/\/assets.innpro.pl\/17427\/23057\/4.jpg\"\/>\n<\/p>\n<h3>Thoughtful solutions<\/h3>\n<p>The device is equipped with a USB port with a voltage of 5V and a current of 2.1A. This allows it to act as a powerbank and will prove useful as a backup power source in the workshop or on the go. The welder uses a temperature sensor and provides protection against short-circuiting, overcharging, overheating, overloading, voltage drop and other potential hazards.<\/p>\n<p>\n<img decoding=\"async\" alt=\"Urz\u0105dzenie FNIRSI SWM-10 z pod\u0142\u0105czonymi przewodami wykonuje zgrzewanie punktowe na cylindrycznych ogniwach bateryjnych.\" border=\"0\" src=\"https:\/\/assets.innpro.pl\/17427\/23057\/6.jpg\"\/>\n<\/p>\n<h3>Iek\u013cauts:<\/h3>\n<ul class=\"list-disc pl-5\">\n<li>FNIRSI SWM-10 spot welder<\/li>\n<li>Electrodes with wires<\/li>\n<li>Nickel tape<\/li>\n<li>Spare welding needles<\/li>\n<li>Lieto\u0161anas instrukcijas<\/li>\n<li>USB charging cable<\/li>\n<\/ul>\n<div class=\"table-wrapper\">\n<p>\u00a0<\/p>\n<h3><\/h3>\n<table>\n<tbody>\n<tr>\n<th>Ra\u017eot\u0101js<\/th>\n<td>FNIRSI<\/td>\n<\/tr>\n<tr>\n<th>Modelis<\/th>\n<td>SWM10<\/td>\n<\/tr>\n<tr>\n<th>Akumulatora ietilp\u012bba<\/th>\n<td>5000 mAh<\/td>\n<\/tr>\n<tr>\n<th>Charging voltage<\/th>\n<td>5V \/ 2.1A<\/td>\n<\/tr>\n<tr>\n<th>Discharge voltage<\/th>\n<td>5V \/ 2.1A<\/td>\n<\/tr>\n<tr>\n<th>Materials for welding<\/th>\n<td>Nickel strip, steel sheet, stainless steel, aluminum<\/td>\n<\/tr>\n<tr>\n<th>Thickness of welded material<\/th>\n<td>0.1-0.25 mm<\/td>\n<\/tr>\n<tr>\n<th>Maximum welding current<\/th>\n<td>1200 A<\/td>\n<\/tr>\n<tr>\n<th>Adjustment range<\/th>\n<td>4-stage power adjustment<\/td>\n<\/tr>\n<tr>\n<th>Izm\u0113ri<\/th>\n<td>155 \u00d7 82 \u00d7 28 mm<\/td>\n<\/tr>\n<\/tbody>\n<\/table>\n<\/div>","protected":false},"excerpt":{"rendered":"<p>FNIRSI SWM-10 portable 2-in-1 spot welder FNIRSI SWM-10 is a compact spot welder with powerbank function, equipped with dual pulse technology, output current up to 1200A and a lithium battery with a total capacity of 5000 mAh. With an easy-to-read 1.8&#8243; TFT display, precise parameter adjustment and wide compatibility with various materials, the device is [&#8230;]\n","protected":false},"featured_media":91669,"comment_status":"open","ping_status":"closed","template":"","meta":[],"location":[19557,19558],"product_brand":[],"product_cat":[17024],"product_tag":[],"class_list":{"0":"post-82372","1":"product","2":"type-product","3":"status-publish","4":"has-post-thumbnail","6":"location-innpro_stock_location","7":"location-local_stock_location","8":"product_cat-soldering-machines","10":"first","11":"instock","12":"sale","13":"taxable","14":"shipping-taxable","15":"purchasable","16":"product-type-simple"},"aioseo_notices":[],"locations":[{"id":19557,"name":"Pieg\u0101d\u0101ja noliktav\u0101 (5-7dd.d)","slug":"innpro_stock_location","quantity":"580"},{"id":19558,"name":"R\u012bgas veikals (0-2dd.d)","slug":"local_stock_location","quantity":"0"}],"_links":{"self":[{"href":"https:\/\/elektrons.lv\/lv\/wp-json\/wp\/v2\/product\/82372","targetHints":{"allow":["GET"]}}],"collection":[{"href":"https:\/\/elektrons.lv\/lv\/wp-json\/wp\/v2\/product"}],"about":[{"href":"https:\/\/elektrons.lv\/lv\/wp-json\/wp\/v2\/types\/product"}],"replies":[{"embeddable":true,"href":"https:\/\/elektrons.lv\/lv\/wp-json\/wp\/v2\/comments?post=82372"}],"wp:featuredmedia":[{"embeddable":true,"href":"https:\/\/elektrons.lv\/lv\/wp-json\/wp\/v2\/media\/91669"}],"wp:attachment":[{"href":"https:\/\/elektrons.lv\/lv\/wp-json\/wp\/v2\/media?parent=82372"}],"wp:term":[{"taxonomy":"location","embeddable":true,"href":"https:\/\/elektrons.lv\/lv\/wp-json\/wp\/v2\/location?post=82372"},{"taxonomy":"product_brand","embeddable":true,"href":"https:\/\/elektrons.lv\/lv\/wp-json\/wp\/v2\/product_brand?post=82372"},{"taxonomy":"product_cat","embeddable":true,"href":"https:\/\/elektrons.lv\/lv\/wp-json\/wp\/v2\/product_cat?post=82372"},{"taxonomy":"product_tag","embeddable":true,"href":"https:\/\/elektrons.lv\/lv\/wp-json\/wp\/v2\/product_tag?post=82372"}],"curies":[{"name":"wp","href":"https:\/\/api.w.org\/{rel}","templated":true}]}}