{"id":82404,"date":"2026-05-14T09:43:20","date_gmt":"2026-05-14T09:43:20","guid":{"rendered":"https:\/\/elektrons.lv\/Prece\/fnirsi-nvs-20-digital-night-vision-device-with-4k-hd-recording\/"},"modified":"2026-05-15T15:15:23","modified_gmt":"2026-05-15T13:15:23","slug":"fnirsi-nvs-20-digital-night-vision-device-with-4k-hd-recording","status":"publish","type":"product","link":"https:\/\/elektrons.lv\/lv\/Prece\/fnirsi-nvs-20-digital-night-vision-device-with-4k-hd-recording\/","title":{"rendered":"FNIRSI NVS-20 digital night vision device with 4K HD recording"},"content":{"rendered":"<h3>FNIRSI NVS-20 digital night vision device with 4K HD recording<\/h3>\n<p>The FNIRSI NVS-20 is an advanced digital night vision device that can record 4K high-definition video and take 36 MP quality images &#8211; both day and night. With a built-in day\/night mode, adjustable 850-nm infrared illumination and a 7-level IR power scale, the device provides excellent visibility in all conditions. In total darkness you will observe objects up to 300 meters away, and in good light &#8211; without limitations.<\/p>\n<p>\n<img decoding=\"async\" alt=\"Noktowizor cyfrowy FNIRSI NVS-40 w kolorze czarnym\" border=\"0\" src=\"https:\/\/assets.innpro.pl\/17438\/23069\/3.jpg\"\/>\n<\/p>\n<h3>Zoom in without losing quality<\/h3>\n<p>With a digital zoom of up to 6x, you can easily zoom in on any detail without losing focus. The lens&#8217; precision focus dial allows you to quickly get a clear image, regardless of distance. You can not only record everything you see, but also play it back with the function of previewing recordings and photos on the built-in 1.54-inch IPS screen.<\/p>\n<p>\n<img decoding=\"async\" alt=\"Noktowizor FNIRSI NVS-40 pod\u0142\u0105czony do laptopa\" border=\"0\" src=\"https:\/\/assets.innpro.pl\/17438\/23069\/5.jpg\"\/>\n<\/p>\n<h3>Kompakts un funkcion\u0101ls<\/h3>\n<p>The NVS-20 is a device with a smart, compact design. It fits in the palm of your hand, making it lightweight and comfortable to use with one hand. A silicone lens hood protects the lens, and a tripod-mounting thread allows stable positioning of the equipment, making it easy to take photos and recordings in the field.<\/p>\n<p>\n<img decoding=\"async\" alt=\"Noktowizor FNIRSI gotowy na prac\u0119 w ka\u017cdych warunkach\" border=\"0\" src=\"https:\/\/assets.innpro.pl\/17438\/23069\/1.jpg\"\/>\n<\/p>\n<h3>Long runtime and easy operation<\/h3>\n<p>Powered by a replaceable 18650 lithium battery, the night vision device operates for up to 8 hours without IR and up to 4 hours with active IR illumination. The built-in 32GB memory card allows you to store a large amount of recorded footage, which can be easily transferred via USB-C port to a computer or other device. So you can conveniently share captured moments in the wilderness with family and friends.<\/p>\n<p>\n<img decoding=\"async\" alt=\"Interfejs noktowizora cyfrowego FNIRSI NVS-40\" border=\"0\" src=\"https:\/\/assets.innpro.pl\/17438\/23069\/2.jpg\"\/>\n<\/p>\n<h3>Ready for any challenge<\/h3>\n<p>The FNIRSI NVS-20 is the perfect companion for camping, nighttime wildlife observation, field exploration and scientific research. It supports 9 interface languages (including English, German, French, Russian, Chinese, Japanese, Italian, Portuguese and Spanish), making it a universal tool for use around the world.<\/p>\n<p>\n<img decoding=\"async\" alt=\"Noktowizor cyfrowy FNIRSI NVS-40 pod\u0142\u0105czony do powerbanku\" border=\"0\" src=\"https:\/\/assets.innpro.pl\/17438\/23069\/4.jpg\"\/>\n<\/p>\n<h3>Iek\u013cauts<\/h3>\n<ul class=\"list-disc pl-5\">\n<li>night vision device<\/li>\n<li>USB charging cable<\/li>\n<li>18650 rechargeable battery<\/li>\n<li>lieto\u0161anas pam\u0101c\u012bba<\/li>\n<\/ul>\n<div class=\"table-wrapper\">\n<p>\u00a0<\/p>\n<h3><\/h3>\n<table>\n<tbody>\n<tr>\n<th>Ra\u017eot\u0101js<\/th>\n<td>FNIRSI<\/td>\n<\/tr>\n<tr>\n<th>Modelis<\/th>\n<td>NVS-20<\/td>\n<\/tr>\n<tr>\n<th>Spriegums<\/th>\n<td>3.7V 18650 rechargeable lithium battery<\/td>\n<\/tr>\n<tr>\n<th>Uzl\u0101de<\/th>\n<td>5V\/1A Type-C<\/td>\n<\/tr>\n<tr>\n<th>Displejs<\/th>\n<td>1.54&#8243; HD IPS<\/td>\n<\/tr>\n<tr>\n<th>Darba temperat\u016bra<\/th>\n<td>-5~40C<\/td>\n<\/tr>\n<tr>\n<th>Darb\u012bbas mitrums<\/th>\n<td>0-80%<\/td>\n<\/tr>\n<tr>\n<th>Izm\u0113ri<\/th>\n<td>152 x 42 x 82 mm<\/td>\n<\/tr>\n<tr>\n<th>Svars<\/th>\n<td>240g<\/td>\n<\/tr>\n<tr>\n<th>Memory<\/th>\n<td>32GB TF card<\/td>\n<\/tr>\n<tr>\n<th>Supported languages<\/th>\n<td>Chinese, English, Japanese, Italian, French, German, Russian, Spanish, Portuguese<\/td>\n<\/tr>\n<tr>\n<th>Electronic zoom<\/th>\n<td>6x<\/td>\n<\/tr>\n<tr>\n<th>Lens dimensions<\/th>\n<td>25 mm<\/td>\n<\/tr>\n<tr>\n<th>Low-light viewing distance<\/th>\n<td>2 m &#8211; \u221e<\/td>\n<\/tr>\n<tr>\n<th>Observation distance in total darkness<\/th>\n<td>Up to 300 m<\/td>\n<\/tr>\n<tr>\n<th>IR range<\/th>\n<td>850 nm<\/td>\n<\/tr>\n<tr>\n<th>Video resolution<\/th>\n<td>4K\/2K\/1080FHD\/720P\/VGA\/QVGA<\/td>\n<\/tr>\n<tr>\n<th>Picture quality<\/th>\n<td>36MP\/32MP\/30MP\/24MP\/20MP\/16MP\/12MP\/10MP\/8MP\/5MP\/3MP\/VGA<\/td>\n<\/tr>\n<tr>\n<th>Brightness balance<\/th>\n<td>Auto, daylight, clouds, tungsten filament, fluorescent<\/td>\n<\/tr>\n<\/tbody>\n<\/table>\n<\/div>","protected":false},"excerpt":{"rendered":"<p>FNIRSI NVS-20 digital night vision device with 4K HD recording The FNIRSI NVS-20 is an advanced digital night vision device that can record 4K high-definition video and take 36 MP quality images &#8211; both day and night. With a built-in day\/night mode, adjustable 850-nm infrared illumination and a 7-level IR power scale, the device provides [&#8230;]\n","protected":false},"featured_media":91600,"comment_status":"open","ping_status":"closed","template":"","meta":[],"location":[19557,19558],"product_brand":[],"product_cat":[17044],"product_tag":[],"class_list":{"0":"post-82404","1":"product","2":"type-product","3":"status-publish","4":"has-post-thumbnail","6":"location-innpro_stock_location","7":"location-local_stock_location","8":"product_cat-binoculars","10":"first","11":"instock","12":"sale","13":"taxable","14":"shipping-taxable","15":"purchasable","16":"product-type-simple"},"aioseo_notices":[],"locations":[{"id":19557,"name":"Pieg\u0101d\u0101ja noliktav\u0101 (5-7dd.d)","slug":"innpro_stock_location","quantity":"240"},{"id":19558,"name":"R\u012bgas veikals (0-2dd.d)","slug":"local_stock_location","quantity":"0"}],"_links":{"self":[{"href":"https:\/\/elektrons.lv\/lv\/wp-json\/wp\/v2\/product\/82404","targetHints":{"allow":["GET"]}}],"collection":[{"href":"https:\/\/elektrons.lv\/lv\/wp-json\/wp\/v2\/product"}],"about":[{"href":"https:\/\/elektrons.lv\/lv\/wp-json\/wp\/v2\/types\/product"}],"replies":[{"embeddable":true,"href":"https:\/\/elektrons.lv\/lv\/wp-json\/wp\/v2\/comments?post=82404"}],"wp:featuredmedia":[{"embeddable":true,"href":"https:\/\/elektrons.lv\/lv\/wp-json\/wp\/v2\/media\/91600"}],"wp:attachment":[{"href":"https:\/\/elektrons.lv\/lv\/wp-json\/wp\/v2\/media?parent=82404"}],"wp:term":[{"taxonomy":"location","embeddable":true,"href":"https:\/\/elektrons.lv\/lv\/wp-json\/wp\/v2\/location?post=82404"},{"taxonomy":"product_brand","embeddable":true,"href":"https:\/\/elektrons.lv\/lv\/wp-json\/wp\/v2\/product_brand?post=82404"},{"taxonomy":"product_cat","embeddable":true,"href":"https:\/\/elektrons.lv\/lv\/wp-json\/wp\/v2\/product_cat?post=82404"},{"taxonomy":"product_tag","embeddable":true,"href":"https:\/\/elektrons.lv\/lv\/wp-json\/wp\/v2\/product_tag?post=82404"}],"curies":[{"name":"wp","href":"https:\/\/api.w.org\/{rel}","templated":true}]}}