{"id":82433,"date":"2026-05-14T09:43:24","date_gmt":"2026-05-14T09:43:24","guid":{"rendered":"https:\/\/elektrons.lv\/Prece\/avatto-ds10-smart-wifi-door-and-window-opening-sensor\/"},"modified":"2026-05-15T15:13:52","modified_gmt":"2026-05-15T13:13:52","slug":"avatto-ds10-smart-wifi-door-and-window-opening-sensor","status":"publish","type":"product","link":"https:\/\/elektrons.lv\/lv\/Prece\/avatto-ds10-smart-wifi-door-and-window-opening-sensor\/","title":{"rendered":"Avatto DS10 viedais WiFi durvju un logu atv\u0113r\u0161anas sensors"},"content":{"rendered":"<h3>Avatto DS10 viedais WiFi durvju un logu atv\u0113r\u0161anas sensors<\/h3>\n<p>The Avatto DS10 smart door and window opening sensor allows you to remotely monitor the status of your entrances in real time no matter where you are. With the mobile app, you will receive instant notifications when doors and windows are opened or closed, allowing you to respond quickly in case of irregularities. The opening alarm function effectively enhances security by notifying you of any suspicious event.<\/p>\n<p>\n<img decoding=\"async\" alt=\"Close-up of the door and window opening sensor mounted on the white door frame\" border=\"0\" src=\"https:\/\/assets.innpro.pl\/18798\/25048\/Inteligentny-czujnik-otwarcia-drzwi-i-okien-WiFi-Avatto-DS10-lifestyle-3.jpg\"\/>\n<\/p>\n<h3>Smart automation and smart home integration<\/h3>\n<p>Avatto DS10 supports Smart Linkage, allowing you to create automatic scenes with other smart home devices &#8211; such as humidifiers, air purifiers, air conditioners, fans, smart curtains, cameras, outlets or lighting. The sensor is compatible with Tuya, Amazon Alexa and Google Assistant, and with voice query support, you can check the status of doors or windows at any time.<\/p>\n<p>\n<img decoding=\"async\" alt=\"A projection of a modern apartment where the door and window opening sensor forms a smart home ecosystem\" border=\"0\" src=\"https:\/\/assets.innpro.pl\/18798\/25048\/Inteligentny-czujnik-otwarcia-drzwi-i-okien-WiFi-Avatto-DS10-lifestyle-6.jpg\"\/>\n<\/p>\n<h3>Event history and family sharing<\/h3>\n<p>The device allows you to view your event history, making it easy to keep track of your home activity, and the Family Sharing feature allows you to share access with other household members. You gain complete transparency and the convenience of managing the security of the whole family from one place.<\/p>\n<p>\n<img decoding=\"async\" alt=\"An infant trying to open a window, and the sensor mounted on it sends a notification to a smartphone\" border=\"0\" src=\"https:\/\/assets.innpro.pl\/18798\/25048\/Inteligentny-czujnik-otwarcia-drzwi-i-okien-WiFi-Avatto-DS10-lifestyle-5.jpg\"\/>\n<\/p>\n<h3>Simple installation and long service life<\/h3>\n<p>The Avatto DS10 sensor is easy to install and ready to use almost immediately after installation anywhere in the house. The energy-efficient design ensures long operating time (up to 8-12 months) which translates into greater comfort and hassle-free daily use. Activate your AVATTO smart home and have security that works automatically.<\/p>\n<p>\n<img decoding=\"async\" alt=\"Door and window opening sensor mounted in three different places - on the window, door and drawer\" border=\"0\" src=\"https:\/\/assets.innpro.pl\/18798\/25048\/Inteligentny-czujnik-otwarcia-drzwi-i-okien-WiFi-Avatto-DS10-lifestyle-7.jpg\"\/>\n<\/p>\n<div class=\"table-wrapper\">\n<p>\u00a0<\/p>\n<h3><\/h3>\n<table>\n<tbody>\n<tr>\n<th>Ra\u017eot\u0101js<\/th>\n<td>Avatto<\/td>\n<\/tr>\n<tr>\n<th>Modelis<\/th>\n<td>DS10<\/td>\n<\/tr>\n<tr>\n<th>Network connection<\/th>\n<td>WiFi 2.4 GHz<\/td>\n<\/tr>\n<tr>\n<th>Baro\u0161anas avots<\/th>\n<td>2 AAA batteries<\/td>\n<\/tr>\n<tr>\n<th>Darba temperat\u016bra<\/th>\n<td>-10\u00b0C~55\u00b0C<\/td>\n<\/tr>\n<tr>\n<th>Alarm triggering distance<\/th>\n<td>23+5 mm<\/td>\n<\/tr>\n<tr>\n<th>Body dimensions<\/th>\n<td>67 x 27 x 21 mm<\/td>\n<\/tr>\n<tr>\n<th>Magnet dimensions<\/th>\n<td>41 x 13 x 20 mm<\/td>\n<\/tr>\n<tr>\n<th>Sader\u012bba<\/th>\n<td>Tuya, Amazon Alexa, Google Assistant<\/td>\n<\/tr>\n<\/tbody>\n<\/table>\n<\/div>","protected":false},"excerpt":{"rendered":"<p>Avatto DS10 smart WiFi door and window opening sensor The Avatto DS10 smart door and window opening sensor allows you to remotely monitor the status of your entrances in real time no matter where you are. With the mobile app, you will receive instant notifications when doors and windows are opened or closed, allowing you [&#8230;]\n","protected":false},"featured_media":91470,"comment_status":"open","ping_status":"closed","template":"","meta":[],"location":[19557,19558],"product_brand":[],"product_cat":[12370],"product_tag":[],"class_list":{"0":"post-82433","1":"product","2":"type-product","3":"status-publish","4":"has-post-thumbnail","6":"location-innpro_stock_location","7":"location-local_stock_location","8":"product_cat-sensors","10":"first","11":"instock","12":"sale","13":"taxable","14":"shipping-taxable","15":"purchasable","16":"product-type-simple"},"aioseo_notices":[],"locations":[{"id":19557,"name":"Pieg\u0101d\u0101ja noliktav\u0101 (5-7dd.d)","slug":"innpro_stock_location","quantity":"55"},{"id":19558,"name":"R\u012bgas veikals (0-2dd.d)","slug":"local_stock_location","quantity":"0"}],"_links":{"self":[{"href":"https:\/\/elektrons.lv\/lv\/wp-json\/wp\/v2\/product\/82433","targetHints":{"allow":["GET"]}}],"collection":[{"href":"https:\/\/elektrons.lv\/lv\/wp-json\/wp\/v2\/product"}],"about":[{"href":"https:\/\/elektrons.lv\/lv\/wp-json\/wp\/v2\/types\/product"}],"replies":[{"embeddable":true,"href":"https:\/\/elektrons.lv\/lv\/wp-json\/wp\/v2\/comments?post=82433"}],"wp:featuredmedia":[{"embeddable":true,"href":"https:\/\/elektrons.lv\/lv\/wp-json\/wp\/v2\/media\/91470"}],"wp:attachment":[{"href":"https:\/\/elektrons.lv\/lv\/wp-json\/wp\/v2\/media?parent=82433"}],"wp:term":[{"taxonomy":"location","embeddable":true,"href":"https:\/\/elektrons.lv\/lv\/wp-json\/wp\/v2\/location?post=82433"},{"taxonomy":"product_brand","embeddable":true,"href":"https:\/\/elektrons.lv\/lv\/wp-json\/wp\/v2\/product_brand?post=82433"},{"taxonomy":"product_cat","embeddable":true,"href":"https:\/\/elektrons.lv\/lv\/wp-json\/wp\/v2\/product_cat?post=82433"},{"taxonomy":"product_tag","embeddable":true,"href":"https:\/\/elektrons.lv\/lv\/wp-json\/wp\/v2\/product_tag?post=82433"}],"curies":[{"name":"wp","href":"https:\/\/api.w.org\/{rel}","templated":true}]}}