{"id":82493,"date":"2026-05-14T09:43:30","date_gmt":"2026-05-14T09:43:30","guid":{"rendered":"https:\/\/elektrons.lv\/Prece\/revopoint-miraco-3d-scanner\/"},"modified":"2026-05-15T16:04:24","modified_gmt":"2026-05-15T14:04:24","slug":"revopoint-miraco-3d-scanner","status":"publish","type":"product","link":"https:\/\/elektrons.lv\/lv\/Prece\/revopoint-miraco-3d-scanner\/","title":{"rendered":"Revopoint Miraco 3D Scanner"},"content":{"rendered":"<h3>Revopoint Miraco 3D Scanner<\/h3>\n<p>Immerse yourself in a new era of mobile 3D scanning with the Revopoint Miraco, an ultralight and fully wireless scanner that runs continuously for up to two hours on a single charge. The four-camera depth system allows you to switch seamlessly between fine detail mapping (0.02 mm) and high-speed scanning of large objects (0.2 mm), available in Single Shot and Continuous Shot modes. A powerful 2.8GHz octa-core processor, 16GB of RAM and 256GB of internal storage accommodate up to 10,000 frames, while a 6-inch AMOLED 2K screen with 180\u00b0 adjustment and advanced post-processing features let you work without a computer. Photorealistic colors are provided by a 48MP RGB camera, while a 9-axis IMU, IP45 certification and Wi-Fi 6 guarantee reliability in all conditions. Discover how easy it is to transfer reality to the digital world!<\/p>\n<p>\n<img decoding=\"async\" alt=\"Revopoint Miraco scanner on a gray background.\" border=\"0\" src=\"https:\/\/assets.innpro.pl\/17610\/23352\/14.jpg\"\/>\n<\/p>\n<h3>Wireless freedom and compact design<\/h3>\n<p>The Revopoint Miraco revolutionizes the approach to 3D scanning, combining unparalleled mobility with a lightweight body weighing just 750g. With a built-in 5,000mAh battery and 50W fast charging technology, the device runs continuously for about two hours and takes just a moment to renew its power. This means you can completely forget about cables and stationary workstations &#8211; scan where you want, without compromise.<\/p>\n<p>\n<img decoding=\"async\" alt=\"A man scanning his face using the Revopoint Miraco scanner\" border=\"0\" src=\"https:\/\/assets.innpro.pl\/17610\/23352\/3.jpg\"\/>\n<\/p>\n<h3>Infinite possibilities for detail and scale<\/h3>\n<p>With its Quad Depth Camera system, Miraco seamlessly switches between capturing the smallest features (for example, a 33 \u00d7 10 \u00d7 10 mm screw) and imaging large objects (such as a 600 \u00d7 138 \u00d7 220 mm muffler). This dynamic combination allows the scanner to maintain surgical precision to as much as 0.02 mm in a single shot, while scanning larger forms to within 0.2 mm, without having to change equipment or prepare different modes.<\/p>\n<p>\n<img decoding=\"async\" alt=\"A man in a green work jacket scanning a helicopter using the Revopoint Miraco scanner.\" border=\"0\" src=\"https:\/\/assets.innpro.pl\/17610\/23352\/4.jpg\"\/>\n<\/p>\n<h3>Dual-mode image capture<\/h3>\n<p>In situations requiring detailed mapping of complex surfaces, Single Shot Mode eliminates issues with loss of tracking and difficulties with contrasting textures. When speed is the priority, Continuous Shot Mode allows for operation at up to 15 frames per second, significantly accelerating the process of creating 3D models of both small and large objects.<\/p>\n<p>\n<img decoding=\"async\" alt=\"A man in a blue shirt scanning a parrot spreading its wings.\" border=\"0\" src=\"https:\/\/assets.innpro.pl\/17610\/23352\/7.jpg\"\/>\n<\/p>\n<h3>Independence without compromise<\/h3>\n<p>The Miraco features a 2.8GHz octa-core processor, 16GB of RAM (random-access memory, main memory) and a 256GB disk, allowing up to 10,000 frames to be stored, including 4,000 scans with color. Advanced point cloud processing and model editing functions are available on the device &#8211; you don&#x27;t need a computer to see the scan results. Everything is displayed on a 6-inch AMOLED 2K screen (Active-Matrix Organic Light-Emitting Diode, an advanced display technology that uses organic light-emitting diodes), which you can adjust 180\u00b0, adapting the frame to any measurement situation.<\/p>\n<p>\n<img decoding=\"async\" alt=\"A Revopoint Miraco scanner mounted on a tripod.\" border=\"0\" src=\"https:\/\/assets.innpro.pl\/17610\/23352\/10.jpg\"\/>\n<\/p>\n<h3>Photorealistic colors and safety features<\/h3>\n<p>The 48MP RGB camera used in the Miraco guarantees vivid, accurate color reproduction in both single shots and continuous mode. Additionally, the nine-axis IMU (Inertial Measurement Unit, a module that measures an object\u2019s acceleration and angular velocity in space using accelerometers and gyroscopes) ensures stable and accurate motion tracking, while the IP45 rating allows operation at temperatures ranging from \u201310 \u00b0C to 40 \u00b0C, making the scanner ready for use in extreme conditions. Support for Wi-Fi 6 and the face-scanning feature during selfies expand the device\u2019s applications, making it an invaluable tool for engineers, designers, and content creators.<\/p>\n<p>\n<img decoding=\"async\" alt=\"A man carefully scanning small objects using a Revopoint Miraco scanner.\" border=\"0\" src=\"https:\/\/assets.innpro.pl\/17610\/23352\/5.jpg\"\/>\n<\/p>\n<h3>Komplekt\u0101 iek\u013cauts<\/h3>\n<ul class=\"list-disc pl-5\">\n<li>Miraco scanner<\/li>\n<li>tripod<\/li>\n<li>mini turntable<\/li>\n<li>bust (for scan testing)<\/li>\n<li>rotator cover<\/li>\n<li>power cable for the rotator<\/li>\n<li>uzglab\u0101\u0161anas soma<\/li>\n<li>calibration plate for close-up scanning<\/li>\n<li>wrist strap<\/li>\n<li>dual USB Type-C input adapter<\/li>\n<li>USB Type-C to C cable (1.8 m)<\/li>\n<li>cleaning cloth<\/li>\n<li>stickers<\/li>\n<li>lietot\u0101ja rokasgr\u0101mata<\/li>\n<\/ul>\n<div class=\"table-wrapper\">\n<p>\u00a0<\/p>\n<h3><\/h3>\n<table>\n<tbody>\n<tr>\n<th>Ra\u017eot\u0101js<\/th>\n<td>Revopoint<\/td>\n<\/tr>\n<tr>\n<th>Modelis<\/th>\n<td>Miraco<\/td>\n<\/tr>\n<tr>\n<th>Technology used<\/th>\n<td>Quad infrared camera, structured light<\/td>\n<\/tr>\n<tr>\n<th>Fusion point distance<\/th>\n<td>0.05 mm<\/td>\n<\/tr>\n<tr>\n<th>Single-frame accuracy<\/th>\n<td>Up to 0.05 mm<\/td>\n<\/tr>\n<tr>\n<th>Single capture area at closest distance<\/th>\n<td>28 \u00d7 53 @ 100 mm<\/td>\n<\/tr>\n<tr>\n<th>Single capture area at farthest distance<\/th>\n<td>975 \u00d7 775 @ 1000 mm<\/td>\n<\/tr>\n<tr>\n<th>Working range<\/th>\n<td>100 ~ 1000 mm<\/td>\n<\/tr>\n<tr>\n<th>Minimum scan volume<\/th>\n<td>10 mm x 10 mm x 10 mm<\/td>\n<\/tr>\n<tr>\n<th>Scan speed<\/th>\n<td>Up to 15 frames per second<\/td>\n<\/tr>\n<tr>\n<th>Sensori<\/th>\n<td>9-axis IMU<\/td>\n<\/tr>\n<tr>\n<th>Displejs<\/th>\n<td>2K 6\u201d AMOLED<\/td>\n<\/tr>\n<tr>\n<th>CPU<\/th>\n<td>8-core ARM A76, 2.8GHz Mali G52 GPU<\/td>\n<\/tr>\n<tr>\n<th>Uzglab\u0101\u0161ana<\/th>\n<td>256 GB eMMC<\/td>\n<\/tr>\n<tr>\n<th>3D light source<\/th>\n<td>Class 1 infrared light<\/td>\n<\/tr>\n<tr>\n<th>Akumulatora ietilp\u012bba<\/th>\n<td>5000 mAh<\/td>\n<\/tr>\n<tr>\n<th>Charging power<\/th>\n<td>50 W<\/td>\n<\/tr>\n<tr>\n<th>RAM<\/th>\n<td>16 GB DDR4<\/td>\n<\/tr>\n<tr>\n<th>RGB camera quality<\/th>\n<td>48 MP<\/td>\n<\/tr>\n<tr>\n<th>Scanning unusual objects<\/th>\n<td>It is recommended to use scanning spray for transparent, dark, or highly reflective objects.<\/td>\n<\/tr>\n<tr>\n<th>Scanning environment<\/th>\n<td>Indoors or outdoors<\/td>\n<\/tr>\n<tr>\n<th>Svars<\/th>\n<td>750 g<\/td>\n<\/tr>\n<tr>\n<th>3D printing compatibility<\/th>\n<td>J\u0101<\/td>\n<\/tr>\n<tr>\n<th>Sader\u012bgas sist\u0113mas<\/th>\n<td>Windows 10\/11, macOS<\/td>\n<\/tr>\n<tr>\n<th>Additional lighting<\/th>\n<td>Infrared fill lights, flashing LED lights<\/td>\n<\/tr>\n<tr>\n<th>Connectivity methods<\/th>\n<td>USB Type-C 3.1, Wi-Fi 6<\/td>\n<\/tr>\n<tr>\n<th>Aizsardz\u012bbas v\u0113rt\u0113jums<\/th>\n<td>IP45<\/td>\n<\/tr>\n<tr>\n<th>Tracking methods<\/th>\n<td>Marker, highlight<\/td>\n<\/tr>\n<tr>\n<th>External controls<\/th>\n<td>Built-in<\/td>\n<\/tr>\n<tr>\n<th>Output formats<\/th>\n<td>PLY, OBJ, STL<\/td>\n<\/tr>\n<tr>\n<th>Oper\u0113t\u0101jsist\u0113ma<\/th>\n<td>Native Android system<\/td>\n<\/tr>\n<tr>\n<th>Charging speed<\/th>\n<td>35 minutes to 80%<\/td>\n<\/tr>\n<\/tbody>\n<\/table>\n<\/div>","protected":false},"excerpt":{"rendered":"<p>Revopoint Miraco 3D Scanner Immerse yourself in a new era of mobile 3D scanning with the Revopoint Miraco, an ultralight and fully wireless scanner that runs continuously for up to two hours on a single charge. The four-camera depth system allows you to switch seamlessly between fine detail mapping (0.02 mm) and high-speed scanning of [&#8230;]\n","protected":false},"featured_media":91320,"comment_status":"open","ping_status":"closed","template":"","meta":[],"location":[19557,19558],"product_brand":[],"product_cat":[14898],"product_tag":[],"class_list":{"0":"post-82493","1":"product","2":"type-product","3":"status-publish","4":"has-post-thumbnail","6":"location-innpro_stock_location","7":"location-local_stock_location","8":"product_cat-3d-scanners","10":"first","11":"instock","12":"sale","13":"taxable","14":"shipping-taxable","15":"purchasable","16":"product-type-simple"},"aioseo_notices":[],"locations":[{"id":19557,"name":"Pieg\u0101d\u0101ja noliktav\u0101 (5-7dd.d)","slug":"innpro_stock_location","quantity":"19"},{"id":19558,"name":"R\u012bgas veikals (0-2dd.d)","slug":"local_stock_location","quantity":"0"}],"_links":{"self":[{"href":"https:\/\/elektrons.lv\/lv\/wp-json\/wp\/v2\/product\/82493","targetHints":{"allow":["GET"]}}],"collection":[{"href":"https:\/\/elektrons.lv\/lv\/wp-json\/wp\/v2\/product"}],"about":[{"href":"https:\/\/elektrons.lv\/lv\/wp-json\/wp\/v2\/types\/product"}],"replies":[{"embeddable":true,"href":"https:\/\/elektrons.lv\/lv\/wp-json\/wp\/v2\/comments?post=82493"}],"wp:featuredmedia":[{"embeddable":true,"href":"https:\/\/elektrons.lv\/lv\/wp-json\/wp\/v2\/media\/91320"}],"wp:attachment":[{"href":"https:\/\/elektrons.lv\/lv\/wp-json\/wp\/v2\/media?parent=82493"}],"wp:term":[{"taxonomy":"location","embeddable":true,"href":"https:\/\/elektrons.lv\/lv\/wp-json\/wp\/v2\/location?post=82493"},{"taxonomy":"product_brand","embeddable":true,"href":"https:\/\/elektrons.lv\/lv\/wp-json\/wp\/v2\/product_brand?post=82493"},{"taxonomy":"product_cat","embeddable":true,"href":"https:\/\/elektrons.lv\/lv\/wp-json\/wp\/v2\/product_cat?post=82493"},{"taxonomy":"product_tag","embeddable":true,"href":"https:\/\/elektrons.lv\/lv\/wp-json\/wp\/v2\/product_tag?post=82493"}],"curies":[{"name":"wp","href":"https:\/\/api.w.org\/{rel}","templated":true}]}}