{"id":82495,"date":"2026-05-14T09:43:31","date_gmt":"2026-05-14T09:43:31","guid":{"rendered":"https:\/\/elektrons.lv\/Prece\/revopoint-miraco-plus-3d-scanner\/"},"modified":"2026-05-15T16:04:23","modified_gmt":"2026-05-15T14:04:23","slug":"revopoint-miraco-plus-3d-scanner","status":"publish","type":"product","link":"https:\/\/elektrons.lv\/lv\/Prece\/revopoint-miraco-plus-3d-scanner\/","title":{"rendered":"Revopoint Miraco Plus 3D Scanner"},"content":{"rendered":"<h3>Revopoint Miraco Plus 3D Scanner<\/h3>\n<p>The Revopoint Miraco Plus 3D scanner, awarded the prestigious Red Dot Award 2024, is a versatile solution that combines the ultra-precision of photogrammetric metrology with the flexibility of scanning both smaller parts such as screws and large industrial objects. With twice the optical magnification and speeds of up to 20 frames per second, you gain clear and fast registration of even the most complex shapes, while the 48MP RGB camera provides vivid, natural color reproduction in 8K quality. The built-in 9-axis IMU stabilizes every movement, eliminating blur, and the 180\u00b0 tiltable 2K AMOLED screen allows you to intuitively view your progress in real time. With a four-step workflow (marker preparation, photography, point cloud calculation and capture, and processing and export), Miraco Plus streamlines prototyping and advanced design, offering the highest quality measurements without the need to hire additional services.<\/p>\n<p>\n<img decoding=\"async\" alt=\"Revopoint Miraco Plus scanner held in hands.\" border=\"0\" src=\"https:\/\/assets.innpro.pl\/17613\/23360\/4.jpg\"\/>\n<\/p>\n<h3>Innovative photogrammetric metrology<\/h3>\n<p>At the heart of Miraco Plus is an ultra-efficient photogrammetric metrology system that reduces the accumulation of errors in real time when connecting successive fragments of the point cloud. It&#x27;s thanks to it that every shape, even the most complex, from impressive sculptures to tiny mechanical components, is mapped with unparalleled consistency. With the accuracy of a single frame reaching up to 0.04 mm, you won&#x27;t miss a single detail. Photogrammetric length accuracy of 0.02 mm + 0.05 mm \u00d7 L (m) ensures that your model is true to actual dimensions.<\/p>\n<p>\n<img decoding=\"async\" alt=\"Man wearing glasses scanning a car using the Revopoint Miraco Plus scanner.\" border=\"0\" src=\"https:\/\/assets.innpro.pl\/17613\/23360\/8.jpg\"\/>\n<\/p>\n<h3>From microscopic screws to large industrial objects<\/h3>\n<p>The Miraco Plus can easily handle both delicate jewelry pieces and large automotive or motorcycle components. The 2x optical magnification allows you to focus on the finest details, and the capture speed of up to 20 frames per second means you&#x27;ll scan even long objects quickly and smoothly. You&#x27;ll adjust the two operating modes (Single-shot and Continuous) to suit your needs, no matter how complex the surface you&#x27;re scanning.<\/p>\n<p>\n<img decoding=\"async\" alt=\"A 3D model of a car scanned using the Revopoint Miraco Plus.\" border=\"0\" src=\"https:\/\/assets.innpro.pl\/17613\/23360\/1.jpg\"\/>\n<\/p>\n<h3>Unmatched color quality and stability<\/h3>\n<p>The built-in 48 MP RGB camera captures the full color spectrum in 8K quality, so finished 3D models require no additional color correction. Stabilization based on a 9-axis IMU (Inertial Measurement Unit, a module that measures the acceleration and angular velocity of an object in space using accelerometers and gyroscopes) eliminates blurring and shake, even when you&#x27;re working in the field or without a tripod. A large, 2K AMOLED (Active-Matrix Organic Light-Emitting Diode, an advanced display technology that uses organic light-emitting diodes) screen, which tilts 180\u00b0, allows you to monitor scanning progress in real time and in any position.<\/p>\n<p>\n<img decoding=\"async\" alt=\"The Revopoint Miraco Plus 3D scanner on a dark background, with a colorful parrot displayed on its screen.\" border=\"0\" src=\"https:\/\/assets.innpro.pl\/17613\/23360\/3.jpg\"\/>\n<\/p>\n<h3>Intuitive, four-step workflow<\/h3>\n<p>The entire digitization workflow boils down to four simple steps, carried out without moving the data off the device until the final export &#8211; the first step is preparation (deploy the included tape measures, coded targets and markers on or around the object &#8211; they are the reference for photogrammetric analysis), photography (take photos from different angles and heights, until every part of the object is in the frame), calculating and capturing point clouds (Miraco Plus automatically recognizes marker positions, merges the shots and creates a consistent point cloud), and processing and exporting (advanced software allows you to correct, filter and edit the model, then export the finished file to a desktop or cloud with a single click).<\/p>\n<p>\n<img decoding=\"async\" alt=\"Comparison of two scanned coins; the coin on the right is sharper and has more visible details.\" border=\"0\" src=\"https:\/\/assets.innpro.pl\/17613\/23360\/2.jpg\"\/>\n<\/p>\n<h3>Komplekt\u0101 iek\u013cauts<\/h3>\n<ul class=\"list-disc pl-5\">\n<li>Miraco Plus 3D scanner<\/li>\n<li>measuring tapes<\/li>\n<li>set of magnetic markers<\/li>\n<li>set of adhesive markers<\/li>\n<li>tripod<\/li>\n<li>rotation stand<\/li>\n<li>bust (for scanning)<\/li>\n<li>rotation stand cover<\/li>\n<li>markers<\/li>\n<li>65W adapter with dual USB Type-C ports<\/li>\n<li>4x calibration plates for long-range scanning<\/li>\n<li>calibration plate cover<\/li>\n<li>calibration plate for close-range scanning<\/li>\n<li>USB Type-C to HDMI adapter<\/li>\n<li>USB Type-C to Type-A adapter<\/li>\n<li>wrist strap<\/li>\n<li>carrying case<\/li>\n<li>lietot\u0101ja rokasgr\u0101mata<\/li>\n<\/ul>\n<div class=\"table-wrapper\">\n<p>\u00a0<\/p>\n<h3><\/h3>\n<table>\n<tbody>\n<tr>\n<th>Ra\u017eot\u0101js<\/th>\n<td>Revopoint<\/td>\n<\/tr>\n<tr>\n<th>Modelis<\/th>\n<td>Miraco Plus<\/td>\n<\/tr>\n<tr>\n<th>Technology<\/th>\n<td>Quad-camera infrared structured light with optical zoom and photogrammetric metrology<\/td>\n<\/tr>\n<tr>\n<th>Single-frame precision<\/th>\n<td>0.02 mm<\/td>\n<\/tr>\n<tr>\n<th>Single-frame accuracy<\/th>\n<td>0,04 mm<\/td>\n<\/tr>\n<tr>\n<th>Photogrammetric length accuracy<\/th>\n<td>0.02 mm + 0.05 mm x L (m)<\/td>\n<\/tr>\n<tr>\n<th>Point of convergence distance<\/th>\n<td>0.05 mm<\/td>\n<\/tr>\n<tr>\n<th>Darb\u012bbas diapazons<\/th>\n<td>100 &#8211; 1000 mm<\/td>\n<\/tr>\n<tr>\n<th>Single capture area at the closest distance<\/th>\n<td>28 x 53 mm at 100 mm<\/td>\n<\/tr>\n<tr>\n<th>Single capture area at maximum distance<\/th>\n<td>975 x 775 mm at 1000 mm<\/td>\n<\/tr>\n<tr>\n<th>Minimum scan volume<\/th>\n<td>10 x 10 x 10 mm<\/td>\n<\/tr>\n<tr>\n<th>Maximum scan volume<\/th>\n<td>4 \u00d7 4 \u00d7 4 m<\/td>\n<\/tr>\n<tr>\n<th>Scan speed<\/th>\n<td>20 fps<\/td>\n<\/tr>\n<tr>\n<th>Camera resolution<\/th>\n<td>Depth camera: 2MP, RGB camera: 48MP<\/td>\n<\/tr>\n<tr>\n<th>CPU<\/th>\n<td>8-core ARM A76, 2.4 GHz, Mali G52 GPU<\/td>\n<\/tr>\n<tr>\n<th>3D light source<\/th>\n<td>Class 1 infrared light<\/td>\n<\/tr>\n<tr>\n<th>RAM and internal storage<\/th>\n<td>32 GB + 256 GB<\/td>\n<\/tr>\n<tr>\n<th>Fill lights<\/th>\n<td>Depth camera: 8, RGB camera: 2<\/td>\n<\/tr>\n<tr>\n<th>Sensori<\/th>\n<td>9-axis IMU<\/td>\n<\/tr>\n<\/tbody>\n<\/table>\n<\/div>","protected":false},"excerpt":{"rendered":"<p>Revopoint Miraco Plus 3D Scanner The Revopoint Miraco Plus 3D scanner, awarded the prestigious Red Dot Award 2024, is a versatile solution that combines the ultra-precision of photogrammetric metrology with the flexibility of scanning both smaller parts such as screws and large industrial objects. With twice the optical magnification and speeds of up to 20 [&#8230;]\n","protected":false},"featured_media":91283,"comment_status":"open","ping_status":"closed","template":"","meta":[],"location":[19557,19558],"product_brand":[],"product_cat":[14898],"product_tag":[],"class_list":{"0":"post-82495","1":"product","2":"type-product","3":"status-publish","4":"has-post-thumbnail","6":"location-innpro_stock_location","7":"location-local_stock_location","8":"product_cat-3d-scanners","10":"first","11":"instock","12":"sale","13":"taxable","14":"shipping-taxable","15":"purchasable","16":"product-type-simple"},"aioseo_notices":[],"locations":[{"id":19557,"name":"Pieg\u0101d\u0101ja noliktav\u0101 (5-7dd.d)","slug":"innpro_stock_location","quantity":"43"},{"id":19558,"name":"R\u012bgas veikals (0-2dd.d)","slug":"local_stock_location","quantity":"0"}],"_links":{"self":[{"href":"https:\/\/elektrons.lv\/lv\/wp-json\/wp\/v2\/product\/82495","targetHints":{"allow":["GET"]}}],"collection":[{"href":"https:\/\/elektrons.lv\/lv\/wp-json\/wp\/v2\/product"}],"about":[{"href":"https:\/\/elektrons.lv\/lv\/wp-json\/wp\/v2\/types\/product"}],"replies":[{"embeddable":true,"href":"https:\/\/elektrons.lv\/lv\/wp-json\/wp\/v2\/comments?post=82495"}],"wp:featuredmedia":[{"embeddable":true,"href":"https:\/\/elektrons.lv\/lv\/wp-json\/wp\/v2\/media\/91283"}],"wp:attachment":[{"href":"https:\/\/elektrons.lv\/lv\/wp-json\/wp\/v2\/media?parent=82495"}],"wp:term":[{"taxonomy":"location","embeddable":true,"href":"https:\/\/elektrons.lv\/lv\/wp-json\/wp\/v2\/location?post=82495"},{"taxonomy":"product_brand","embeddable":true,"href":"https:\/\/elektrons.lv\/lv\/wp-json\/wp\/v2\/product_brand?post=82495"},{"taxonomy":"product_cat","embeddable":true,"href":"https:\/\/elektrons.lv\/lv\/wp-json\/wp\/v2\/product_cat?post=82495"},{"taxonomy":"product_tag","embeddable":true,"href":"https:\/\/elektrons.lv\/lv\/wp-json\/wp\/v2\/product_tag?post=82495"}],"curies":[{"name":"wp","href":"https:\/\/api.w.org\/{rel}","templated":true}]}}