{"id":82498,"date":"2026-05-14T09:43:31","date_gmt":"2026-05-14T09:43:31","guid":{"rendered":"https:\/\/elektrons.lv\/Prece\/anycubic-kobra-3-v2-combo-3d-printer\/"},"modified":"2026-05-15T16:07:03","modified_gmt":"2026-05-15T14:07:03","slug":"anycubic-kobra-3-v2-combo-3d-printer","status":"publish","type":"product","link":"https:\/\/elektrons.lv\/lv\/Prece\/anycubic-kobra-3-v2-combo-3d-printer\/","title":{"rendered":"Anycubic Kobra 3 V2 Combo 3D Printer"},"content":{"rendered":"<h3>Anycubic Kobra 3 V2 Combo 3D Printer<\/h3>\n<p>Meet the Anycubic Kobra 3 V2 Combo &#8211; a 3D printing kit that offers multi-color printing with active drying of the filament to ensure vivid, defect-free prints. The printer features an enhanced LeviQ 3.0 automatic leveling system with a 60mm Y-axis and SG15 bearings to ensure perfect adhesion and flawless first layers, while speeds of up to 600mm\/sec and 20,000mm\/s\u00b2 acceleration reduce turnaround time for even the most demanding projects. Thanks to &#8220;plug &#038; play&#8221; (an installation that, once connected to the hardware of your choice, requires no additional configuration or driver downloads), installation and initial startup take less than 15 minutes, while smart features such as resuming printing after power loss, filament detection and timelapse on the built-in 720 p camera ensure continuous and safe operation. The whole thing is complemented by the powerful Anycubic ecosystem, which gives you full control over every step of the printing process. Also included is the ACE Pro module, which takes care of proper drying of the filaments and allows 3D printing in multiple colors.<\/p>\n<p>\n<img decoding=\"async\" alt=\"Drukarka Anycubic Kobra 3 V2, obok kt\u00f3rej stoi modu\u0142 ACE Pro.\" border=\"0\" src=\"https:\/\/assets.innpro.pl\/17552\/23255\/1.jpg\"\/>\n<\/p>\n<h3>A multicolor explosion of creativity<\/h3>\n<p>The Anycubic Kobra 3 V2 printer allows you to create extremely vivid models in four or as many as eight colors simultaneously thanks to the included ACE Pro module. In addition, the ACE Pro module guarantees the excellent quality of each print by ensuring that the filaments are properly dried. Whether you are preparing functional prototypes, artistic molds or precise conceptual models, the Kobra 3 V2 printer will expand your imagination without compromise.<\/p>\n<p>\n<img decoding=\"async\" alt=\"Model bia\u0142ego zamku z pomara\u0144czowym zadaszeniem wykonany metod\u0105 druku 3D.\" border=\"0\" src=\"https:\/\/assets.innpro.pl\/17552\/23255\/8.jpg\"\/>\n<\/p>\n<h3>LeviQ 3.0 automatic leveling<\/h3>\n<p>Forget about tedious manual table calibration. The innovative LeviQ 3.0 system with a 60 mm Y-axis and SG15 bearings on the X-axis takes care of perfect alignment of each layer. Thanks to the elimination of offsets in the Z-axis, you will get reliable adhesion of the first layer, which significantly increases the success rate of prints even on the most geometrically complex projects.<\/p>\n<p>\n<img decoding=\"async\" alt=\"Drukarka Kobra 3 V2, za kt\u00f3r\u0105 znajduje si\u0119 le\u017c\u0105cy na kanapie m\u0119\u017cczyzna.\" border=\"0\" src=\"https:\/\/assets.innpro.pl\/17552\/23255\/7.jpg\"\/>\n<\/p>\n<h3>Express speed and reliable performance<\/h3>\n<p>You no longer have to wait long to print your designs. The Kobra 3 V2 achieves a maximum print speed of up to 600 mm\/sec (300 mm\/sec by default) and acceleration of up to 20,000 mm\/sec\u00b2, resulting in a small boat model in less than 13 minutes. The improved nozzle effectively minimizes filament leakage, and the optimal width of the working tunnel ensures comfort when working on any project.<\/p>\n<p>\n<img decoding=\"async\" alt=\"M\u0119\u017cczyzna w b\u0142\u0119kitnej koszuli wk\u0142adaj\u0105cy czerwony filament do modu\u0142u ACE Pro.\" border=\"0\" src=\"https:\/\/assets.innpro.pl\/17552\/23255\/5.jpg\"\/>\n<\/p>\n<h3>Unpack and run<\/h3>\n<p>Assembling and starting the printer takes less time than your morning coffee &#8211; the intuitive, simplified design allows you to start your first print in a quarter of an hour after unpacking. Sturdy twin pull bolts, a precision bearing system and a metal quick-release coupler guarantee the stability of the entire design and allow for instant nozzle changes when needed.<\/p>\n<p>\n<img decoding=\"async\" alt=\"Drukarka Kobra 3 V2 zapakowana w ochronnej g\u0105bce, trzymana przez m\u0119\u017cczyzn\u0119 w czarnej koszulce.\" border=\"0\" src=\"https:\/\/assets.innpro.pl\/17552\/23255\/4.jpg\"\/>\n<\/p>\n<h3>Smart monitoring and safety<\/h3>\n<p>No more running out of filament during printing or unexpected power interruptions. The Anycubic Kobra 3 V2 automatically resumes operation when power is restored, and a filament sensor detects the condition of the filament, alerting you to refill the material. A built-in 720p timelapse camera allows you to document the entire process, which is great for presenting orders or creating social media content.<\/p>\n<p>\n<img decoding=\"async\" alt=\"Zbli\u017cenie na czarn\u0105 kamerk\u0119 drukarki Kobra 3 V2.\" border=\"0\" src=\"https:\/\/assets.innpro.pl\/17552\/23255\/9.jpg\"\/>\n<\/p>\n<h3>Full control in the Anycubic ecosystem<\/h3>\n<p>With Anycubic Slicer Next (based on the Orca engine), you&#8217;ll prepare models for printing from the LAN, managing multiple projects simultaneously and skipping unwanted elements. Using Anycubic, you gain remote access to the printer, real-time progress monitoring and a time-lapse photography option. In addition, the Makeronline platform offers a rich library of ready-made models and one-click cutting and printing.<\/p>\n<p>\n<img decoding=\"async\" alt=\"Drukarka Anycubic stoj\u0105ca na drewnianym biurku, obok niej znajduje si\u0119 ACE Pro i modele 3D. W tle wida\u0107 m\u0119\u017cczyzn\u0119 graj\u0105cego na konsoli.\" border=\"0\" src=\"https:\/\/assets.innpro.pl\/17552\/23255\/10.jpg\"\/>\n<\/p>\n<h3>Comprehensive feature set<\/h3>\n<p>Anycubic Kobra 3 V2 Combo is more than a 3D printing kit. It&#8217;s a tool that integrates top-notch automation, multicolor printing, active filament drying and intelligent software. With support for high drying temperatures up to 55 \u00b0C, a capacitive 4.3-inch touchscreen, and control via panel, app and USB, you have complete freedom to choose how and where to work on your designs.<\/p>\n<p>\n<img decoding=\"async\" alt=\"Drukarka 3D Kobra 3 V2 na futurystycznym, ciemnym tle.\" border=\"0\" src=\"https:\/\/assets.innpro.pl\/17552\/23255\/2.jpg\"\/>\n<\/p>\n<h3>Iek\u013cauts<\/h3>\n<ul class=\"list-disc pl-5\">\n<li>Kobra 3 V2 printer<\/li>\n<li>Anycubic Color Engine Pro (ACE Pro) module<\/li>\n<li>print head<\/li>\n<li>touchscreen<\/li>\n<li>spool holder<\/li>\n<li>cable holder<\/li>\n<li>cleaning wiper<\/li>\n<li>screw M2x14 x2<\/li>\n<li>screw M3x6 x4<\/li>\n<li>screw M4x16 x2<\/li>\n<li>screw M3x10<\/li>\n<li>M3x8 screw<\/li>\n<li>power cable x2<\/li>\n<li>cable organizer x4<\/li>\n<li>signal cable<\/li>\n<li>USB disk<\/li>\n<li>filament tube<\/li>\n<li>set of wrenches<\/li>\n<li>allen screws 4.0, 3.0, 2.5, 2.0, 1.5<\/li>\n<li>sample of filament<\/li>\n<li>nozzle cleaner<\/li>\n<li>grease<\/li>\n<li>camera<\/li>\n<li>lieto\u0161anas pam\u0101c\u012bba<\/li>\n<\/ul>\n<div class=\"table-wrapper\">\n<p>\u00a0<\/p>\n<h3><\/h3>\n<table>\n<tbody>\n<tr>\n<th>Ra\u017eot\u0101js<\/th>\n<td>Anycubic<\/td>\n<\/tr>\n<tr>\n<th>Modelis<\/th>\n<td>K3VC-IP-O<\/td>\n<\/tr>\n<tr>\n<th>Svars<\/th>\n<td>Cobra 3 V2: 9.37 kg, ACE Pro: 4.6 kg<\/td>\n<\/tr>\n<tr>\n<th>Supported materials<\/th>\n<td>Kobra 3 V2 supports only PLA, TPU, PETG, ABS materials. ACE Pro supports only PLA, PETG, ABS, ASA, PET, PA, PC, PP, HIPS materials.<\/td>\n<\/tr>\n<tr>\n<th>Izm\u0113ri<\/th>\n<td>Kobra 3 V2: 452.9 x 504.7 x 483 mm; ACE Pro: 365.94 x 282.84 x 234.5 mm<\/td>\n<\/tr>\n<tr>\n<th>Baro\u0161anas avots<\/th>\n<td>400 W<\/td>\n<\/tr>\n<tr>\n<th>Multicolor printing<\/th>\n<td>Standard 4\/8-color printing<\/td>\n<\/tr>\n<tr>\n<th>Nozzle<\/th>\n<td>Maximum temperature 300\u2103<\/td>\n<\/tr>\n<tr>\n<th>Print size<\/th>\n<td>255 x 255 x 260 mm<\/td>\n<\/tr>\n<tr>\n<th>Maximum table temperature<\/th>\n<td>110\u2103<\/td>\n<\/tr>\n<tr>\n<th>Maximum print speed<\/th>\n<td>600 mm\/sec<\/td>\n<\/tr>\n<tr>\n<th>Sk\u0101rienj\u016bt\u012bgais ekr\u0101ns<\/th>\n<td>4.3-inch<\/td>\n<\/tr>\n<tr>\n<th>Active drying<\/th>\n<td>Supported, max. drying temperature 55\u00b0C<\/td>\n<\/tr>\n<tr>\n<th>Auto leveling mode<\/th>\n<td>LeviQ3.0 + no Z-axis offset + design optimization<\/td>\n<\/tr>\n<tr>\n<th>Nozzle diameter<\/th>\n<td>Standard 0.4mm, options: 0.25\/0.6\/0.8mm<\/td>\n<\/tr>\n<tr>\n<th>Filament detection and print resume<\/th>\n<td>Atbalst\u012bts<\/td>\n<\/tr>\n<tr>\n<th>Resume after power loss<\/th>\n<td>Atbalst\u012bts<\/td>\n<\/tr>\n<tr>\n<th>Video monitoring<\/th>\n<td>Standard HD camera, supports 720P<\/td>\n<\/tr>\n<tr>\n<th>Timelapse mode<\/th>\n<td>Atbalst\u012bts<\/td>\n<\/tr>\n<tr>\n<th>AI detection<\/th>\n<td>Print error (&#8220;spaghetti&#8221;) detection<\/td>\n<\/tr>\n<tr>\n<th>Object skipping and area leveling<\/th>\n<td>Atbalst\u012bts<\/td>\n<\/tr>\n<tr>\n<th>Local network mode<\/th>\n<td>Atbalst\u012bts<\/td>\n<\/tr>\n<tr>\n<th>Control and printing methods<\/th>\n<td>Printer, Anycubic Slicer Next, Anycubic application, USB (print only)<\/td>\n<\/tr>\n<\/tbody>\n<\/table>\n<\/div>","protected":false},"excerpt":{"rendered":"<p>Anycubic Kobra 3 V2 Combo 3D Printer Meet the Anycubic Kobra 3 V2 Combo &#8211; a 3D printing kit that offers multi-color printing with active drying of the filament to ensure vivid, defect-free prints. The printer features an enhanced LeviQ 3.0 automatic leveling system with a 60mm Y-axis and SG15 bearings to ensure perfect adhesion [&#8230;]\n","protected":false},"featured_media":91296,"comment_status":"open","ping_status":"closed","template":"","meta":[],"location":[19557,19558],"product_brand":[],"product_cat":[14391],"product_tag":[],"class_list":{"0":"post-82498","1":"product","2":"type-product","3":"status-publish","4":"has-post-thumbnail","6":"location-innpro_stock_location","7":"location-local_stock_location","8":"product_cat-3d-printers","10":"first","11":"outofstock","12":"sale","13":"taxable","14":"shipping-taxable","15":"purchasable","16":"product-type-simple"},"aioseo_notices":[],"locations":[{"id":19557,"name":"Pieg\u0101d\u0101ja noliktav\u0101 (5-7dd.d)","slug":"innpro_stock_location","quantity":"0"},{"id":19558,"name":"R\u012bgas veikals (0-2dd.d)","slug":"local_stock_location","quantity":"0"}],"_links":{"self":[{"href":"https:\/\/elektrons.lv\/lv\/wp-json\/wp\/v2\/product\/82498","targetHints":{"allow":["GET"]}}],"collection":[{"href":"https:\/\/elektrons.lv\/lv\/wp-json\/wp\/v2\/product"}],"about":[{"href":"https:\/\/elektrons.lv\/lv\/wp-json\/wp\/v2\/types\/product"}],"replies":[{"embeddable":true,"href":"https:\/\/elektrons.lv\/lv\/wp-json\/wp\/v2\/comments?post=82498"}],"wp:featuredmedia":[{"embeddable":true,"href":"https:\/\/elektrons.lv\/lv\/wp-json\/wp\/v2\/media\/91296"}],"wp:attachment":[{"href":"https:\/\/elektrons.lv\/lv\/wp-json\/wp\/v2\/media?parent=82498"}],"wp:term":[{"taxonomy":"location","embeddable":true,"href":"https:\/\/elektrons.lv\/lv\/wp-json\/wp\/v2\/location?post=82498"},{"taxonomy":"product_brand","embeddable":true,"href":"https:\/\/elektrons.lv\/lv\/wp-json\/wp\/v2\/product_brand?post=82498"},{"taxonomy":"product_cat","embeddable":true,"href":"https:\/\/elektrons.lv\/lv\/wp-json\/wp\/v2\/product_cat?post=82498"},{"taxonomy":"product_tag","embeddable":true,"href":"https:\/\/elektrons.lv\/lv\/wp-json\/wp\/v2\/product_tag?post=82498"}],"curies":[{"name":"wp","href":"https:\/\/api.w.org\/{rel}","templated":true}]}}