{"id":82521,"date":"2026-05-14T09:43:34","date_gmt":"2026-05-14T09:43:34","guid":{"rendered":"https:\/\/elektrons.lv\/Prece\/onexplayer-g1-portable-console-amd-ai370-64gb-ram-2tb\/"},"modified":"2026-05-15T15:05:14","modified_gmt":"2026-05-15T13:05:14","slug":"onexplayer-g1-portable-console-amd-ai370-64gb-ram-2tb","status":"publish","type":"product","link":"https:\/\/elektrons.lv\/lv\/Prece\/onexplayer-g1-portable-console-amd-ai370-64gb-ram-2tb\/","title":{"rendered":"Onexplayer G1 Portable Console AMD AI370 64GB RAM 2TB"},"content":{"rendered":"<h3>Onexplayer G1 AMD AI370 64GB RAM 2TB portable console<\/h3>\n<p>Onexplayer G1 is an advanced portable console that offers much more than typical handhelds. Equipped with a powerful AMD Ryzen AI 9 HX 370 processor and AMD Radeon 890M graphics chip &#8211; it can easily handle demanding AAA games (Triple-A, games with the highest budget and production quality). The 8.8-inch screen with 144Hz refresh rate ensures smooth animations and high responsiveness, and with OneXConsole software you gain full control over RGB (Red Green Blue, colored backlight) modes, performance and effects. What&#8217;s more, by connecting the included magnetic keyboard, the console can act as a handy laptop.<\/p>\n<p>\n<img decoding=\"async\" alt=\"Two gaming laptops with open screens showing games and operating systems, one with backlit keyboard\" border=\"0\" src=\"https:\/\/assets.innpro.pl\/17568\/23281\/8.jpg\"\/>\n<\/p>\n<h3>Next-generation performance<\/h3>\n<p>At the heart of the console is the AMD Ryzen AI 9 HX 370 processor, based on the Zen5 architecture (AMD&#8217;s fifth-generation Zen microprocessor architecture), with 12 cores and 24 threads, clocked at up to 5.1 GHz. Such power allows to run even demanding titles without FPS (Frames Per Second, the number of frames per second) drops. The G1 performs well in action games as well as racing or RPG (Role-Playing Game, role-playing game), ensuring stability and lightning-fast system response. In addition, the integrated Radeon 890M graphics chip on RDNA (Radeon DNA, AMD&#8217;s GPU architecture) 3.5 offers impressive performance, allowing you to enjoy smooth gameplay without compromising on quality.<\/p>\n<p>\n<img decoding=\"async\" alt=\"AMD Ryzen AI 300 Series processor on motherboard with orange backlighting and electronic details\" border=\"0\" src=\"https:\/\/assets.innpro.pl\/17568\/23281\/4.jpg\"\/>\n<\/p>\n<h3>A screen that outperforms the competition<\/h3>\n<p>The 8.8&#8243; LCD (Liquid Crystal Display) screen used, with a resolution of 2560\u00d71600 and a refresh rate of 144 Hz, offers excellent detail reproduction, color depth and incredible smoothness. In dynamic action games, brawling or racing, every movement becomes clear and natural, resulting in better control and faster response. In addition, the 16:10 aspect ratio increases the field of view, which is an advantage in tactical or multiplayer titles, and the brightness of 500 cd\/m2 and 1500:1 contrast ratio mean you can play comfortably even in bright environments. It&#8217;s a screen that not only looks great, but also makes a real difference to the quality of gameplay!<\/p>\n<p>\n<img decoding=\"async\" alt=\"Watch hands write on a laptop with an open text document on a wooden desk\" border=\"0\" src=\"https:\/\/assets.innpro.pl\/17568\/23281\/7.jpg\"\/>\n<\/p>\n<h3>Cooling built for action<\/h3>\n<p>An advanced cooling system with dual fans and copper heat pipes effectively dissipates heat even under intense load. As a result, the console runs stably and quietly &#8211; even during long sessions with demanding games. Lower temperatures also mean greater comfort &#8211; you can hold the device comfortably in your hands.<\/p>\n<p>\n<img decoding=\"async\" alt=\"Man in white t-shirt plays handheld console sitting on bed in modern bedroomMan in white t-shirt plays handheld console sitting on bed in modern bedroom\" border=\"0\" src=\"https:\/\/assets.innpro.pl\/17568\/23281\/11.jpg\"\/>\n<\/p>\n<h3>Full control with OneXConsole<\/h3>\n<p>OneXConsole software gives gamers tools that give you more control over gameplay and the console. Change settings such as fan speed or power consumption, set Turbo and map buttons &#8211; all in one place. You also gain convenient access to your game library.<\/p>\n<p>\n<img decoding=\"async\" alt=\"A man in a white shirt and tie plays a handheld console on a train, holding a gray device with controllers\" border=\"0\" src=\"https:\/\/assets.innpro.pl\/17568\/23281\/6.jpg\"\/>\n<\/p>\n<h3>Ready for expansions<\/h3>\n<p>The console is designed with flexibility and expansion in mind. Equipped with a native OCuLink (Optical Copper Link, a high-speed interface for communication with eGPUs) (PCIe &#8211; Peripheral Component Interconnect Express, an interface for high-speed communication with computer components, 63 Gbps) and two full-fledged USB-C (Universal Serial Bus Type-C, a universal connector for data and power) 4.0 (40 Gbps) ports &#8211; it provides ultra-fast communication with external accessories. For example, you can connect to it an additional ONEXGPU graphics card (sold separately), equipped with an AMD Radeon RX 7800M chip with 12 GB of VRAM (Video RAM, video memory), which allows you to significantly increase performance in AAA games. The G1 also enables lightning-fast data transfer and fast charging. The G1 is also equipped with a USB-A 3.2 port, a 3.5mm audio port and a slot for a (TransFlash, microSD memory card) TF card of up to 2TB.<\/p>\n<p>\n<img decoding=\"async\" alt=\"A man in a white shirt works on a small laptop on an airplane by a window overlooking the night city\" border=\"0\" src=\"https:\/\/assets.innpro.pl\/17568\/23281\/2.jpg\"\/>\n<\/p>\n<h3>For work and entertainment<\/h3>\n<p>With a monitor, keyboard and mouse connected, you can turn the console into a compact work or entertainment center. Play on larger screens, use voice messaging or even create graphic designs &#8211; all on one device. The G1 doesn&#8217;t limit you to playing on the couch &#8211; it works wherever you need it! At the same time, the console is very light (only about 880 g) and compact (208 x 146.5 x 32 mm), so you can easily carry it in your purse or backpack.<\/p>\n<p>\n<img decoding=\"async\" alt=\"A man in a black sweatshirt puts a laptop into a black travel bag on a plane next to a window\" border=\"0\" src=\"https:\/\/assets.innpro.pl\/17568\/23281\/5.jpg\"\/>\n<\/p>\n<h3>Precise control without compromise<\/h3>\n<p>The sticks and triggers with Hall technology ensure not only durability, but also exceptional precision. Responsive sensitivity, smooth movement and no dead zones are the key to winning in FPS (First-Person Shooter), racing or brawling games. Built-in vibration and turbo function increase immersion and allow faster reactions in dynamic scenes, and the ergonomic grip ensures that hands don&#8217;t get tired even after several hours of gaming. There&#8217;s also stylish RGB backlighting and a touchpad that supports up to three touch points simultaneously. You can also unlock the console using both your fingerprint and facial recognition.<\/p>\n<p>\n<img decoding=\"async\" alt=\"Close-up of black gaming console with orange logo and backlit keyboard against dark background\" border=\"0\" src=\"https:\/\/assets.innpro.pl\/17568\/23281\/1.jpg\"\/>\n<\/p>\n<h3>Attention to detail<\/h3>\n<p>The console uses durable 6063 grade aluminum, which is resistant to oxidation and corrosion. What&#8217;s more, the built-in speakers are intelligently controlled to provide an unforgettable gaming experience. Enjoy a dreamlike level of immersion! The bilinear motor, advanced pressure sensing system and 3-axis gyroscope are also responsible for the realistic experience, enabling precise control and full immersion in the game world. On top of that, there is a 13500 mAh battery.<\/p>\n<p>\n<img decoding=\"async\" alt=\"Hands hold a foldable gaming console with two screens, one showing a document, the other with controllers and backlighting\" border=\"0\" src=\"https:\/\/assets.innpro.pl\/17568\/23281\/10.jpg\"\/>\n<\/p>\n<h3>Reliable memory<\/h3>\n<p>The memory used is LPDDR5x (Low Power Double Data Rate 5X, an energy-efficient high-bandwidth operating memory) with a frequency of as much as 7,500 MHz and a capacity of 64 GB, ensuring lightning-fast system response and smooth operation even when playing the most demanding titles. Such bandwidth also supports integrated graphics, which translates into better performance. Then there&#8217;s the ultra-fast 2TB PCIe 4.0 SSD (Solid State Drive) &#8211; with read speeds exceeding 7,000 MB\/s and write speeds above 6100 MB\/s. This is a configuration built for next-generation gaming and lag-free operation!<\/p>\n<p>\n<img decoding=\"async\" alt=\"Handheld gaming console with open keyboard and controllers against a background of orange lights and graphics\" border=\"0\" src=\"https:\/\/assets.innpro.pl\/17568\/23281\/9.jpg\"\/>\n<\/p>\n<h3>Iek\u013cauts<\/h3>\n<ul class=\"list-disc pl-5\">\n<li>Portable console<\/li>\n<li>Power adapter<\/li>\n<li>Power cable<\/li>\n<li>Documentation<\/li>\n<li>Keyboard<\/li>\n<li>Case<\/li>\n<\/ul>\n<div class=\"table-wrapper\">\n<p>\u00a0<\/p>\n<h3><\/h3>\n<table>\n<tbody>\n<tr>\n<th>Ra\u017eot\u0101js<\/th>\n<td>Onexplayer<\/td>\n<\/tr>\n<tr>\n<th>Modelis<\/th>\n<td>G1 AMD AI370 64<\/td>\n<\/tr>\n<tr>\n<th>Procesors<\/th>\n<td>AMD Ryzen AI 9 HX 370<\/td>\n<\/tr>\n<tr>\n<th>Integrated graphics card<\/th>\n<td>AMD Radeon 890M<\/td>\n<\/tr>\n<tr>\n<th>RAM<\/th>\n<td>64 GB LPDDR5x<\/td>\n<\/tr>\n<tr>\n<th>Drive<\/th>\n<td>SSD 2 TB<\/td>\n<\/tr>\n<tr>\n<th>Ekr\u0101ns<\/th>\n<td>8.8&#8243; LCD MIPI 8-Line Panel<\/td>\n<\/tr>\n<tr>\n<th>Screen resolution<\/th>\n<td>2560&#215;1600, 16:10<\/td>\n<\/tr>\n<tr>\n<th>Brightness (typical)<\/th>\n<td>500 cd\/m2<\/td>\n<\/tr>\n<tr>\n<th>Color gamut coverage<\/th>\n<td>DCI-P3 97% (typical) \/ 92% (min.)<\/td>\n<\/tr>\n<tr>\n<th>Kontrasts<\/th>\n<td>1500:1<\/td>\n<\/tr>\n<tr>\n<th>Camera<\/th>\n<td>2MP, Windows Hello support<\/td>\n<\/tr>\n<tr>\n<th>Fingerprint unlocking<\/th>\n<td>J\u0101<\/td>\n<\/tr>\n<tr>\n<th>Akumulators<\/th>\n<td>51.975 Wh, 13500 mAh<\/td>\n<\/tr>\n<tr>\n<th>Max airflow (single fan)<\/th>\n<td>2.8 CFM<\/td>\n<\/tr>\n<tr>\n<th>Max fan volume level<\/th>\n<td>44 dBA<\/td>\n<\/tr>\n<tr>\n<th>Max fan speed<\/th>\n<td>6000 RPM<\/td>\n<\/tr>\n<tr>\n<th>Fan bearing<\/th>\n<td>Hydraulic<\/td>\n<\/tr>\n<tr>\n<th>Heat sink material<\/th>\n<td>Aluminum<\/td>\n<\/tr>\n<tr>\n<th>Number of copper heat pipes<\/th>\n<td>2<\/td>\n<\/tr>\n<tr>\n<th>Ventilation opening ratio<\/th>\n<td>90%<\/td>\n<\/tr>\n<tr>\n<th>Ventilation opening ratio<\/th>\n<td>50%<\/td>\n<\/tr>\n<tr>\n<th>Trigger Hall<\/th>\n<td>Button stroke: 6.35 mm<\/td>\n<\/tr>\n<tr>\n<th>Microswitches in bumpers<\/th>\n<td>Button pitch: 1.5-2 mm<\/td>\n<\/tr>\n<tr>\n<th>Joystick<\/th>\n<td>Hall joystick<\/td>\n<\/tr>\n<tr>\n<th>Motor<\/th>\n<td>Linear<\/td>\n<\/tr>\n<tr>\n<th>G sensor<\/th>\n<td>Gyroscope<\/td>\n<\/tr>\n<tr>\n<th>Wi-Fi<\/th>\n<td>Wi-Fi 6E<\/td>\n<\/tr>\n<tr>\n<th>Bluetooth<\/th>\n<td>5.2<\/td>\n<\/tr>\n<tr>\n<th>Number of speakers<\/th>\n<td>2 (left and right)<\/td>\n<\/tr>\n<tr>\n<th>Programmat\u016bra<\/th>\n<td>OneXConsole<\/td>\n<\/tr>\n<tr>\n<th>Oper\u0113t\u0101jsist\u0113ma<\/th>\n<td>Windows 11 Home<\/td>\n<\/tr>\n<tr>\n<th>Izm\u0113ri<\/th>\n<td>208 x 146.5 x 32 mm<\/td>\n<\/tr>\n<tr>\n<th>Svars<\/th>\n<td>Approximately 880 g<\/td>\n<\/tr>\n<\/tbody>\n<\/table>\n<\/div>","protected":false},"excerpt":{"rendered":"<p>Onexplayer G1 AMD AI370 64GB RAM 2TB portable console Onexplayer G1 is an advanced portable console that offers much more than typical handhelds. Equipped with a powerful AMD Ryzen AI 9 HX 370 processor and AMD Radeon 890M graphics chip &#8211; it can easily handle demanding AAA games (Triple-A, games with the highest budget and [&#8230;]\n","protected":false},"featured_media":91249,"comment_status":"open","ping_status":"closed","template":"","meta":[],"location":[19557,19558],"product_brand":[],"product_cat":[17190],"product_tag":[],"class_list":{"0":"post-82521","1":"product","2":"type-product","3":"status-publish","4":"has-post-thumbnail","6":"location-innpro_stock_location","7":"location-local_stock_location","8":"product_cat-portable-consoles","10":"first","11":"outofstock","12":"taxable","13":"shipping-taxable","14":"purchasable","15":"product-type-simple"},"aioseo_notices":[],"locations":[{"id":19557,"name":"Pieg\u0101d\u0101ja noliktav\u0101 (5-7dd.d)","slug":"innpro_stock_location","quantity":"0"},{"id":19558,"name":"R\u012bgas veikals (0-2dd.d)","slug":"local_stock_location","quantity":"0"}],"_links":{"self":[{"href":"https:\/\/elektrons.lv\/lv\/wp-json\/wp\/v2\/product\/82521","targetHints":{"allow":["GET"]}}],"collection":[{"href":"https:\/\/elektrons.lv\/lv\/wp-json\/wp\/v2\/product"}],"about":[{"href":"https:\/\/elektrons.lv\/lv\/wp-json\/wp\/v2\/types\/product"}],"replies":[{"embeddable":true,"href":"https:\/\/elektrons.lv\/lv\/wp-json\/wp\/v2\/comments?post=82521"}],"wp:featuredmedia":[{"embeddable":true,"href":"https:\/\/elektrons.lv\/lv\/wp-json\/wp\/v2\/media\/91249"}],"wp:attachment":[{"href":"https:\/\/elektrons.lv\/lv\/wp-json\/wp\/v2\/media?parent=82521"}],"wp:term":[{"taxonomy":"location","embeddable":true,"href":"https:\/\/elektrons.lv\/lv\/wp-json\/wp\/v2\/location?post=82521"},{"taxonomy":"product_brand","embeddable":true,"href":"https:\/\/elektrons.lv\/lv\/wp-json\/wp\/v2\/product_brand?post=82521"},{"taxonomy":"product_cat","embeddable":true,"href":"https:\/\/elektrons.lv\/lv\/wp-json\/wp\/v2\/product_cat?post=82521"},{"taxonomy":"product_tag","embeddable":true,"href":"https:\/\/elektrons.lv\/lv\/wp-json\/wp\/v2\/product_tag?post=82521"}],"curies":[{"name":"wp","href":"https:\/\/api.w.org\/{rel}","templated":true}]}}