{"id":82547,"date":"2026-05-14T09:43:37","date_gmt":"2026-05-14T09:43:37","guid":{"rendered":"https:\/\/elektrons.lv\/Prece\/2-zone-hose-timer-rainpoint-itv205\/"},"modified":"2026-05-15T15:57:49","modified_gmt":"2026-05-15T13:57:49","slug":"2-zone-hose-timer-rainpoint-itv205","status":"publish","type":"product","link":"https:\/\/elektrons.lv\/lv\/Prece\/2-zone-hose-timer-rainpoint-itv205\/","title":{"rendered":"2 zonu \u0161\u013c\u016btenes taimeris Rainpoint ITV205"},"content":{"rendered":"<div style=\"display: flex; flex-direction: column;\" class=\"iai-section-b518b711-327c-49dd-a6df-803f52333dbe-description-wrapper\">\n<div class=\"iai-section-b518b711-327c-49dd-a6df-803f52333dbe iai-section-b518b711-327c-49dd-a6df-803f52333dbe-html\">\n<h3>2 zonu \u0161\u013c\u016btenes taimeris Rainpoint ITV205<\/h3>\n<p>The RainPoint ITV205-DLS 2-zone irrigation controller allows you to program two areas of your garden separately. A large LCD (Liquid Crystal Display) screen and intuitive dial with zone selection function make it easy to set up schedules. Each zone can have an individually set start time, length and frequency of watering. A manual operation mode and a rain delay watering function add flexibility to the operation. The IP65 (International Protection Rating &#8211; a rating against dust and water jets) waterproof rating and built-in filter ensure safe and durable outdoor use.<\/p>\n<p><img decoding=\"async\" src=\"https:\/\/assets.innpro.pl\/17649\/23400\/3.jpg\" border=\"0\" alt=\"Sterownik nawadniania z wy\u015bwietlaczem LCD i dwoma przy\u0142\u0105czami, zamontowany na kranie, w tle pracuj\u0105ce zraszacze ogrodowe\"><\/p>\n<h3>Programming for two zones<\/h3>\n<p>Each zone can be set separately &#8211; both the start time, duration (from 1 minute to 3 hours and 59 minutes) and cycle frequency (every 1-12 hours or every 1-7 days). This makes it possible to fine-tune watering for different types of plants or areas of the garden.<\/p>\n<p><img decoding=\"async\" src=\"https:\/\/assets.innpro.pl\/17649\/23400\/4.jpg\" border=\"0\" alt=\"Po lewej stronie osoba pracuj\u0105ca przy laptopie z kubkiem, po prawej trawnik podlewany zraszaczem przed domem\"><\/p>\n<h3>Watering Delay<\/h3>\n<p>The Rain Delay function allows you to delay the watering cycle by 24, 48 or 72 hours. Such a solution will come in handy when rainfall is forecast and will avoid over-watering the soil.<\/p>\n<p><img decoding=\"async\" src=\"https:\/\/assets.innpro.pl\/17649\/23400\/5.jpg\" border=\"0\" alt=\" Sterownik nawadniania RainPoint z wy\u015bwietlaczem LCD pokazany w deszczu, zbli\u017cenie na przycisk op\u00f3\u017anienia\"><\/p>\n<h3>Manual mode<\/h3>\n<p>Watering can be started manually at any time without interfering with the programmed schedule. The OK MANUAL button allows quick access to this function, useful, for example, for garden work or temporary water needs.<\/p>\n<p><img decoding=\"async\" src=\"https:\/\/assets.innpro.pl\/17649\/23400\/6.jpg\" border=\"0\" alt=\"Sterownik nawadniania RainPoint z wy\u015bwietlaczem i zbli\u017ceniem na przycisk manualnego uruchamiania, w tle zraszacz na trawniku\"><\/p>\n<h3>Easy configuration<\/h3>\n<p>Settings are changed using the dial and function buttons. On the easy-to-read LCD screen you can read the current mode, the schedule for each zone and the operation status. It is possible to choose a 12-hour or 24-hour time format.<\/p>\n<p><img decoding=\"async\" src=\"https:\/\/assets.innpro.pl\/17649\/23400\/1.jpg\" border=\"0\" alt=\"Osoba odkr\u0119caj\u0105ca kran z zamontowanym sterownikiem nawadniania RainPoint na szarym ogrodzeniu\"><\/p>\n<h3>Durability and robustness<\/h3>\n<p>The controller supports an operating pressure range of 0.5-8 bar and a flow rate of up to 35 l\/min. BSP (British Standard Pipe) threads fit standard 3\/4&#8243; and 1&#8243; faucets, and a built-in filter protects the system from contaminants. The housing meets the IP65 standard, which means resistance to dust and water jets.<\/p>\n<p><img decoding=\"async\" src=\"https:\/\/assets.innpro.pl\/17649\/23400\/2.jpg\" border=\"0\" alt=\"Sterownik nawadniania RainPoint z dwoma wyj\u015bciami wodnymi przymocowany do kranu, w tle kwitn\u0105ce kwiaty\"><\/p>\n<h3>Iek\u013cauts:<\/h3>\n<ul class=\"list-disc pl-5\">\n<li>2-zone irrigation controller<\/li>\n<li>Bl\u012bv\u0113juma lente<\/li>\n<li>Spare gasket x2<\/li>\n<li>Mounting nut<\/li>\n<li>\u0100tr\u0101s palai\u0161anas rokasgr\u0101mata<\/li>\n<li>Owner&#8217;s Manual<\/li>\n<\/ul>\n<div class=\"table-wrapper\">\n<p>&nbsp;<\/p>\n<h3>&nbsp;<\/h3>\n<table>\n<tbody>\n<tr>\n<th>Ra\u017eot\u0101js<\/th>\n<td>RainPoint<\/td>\n<\/tr>\n<tr>\n<th>Modelis<\/th>\n<td>ITV205<\/td>\n<\/tr>\n<tr>\n<th>Darba spiediens<\/th>\n<td>0,5-8 b\u0101ri<\/td>\n<\/tr>\n<tr>\n<th>Maksim\u0101l\u0101 pl\u016bsma<\/th>\n<td>35 l\/min<\/td>\n<\/tr>\n<tr>\n<th>\u016adensnecaurlaid\u012bga klase<\/th>\n<td>IP65<\/td>\n<\/tr>\n<tr>\n<th>Darba temperat\u016bras diapazons<\/th>\n<td>3\u00b0C \u2013 50\u00b0C<\/td>\n<\/tr>\n<tr>\n<th>Darb\u012bbas spriegums<\/th>\n<td>DC 2.3V &#8211; 3.3V<\/td>\n<\/tr>\n<tr>\n<th>Laist\u012b\u0161anas bie\u017eums<\/th>\n<td>every 1-12 hours or every 1-7 days<\/td>\n<\/tr>\n<tr>\n<th>Duration of irrigation<\/th>\n<td>from 1 minute to 3 hours 59 minutes<\/td>\n<\/tr>\n<tr>\n<th>\u016adens iepl\u016bde<\/th>\n<td>BSP 3\/4\u2033 vai 1\u2033 jauc\u0113jkr\u0101nam<\/td>\n<\/tr>\n<tr>\n<th>\u016adens izvads<\/th>\n<td>3\/4\u2033 d\u0101rza \u0161\u013c\u016btenei<\/td>\n<\/tr>\n<tr>\n<th>Baro\u0161anas avots<\/th>\n<td>2\u00d7 AA baterijas (1,5V, nav iek\u013cautas)<\/td>\n<\/tr>\n<\/tbody>\n<\/table>\n<\/div>\n<\/div>\n<\/div>","protected":false},"excerpt":{"rendered":"<p>2-Zone Hose Timer Rainpoint ITV205 The RainPoint ITV205-DLS 2-zone irrigation controller allows you to program two areas of your garden separately. A large LCD (Liquid Crystal Display) screen and intuitive dial with zone selection function make it easy to set up schedules. Each zone can have an individually set start time, length and frequency of [&#8230;]\n","protected":false},"featured_media":91149,"comment_status":"open","ping_status":"closed","template":"","meta":[],"location":[19557,19558],"product_brand":[],"product_cat":[15879],"product_tag":[],"class_list":{"0":"post-82547","1":"product","2":"type-product","3":"status-publish","4":"has-post-thumbnail","6":"location-innpro_stock_location","7":"location-local_stock_location","8":"product_cat-irrigation-systems","10":"first","11":"outofstock","12":"taxable","13":"shipping-taxable","14":"purchasable","15":"product-type-simple"},"aioseo_notices":[],"locations":[{"id":19557,"name":"Pieg\u0101d\u0101ja noliktav\u0101 (5-7dd.d)","slug":"innpro_stock_location","quantity":"0"},{"id":19558,"name":"R\u012bgas veikals (0-2dd.d)","slug":"local_stock_location","quantity":"0"}],"_links":{"self":[{"href":"https:\/\/elektrons.lv\/lv\/wp-json\/wp\/v2\/product\/82547","targetHints":{"allow":["GET"]}}],"collection":[{"href":"https:\/\/elektrons.lv\/lv\/wp-json\/wp\/v2\/product"}],"about":[{"href":"https:\/\/elektrons.lv\/lv\/wp-json\/wp\/v2\/types\/product"}],"replies":[{"embeddable":true,"href":"https:\/\/elektrons.lv\/lv\/wp-json\/wp\/v2\/comments?post=82547"}],"wp:featuredmedia":[{"embeddable":true,"href":"https:\/\/elektrons.lv\/lv\/wp-json\/wp\/v2\/media\/91149"}],"wp:attachment":[{"href":"https:\/\/elektrons.lv\/lv\/wp-json\/wp\/v2\/media?parent=82547"}],"wp:term":[{"taxonomy":"location","embeddable":true,"href":"https:\/\/elektrons.lv\/lv\/wp-json\/wp\/v2\/location?post=82547"},{"taxonomy":"product_brand","embeddable":true,"href":"https:\/\/elektrons.lv\/lv\/wp-json\/wp\/v2\/product_brand?post=82547"},{"taxonomy":"product_cat","embeddable":true,"href":"https:\/\/elektrons.lv\/lv\/wp-json\/wp\/v2\/product_cat?post=82547"},{"taxonomy":"product_tag","embeddable":true,"href":"https:\/\/elektrons.lv\/lv\/wp-json\/wp\/v2\/product_tag?post=82547"}],"curies":[{"name":"wp","href":"https:\/\/api.w.org\/{rel}","templated":true}]}}