{"id":82551,"date":"2026-05-14T09:43:37","date_gmt":"2026-05-14T09:43:37","guid":{"rendered":"https:\/\/elektrons.lv\/Prece\/rainpoint-wifi-4-zone-irrigation-controller\/"},"modified":"2026-05-15T16:51:51","modified_gmt":"2026-05-15T14:51:51","slug":"rainpoint-wifi-4-zone-irrigation-controller","status":"publish","type":"product","link":"https:\/\/elektrons.lv\/lv\/Prece\/rainpoint-wifi-4-zone-irrigation-controller\/","title":{"rendered":"RainPoint WiFi 4 zonu ap\u016bde\u0146o\u0161anas kontrolieris"},"content":{"rendered":"<h3>RainPoint WiFi 4 zonu ap\u016bde\u0146o\u0161anas kontrolieris<\/h3>\n<p>Meet the RainPoint Wi-Fi- four-zone irrigation controller &#8211; a reliable solution for your garden. With a stable connection and intelligent zone management, you will take care of every corner of your greenery, and the solid, dustproof design and reinforced components guarantee durability for years. You can choose from three watering modes and five watering frequencies, and with weather-based scenarios, you can automatically adjust your plan to the current weather conditions. The Rain Delay function will protect your plants from overflowing, and SMS (Short Message Service) or email notifications will make sure you always know when the charge is low. Invest in precision, water savings and convenience &#8211; choose RainPoint!<\/p>\n<p>\n<img decoding=\"async\" alt=\"A close-up of the RainPoint irrigation controller.\" border=\"0\" src=\"https:\/\/assets.innpro.pl\/17715\/23488\/4.jpg\"\/>\n<\/p>\n<h3>Smart zone management<\/h3>\n<p>This four-zone controller is the ideal solution for large gardens and sprawling green spaces. Equipped with powerful antennas, it provides a stable connection even over a large area, and the advanced zoning system allows you to control four watering areas independently. You can choose from three modes (normal &#8211; continuous water flow, pause &#8211; watering with pauses, cycle and soak &#8211; short watering cycles with longer absorption phase) and five watering frequency options (daily, on odd days, on even days, every certain number of days or custom calendar).<\/p>\n<p>\n<img decoding=\"async\" alt=\"Garden shown from a bird's eye view, which is divided into 4 zones. On the right is a smartphone.\" border=\"0\" src=\"https:\/\/assets.innpro.pl\/17715\/23488\/5.jpg\"\/>\n<\/p>\n<h3>Robust, durable design<\/h3>\n<p>The unit has been strengthened in key components: a precision mesh filter protects against debris, a 360\u00b0 heavy-duty brass inlet prevents damage during connection, and a drag-resistant (494 N test) and dustproof IP65 body guarantees reliability in all weather conditions.<\/p>\n<p>\n<img decoding=\"async\" alt=\"RainPoint irrigation controller in gray-green housing\" border=\"0\" src=\"https:\/\/assets.innpro.pl\/17715\/23488\/6.jpg\"\/>\n<\/p>\n<h3>Weather scenarios<\/h3>\n<p>Automate your controller&#8217;s operation with intelligent rules based on weather conditions. You can set the selected zone to go into &#8220;cycle and soak&#8221; mode when the temperature exceeds 27 \u00b0C, to trigger a 10-minute watering at sunrise, or delay the watering schedule if the humidity exceeds 50%. It&#8217;s comprehensive care for your plants in a simple and convenient way.<\/p>\n<p>\n<img decoding=\"async\" alt=\"RainPoint irrigation controller with raindrops falling on it\" border=\"0\" src=\"https:\/\/assets.innpro.pl\/17715\/23488\/2.jpg\"\/>\n<\/p>\n<h3>Manual and delayed watering<\/h3>\n<p>With the RainPort controller, you have full control over watering. Start any zone manually when your plants need immediate watering. And in case of rain &#8211; the &#8220;Rain Delay&#8221; function allows you to pause watering for 24, 48 or 72 hours to avoid overwatering.<\/p>\n<p>\n<img decoding=\"async\" alt=\"RainPoint irrigation controller with which a smartphone connects via Wi-Fi\" border=\"0\" src=\"https:\/\/assets.innpro.pl\/17715\/23488\/3.jpg\"\/>\n<\/p>\n<h3>Notifications and safety<\/h3>\n<p>The controller monitors the level of charge and will instantly send an SMS or email alert if necessary, so you&#8217;ll never be surprised by a shutdown. With RainPoint, every garden will get a smart, economical and reliable irrigation system tailored to your individual needs.<\/p>\n<p>\n<img decoding=\"async\" alt=\"a woman using the RainPoint Home app, which notifies you when the battery is low\" border=\"0\" src=\"https:\/\/assets.innpro.pl\/17715\/23488\/1.jpg\"\/>\n<\/p>\n<h3>Iek\u013cauts<\/h3>\n<ul class=\"list-disc pl-5\">\n<li>irrigation controller<\/li>\n<li>nut<\/li>\n<li>bracket<\/li>\n<li>thin washer<\/li>\n<li>mont\u0101\u017eas kron\u0161teins<\/li>\n<li>small screw<\/li>\n<li>thick washer<\/li>\n<li>large screw<\/li>\n<li>medium screw<\/li>\n<li>sealing tape<\/li>\n<li>spare rubber gasket<\/li>\n<li>lieto\u0161anas pam\u0101c\u012bba<\/li>\n<\/ul>\n<div class=\"table-wrapper\">\n<p>\u00a0<\/p>\n<h3><\/h3>\n<table>\n<tbody>\n<tr>\n<th>Ra\u017eot\u0101js<\/th>\n<td>RainPoint<\/td>\n<\/tr>\n<tr>\n<th>Modelis<\/th>\n<td>HTV405FRF<\/td>\n<\/tr>\n<tr>\n<th>Water pressure<\/th>\n<td>0.5 bar to 8 bar<\/td>\n<\/tr>\n<tr>\n<th>Water flow rate<\/th>\n<td>5-35 L\/Min<\/td>\n<\/tr>\n<tr>\n<th>Darba temperat\u016bra<\/th>\n<td>3\u00b0C-50\u00b0C<\/td>\n<\/tr>\n<tr>\n<th>Baro\u0161anas avots<\/th>\n<td>4 AA batteries (not included)<\/td>\n<\/tr>\n<tr>\n<th>\u016adensiztur\u012bgs<\/th>\n<td>IP65<\/td>\n<\/tr>\n<tr>\n<th>\u016adens iepl\u016bde<\/th>\n<td>NH (USA) for 3\/4&#8243; threads, BSP (EU) for 3\/4&#8243; or 1&#8243; threads<\/td>\n<\/tr>\n<tr>\n<th>\u016adens izvads<\/th>\n<td>For standard 3\/4&#8243; garden hose<\/td>\n<\/tr>\n<tr>\n<th>\u012apa\u0161s pieteikums<\/th>\n<td>RainPoint s\u0101kumlapa<\/td>\n<\/tr>\n<\/tbody>\n<\/table>\n<\/div>","protected":false},"excerpt":{"rendered":"<p>RainPoint WiFi 4-zone irrigation controller Meet the RainPoint Wi-Fi- four-zone irrigation controller &#8211; a reliable solution for your garden. With a stable connection and intelligent zone management, you will take care of every corner of your greenery, and the solid, dustproof design and reinforced components guarantee durability for years. You can choose from three watering [&#8230;]\n","protected":false},"featured_media":91156,"comment_status":"open","ping_status":"closed","template":"","meta":[],"location":[19557,19558],"product_brand":[],"product_cat":[15879],"product_tag":[],"class_list":{"0":"post-82551","1":"product","2":"type-product","3":"status-publish","4":"has-post-thumbnail","6":"location-innpro_stock_location","7":"location-local_stock_location","8":"product_cat-irrigation-systems","10":"first","11":"outofstock","12":"taxable","13":"shipping-taxable","14":"purchasable","15":"product-type-simple"},"aioseo_notices":[],"locations":[{"id":19557,"name":"Pieg\u0101d\u0101ja noliktav\u0101 (5-7dd.d)","slug":"innpro_stock_location","quantity":"0"},{"id":19558,"name":"R\u012bgas veikals (0-2dd.d)","slug":"local_stock_location","quantity":"0"}],"_links":{"self":[{"href":"https:\/\/elektrons.lv\/lv\/wp-json\/wp\/v2\/product\/82551","targetHints":{"allow":["GET"]}}],"collection":[{"href":"https:\/\/elektrons.lv\/lv\/wp-json\/wp\/v2\/product"}],"about":[{"href":"https:\/\/elektrons.lv\/lv\/wp-json\/wp\/v2\/types\/product"}],"replies":[{"embeddable":true,"href":"https:\/\/elektrons.lv\/lv\/wp-json\/wp\/v2\/comments?post=82551"}],"wp:featuredmedia":[{"embeddable":true,"href":"https:\/\/elektrons.lv\/lv\/wp-json\/wp\/v2\/media\/91156"}],"wp:attachment":[{"href":"https:\/\/elektrons.lv\/lv\/wp-json\/wp\/v2\/media?parent=82551"}],"wp:term":[{"taxonomy":"location","embeddable":true,"href":"https:\/\/elektrons.lv\/lv\/wp-json\/wp\/v2\/location?post=82551"},{"taxonomy":"product_brand","embeddable":true,"href":"https:\/\/elektrons.lv\/lv\/wp-json\/wp\/v2\/product_brand?post=82551"},{"taxonomy":"product_cat","embeddable":true,"href":"https:\/\/elektrons.lv\/lv\/wp-json\/wp\/v2\/product_cat?post=82551"},{"taxonomy":"product_tag","embeddable":true,"href":"https:\/\/elektrons.lv\/lv\/wp-json\/wp\/v2\/product_tag?post=82551"}],"curies":[{"name":"wp","href":"https:\/\/api.w.org\/{rel}","templated":true}]}}