{"id":82569,"date":"2026-05-14T09:43:39","date_gmt":"2026-05-14T09:43:39","guid":{"rendered":"https:\/\/elektrons.lv\/Prece\/dual-garden-hose-splitter-rainpoint\/"},"modified":"2026-05-15T15:00:28","modified_gmt":"2026-05-15T13:00:28","slug":"dual-garden-hose-splitter-rainpoint","status":"publish","type":"product","link":"https:\/\/elektrons.lv\/lv\/Prece\/dual-garden-hose-splitter-rainpoint\/","title":{"rendered":"Dual D\u0101rza \u0161\u013c\u016btenes sadal\u012bt\u0101js RainPoint"},"content":{"rendered":"<h3>Dual D\u0101rza \u0161\u013c\u016btenes sadal\u012bt\u0101js RainPoint<\/h3>\n<p>RainPoint&#8217;s all-metal double manifold is a durable solution for splitting water flow into two independent outlets. It features full-flow ball valves and an internal diameter of 11 mm, providing 30% increased water flow (up to 30 GPM) compared to standard manifolds. The design can withstand pressures up to 600 PSI and a tensile force of 680 kg guarantees high mechanical strength and long life &#8211; up to 5 times longer than plastic models. Precise rotary valves allow easy control of the flow in each outlet, and metal threads ensure a durable and tight connection to garden hoses.<\/p>\n<p>\n<img decoding=\"async\" alt=\"Two-way garden hose manifold with green valves and connected hose from which water flows\" border=\"0\" src=\"https:\/\/assets.innpro.pl\/17738\/23541\/3.jpg\"\/>\n<\/p>\n<div class=\"table-wrapper\">\n<p>\u00a0<\/p>\n<h3><\/h3>\n<table>\n<tbody>\n<tr>\n<th>Ra\u017eot\u0101js<\/th>\n<td>RainPoint<\/td>\n<\/tr>\n<tr>\n<th>Modelis<\/th>\n<td>ICD047<\/td>\n<\/tr>\n<tr>\n<th>Materi\u0101ls<\/th>\n<td>100% metal<\/td>\n<\/tr>\n<tr>\n<th>Svars<\/th>\n<td>approx. 360 g<\/td>\n<\/tr>\n<tr>\n<th>Inner diameter<\/th>\n<td>11 mm<\/td>\n<\/tr>\n<tr>\n<th>Max flow rate<\/th>\n<td>30 GPM<\/td>\n<\/tr>\n<tr>\n<th>Valves<\/th>\n<td>Ball, full flow<\/td>\n<\/tr>\n<tr>\n<th>Darba spiediens<\/th>\n<td>Up to 600 PSI<\/td>\n<\/tr>\n<tr>\n<th>Tensile force<\/th>\n<td>Up to 680 kg<\/td>\n<\/tr>\n<tr>\n<th>Max. torque<\/th>\n<td>500 N-m<\/td>\n<\/tr>\n<tr>\n<th>Overall dimensions<\/th>\n<td>approx. 9.4 \u00d7 9.4 \u00d7 5.1 cm<\/td>\n<\/tr>\n<tr>\n<th>Connection thread<\/th>\n<td>approx. 1.07 cm (0.42 inches &#8211; garden standard)<\/td>\n<\/tr>\n<\/tbody>\n<\/table>\n<\/div>","protected":false},"excerpt":{"rendered":"<p>Dual Garden Hose Splitter RainPoint RainPoint&#8217;s all-metal double manifold is a durable solution for splitting water flow into two independent outlets. It features full-flow ball valves and an internal diameter of 11 mm, providing 30% increased water flow (up to 30 GPM) compared to standard manifolds. The design can withstand pressures up to 600 PSI [&#8230;]\n","protected":false},"featured_media":91126,"comment_status":"open","ping_status":"closed","template":"","meta":[],"location":[19557,19558],"product_brand":[],"product_cat":[15879],"product_tag":[],"class_list":{"0":"post-82569","1":"product","2":"type-product","3":"status-publish","4":"has-post-thumbnail","6":"location-innpro_stock_location","7":"location-local_stock_location","8":"product_cat-irrigation-systems","10":"first","11":"instock","12":"sale","13":"taxable","14":"shipping-taxable","15":"purchasable","16":"product-type-simple"},"aioseo_notices":[],"locations":[{"id":19557,"name":"Pieg\u0101d\u0101ja noliktav\u0101 (5-7dd.d)","slug":"innpro_stock_location","quantity":"168"},{"id":19558,"name":"R\u012bgas veikals (0-2dd.d)","slug":"local_stock_location","quantity":"0"}],"_links":{"self":[{"href":"https:\/\/elektrons.lv\/lv\/wp-json\/wp\/v2\/product\/82569","targetHints":{"allow":["GET"]}}],"collection":[{"href":"https:\/\/elektrons.lv\/lv\/wp-json\/wp\/v2\/product"}],"about":[{"href":"https:\/\/elektrons.lv\/lv\/wp-json\/wp\/v2\/types\/product"}],"replies":[{"embeddable":true,"href":"https:\/\/elektrons.lv\/lv\/wp-json\/wp\/v2\/comments?post=82569"}],"wp:featuredmedia":[{"embeddable":true,"href":"https:\/\/elektrons.lv\/lv\/wp-json\/wp\/v2\/media\/91126"}],"wp:attachment":[{"href":"https:\/\/elektrons.lv\/lv\/wp-json\/wp\/v2\/media?parent=82569"}],"wp:term":[{"taxonomy":"location","embeddable":true,"href":"https:\/\/elektrons.lv\/lv\/wp-json\/wp\/v2\/location?post=82569"},{"taxonomy":"product_brand","embeddable":true,"href":"https:\/\/elektrons.lv\/lv\/wp-json\/wp\/v2\/product_brand?post=82569"},{"taxonomy":"product_cat","embeddable":true,"href":"https:\/\/elektrons.lv\/lv\/wp-json\/wp\/v2\/product_cat?post=82569"},{"taxonomy":"product_tag","embeddable":true,"href":"https:\/\/elektrons.lv\/lv\/wp-json\/wp\/v2\/product_tag?post=82569"}],"curies":[{"name":"wp","href":"https:\/\/api.w.org\/{rel}","templated":true}]}}