{"id":82579,"date":"2026-05-14T09:43:40","date_gmt":"2026-05-14T09:43:40","guid":{"rendered":"https:\/\/elektrons.lv\/Prece\/balcony-photovoltaic-with-energy-storage-1-92kwh-ecoflow-stream-ultra-1020w\/"},"modified":"2026-05-15T16:20:12","modified_gmt":"2026-05-15T14:20:12","slug":"balcony-photovoltaic-with-energy-storage-1-92kwh-ecoflow-stream-ultra-1020w","status":"publish","type":"product","link":"https:\/\/elektrons.lv\/lv\/Prece\/balcony-photovoltaic-with-energy-storage-1-92kwh-ecoflow-stream-ultra-1020w\/","title":{"rendered":"Balkons fotoelements ar ener\u0123ijas uzkr\u0101\u0161anu 1.92kWh EcoFlow STREAM Ultra 1020W."},"content":{"rendered":"<h3>Balcony photovoltaic with energy storage 1,92kWh EcoFlow STREAM Ultra 1020W.<\/h3>\n<p>EcoFlow Balcony Photovoltaics is an advanced kit that will help you create a precise, efficient and eco-friendly photovoltaic system for your home. The kit includes a 1.92kWh EcoFlow STREAM Ultra 1020W energy storage and two Trina Vertex S+ photovoltaic panels of 510W each. The storage combines robust battery capacity (2 kWh), high efficiency and smart energy management to provide energy independence at home. Thanks to its quiet operation, wide temperature range and IP65 rating, it will work well in both indoor and outdoor environments.<\/p>\n<p>\n<img decoding=\"async\" alt=\"Magazyn energii EcoFlow przed panelem s\u0142onecznym na gradientowym tle.\" border=\"0\" src=\"https:\/\/assets.innpro.pl\/17642\/23394\/10.jpg\"\/>\n<\/p>\n<h3>Robust design and high resistance<\/h3>\n<p>The EcoFlow energy storage unit has dimensions of 255 \u00d7 284 \u00d7 458 mm and a weight of 23.1 kg, which, with its capabilities, makes it extremely mobile. The IP65-rated enclosure used provides full dustproof and waterproof protection, allowing safe use both indoors and outdoors. Overvoltage category DC II, AC III guarantee safe operation even in harsh conditions.<\/p>\n<p>\n<img decoding=\"async\" alt=\"Magazyn energii i mikroinwerter EcoFlow na balkonie z trzema panelami s\u0142onecznymi na por\u0119czy.\" border=\"0\" src=\"https:\/\/assets.innpro.pl\/17642\/23394\/2.jpg\"\/>\n<\/p>\n<h3>Long-life battery<\/h3>\n<p>The EcoFlow Stream Ultra uses an LFP &#8211; LiFePO\u2084 (lithium-iron-phosphate) battery with a capacity of 2 kWh and a nominal voltage of 19.2 V. It is designed for long life &#8211; offering more than 6,000 duty cycles, which translates into years of reliable use. Thanks to natural fanless cooling, the unit operates quietly and trouble-free.<\/p>\n<p>\n<img decoding=\"async\" alt=\"Magazyn energii EcoFlow pod\u0142\u0105czony kablem do gniazdka pod kuchennym blatem z tosterem i mikrofal\u00f3wk\u0105.\" border=\"0\" src=\"https:\/\/assets.innpro.pl\/17642\/23394\/1.jpg\"\/>\n<\/p>\n<h3>Efficient charging system with 4 MPPT<\/h3>\n<p>Stream Ultra supports four independent MPPT (Maximum Power Point Tracking) inputs to maximize the use of energy from photovoltaic sources. Each channel supports up to 500 watts, for a total maximum input power of 2,000 watts (60V\/14A). The MPPT voltage range is 15-60V, and the maximum short-circuit current is 20A, ensuring compatibility with a wide range of solar panels.<\/p>\n<p>\n<img decoding=\"async\" alt=\"Magazyn energii EcoFlow pod\u0142\u0105czony kablem do gniazdka.\" border=\"0\" src=\"https:\/\/assets.innpro.pl\/17642\/23394\/5.jpg\"\/>\n<\/p>\n<h3>Energy independence and various output modes<\/h3>\n<p>With an AC input of 230 V\/50 Hz, Stream Ultra generates a rated power of up to 800 W, with a max. output current of 3.48 A. The max. input power is 2,300 W, and the power factor is adjustable from 1 to 0.8. For AC output, the power supply to devices is at a continuous power of 1,200 W (1,200 VA), with a max. current of 5.22 A and an input power of 800 W. In Bypass Mode, the maximum output current is 10 A, ensuring reliability even with higher loads. On the other hand, for applications requiring more power, the system offers Parallel Connection Mode with up to 2,300 W. This arrangement provides greater flexibility and allows the solution to be scaled for more extensive installations.<\/p>\n<p>\n<img decoding=\"async\" alt=\"Magazyn energii EcoFlow pod\u0142\u0105czony do gniazdka, stoj\u0105cy przy bia\u0142ej \u015bcianie z profilowanym obrze\u017cem.\" border=\"0\" src=\"https:\/\/assets.innpro.pl\/17642\/23394\/4.jpg\"\/>\n<\/p>\n<h3>Performance in all conditions<\/h3>\n<p>The EcoFlow Stream Ultra operates seamlessly in temperatures from -20\u00b0C to 55\u00b0C, with a humidity range of 5%-95%. It can be safely stored at temperatures from -20\u00b0C to 55\u00b0C, and its design allows it to operate at altitudes up to 4,000 meters above sea level, making it an ideal choice for applications in harsh locations &#8211; from high mountainous terrain to hot deserts.<\/p>\n<p>\n<img decoding=\"async\" alt=\"Dwa magazyny energii EcoFlow ustawione obok siebie, pokazane od frontu i ty\u0142u na bia\u0142ym tle.\" border=\"0\" src=\"https:\/\/assets.innpro.pl\/17642\/23394\/6.jpg\"\/>\n<\/p>\n<h3>Smart management and connectivity<\/h3>\n<p>The device offers Bluetooth and WLAN connectivity, and full control and management are possible from the dedicated EcoFlow app. This gives the user access to real-time data and the ability to remotely monitor and optimize system performance.<\/p>\n<p>\n<img decoding=\"async\" alt=\"Magazyn energii EcoFlow stoj\u0105cy obok \u0142\u00f3\u017cka i doniczki na drewnianej pod\u0142odze, pod\u0142\u0105czony do gniazdka.\" border=\"0\" src=\"https:\/\/assets.innpro.pl\/17642\/23394\/3.jpg\"\/>\n<\/p>\n<h3>Two Trina photovoltaic panels to complete the kit<\/h3>\n<p>The Trina Vertex S+ TSM-510NEG18R.28 photovoltaic panel is a state-of-the-art solar module based on N-type monocrystalline cells with i-TOPCon (Tunnel Oxide Passivated Contact) technology. It offers an output power of up to 510 W and an efficiency of up to 22.9%. The double-glass design increases durability and weather resistance. With a length of no more than 2 meters and a lightweight but durable design, the panel will work well on both commercial and industrial roofs.<\/p>\n<p>\n<img decoding=\"async\" alt=\"Dwa panele fotowoltaiczne Trina, jeden z nich odwr\u00f3cony jest ty\u0142em.\" border=\"0\" src=\"https:\/\/assets.innpro.pl\/17642\/23394\/2 (6).jpg\"\/>\n<\/p>\n<h3>Stable performance for decades<\/h3>\n<p>The panel has a very low temperature coefficient (-0.29%\/\u00b0C), which translates into better performance in hot weather. A maximum power degradation of 1% is predicted in the first year of operation, and 0.4% per year in subsequent years. This means that after 30 years, the module retains at least 87.4% of its original power output. The dual-glass design (two sheets of glass with a thickness of 1.6 mm) provides high mechanical resistance &#8211; up to 5400 Pa for positive pressure (such as snow) and 2400 Pa for negative pressure (such as strong wind).<\/p>\n<p>\n<img decoding=\"async\" alt=\"Zbli\u017cenie na modu\u0142 ogniw fotowoltaicznych z niebieskim pod\u015bwietleniem jednego panelu.\" border=\"0\" src=\"https:\/\/assets.innpro.pl\/17642\/23394\/2 (1).jpg\"\/>\n<\/p>\n<h3>Iek\u013cauts<\/h3>\n<ul class=\"list-disc pl-5\">\n<li>energy storage with microinverter 2in1 EcoFlow STREAM Ultra<\/li>\n<li>Trina Vertex S+ x2 photovoltaic panel<\/li>\n<li>lietot\u0101ja rokasgr\u0101mata<\/li>\n<\/ul>\n<div class=\"table-wrapper\">\n<p>\u00a0<\/p>\n<h3>Energy storage<\/h3>\n<table>\n<tbody>\n<tr>\n<th>Manufacturer EcoFlow<\/th>\n<td>Model STREAM Ultra<\/td>\n<\/tr>\n<tr>\n<th>Dimensions 255 \u00d7 284 \u00d7 458 mm<\/th>\n<td>Weight 23.1 kg<\/td>\n<\/tr>\n<tr>\n<th>Typology Insulated<\/th>\n<td>Protection class (IP) IP65<\/td>\n<\/tr>\n<tr>\n<th>Pollution category PD3<\/th>\n<td>Overvoltage category (OVC) DC: II, AC: III<\/td>\n<\/tr>\n<tr>\n<th>Application Outdoor\/indoor<\/th>\n<td>Cooling method Natural convection (without fans)<\/td>\n<\/tr>\n<\/tbody>\n<\/table>\n<p>\u00a0<\/p>\n<h3>Energy storage &#8211; Rechargeable battery<\/h3>\n<table>\n<tbody>\n<tr>\n<th>Rated capacity<\/th>\n<td>2 kWh<\/td>\n<\/tr>\n<tr>\n<th>Nomin\u0101lais spriegums<\/th>\n<td>19,2 V<\/td>\n<\/tr>\n<tr>\n<th>Number of cycles<\/th>\n<td>6000+<\/td>\n<\/tr>\n<tr>\n<th>\u0160\u016bnas tips<\/th>\n<td>LFP (lithium-iron-phosphate)<\/td>\n<\/tr>\n<\/tbody>\n<\/table>\n<p>\u00a0<\/p>\n<h3>Energy storage &#8211; PV input (DC)<\/h3>\n<table>\n<tbody>\n<tr>\n<th>Number of MPPT<\/th>\n<td>4<\/td>\n<\/tr>\n<tr>\n<th>MPPT voltage range<\/th>\n<td>15 V-60 V<\/td>\n<\/tr>\n<tr>\n<th>Max. input power<\/th>\n<td>2000 W (500 W per MPPT)<\/td>\n<\/tr>\n<tr>\n<th>Max input voltage<\/th>\n<td>60 V<\/td>\n<\/tr>\n<tr>\n<th>Max. input current<\/th>\n<td>14 A<\/td>\n<\/tr>\n<tr>\n<th>Max. input short-circuit current<\/th>\n<td>20 A<\/td>\n<\/tr>\n<\/tbody>\n<\/table>\n<p>\u00a0<\/p>\n<h3>Energy storage &#8211; Grid output (AC Grid Terminal)<\/h3>\n<table>\n<tbody>\n<tr>\n<th>Voltage and frequency<\/th>\n<td>230 V~, 50 Hz<\/td>\n<\/tr>\n<tr>\n<th>Nomin\u0101l\u0101 jauda<\/th>\n<td>800 W<\/td>\n<\/tr>\n<tr>\n<th>Nomin\u0101l\u0101 str\u0101va<\/th>\n<td>3,48 A<\/td>\n<\/tr>\n<tr>\n<th>Max. input current<\/th>\n<td>10 A<\/td>\n<\/tr>\n<tr>\n<th>Max input power<\/th>\n<td>2300 W<\/td>\n<\/tr>\n<tr>\n<th>Power factor<\/th>\n<td>1 (0.8 to -0.8)<\/td>\n<\/tr>\n<\/tbody>\n<\/table>\n<p>\u00a0<\/p>\n<h3>Energy storage &#8211; AC output<\/h3>\n<table>\n<tbody>\n<tr>\n<th>Voltage and frequency<\/th>\n<td>230 V~, 50 Hz<\/td>\n<\/tr>\n<tr>\n<th>Max. output power<\/th>\n<td>1200 W<\/td>\n<\/tr>\n<tr>\n<th>Rated output current<\/th>\n<td>5,22 A<\/td>\n<\/tr>\n<tr>\n<th>Max. output current (bypass mode)<\/th>\n<td>10 A<\/td>\n<\/tr>\n<tr>\n<th>Max input power<\/th>\n<td>800 W<\/td>\n<\/tr>\n<tr>\n<th>Max. input current<\/th>\n<td>3,48 A<\/td>\n<\/tr>\n<tr>\n<th>Power factor<\/th>\n<td>1 (0.8 to -0.8)<\/td>\n<\/tr>\n<\/tbody>\n<\/table>\n<p>\u00a0<\/p>\n<h3>Energy storage &#8211; Parallel output (AC Parallel Terminal)<\/h3>\n<table>\n<tbody>\n<tr>\n<th>Voltage and frequency<\/th>\n<td>230 V~, 50 Hz<\/td>\n<\/tr>\n<tr>\n<th>Max. output power<\/th>\n<td>2300 W<\/td>\n<\/tr>\n<tr>\n<th>Max. output current<\/th>\n<td>10 A<\/td>\n<\/tr>\n<tr>\n<th>Max. input current<\/th>\n<td>10 A<\/td>\n<\/tr>\n<tr>\n<th>Max input power<\/th>\n<td>2300 W<\/td>\n<\/tr>\n<tr>\n<th>Power factor<\/th>\n<td>1 (0.8 to -0.8)<\/td>\n<\/tr>\n<\/tbody>\n<\/table>\n<p>\u00a0<\/p>\n<h3>Energy storage &#8211; Operating environment<\/h3>\n<table>\n<tbody>\n<tr>\n<th>Operating altitude<\/th>\n<td>\u2264 4000 m above sea level.<\/td>\n<\/tr>\n<tr>\n<th>Darba temperat\u016bra<\/th>\n<td>-20\u00b0C to 55\u00b0C<\/td>\n<\/tr>\n<tr>\n<th>Uzglab\u0101\u0161anas temperat\u016bra<\/th>\n<td>-20\u00b0C to 55\u00b0C<\/td>\n<\/tr>\n<tr>\n<th>Relat\u012bvais mitrums<\/th>\n<td>5%-95%<\/td>\n<\/tr>\n<\/tbody>\n<\/table>\n<p>\u00a0<\/p>\n<h3>Energy storage &#8211; Features and connectivity<\/h3>\n<table>\n<tbody>\n<tr>\n<th>Savienojam\u012bba<\/th>\n<td>WLAN, Bluetooth<\/td>\n<\/tr>\n<tr>\n<th>Management<\/th>\n<td>EcoFlow application<\/td>\n<\/tr>\n<\/tbody>\n<\/table>\n<p>\u00a0<\/p>\n<h3>Trina panel &#8211; general<\/h3>\n<table>\n<tbody>\n<tr>\n<th>Ra\u017eot\u0101js<\/th>\n<td>Trina Solar<\/td>\n<\/tr>\n<tr>\n<th>Manufacturer code<\/th>\n<td>TSM-510NEG18R.28<\/td>\n<\/tr>\n<\/tbody>\n<\/table>\n<p>\u00a0<\/p>\n<h3>Trina panel &#8211; Electrical parameters (STC, Standard Test Conditions)<\/h3>\n<table>\n<tbody>\n<tr>\n<th>Maksim\u0101l\u0101 jauda<\/th>\n<td>510 W<\/td>\n<\/tr>\n<tr>\n<th>Maximum operating voltage<\/th>\n<td>33,7 V<\/td>\n<\/tr>\n<tr>\n<th>Maximum operating current<\/th>\n<td>15,14 A<\/td>\n<\/tr>\n<tr>\n<th>Open circuit voltage<\/th>\n<td>40,6 V<\/td>\n<\/tr>\n<tr>\n<th>Short-circuit current<\/th>\n<td>15,93 A<\/td>\n<\/tr>\n<tr>\n<th>Module efficiency<\/th>\n<td>22,9%<\/td>\n<\/tr>\n<\/tbody>\n<\/table>\n<p>\u00a0<\/p>\n<h3>Trina panel &#8211; Electrical parameters (NOCT, Nominal Operating Cell Temperature)<\/h3>\n<table>\n<tbody>\n<tr>\n<th>Maksim\u0101l\u0101 jauda<\/th>\n<td>390 W<\/td>\n<\/tr>\n<tr>\n<th>Maximum operating voltage<\/th>\n<td>31,9 V<\/td>\n<\/tr>\n<tr>\n<th>Maximum operating current<\/th>\n<td>12,21 A<\/td>\n<\/tr>\n<tr>\n<th>Open circuit voltage<\/th>\n<td>38,5 V<\/td>\n<\/tr>\n<tr>\n<th>Short-circuit current<\/th>\n<td>12,84 A<\/td>\n<\/tr>\n<\/tbody>\n<\/table>\n<p>\u00a0<\/p>\n<h3>Trina panel &#8211; mechanical parameters<\/h3>\n<table>\n<tbody>\n<tr>\n<th>\u0160\u016bnu veids<\/th>\n<td>Monocrystalline<\/td>\n<\/tr>\n<tr>\n<th>\u0160\u016bnu skaits<\/th>\n<td>108<\/td>\n<\/tr>\n<tr>\n<th>Modu\u013ca izm\u0113ri<\/th>\n<td>1961 \u00d7 1134 \u00d7 30 mm<\/td>\n<\/tr>\n<tr>\n<th>Svars<\/th>\n<td>23.5 kg<\/td>\n<\/tr>\n<tr>\n<th>Front glass<\/th>\n<td>1.6 mm tempered glass, anti-reflective coating (AR)<\/td>\n<\/tr>\n<tr>\n<th>Rear glass<\/th>\n<td>1.6 mm tempered glass, highly transparent<\/td>\n<\/tr>\n<tr>\n<th>Frame<\/th>\n<td>30 mm anodized aluminum, black<\/td>\n<\/tr>\n<tr>\n<th>Junction box (J-Box)<\/th>\n<td>IP68 rated, 3 bypass LEDs<\/td>\n<\/tr>\n<tr>\n<th>Connection cables<\/th>\n<td>Photovoltaic cable 4.0 mm\u00b2<br \/>Horizontal: 1300 \/ 1300 mm<\/td>\n<\/tr>\n<\/tbody>\n<\/table>\n<p>\u00a0<\/p>\n<h3>Trina panel &#8211; Temperature indicators<\/h3>\n<table>\n<tbody>\n<tr>\n<th>Nominal operating temperature of the cell<\/th>\n<td>43\u00b0C (\u00b12\u00b0C)<\/td>\n<\/tr>\n<tr>\n<th>Temperature coefficient of power PMAX (Maximum Power &#8211; maximum output power)<\/th>\n<td>-0,29% \/ \u00b0C<\/td>\n<\/tr>\n<tr>\n<th>Temperature coefficient of voltage VOC (Open Circuit Voltage)<\/th>\n<td>-0,24% \/ \u00b0C<\/td>\n<\/tr>\n<tr>\n<th>Temperature coefficient of current ISC (Short Circuit Current)<\/th>\n<td>+0,04% \/ \u00b0C<\/td>\n<\/tr>\n<\/tbody>\n<\/table>\n<p>\u00a0<\/p>\n<h3>Trina panel &#8211; Limiting values<\/h3>\n<table>\n<tbody>\n<tr>\n<th>Darba temperat\u016bra<\/th>\n<td>from -40\u00b0C to 85\u00b0C<\/td>\n<\/tr>\n<tr>\n<th>Maximum circuit voltage<\/th>\n<td>1500 V DC (IEC, International Electrotechnical Commission)<\/td>\n<\/tr>\n<tr>\n<th>Maximum current protection<\/th>\n<td>30 A<\/td>\n<\/tr>\n<\/tbody>\n<\/table>\n<p>\u00a0<\/p>\n<h3>Energy storage<\/h3>\n<table>\n<tbody>\n<tr>\n<th>Ra\u017eot\u0101js<\/th>\n<td>EcoFlow<\/td>\n<\/tr>\n<tr>\n<th>Modelis<\/th>\n<td>Stream AC Pro<\/td>\n<\/tr>\n<tr>\n<th>Akumulatora ietilp\u012bba<\/th>\n<td>1.92 kWh<\/td>\n<\/tr>\n<tr>\n<th>Dz\u012bves cikls<\/th>\n<td>6000 cycles to 70% capacity<\/td>\n<\/tr>\n<tr>\n<th>Mai\u0146str\u0101vas ieeja<\/th>\n<td>1050 W<\/td>\n<\/tr>\n<tr>\n<th>AC output power<\/th>\n<td>1200 W<\/td>\n<\/tr>\n<tr>\n<th>MPPT<\/th>\n<td>&#8211;<\/td>\n<\/tr>\n<tr>\n<th>AC output to the grid (on-grid mode)<\/th>\n<td>800 W<\/td>\n<\/tr>\n<tr>\n<th>AC charging current<\/th>\n<td>10 A<\/td>\n<\/tr>\n<tr>\n<th>Maximum power of supported devices (Bypass output)<\/th>\n<td>2300 W (10 A)<\/td>\n<\/tr>\n<tr>\n<th>Darb\u012bbas temperat\u016bras diapazons<\/th>\n<td>-20\u00b0C to 55\u00b0C<\/td>\n<\/tr>\n<tr>\n<th>Self-heating of batteries<\/th>\n<td>Low temperature charging activation (\u22645\u00b0C)<\/td>\n<\/tr>\n<tr>\n<th>Savienojam\u012bba<\/th>\n<td>Wi-Fi \/ Bluetooth<\/td>\n<\/tr>\n<tr>\n<th>Degree of protection (IP)<\/th>\n<td>IP65<\/td>\n<\/tr>\n<tr>\n<th>Neto svars<\/th>\n<td>21.5 kg<\/td>\n<\/tr>\n<tr>\n<th>Izm\u0113ri<\/th>\n<td>255 mm \u00d7 254 mm \u00d7 458 mm<\/td>\n<\/tr>\n<tr>\n<th>Trok\u0161\u0146a l\u012bmenis<\/th>\n<td><30 dB<\/td>\n<\/tr>\n<tr>\n<th>Warranty<\/th>\n<td>10 gadi<\/td>\n<\/tr>\n<\/tbody>\n<\/table>\n<\/div>","protected":false},"excerpt":{"rendered":"<p>Balcony photovoltaic with energy storage 1,92kWh EcoFlow STREAM Ultra 1020W. EcoFlow Balcony Photovoltaics is an advanced kit that will help you create a precise, efficient and eco-friendly photovoltaic system for your home. The kit includes a 1.92kWh EcoFlow STREAM Ultra 1020W energy storage and two Trina Vertex S+ photovoltaic panels of 510W each. The storage [&#8230;]\n","protected":false},"featured_media":91104,"comment_status":"open","ping_status":"closed","template":"","meta":[],"location":[19557,19558],"product_brand":[],"product_cat":[16505],"product_tag":[],"class_list":{"0":"post-82579","1":"product","2":"type-product","3":"status-publish","4":"has-post-thumbnail","6":"location-innpro_stock_location","7":"location-local_stock_location","8":"product_cat-balcony-systems","10":"first","11":"outofstock","12":"taxable","13":"shipping-taxable","14":"purchasable","15":"product-type-simple"},"aioseo_notices":[],"locations":[{"id":19557,"name":"Pieg\u0101d\u0101ja noliktav\u0101 (5-7dd.d)","slug":"innpro_stock_location","quantity":"0"},{"id":19558,"name":"R\u012bgas veikals (0-2dd.d)","slug":"local_stock_location","quantity":"0"}],"_links":{"self":[{"href":"https:\/\/elektrons.lv\/lv\/wp-json\/wp\/v2\/product\/82579","targetHints":{"allow":["GET"]}}],"collection":[{"href":"https:\/\/elektrons.lv\/lv\/wp-json\/wp\/v2\/product"}],"about":[{"href":"https:\/\/elektrons.lv\/lv\/wp-json\/wp\/v2\/types\/product"}],"replies":[{"embeddable":true,"href":"https:\/\/elektrons.lv\/lv\/wp-json\/wp\/v2\/comments?post=82579"}],"wp:featuredmedia":[{"embeddable":true,"href":"https:\/\/elektrons.lv\/lv\/wp-json\/wp\/v2\/media\/91104"}],"wp:attachment":[{"href":"https:\/\/elektrons.lv\/lv\/wp-json\/wp\/v2\/media?parent=82579"}],"wp:term":[{"taxonomy":"location","embeddable":true,"href":"https:\/\/elektrons.lv\/lv\/wp-json\/wp\/v2\/location?post=82579"},{"taxonomy":"product_brand","embeddable":true,"href":"https:\/\/elektrons.lv\/lv\/wp-json\/wp\/v2\/product_brand?post=82579"},{"taxonomy":"product_cat","embeddable":true,"href":"https:\/\/elektrons.lv\/lv\/wp-json\/wp\/v2\/product_cat?post=82579"},{"taxonomy":"product_tag","embeddable":true,"href":"https:\/\/elektrons.lv\/lv\/wp-json\/wp\/v2\/product_tag?post=82579"}],"curies":[{"name":"wp","href":"https:\/\/api.w.org\/{rel}","templated":true}]}}