{"id":82599,"date":"2026-05-14T09:43:43","date_gmt":"2026-05-14T09:43:43","guid":{"rendered":"https:\/\/elektrons.lv\/Prece\/elegoo-print-head-kit-for-orangestorm-giga\/"},"modified":"2026-05-15T16:09:11","modified_gmt":"2026-05-15T14:09:11","slug":"elegoo-print-head-kit-for-orangestorm-giga","status":"publish","type":"product","link":"https:\/\/elektrons.lv\/lv\/Prece\/elegoo-print-head-kit-for-orangestorm-giga\/","title":{"rendered":"ELEGOO print head kit for OrangeStorm Giga"},"content":{"rendered":"<h3>ELEGOO print head kit for OrangeStorm Giga<\/h3>\n<p>Print head kit designed for ELEGOO OrangeStorm Giga 3D printers. It provides precise and fast printing. At the same time, it is very simple to assemble. It is an ideal solution for users who need a replacement part or want to expand the capabilities of their printer with an additional print head.<\/p>\n<p>\n<img decoding=\"async\" alt=\"pomara\u0144czowa g\u0142owica drukuj\u0105ca do drukarki 3D na szarym tle\" border=\"0\" src=\"https:\/\/assets.innpro.pl\/17681\/23438\/1.jpg\"\/>\n<\/p>\n<div class=\"table-wrapper\">\n<p>\u00a0<\/p>\n<h3><\/h3>\n<table>\n<tbody>\n<tr>\n<th>Ra\u017eot\u0101js<\/th>\n<td>ELEGOO<\/td>\n<\/tr>\n<tr>\n<th>Modelis<\/th>\n<td>50.204.0103<\/td>\n<\/tr>\n<tr>\n<th>Sader\u012bba<\/th>\n<td>ELEGOO OrangeStorm Giga 3D printer<\/td>\n<\/tr>\n<\/tbody>\n<\/table>\n<\/div>","protected":false},"excerpt":{"rendered":"<p>ELEGOO print head kit for OrangeStorm Giga Print head kit designed for ELEGOO OrangeStorm Giga 3D printers. It provides precise and fast printing. At the same time, it is very simple to assemble. It is an ideal solution for users who need a replacement part or want to expand the capabilities of their printer with [&#8230;]\n","protected":false},"featured_media":90994,"comment_status":"open","ping_status":"closed","template":"","meta":[],"location":[19557,19558],"product_brand":[],"product_cat":[17283],"product_tag":[],"class_list":{"0":"post-82599","1":"product","2":"type-product","3":"status-publish","4":"has-post-thumbnail","6":"location-innpro_stock_location","7":"location-local_stock_location","8":"product_cat-parts","10":"first","11":"outofstock","12":"taxable","13":"shipping-taxable","14":"purchasable","15":"product-type-simple"},"aioseo_notices":[],"locations":[{"id":19557,"name":"Pieg\u0101d\u0101ja noliktav\u0101 (5-7dd.d)","slug":"innpro_stock_location","quantity":"0"},{"id":19558,"name":"R\u012bgas veikals (0-2dd.d)","slug":"local_stock_location","quantity":"0"}],"_links":{"self":[{"href":"https:\/\/elektrons.lv\/lv\/wp-json\/wp\/v2\/product\/82599","targetHints":{"allow":["GET"]}}],"collection":[{"href":"https:\/\/elektrons.lv\/lv\/wp-json\/wp\/v2\/product"}],"about":[{"href":"https:\/\/elektrons.lv\/lv\/wp-json\/wp\/v2\/types\/product"}],"replies":[{"embeddable":true,"href":"https:\/\/elektrons.lv\/lv\/wp-json\/wp\/v2\/comments?post=82599"}],"wp:featuredmedia":[{"embeddable":true,"href":"https:\/\/elektrons.lv\/lv\/wp-json\/wp\/v2\/media\/90994"}],"wp:attachment":[{"href":"https:\/\/elektrons.lv\/lv\/wp-json\/wp\/v2\/media?parent=82599"}],"wp:term":[{"taxonomy":"location","embeddable":true,"href":"https:\/\/elektrons.lv\/lv\/wp-json\/wp\/v2\/location?post=82599"},{"taxonomy":"product_brand","embeddable":true,"href":"https:\/\/elektrons.lv\/lv\/wp-json\/wp\/v2\/product_brand?post=82599"},{"taxonomy":"product_cat","embeddable":true,"href":"https:\/\/elektrons.lv\/lv\/wp-json\/wp\/v2\/product_cat?post=82599"},{"taxonomy":"product_tag","embeddable":true,"href":"https:\/\/elektrons.lv\/lv\/wp-json\/wp\/v2\/product_tag?post=82599"}],"curies":[{"name":"wp","href":"https:\/\/api.w.org\/{rel}","templated":true}]}}